{"id":9945,"date":"2023-04-11T18:13:11","date_gmt":"2023-04-11T13:13:11","guid":{"rendered":"https:\/\/ambashgabat.esteri.it\/servizi-consolari-e-visti\/servizi-per-il-cittadino-italiano\/passaporti-e-carte-didentita\/"},"modified":"2025-08-07T11:28:37","modified_gmt":"2025-08-07T06:28:37","slug":"passaporti-e-carte-didentita","status":"publish","type":"page","link":"https:\/\/ambashgabat.esteri.it\/tk\/servizi-consolari-e-visti\/servizi-per-il-cittadino-italiano\/passaporti-e-carte-didentita\/","title":{"rendered":"Pasportlar we \u015fahsy\u00fdetnamalar"},"content":{"rendered":"<p style=\"text-align: left;\"><strong>Pasport<\/strong><\/p>\n<p style=\"text-align: left;\"><span class=\"jCAhz ChMk0b\"><span class=\"ryNqvb\">Biometrik pasport, e\u00fdesini\u0148 \u015fahsy maglumatlaryny, suratlaryny we barmak yzlaryny sakla\u00fdan mikro\u00e7ip bilen enjamla\u015fdyrylan \u015fahsy\u00fdet resminamasydyr.<\/span><\/span><\/p>\n<p>12 \u00fda\u015fdan ki\u00e7i \u00e7agalar we yzygiderli \u00fdokan\u00e7 kesellere \u00fda-da ba\u015fga-da uzak m\u00f6hletli p\u00e4sgel\u00e7iliklere sezewar adamlardan barmak yzlaryny\u0148 alynmagy talap edilme\u00fd\u00e4r.<\/p>\n<ul style=\"text-align: left;\">\n<li>\n<p data-start=\"613\" data-end=\"643\">Biometrik pasporty\u0148 m\u00f6hleti:<\/p>\n<ul data-start=\"644\" data-end=\"766\">\n<li data-start=\"644\" data-end=\"692\">\n<p data-start=\"646\" data-end=\"692\">0-dan 3 \u00fda\u015f aralygyndaky \u00e7agalar \u00fc\u00e7in 3 \u00fdyl;<\/p>\n<\/li>\n<li data-start=\"693\" data-end=\"744\">\n<p data-start=\"695\" data-end=\"744\">3 \u00fda\u015fdan 18 \u00fda\u015f aralygyndaky \u00fda\u015flar \u00fc\u00e7in 5 \u00fdyl;<\/p>\n<\/li>\n<li data-start=\"745\" data-end=\"766\">\n<p data-start=\"747\" data-end=\"766\">Ulylar \u00fc\u00e7in 10 \u00fdyl.<\/p>\n<\/li>\n<\/ul>\n<\/li>\n<\/ul>\n<p style=\"text-align: left;\"><span class=\"jCAhz ChMk0b\"><span class=\"ryNqvb\"><strong data-start=\"768\" data-end=\"780\">T\u00e4zelik:<\/strong> 2023-nji \u00fdyly\u0148 14-nji i\u00fdunyndan ba\u015flap, ki\u00e7i \u00e7agalara ene-atalaryny\u0148 biri rugsat bermese hem, be\u00fdleki ene-ata pasport bermek \u00fc\u00e7in rugsatnamasyny h\u00f6d\u00fcrlemeli d\u00e4l. Emma ki\u00e7i \u00e7agalary\u0148 pasporty \u00fc\u00e7in iki ene-atanam rugsat bermeli.<\/span><\/span><\/p>\n<p style=\"text-align: left;\"><span class=\"jCAhz ChMk0b\"><span class=\"ryNqvb\">Bu hyzmat di\u0148e A\u015fgabatdaky Itali\u00fda il\u00e7ihanasyny\u0148 ygty\u00fdarynda AIRE-de hasaba alnan ital\u00fdan ra\u00fdatlary \u00fc\u00e7in ni\u00fdetlenendir.<\/span><\/span> <span class=\"jCAhz ChMk0b\"><span class=\"ryNqvb\">Bellenmek \u00fc\u00e7in bron etmezden ozal, Itali\u00fdany\u0148 ra\u00fdatlary AIRE hasaba alnandygyny barlamaly we zerur bolsa pasport berilmegini a\u0148satla\u015fdyrmak \u00fc\u00e7in maglumatlaryny t\u00e4zelemeli.<\/span><\/span><\/p>\n<p style=\"text-align: left;\">Itali\u00fdany\u0148 A\u015fgabatdaky il\u00e7ihanasyny\u0148 konsullyk etrabynda hasaba alnan ital\u00fdan ra\u00fdatlary pasportyny almak \u00fc\u00e7in a\u015fakdaky kontaktlary\u0148 \u00fcsti bilen nobat bell\u00e4p bilerler:<\/p>\n<p style=\"text-align: left;\">&#8211; ashgabat.visti@esteri.it e-po\u00e7ta ibermek bilen,<\/p>\n<p style=\"text-align: left;\">&#8211; \u00fda-da +99312368910 ja\u0148 edip.<\/p>\n<p style=\"text-align: left;\"><a href=\"http:\/\/\u00c7agalar \u00fc\u00e7in pasport bermegi\u0148 rugsatnama formasy\">\u00c7agalar \u00fc\u00e7in pasport bermegi\u0148 rugsatnama formasy<\/a><\/p>\n<p style=\"text-align: left;\"><a href=\"http:\/\/Uly \u00fda\u015fly ra\u00fdatlary\u0148 pasport \u00fc\u00e7in arza formasy\">Uly \u00fda\u015fly ra\u00fdatlary\u0148 pasport \u00fc\u00e7in arza formasy<\/a><\/p>\n<p style=\"text-align: left;\"><a href=\"https:\/\/ambashgabat.esteri.it\/Ambasciata_Ashgabat\/resource\/doc\/2023\/04\/modulo_di_domanda_di_passaporto_a_favore_di_minorenne.doc\">Ki\u00e7i \u00fda\u015fly ra\u00fdatlar \u00fc\u00e7in pasport \u00fc\u00e7in arza formasy<\/a><\/p>\n<div class=\"n4sEPd\">\n<div class=\"FFpbKc\">\n<div class=\"xMmqsf\">\n<div class=\"nidPne\">\n<div id=\"ow16\" data-show-delay-ms=\"250\" data-append-to-body=\"true\" data-propagate-tooltip-mouseover-events=\"true\" data-anchor-corner=\"bottom-left\" data-enable-skip-handler=\"true\" data-popup-corner=\"top-left\">\n<div class=\"dig2sb\">\n<div class=\"scLCMd\">\n<div><\/div>\n<\/div>\n<\/div>\n<\/div>\n<\/div>\n<\/div>\n<\/div>\n<\/div>\n<div class=\"QcsUad BDJ8fb BLojaf sMVRZe hCXDsb wneUed\">\n<div class=\"usGWQd\">\n<div class=\"KkbLmb\">\n<div class=\"lRu31\" dir=\"ltr\"><span class=\"HwtZe\" lang=\"tk\"><span class=\"jCAhz\"><span class=\"ryNqvb\">Konsully awtorizasiyasy\u00a0<\/span><\/span><\/span><\/div>\n<div dir=\"ltr\"><\/div>\n<div class=\"lRu31\" dir=\"ltr\"><span class=\"HwtZe\" lang=\"tk\"><span class=\"jCAhz\"><span class=\"ryNqvb\"> karary<\/span><\/span><span class=\"jCAhz ChMk0b\"><span class=\"ryNqvb\"> Resminamany bermek \u00fc\u00e7in be\u00fdleki ene-atany\u0148 razy\u00e7ylygyny almak m\u00fcmkin bolmadyk halatynda, arza beriji, razy\u00e7ylygy\u0148 \u00fdoklugyny\u0148 seb\u00e4plerine, \u00e7agany\u0148 sosial we psihologiki \u00fdagda\u00fdyna, ene-atany\u0148 jogapk\u00e4r\u00e7iligini we hossarlygyny kesgitlem\u00e4ge we ene-atany\u0148 \u00fcst\u00fcne \u00fd\u00fcklenen bor\u00e7namalara (meselem, islendik tehniki hyzmatlar) we \u015f.m. baha bereninden so\u0148, Itali\u00fdany\u0148 hossarlyk kazy\u00fdetinden rugsat almak \u00fc\u00e7in prosedura ba\u015flap biler.<\/span><\/span><\/span><\/div>\n<\/div>\n<\/div>\n<\/div>\n<p style=\"text-align: left;\"><span class=\"jCAhz ChMk0b\"><span class=\"ryNqvb\">Itali\u00fdada \u00fda\u015fa\u00fdan k\u00e4millik \u00fda\u015fyna \u00fdetmedikler \u00fc\u00e7in arza k\u00e4millik \u00fda\u015fyna \u00fdetmedik adamy\u0148 \u00fda\u015fa\u00fdan kazy\u00fdetine berilmelidir.<\/span><\/span><span class=\"jCAhz ChMk0b\"><span class=\"ryNqvb\"> Eger talap edil\u00fd\u00e4n k\u00e4millik \u00fda\u015fyna \u00fdetmedik A\u015fgabat konsullyk etrabynda \u00fda\u015fa\u00fdan bolsa, gyzyklan\u00fdan tarap &#8220;Gorag\u00e7y kazy&#8221; h\u00f6km\u00fcnde \u00e7yky\u015f edip, il\u00e7iden konsullyk rugsady talap edip biler.<\/span><\/span><\/p>\n<ul style=\"text-align: left;\">\n<li>Arza<\/li>\n<li data-start=\"43\" data-end=\"148\">\n<p data-start=\"45\" data-end=\"148\">A\u00fdryly\u015fmaka barada kararyny\u0148 \u00fda-da kazy\u00fdeti\u0148 \u00e7agany eklemek baradaky karary;<\/p>\n<\/li>\n<li data-start=\"149\" data-end=\"275\">\n<p data-start=\"151\" data-end=\"275\">Ikinji ene-ata\u0148 rugsadyny almak \u00fc\u00e7in onu\u0148 so\u0148ky belli \u00fda\u015fa\u00fdy\u015f \u00fderi bo\u00fdun\u00e7a iberilen haty\u0148 kabul edi\u015f tassyklamaly nusgasy;<\/p>\n<\/li>\n<li data-start=\"276\" data-end=\"362\">\n<p data-start=\"278\" data-end=\"362\"><span class=\"jCAhz ChMk0b\"><span class=\"ryNqvb\">Kazy\u00fdeti\u0148 karary bilen kesgitlenen islendik \u00e7aga goldawyny\u0148 t\u00f6lenendigini tassykla\u00fdan resminamalar;<\/span><\/span><\/p>\n<\/li>\n<li data-start=\"276\" data-end=\"362\">\n<p data-start=\"278\" data-end=\"362\"><span class=\"jCAhz ChMk0b\"><span class=\"ryNqvb\">Il\u00e7ihanany\u0148 g\u00f6rkezi\u015fi \u00fdaly AB\u015e-ny\u0148 dollaryna barabar mukdarda nagt g\u00f6rn\u00fc\u015finde t\u00f6lenmeli anketa \u00fc\u00e7in 11.00 \u00fdewro t\u00f6lemek.<\/span><\/span><\/p>\n<\/li>\n<\/ul>\n<p data-start=\"61\" data-end=\"132\"><strong data-start=\"61\" data-end=\"132\">Konsullyk edarasy tarapyndan resminamany\u0148 berilmegine rugsat bermek<\/strong><\/p>\n<p data-start=\"134\" data-end=\"509\">Konsullyk h\u00e4kimi\u00fdeti arza barlag tapgyrynda go\u015fma\u00e7a resminamalary talap edip biler. Eger-de be\u00fdleki ene-atany\u0148 rugsat bermekden \u00fd\u00fcz \u00f6w\u00fcrmegini\u0148 seb\u00e4plerini\u0148 esasly d\u00e4ldigi anyklansa, Il\u00e7ihanany\u0148 \u00fdolba\u015f\u00e7ysy ki\u00e7i \u00fda\u015fly \u00e7agany\u0148 \u00fcst\u00fcnlikli b\u00e4hbitlerini g\u00f6z \u00f6\u0148\u00fcnde tutup, degi\u015fli permisi\u00fda karary bilen, ba\u015fga p\u00e4sgel\u00e7ilikler \u00fdok bolsa, resminamany\u0148 berilmegine rugsat berip biler.<\/p>\n<p data-start=\"511\" data-end=\"798\"><strong data-start=\"511\" data-end=\"522\">Bellik:<\/strong> Bu prosedura adatdan da\u015fary we kazy\u00fdet h\u00e4si\u00fdetli bolup, di\u0148e kanun bilen bellenen ene-ata razylygy almak m\u00fcmkin bolmadyk \u00fdagda\u00fdynda ulanylyp bilner. \u015ee\u00fdle-de, \u015fe\u00fdle \u00fdagda\u00fdlarda zerur barlaglary\u0148 ge\u00e7iril\u00fd\u00e4ndigi seb\u00e4pli, pasport almak \u00fc\u00e7in gara\u015fyl\u00fdan wagt alyp biler.<\/p>\n<hr data-start=\"800\" data-end=\"803\" \/>\n<p data-start=\"805\" data-end=\"827\"><strong data-start=\"805\" data-end=\"827\">KONSULLYK T\u00d6LEGLERI<\/strong><\/p>\n<p data-start=\"829\" data-end=\"1011\">\u00c7aga hukuklaryny gora\u00fdjy kazy wezipesind\u00e4ki Il\u00e7i tarapyndan garal\u00fdan arza \u00fc\u00e7in t\u00f6leg \u2013 <strong data-start=\"935\" data-end=\"947\">11 \u00ddewro<\/strong> (di\u0148e ki\u00e7i \u00fda\u015flylar A\u015fgabat konsullyk okrugynda \u00fda\u015fa\u00fdan bolsa).<\/p>\n<hr data-start=\"1013\" data-end=\"1016\" \/>\n<p data-start=\"1018\" data-end=\"1077\"><strong data-start=\"1018\" data-end=\"1077\">Elektron \u015fahsy\u00fdetnamany\u0148 (CIE) Turkmenistanda berilmegi<\/strong><\/p>\n<p data-start=\"1079\" data-end=\"1425\">T\u00fcrkmenistanda \u00fda\u015fa\u00fdan watanda\u015flara habar beril\u00fd\u00e4r: Itali\u00fdany\u0148 A\u015fgabatdaky Il\u00e7ihanasynda dokumentleri\u0148 we barmak yzlaryny\u0148 \u00fdygnalmagy \u00fc\u00e7in nobat \u00fdazdyrmak m\u00fcmkin\u00e7iligi bar. Bu maglumatlar esasynda <strong data-start=\"1276\" data-end=\"1346\">Poligrafiki institut we D\u00f6wlet pul ny\u015fanlaryny ta\u00fd\u00fdarla\u00fdan edarasy<\/strong> tarapyndan elektron \u015fahsy\u00fdetnamalar (CIE) dogrudan-dogry arza berene iberiler.<\/p>\n<p data-start=\"1427\" data-end=\"1724\">\u015ee\u00fdle hem habar beril\u00fd\u00e4r: <strong data-start=\"1453\" data-end=\"1496\">\u00ddB-ni\u0148 1157\/2019 belgili d\u00fczg\u00fcnnamasyna<\/strong> la\u00fdyklykda, <strong data-start=\"1509\" data-end=\"1552\">2026-njy \u00fdyly\u0148 3-nji awgustyndan ba\u015flap<\/strong>, kagyz g\u00f6rn\u00fc\u015find\u00e4ki ital\u00fdan \u015fahsy\u00fdetnamalary (<strong data-start=\"1599\" data-end=\"1606\">CIC<\/strong>) g\u00fc\u00fdj\u00fcni \u00fditirer, seb\u00e4bi olar \u00ddB-ni\u0148 \u015fahsy\u00fdet we sy\u00fdahat resminamalary bo\u00fdun\u00e7a howpsuzlyk talaplaryna la\u00fdyk gelme\u00fd\u00e4r.<\/p>\n","protected":false},"excerpt":{"rendered":"Pasport Biometrik pasport, e\u00fdesini\u0148 \u015fahsy maglumatlaryny, suratlaryny we barmak yzlaryny sakla\u00fdan mikro\u00e7ip bilen enjamla\u015fdyrylan \u015fahsy\u00fdet resminamasydyr. 12 \u00fda\u015fdan ki\u00e7i \u00e7agalar we yzygiderli \u00fdokan\u00e7 kesellere \u00fda-da ba\u015fga-da uzak m\u00f6hletli p\u00e4sgel\u00e7iliklere sezewar adamlardan barmak yzlaryny\u0148 alynmagy talap edilme\u00fd\u00e4r. Biometrik pasporty\u0148 m\u00f6hleti: 0-dan 3 \u00fda\u015f aralygyndaky \u00e7agalar \u00fc\u00e7in 3 \u00fdyl; 3 \u00fda\u015fdan 18 \u00fda\u015f aralygyndaky \u00fda\u015flar \u00fc\u00e7in 5 [&hellip;]","protected":false},"author":1,"featured_media":0,"parent":3847,"menu_order":0,"comment_status":"closed","ping_status":"closed","template":"","meta":{"footnotes":""},"class_list":["post-9945","page","type-page","status-publish","hentry"],"_links":{"self":[{"href":"https:\/\/ambashgabat.esteri.it\/tk\/wp-json\/wp\/v2\/pages\/9945","targetHints":{"allow":["GET"]}}],"collection":[{"href":"https:\/\/ambashgabat.esteri.it\/tk\/wp-json\/wp\/v2\/pages"}],"about":[{"href":"https:\/\/ambashgabat.esteri.it\/tk\/wp-json\/wp\/v2\/types\/page"}],"author":[{"embeddable":true,"href":"https:\/\/ambashgabat.esteri.it\/tk\/wp-json\/wp\/v2\/users\/1"}],"replies":[{"embeddable":true,"href":"https:\/\/ambashgabat.esteri.it\/tk\/wp-json\/wp\/v2\/comments?post=9945"}],"version-history":[{"count":2,"href":"https:\/\/ambashgabat.esteri.it\/tk\/wp-json\/wp\/v2\/pages\/9945\/revisions"}],"predecessor-version":[{"id":9952,"href":"https:\/\/ambashgabat.esteri.it\/tk\/wp-json\/wp\/v2\/pages\/9945\/revisions\/9952"}],"up":[{"embeddable":true,"href":"https:\/\/ambashgabat.esteri.it\/tk\/wp-json\/wp\/v2\/pages\/3847"}],"wp:attachment":[{"href":"https:\/\/ambashgabat.esteri.it\/tk\/wp-json\/wp\/v2\/media?parent=9945"}],"curies":[{"name":"wp","href":"https:\/\/api.w.org\/{rel}","templated":true}]}}