{"id":9912,"date":"2023-04-11T18:18:08","date_gmt":"2023-04-11T13:18:08","guid":{"rendered":"https:\/\/ambashgabat.esteri.it\/servizi-consolari-e-visti\/servizi-per-il-cittadino-italiano\/stato-civile\/"},"modified":"2025-08-06T16:35:01","modified_gmt":"2025-08-06T11:35:01","slug":"stato-civile","status":"publish","type":"page","link":"https:\/\/ambashgabat.esteri.it\/tk\/servizi-consolari-e-visti\/servizi-per-il-cittadino-italiano\/stato-civile\/","title":{"rendered":"Ra\u00fdaty\u0148 Statusy (Stato Civile)"},"content":{"rendered":"<article class=\"text-token-text-primary w-full focus:outline-none scroll-mt-[calc(var(--header-height)+min(200px,max(70px,20svh)))]\" dir=\"auto\" tabindex=\"-1\" data-turn-id=\"request-WEB:86c66330-927c-44c5-8954-a17d7607843f-28\" data-testid=\"conversation-turn-58\" data-scroll-anchor=\"false\" data-turn=\"assistant\">\n<div class=\"text-base my-auto mx-auto [--thread-content-margin:--spacing(4)] @[37rem]:[--thread-content-margin:--spacing(6)] @[72rem]:[--thread-content-margin:--spacing(16)] px-(--thread-content-margin)\">\n<div class=\"[--thread-content-max-width:32rem] @[34rem]:[--thread-content-max-width:40rem] @[64rem]:[--thread-content-max-width:48rem] mx-auto max-w-(--thread-content-max-width) flex-1 group\/turn-messages focus-visible:outline-hidden relative flex w-full min-w-0 flex-col agent-turn\" tabindex=\"-1\">\n<div class=\"flex max-w-full flex-col grow\">\n<div class=\"min-h-8 text-message relative flex w-full flex-col items-end gap-2 text-start break-words whitespace-normal [.text-message+&amp;]:mt-5\" dir=\"auto\" data-message-author-role=\"assistant\" data-message-id=\"3a60b9bf-fc58-4941-8900-222d0c5544a6\" data-message-model-slug=\"gpt-4-1-mini\">\n<div class=\"flex w-full flex-col gap-1 empty:hidden first:pt-[3px]\">\n<div class=\"markdown prose dark:prose-invert w-full break-words light markdown-new-styling\">\n<p data-start=\"85\" data-end=\"141\"><strong data-start=\"120\" data-end=\"141\">Umumy maglumatlar<\/strong><\/p>\n<p data-start=\"143\" data-end=\"438\">Ital\u00fdan ra\u00fdatlary kanun bo\u00fdun\u00e7a da\u015fary \u00fdurtda bol\u00fdan wagtynda ra\u00fdat \u00fdagda\u00fdyny\u0148 \u00e4hli \u00fc\u00fdtge\u015fmelerini be\u00fdan etmeli. T\u00fcrkmenistanda \u00fda\u015fa\u00fdanlar \u00fc\u00e7in bolsa, \u015fol \u00fdagda\u00fd resminamalaryny \u015fu il\u00e7ihana tab\u015fyrmak we Itali\u00fdada hasaba aly\u015f we be\u00fdleki resminamalary\u0148 berilmegine m\u00fcmkin\u00e7ilik d\u00f6retmek h\u00f6kmanydyr.<\/p>\n<p data-start=\"440\" data-end=\"565\"><strong data-start=\"440\" data-end=\"454\">\u00dcns beri\u0148:<\/strong> ra\u00fdat \u00fdagda\u00fdy \u015fahadatnamalaryny\u0148 (\u015fol sanda bo\u015fanmak hakyndaky kararlary\u0148) asyl nusgalary ga\u00fdtaryp berilme\u00fd\u00e4r.<\/p>\n<p data-start=\"567\" data-end=\"726\">AIRE konsullyk hasabyna \u00fdazylan ra\u00fdatlar \u00fc\u00e7in bu Il\u00e7ihanany\u0148 wezipesi maglumatlar bazasyny t\u00e4zel\u00e4p, resminamalary Itali\u00fdany\u0148 degi\u015fli etrap ge\u0148e\u015fine ibermekdir.<\/p>\n<p data-start=\"728\" data-end=\"879\">Itali\u00fdada \u00fda\u015fa\u00fdan ra\u00fdatlar \u00fc\u00e7in bolsa, bu Il\u00e7i\u00adhana di\u0148e \u015fahsy\u00fdetnamalary\u0148 nusgalaryny ra\u00fdaty\u0148 \u00fda\u015fa\u00fdan etrap ge\u0148e\u015fine iberer, ba\u015fga hi\u00e7 hili i\u015f g\u00f6rmez.<\/p>\n<p data-start=\"881\" data-end=\"1073\">Ra\u00fdat \u00fdagda\u00fdy b\u00f6l\u00fcmi t\u00fcrkmen h\u00e4kimi\u00fdetlerinden alynan doglu\u015f, nika, \u00f6l\u00fcm \u015fahadatnamalaryny we a\u00fdryly\u015fmak hakyndaky kaza\u00fdet kararyny Itali\u00fdany\u0148 etrap ge\u0148e\u015flerine \u00fdazgy \u00fc\u00e7in kabul edip, tab\u015fyr\u00fdar.<\/p>\n<p data-start=\"1075\" data-end=\"1130\">Doglu\u015f, nika \u00fda-da \u00f6l\u00fcm \u015fahadatnamalaryny\u0148 \u00fdazgy \u00fc\u00e7in:<\/p>\n<ul data-start=\"1132\" data-end=\"1431\">\n<li data-start=\"1132\" data-end=\"1200\">\n<p data-start=\"1134\" data-end=\"1200\">ra\u00fdat \u00fdagda\u00fdy resminamalaryny\u0148 \u00fdazgy sorag formasy doldurylmaly;<\/p>\n<\/li>\n<li data-start=\"1201\" data-end=\"1236\">\n<p data-start=\"1203\" data-end=\"1236\">pasporty\u0148 nusgasy berilmeli;<\/p>\n<\/li>\n<li data-start=\"1237\" data-end=\"1340\">\n<p data-start=\"1239\" data-end=\"1340\">doglu\u015f, nikah \u00fda-da \u00f6l\u00fcm \u015fahadatnamalaryny\u0148 asyl nusgalary, degi\u015fli ygty\u00fdarlylyk bilen tassyklanan;<\/p>\n<\/li>\n<li data-start=\"1341\" data-end=\"1431\">\n<p data-start=\"1343\" data-end=\"1431\">ra\u00fdat \u00fdagda\u00fdy \u015fahadatnamalaryny\u0148 ital\u00fdan dilind\u00e4ki terjimesi, terjime hem tassyklanmaly;<\/p>\n<\/li>\n<\/ul>\n<p data-start=\"1433\" data-end=\"1580\">\u00ddal\u0148y\u015f maglumatlary \u00f6z i\u00e7ine alan, terjimesi \u00fda-da konsullyk tarapyndan talap edilen be\u00fdleki resminamalary bolmadyk \u015fahadatnamalar ga\u00fdtaryp berler.<\/p>\n<p data-start=\"1582\" data-end=\"1650\"><strong data-start=\"1582\" data-end=\"1590\">\u00dcNS:<\/strong> Asyl \u015fahadatnamalar ga\u00fdtaryp berilme\u00fd\u00e4r we il\u00e7ihanada arhiwlen\u00fd\u00e4r.<\/p>\n<p data-start=\"1652\" data-end=\"1759\">Ra\u00fdat \u00fdagda\u00fdy b\u00f6l\u00fcmi \u015fol etrapda \u00fda\u015fa\u00fdan we AIRE hasaby bilen \u00fdazylan ra\u00fdatlara \u015fu meselelerde k\u00f6mek ed\u00fd\u00e4r:<\/p>\n<ul data-start=\"1761\" data-end=\"1859\">\n<li data-start=\"1761\" data-end=\"1790\">\n<p data-start=\"1763\" data-end=\"1790\">Itali\u00fdada nika yglanlary<\/p>\n<\/li>\n<li data-start=\"1791\" data-end=\"1830\">\n<p data-start=\"1793\" data-end=\"1830\">Ady\u0148 \u00fda-da famili\u00fdany\u0148 \u00fc\u00fdtgedilmegi<\/p>\n<\/li>\n<li data-start=\"1831\" data-end=\"1859\">\n<p data-start=\"1833\" data-end=\"1859\">\u015eahadatnamalary\u0148 berilmegi<\/p>\n<\/li>\n<\/ul>\n<hr data-start=\"1861\" data-end=\"1864\" \/>\n<p data-start=\"1866\" data-end=\"1896\"><strong data-start=\"1866\" data-end=\"1896\">\u015eahadatnamalary\u0148 berilmegi<\/strong><\/p>\n<p data-start=\"1898\" data-end=\"2098\">Il\u00e7i\u00adhana doglu\u015f, nika, \u00f6l\u00fcm \u00fda-da a\u00fdryly\u015fmak hakyndaky \u015fahadatnamalary berme\u00fd\u00e4r; olar di\u0148e Itali\u00fdany\u0148 degi\u015fli etrap ge\u0148e\u015fini\u0148 ygty\u00fdarynda bolup, ra\u00fdat \u015fol ge\u0148e\u015f bilen g\u00f6n\u00fcden-g\u00f6ni aragatna\u015fyk saklamalydyr.<\/p>\n<p data-start=\"2100\" data-end=\"2464\">Itali\u00fdany\u0148 anagraflaryna (APR we AIRE) \u00fdazylan ra\u00fdatlar ra\u00fdatlyk \u015fahadatnamalaryny\u0148 d\u00fcrli g\u00f6rn\u00fc\u015flerini onla\u00fdn \u00fdagda\u00fdda \u00f6z etrap ge\u0148e\u015finden sorap bilerler. Bu \u015fahadatnamalar mugt beril\u00fd\u00e4r we olary\u0148 di\u0148e sanly \u015fahsy\u00fdet (CIE, SPID \u00fda-da CNS) bolan adamlara beril\u00fd\u00e4ndigini bellemeli, seb\u00e4bi Itali\u00fdada h\u00f6k\u00fcmeti\u0148 hyzmatlaryna di\u0148e \u015fol sanly \u015fahsy\u00fdet arkaly girip bol\u00fdar.<\/p>\n<p data-start=\"2466\" data-end=\"2550\"><br data-start=\"2485\" data-end=\"2488\" \/><a class=\"\" href=\"https:\/\/www.anagrafenazionale.interno.it\/servizi-al-cittadino\/\" target=\"_new\" rel=\"noopener\" data-start=\"2488\" data-end=\"2550\">https:\/\/www.anagrafenazionale.interno.it\/servizi-al-cittadino\/<\/a><\/p>\n<p data-start=\"2552\" data-end=\"2821\">Il\u00e7ihana di\u0148e AIRE hasaby bilen \u00fdazylan we konsullyk etrabynda \u00fda\u015fa\u00fdan ra\u00fdatlara di\u0148e \u015fu \u015fahadatnamalary ber\u00fd\u00e4r:<br data-start=\"2670\" data-end=\"2673\" \/>azatlyk statusy, ma\u015fgala statusy, ra\u00fdatlyk, \u00fdazgylary\u0148 utga\u015fdyrylmagy we konsullyk hasabyna \u00fdazylmak.<\/p>\n<hr data-start=\"2823\" data-end=\"2826\" \/>\n<p data-start=\"2828\" data-end=\"2927\"><strong data-start=\"2828\" data-end=\"2871\">Ra\u00fdat \u00fdagda\u00fdy b\u00f6l\u00fcmi bilen aragatna\u015fyk:<\/strong><br data-start=\"2871\" data-end=\"2874\" \/>Email: <a class=\"cursor-pointer\" rel=\"noopener\" data-start=\"2881\" data-end=\"2905\">ashgabat.visti@esteri.it<\/a><br data-start=\"2905\" data-end=\"2908\" \/>Tel: +993 12 368910<\/p>\n<hr data-start=\"2929\" data-end=\"2932\" \/>\n<p data-start=\"2934\" data-end=\"2944\"><strong data-start=\"2934\" data-end=\"2944\">Doglu\u015f \u015fahadatnamasy<\/strong><\/p>\n<p data-start=\"2946\" data-end=\"3119\">Itali\u00fdany\u0148 ra\u00fdaty bolan ene-atalary\u0148 \u00e7agalary, hatda da\u015fary \u00fdurtda doglan hem bolsa, itali\u00fda ra\u00fdaty bolup dur\u00fdar. \u015eonu\u0148 \u00fc\u00e7in olary\u0148 doglu\u015fy Itali\u00fdada \u00fdazga alnyp bilmelidir.<\/p>\n<p data-start=\"3121\" data-end=\"3202\">T\u00fcrkmenistanda doglu\u015fy habar bermek \u00fc\u00e7in Il\u00e7ihana \u015fu resminamalary h\u00f6d\u00fcrlemeli:<\/p>\n<ul data-start=\"3203\" data-end=\"3628\">\n<li data-start=\"3203\" data-end=\"3301\">\n<p data-start=\"3205\" data-end=\"3301\">\u00fderli h\u00e4kimi\u00fdetler tarapyndan ygty\u00fdarlylykly tassyklanan doglu\u015f \u015fahadatnamasyny\u0148 asyl nusgasy;<\/p>\n<\/li>\n<li data-start=\"3302\" data-end=\"3385\">\n<p data-start=\"3304\" data-end=\"3385\">ital\u00fdan dilind\u00e4ki doglu\u015f \u015fahadatnamasyny\u0148 terjimesi, terjime hem tassyklanmaly;<\/p>\n<\/li>\n<li data-start=\"3386\" data-end=\"3509\">\n<p data-start=\"3388\" data-end=\"3509\">ene-atalary\u0148 azyndan birini\u0148 itali\u00fda ra\u00fdatlygyny subut ed\u00fd\u00e4n resminama (ital\u00fdan pasporty \u00fda-da ra\u00fdatlyk \u015fahadatnamasy);<\/p>\n<\/li>\n<li data-start=\"3510\" data-end=\"3550\">\n<p data-start=\"3512\" data-end=\"3550\">be\u00fdleki ene-atan\u0148y\u0148 pasport nusgasy;<\/p>\n<\/li>\n<li data-start=\"3551\" data-end=\"3628\">\n<p data-start=\"3553\" data-end=\"3628\">\u00fdazgy sorag formasy<\/p>\n<\/li>\n<\/ul>\n<hr data-start=\"3630\" data-end=\"3633\" \/>\n<p data-start=\"3635\" data-end=\"3644\"><strong data-start=\"3635\" data-end=\"3644\">Nika \u015fahadatnamasy<\/strong><\/p>\n<p data-start=\"3646\" data-end=\"3750\">Da\u015fary \u00fdurtda ge\u00e7irilen nika Itali\u00fdada hem ge\u00e7erli bolmagy \u00fc\u00e7in degi\u015fli etrap ge\u0148e\u015finde \u00fdazgy edilmeli.<\/p>\n<p data-start=\"3752\" data-end=\"3898\">T\u00fcrkmen h\u00e4kimi\u00fdetlerinden alynan nikah \u015fahadatnamasyny\u0148 asly \u015fu il\u00e7ihana iberilmeli we \u00fderli h\u00e4kimi\u00fdetler tarapyndan ygty\u00fdarlylykly tassyklanmaly.<\/p>\n<p data-start=\"3900\" data-end=\"4005\">Eger-de bu nika ilkinji d\u00e4l bolsa, \u00f6\u0148ki nikahlar we bo\u015fanmak hakyndaky resminamalar hem tab\u015fyrylmalydyr.<\/p>\n<p data-start=\"4007\" data-end=\"4229\">AIRE hasaby bilen \u015fu konsullyk etrabynda \u00fda\u015fa\u00fdan ital\u00fdan ra\u00fdaty Itali\u00fdada nikah ge\u0148e\u015fini\u0148 \u00fdazgysyny Il\u00e7ihanadan di\u0148e Itali\u00fdada ge\u00e7iriljek nikahlar \u00fc\u00e7in sora\u00fdar.<\/p>\n<p data-start=\"4007\" data-end=\"4229\"><br data-start=\"4167\" data-end=\"4170\" \/>T\u00fcrkmen h\u00e4kimi\u00fdetlerinden alynan nika \u015fahadatnamasy \u00fc\u00e7in Itali\u00fdada \u00fdazgy \u00fc\u00e7in gerek resminamalar:<\/p>\n<ul data-start=\"4332\" data-end=\"4834\">\n<li data-start=\"4332\" data-end=\"4421\">\n<p data-start=\"4334\" data-end=\"4421\">\u00fderli h\u00e4kimi\u00fdetler tarapyndan ygty\u00fdarlylykly tassyklanan nikah \u015fahadatnamasyny\u0148 asly;<\/p>\n<\/li>\n<li data-start=\"4422\" data-end=\"4504\">\n<p data-start=\"4424\" data-end=\"4504\">ital\u00fdan dilind\u00e4ki nikah \u015fahadatnamasyny\u0148 terjimesi, terjime hem tassyklanmaly;<\/p>\n<\/li>\n<li data-start=\"4505\" data-end=\"4615\">\n<p data-start=\"4507\" data-end=\"4615\">azyndan birini\u0148 Itali\u00fda ra\u00fdatlygyny subut ed\u00fd\u00e4n resminama (ital\u00fdan pasporty \u00fda-da ra\u00fdatlyk \u015fahadatnamasy);<\/p>\n<\/li>\n<li data-start=\"4616\" data-end=\"4711\">\n<p data-start=\"4618\" data-end=\"4711\">da\u015fary \u00fdurtly nikada\u015fyny\u0148 doglu\u015f \u015fahadatnamasyny\u0148 ital\u00fdan dilind\u00e4ki tassyklanan terjimesi;<\/p>\n<\/li>\n<li data-start=\"4712\" data-end=\"4757\">\n<p data-start=\"4714\" data-end=\"4757\">nikadan ge\u00e7enleri\u0148 passport g\u00f6\u00e7\u00fcrmeleri;<\/p>\n<\/li>\n<li data-start=\"4758\" data-end=\"4834\">\n<p data-start=\"4760\" data-end=\"4834\">\u00fdazgy sorag formasy<\/p>\n<\/li>\n<\/ul>\n<hr data-start=\"4836\" data-end=\"4839\" \/>\n<p data-start=\"4841\" data-end=\"4860\"><strong data-start=\"4841\" data-end=\"4860\">NIKA YGLANLARY<\/strong><\/p>\n<p data-start=\"4862\" data-end=\"5034\">Nikah yglanlary il\u00e7ihana di\u0148e Itali\u00fdada ge\u00e7iriljek nikalar (dini hem-de kanuny) \u00fc\u00e7in h\u00f6kmanydyr. Il\u00e7ihanada ge\u00e7irilen nikalar \u00fderli kanun\u00e7ylyk tarapyndan ykrar edilme\u00fd\u00e4r.<\/p>\n<p data-start=\"5036\" data-end=\"5196\">Nika yglany \u00fc\u00e7in i\u0148 esasy \u015fert \u015fulardyr: nikahda\u015flary\u0148 azyndan biri \u015fu konsullyk etrabynda \u00fda\u015fa\u00fdan ital\u00fdan ra\u00fdaty bolmaly we AIRE hasaby bilen \u00fdazylan bolmaly.<\/p>\n<p data-start=\"5198\" data-end=\"5302\">Nikah yglanlary \u00fc\u00e7in bellik almak \u00fc\u00e7in a\u015fakdaky <a class=\"cursor-pointer\" rel=\"noopener\" data-start=\"5278\" data-end=\"5302\">ashgabat.visti@esteri.it bilen habarla\u015fy\u0148.\u00a0<\/a><\/p>\n<p data-start=\"5304\" data-end=\"5352\">Bellige gelende nikadan ge\u00e7enleri\u0148 ikisi hem gelmeli.<\/p>\n<p data-start=\"5354\" data-end=\"5397\">Yglanlar nika senesinden 6 a\u00fd \u00f6\u0148 edilmeli.<\/p>\n<p data-start=\"5399\" data-end=\"5652\">Yglan senesi 8 g\u00fcn dowam edip, so\u0148ra \u201cYglan edildi\u201d atly resminama berler we Itali\u00fdada nikah ge\u00e7irmek \u00fc\u00e7in ygty\u00fdarnama (delegasi\u00fda) tab\u015fyrylar. Bu resminama elektronik g\u00f6rn\u00fc\u015fde (PEC arkaly) degi\u015fli etrap ge\u0148e\u015fine iberiler we asyl nusgasy hem gow\u015furylar.<\/p>\n<p data-start=\"5654\" data-end=\"5788\">Nika ge\u00e7irmegi\u0148 kanuny bolmagy \u00fc\u00e7in degi\u015fli etrap ge\u0148e\u015fini\u0148 PEC salgysyny bermek zerurdyr.<\/p>\n<hr data-start=\"5790\" data-end=\"5793\" \/>\n<p data-start=\"5795\" data-end=\"5825\"><strong data-start=\"5795\" data-end=\"5823\">Iberilmeli resminamalar:<\/strong><\/p>\n<p data-start=\"5827\" data-end=\"5879\"><strong data-start=\"5827\" data-end=\"5877\">AIRE hasaby bilen \u00fdazylan ital\u00fdan ra\u00fdaty \u00fc\u00e7in:<\/strong><\/p>\n<ul data-start=\"5880\" data-end=\"6139\">\n<li data-start=\"5880\" data-end=\"5901\">\n<p data-start=\"5882\" data-end=\"5901\">ital\u00fdan pasporty;<\/p>\n<\/li>\n<li data-start=\"5902\" data-end=\"5984\">\n<p data-start=\"5904\" data-end=\"5984\">doglu\u015f \u015fahadatnamasyny\u0148 gysga\u00e7a nusgasy (doglu\u015fy \u00fdazga alan etrap ge\u0148e\u015finden);<\/p>\n<\/li>\n<li data-start=\"5985\" data-end=\"6099\">\n<p data-start=\"5987\" data-end=\"6099\">azatlyk statusyny\u0148 \u015fahadatnamasy (Itali\u00fdada \u00fda\u015fa\u00fdan d\u00f6wri bo\u00fdun\u00e7a AIRE \u00fdazgy etrap ge\u0148e\u015finden we il\u00e7ihanadan);<\/p>\n<\/li>\n<li data-start=\"6100\" data-end=\"6139\">\n<p data-start=\"6102\" data-end=\"6139\">nika resminamasy<\/p>\n<\/li>\n<\/ul>\n<p data-start=\"6141\" data-end=\"6171\"><strong data-start=\"6141\" data-end=\"6169\">Da\u015fary \u00fdurt ra\u00fdaty \u00fc\u00e7in:<\/strong><\/p>\n<ul data-start=\"6172\" data-end=\"6520\">\n<li data-start=\"6172\" data-end=\"6184\">\n<p data-start=\"6174\" data-end=\"6184\">pasport;<\/p>\n<\/li>\n<li data-start=\"6185\" data-end=\"6314\">\n<p data-start=\"6187\" data-end=\"6314\">itali\u00fdan dilind\u00e4ki terjimeli \u00fda\u015fa\u00fdy\u015f \u00fderi baradaky resminama (iki resminama hem \u00fderli h\u00e4kimi\u00fdetler tarapyndan tassyklanmaly);<\/p>\n<\/li>\n<li data-start=\"6315\" data-end=\"6412\">\n<p data-start=\"6317\" data-end=\"6412\">\u00fderli h\u00e4kimi\u00fdetler tarapyndan tassyklanan we ital\u00fdan dilinde tassyklanan doglu\u015f \u015fahadatnamasy we nikadan ge\u00e7mane rugsat ber\u00fd\u00e4n resminama<\/p>\n<\/li>\n<\/ul>\n<hr data-start=\"6522\" data-end=\"6525\" \/>\n<p data-start=\"6527\" data-end=\"6539\"><b>A\u00fdryly\u015fmak<\/b><\/p>\n<p data-start=\"6541\" data-end=\"6638\">Da\u015fary \u00fdurtda \u00e7ykarylan a<b>\u00fdryly\u015fmak <\/b>hakyndaky kazy\u00fdet karary Itali\u00fdada awtomatiki \u00fdagda\u00fdda girizilme\u00fd\u00e4r.<\/p>\n<\/div>\n<\/div>\n<\/div>\n<\/div>\n<\/div>\n<\/div>\n<\/article>\n<article class=\"text-token-text-primary w-full focus:outline-none scroll-mt-[calc(var(--header-height)+min(200px,max(70px,20svh)))]\" dir=\"auto\" tabindex=\"-1\" data-turn-id=\"a7581ca5-30a9-43d6-a594-dde878a35756\" data-testid=\"conversation-turn-59\" data-scroll-anchor=\"true\" data-turn=\"assistant\">\n<div class=\"text-base my-auto mx-auto pb-10 [--thread-content-margin:--spacing(4)] @[37rem]:[--thread-content-margin:--spacing(6)] @[72rem]:[--thread-content-margin:--spacing(16)] px-(--thread-content-margin)\">\n<div class=\"[--thread-content-max-width:32rem] @[34rem]:[--thread-content-max-width:40rem] @[64rem]:[--thread-content-max-width:48rem] mx-auto max-w-(--thread-content-max-width) flex-1 group\/turn-messages focus-visible:outline-hidden relative flex w-full min-w-0 flex-col agent-turn\" tabindex=\"-1\">\n<div class=\"flex max-w-full flex-col grow\">\n<div class=\"min-h-8 text-message relative flex w-full flex-col items-end gap-2 text-start break-words whitespace-normal [.text-message+&amp;]:mt-5\" dir=\"auto\" data-message-author-role=\"assistant\" data-message-id=\"d4e249ba-2a62-4f24-ab60-cac1702950db\" data-message-model-slug=\"gpt-4o\">\n<div class=\"flex w-full flex-col gap-1 empty:hidden first:pt-[3px]\">\n<div class=\"markdown prose dark:prose-invert w-full break-words light markdown-new-styling\">\n<p data-start=\"1\" data-end=\"72\">Itali\u00fdada resmi tanalmagy \u00fc\u00e7in degi\u015fli etrap ge\u0148e\u015fine \u00fdazgy edilmeli.<\/p>\n<p data-start=\"74\" data-end=\"95\">Gerek resminamalar:<\/p>\n<ul data-start=\"96\" data-end=\"549\">\n<li data-start=\"96\" data-end=\"148\">\n<p data-start=\"98\" data-end=\"148\">a\u00fdryly\u015fmak hakyndaky \u00fdazgy soragy<\/p>\n<\/li>\n<li data-start=\"149\" data-end=\"277\">\n<p data-start=\"151\" data-end=\"277\">il\u00e7ihanadan alynan, ba\u015fga bir i\u015fi\u0148 \u015fol taraplary\u0148 arasynda Itali\u00fdada ba\u015flamandygyny g\u00f6rkez\u00fd\u00e4n tassyklama;<\/p>\n<\/li>\n<li data-start=\"278\" data-end=\"372\">\n<p data-start=\"280\" data-end=\"372\">\u00fderli h\u00e4kimi\u00fdetler tarapyndan tassyklanan bo\u015fanmak kararyny\u0148 \u201casla gabat\u201d belgili nusgasy;<\/p>\n<\/li>\n<li data-start=\"373\" data-end=\"432\">\n<p data-start=\"375\" data-end=\"432\">ital\u00fdan dilind\u00e4ki terjimesi, terjime hem tassyklanmaly;<\/p>\n<\/li>\n<li data-start=\"433\" data-end=\"514\">\n<p data-start=\"435\" data-end=\"514\">karar g\u00fc\u00fdje girenligini g\u00f6rkez\u00fd\u00e4n, tassyklanan we terjime edilen \u015fahadatnama;<\/p>\n<\/li>\n<li data-start=\"515\" data-end=\"549\">\n<p data-start=\"517\" data-end=\"549\">\u00e4hli resminamalary\u0148 bir nusgasy;<\/p>\n<\/li>\n<\/ul>\n<p data-start=\"551\" data-end=\"771\">Eger \u00e7aga bar bolsa, \u00e7agalar barada ylala\u015fyk (AGREEMENT FOR CHILDREN) hem tab\u015fyryl\u00fdar, tassyklanan we ital\u00fdan diline terjime edilen g\u00f6rn\u00fc\u015fde.<br data-start=\"693\" data-end=\"696\" \/>Eger bu ylala\u015fyk a\u00fdryly\u015fmak hakynda kararynda bellenen bolsa, onda bu resminamany tab\u015fyrmak h\u00f6kman d\u00e4l.<\/p>\n<p data-start=\"773\" data-end=\"835\"><strong data-start=\"773\" data-end=\"787\">\u00dcNS BERI\u0147:<\/strong> \u00e4hli resminamalar asyl nusgasy bolmaly.<\/p>\n<p data-start=\"837\" data-end=\"934\">Resminamalar doly we dogry bolsa kabul ediler. Asyl resminamalar ga\u00fdtarylyp berilme\u00fd\u00e4r.<\/p>\n<p data-start=\"936\" data-end=\"1030\">Eger resminamalar doly d\u00e4l \u00fda-da n\u00e4dogry bolsa kabul edilm\u00e4n yzyna berler.<\/p>\n<hr data-start=\"1032\" data-end=\"1035\" \/>\n<p data-start=\"1037\" data-end=\"1045\"><strong data-start=\"1037\" data-end=\"1045\">\u00d6l\u00fcm \u015fahadatnamasy<\/strong><\/p>\n<p data-start=\"1047\" data-end=\"1117\">T\u00fcrkmenistanda bolan ital\u00fdan ra\u00fdatyny\u0148 \u00f6l\u00fcmi Itali\u00fdada \u00fdazga alynmaly.<\/p>\n<p data-start=\"1119\" data-end=\"1140\">Gerek resminamalar:<\/p>\n<ul data-start=\"1141\" data-end=\"1373\">\n<li data-start=\"1141\" data-end=\"1222\">\n<p data-start=\"1143\" data-end=\"1222\">\u00fderli h\u00e4kimi\u00fdetler tarapyndan tassyklanan \u00f6l\u00fcm \u015fahadatnamasyny\u0148 asyl nusgasy;<\/p>\n<\/li>\n<li data-start=\"1223\" data-end=\"1282\">\n<p data-start=\"1225\" data-end=\"1282\">ital\u00fdan dilind\u00e4ki terjimesi, terjime hem tassyklanmaly;<\/p>\n<\/li>\n<li data-start=\"1283\" data-end=\"1322\">\n<p data-start=\"1285\" data-end=\"1322\">ital\u00fdan \u015fahsy\u00fdetnamasy we pasporty;<\/p>\n<\/li>\n<li data-start=\"1323\" data-end=\"1373\">\n<p data-start=\"1325\" data-end=\"1373\">\u00fdakyny\u0148 tarapyndan \u00fdazgy soragy.<\/p>\n<\/li>\n<\/ul>\n<hr data-start=\"1375\" data-end=\"1378\" \/>\n<p data-start=\"1380\" data-end=\"1427\"><strong data-start=\"1380\" data-end=\"1427\">Ady\u0148y \u00fda-da famili\u00fda\u0148y \u00fc\u00fdtgetmek \u00fc\u00e7in resminama<\/strong><\/p>\n<p data-start=\"1429\" data-end=\"1574\">Her bir ra\u00fdat \u00f6z adyny \u00fda-da famili\u00fdasyny \u00fc\u00fdtgetmek isle\u00fd\u00e4n bolsa, \u00fda\u015fa\u00fdan \u00fderind\u00e4ki \u00fda-da doglu\u015fyny\u0148 \u00fdazylan \u00fderind\u00e4ki prefektden ygty\u00fdar almaly.<\/p>\n<p data-start=\"1576\" data-end=\"1664\">Il\u00e7ihana \u00fd\u00fcz tutmak \u00fc\u00e7in \u00f6\u0148\u00fcnden email arkaly bellik almalydyr: <a class=\"cursor-pointer\" rel=\"noopener\" data-start=\"1640\" data-end=\"1664\">ashgabat.visti@esteri.it<\/a><\/p>\n<p data-start=\"1666\" data-end=\"1675\">Gerekli resminamalar:<\/p>\n<ol data-start=\"1677\" data-end=\"2087\">\n<li data-start=\"1677\" data-end=\"1872\">\n<p data-start=\"1680\" data-end=\"1872\">Sorag formasyny doldurmak:<br data-start=\"1722\" data-end=\"1725\" \/>a. islen\u00fd\u00e4n \u00fc\u00fdtge\u015fiklikler;<br data-start=\"1755\" data-end=\"1758\" \/>b. seb\u00e4pleri;<br data-start=\"1774\" data-end=\"1777\" \/>c. \u00fda\u015fa\u00fdy\u015f \u015fahadatnamasy we ma\u015fgala \u00fdagda\u00fdy \u015fahadatnamasy (ital\u00fdan diline terjime edilen);<\/p>\n<\/li>\n<li data-start=\"1873\" data-end=\"1924\">\n<p data-start=\"1876\" data-end=\"1924\">Blnak gol \u00e7ekmek we senesini go\u00fdmak;<\/p>\n<\/li>\n<li data-start=\"1925\" data-end=\"1970\">\n<p data-start=\"1928\" data-end=\"1970\">Pasporty\u0148 \u00fda-da \u015fahsy\u00fdetnamany\u0148 nusgasy;<\/p>\n<\/li>\n<li data-start=\"1971\" data-end=\"2010\">\n<p data-start=\"1974\" data-end=\"2010\">16 \u20ac m\u00f6h\u00fcr (Il\u00e7ihanada el\u00fdeterli);<\/p>\n<\/li>\n<li data-start=\"2011\" data-end=\"2087\">\n<p data-start=\"2014\" data-end=\"2087\">Resminamalar degi\u015fli Itali\u00fdany\u0148 Prefekturasyndaky h\u00e4kimi\u00fdetlere iberiler.<\/p>\n<\/li>\n<\/ol>\n<p data-start=\"2089\" data-end=\"2187\">Prefekti\u0148 rugsat karary alnanlarynda, ol resminama bilen Il\u00e7ihana gelip, yglan \u00fc\u00e7in bellik almaly.<\/p>\n<p data-start=\"2189\" data-end=\"2325\">Yglanlar 30 g\u00fcn dowam ed\u00fd\u00e4r. Ondan so\u0148ra, il\u00e7ihana prefekturany\u0148 resminamasyny we onu\u0148 dowamyny tassykla\u00fdan maglumat bilen yzyna iberil\u00fd\u00e4r.<\/p>\n<p data-start=\"2327\" data-end=\"2449\">\u00dc\u00fdtgedilen at \u00fda-da famili\u00fda doglu\u015f \u00fdazgysynda, nika \u00fdazgysynda we degi\u015fli \u00e7agalary\u0148 doglu\u015f \u00fdazgylarynda bellenilmelidir.<\/p>\n<\/div>\n<\/div>\n<\/div>\n<\/div>\n<\/div>\n<\/div>\n<\/article>\n","protected":false},"excerpt":{"rendered":"Umumy maglumatlar Ital\u00fdan ra\u00fdatlary kanun bo\u00fdun\u00e7a da\u015fary \u00fdurtda bol\u00fdan wagtynda ra\u00fdat \u00fdagda\u00fdyny\u0148 \u00e4hli \u00fc\u00fdtge\u015fmelerini be\u00fdan etmeli. T\u00fcrkmenistanda \u00fda\u015fa\u00fdanlar \u00fc\u00e7in bolsa, \u015fol \u00fdagda\u00fd resminamalaryny \u015fu il\u00e7ihana tab\u015fyrmak we Itali\u00fdada hasaba aly\u015f we be\u00fdleki resminamalary\u0148 berilmegine m\u00fcmkin\u00e7ilik d\u00f6retmek h\u00f6kmanydyr. \u00dcns beri\u0148: ra\u00fdat \u00fdagda\u00fdy \u015fahadatnamalaryny\u0148 (\u015fol sanda bo\u015fanmak hakyndaky kararlary\u0148) asyl nusgalary ga\u00fdtaryp berilme\u00fd\u00e4r. AIRE konsullyk hasabyna \u00fdazylan [&hellip;]","protected":false},"author":1,"featured_media":0,"parent":3847,"menu_order":4,"comment_status":"closed","ping_status":"closed","template":"","meta":{"footnotes":""},"class_list":["post-9912","page","type-page","status-publish","hentry"],"_links":{"self":[{"href":"https:\/\/ambashgabat.esteri.it\/tk\/wp-json\/wp\/v2\/pages\/9912","targetHints":{"allow":["GET"]}}],"collection":[{"href":"https:\/\/ambashgabat.esteri.it\/tk\/wp-json\/wp\/v2\/pages"}],"about":[{"href":"https:\/\/ambashgabat.esteri.it\/tk\/wp-json\/wp\/v2\/types\/page"}],"author":[{"embeddable":true,"href":"https:\/\/ambashgabat.esteri.it\/tk\/wp-json\/wp\/v2\/users\/1"}],"replies":[{"embeddable":true,"href":"https:\/\/ambashgabat.esteri.it\/tk\/wp-json\/wp\/v2\/comments?post=9912"}],"version-history":[{"count":3,"href":"https:\/\/ambashgabat.esteri.it\/tk\/wp-json\/wp\/v2\/pages\/9912\/revisions"}],"predecessor-version":[{"id":9942,"href":"https:\/\/ambashgabat.esteri.it\/tk\/wp-json\/wp\/v2\/pages\/9912\/revisions\/9942"}],"up":[{"embeddable":true,"href":"https:\/\/ambashgabat.esteri.it\/tk\/wp-json\/wp\/v2\/pages\/3847"}],"wp:attachment":[{"href":"https:\/\/ambashgabat.esteri.it\/tk\/wp-json\/wp\/v2\/media?parent=9912"}],"curies":[{"name":"wp","href":"https:\/\/api.w.org\/{rel}","templated":true}]}}