{"id":9908,"date":"2023-04-11T18:17:44","date_gmt":"2023-04-11T13:17:44","guid":{"rendered":"https:\/\/ambashgabat.esteri.it\/servizi-consolari-e-visti\/servizi-per-il-cittadino-italiano\/emergency-travel-documents-etd\/"},"modified":"2025-08-06T14:33:43","modified_gmt":"2025-08-06T09:33:43","slug":"emergency-travel-documents-etd","status":"publish","type":"page","link":"https:\/\/ambashgabat.esteri.it\/tk\/servizi-consolari-e-visti\/servizi-per-il-cittadino-italiano\/emergency-travel-documents-etd\/","title":{"rendered":"T\u00f6wekgel\u00e7ilik sy\u00fdahat resminamalary (ETD)"},"content":{"rendered":"<p data-start=\"5337\" data-end=\"5471\">Rezident d\u00e4l \u015fahslara ETD (T\u00f6wekgel\u00e7ilik Sy\u00fdahat Resminamasy) bermek bo\u00fdun\u00e7a prosedura<\/p>\n<p data-start=\"5473\" data-end=\"5929\">T\u00f6wekgel\u00e7ilik sy\u00fdahat resminamasy (ETD) \u2014 bu wagtla\u00fdyn sy\u00fdahat resminamasy bolup, berlen seneden ba\u015flap 5 g\u00fcn m\u00f6hleti bardyr. Pasporty\u0148 \u00fda-da \u015fahsy\u00fdetnamany\u0148 ogurlanyly\u015fy \u00fda-da \u00fditirilmegi \u00fdagda\u00fdynda berilip bilner we di\u0148e Itali\u00fda \u00fda-da AIRE hasaba aly\u015fyny\u0148 subut edilen \u00ddewropa Bilele\u015figini\u0148 agza d\u00f6wleti bo\u00fdun\u00e7a hemi\u015feki \u00fda\u015fa\u00fdy\u015f \u00fderi bolan \u00fdurda ga\u00fddyp barmak \u00fc\u00e7in ulanyl\u00fdar. Arza beren adamy\u0148 (\u00e7agalara hem degi\u015fli) gatna\u015fmagy zerurdyr.<\/p>\n<p data-start=\"5931\" data-end=\"6086\"><strong data-start=\"5931\" data-end=\"5967\">ETD almak \u00fc\u00e7in bellik gerek d\u00e4l: <\/strong>\u015eonu\u0148 \u00fc\u00e7in, Du\u015fenbeden Pen\u015fenbe g\u00fcnlerine \u00e7enli sagat 9:30-dan 12:30-a \u00e7enli ofise g\u00f6n\u00fcden-g\u00f6ni \u00fd\u00fcz tutup bilersi\u0148iz.<\/p>\n<p data-start=\"6088\" data-end=\"6132\"><strong data-start=\"6088\" data-end=\"6132\">ETD berilmegi \u00fc\u00e7in gerekli resminamalar:<\/strong><\/p>\n<p data-start=\"6134\" data-end=\"6155\"><strong data-start=\"6134\" data-end=\"6155\">Arza beren:\u00a0<\/strong><\/p>\n<ul data-start=\"6157\" data-end=\"7202\">\n<li data-start=\"6157\" data-end=\"6195\">\n<p data-start=\"6159\" data-end=\"6195\">dogry doldurylan ETD arza formasy;<\/p>\n<\/li>\n<li data-start=\"6196\" data-end=\"6298\">\n<p data-start=\"6198\" data-end=\"6298\">2 sany birme\u0148ze\u015f we t\u00e4ze surat (So\u0148ky 6 a\u00fdy\u0148 i\u00e7inde d\u00fc\u015f\u00fcrilen), ICAO halkara standartlaryna la\u00fdyk;<\/p>\n<\/li>\n<li data-start=\"6299\" data-end=\"6657\">\n<p data-start=\"6301\" data-end=\"6657\">suratly we golly \u015fahsy\u00fdetnamany\u0148 nusgasy, \u00fditen \u00fda-da za\u00fdalanan bolsa hem (\u015fahsy\u00fdetnama \u00fda-da pasport); doly hakykatda ge\u00e7erli s\u00fcr\u00fcji \u015fahadatnamasy hem tanamazlyk bolup biler; \u015fahsy\u00fdeti anyklamaga degi\u015fli hi\u00e7 hili resminama bolmasa, bu edarany\u0148 Itali\u00fdadaky \u00fda\u015fa\u00fdy\u015f \u00fderini\u0148 etrap ge\u0148e\u015fligi bilen aragatna\u015fyk saklap, arza bereni\u0148 \u015fahsy\u00fdetini tassyklar;<\/p>\n<\/li>\n<li data-start=\"6658\" data-end=\"6769\">\n<p data-start=\"6660\" data-end=\"6769\">sy\u00fdahat resminamasyny\u0148 nusgasy, ETD \u00fc\u00e7in arza berlen seneden ba\u015flap 5 g\u00fcn\u00fc\u0148 i\u00e7inde \u00fdolag\u00e7ylyk senesi bilen;<\/p>\n<\/li>\n<li data-start=\"6770\" data-end=\"6993\">\n<p data-start=\"6772\" data-end=\"6993\">ba\u015fga ene-atasyny\u0148 razy\u00e7ylygy (eger \u00e7aga bar bolsa we ol AIRE hasaby bilen \u015fol konsullyk etrabynda hasaba alynan bolsa) we \u015fol razydygy g\u00f6rkez\u00fd\u00e4n \u015fahsy\u00fdetnamany\u0148 nusgasy (a\u00fdratynlykda \u00ddB ra\u00fdaty bolsa) goly d\u00fc\u015f\u00fcrilen;<\/p>\n<\/li>\n<li data-start=\"6994\" data-end=\"7202\">\n<p data-start=\"6996\" data-end=\"7202\">ba\u015fga ene-ata \u00ddB ra\u00fdaty bolmasa, olar razy\u00e7ylygy Itali\u00fdany\u0148 d\u00f6wlet i\u015fg\u00e4ri \u00f6\u0148\u00fcnde gol \u00e7ekmeli \u00fda-da \u00fderle\u015f\u00fd\u00e4n \u00fdurdu\u0148 Italian il\u00e7ihanasy \u00fda-da konsullygy bilen aragatna\u015fyk saklap, razy\u00e7ylygy tassyklatmalydyr.<\/p>\n<\/li>\n<\/ul>\n<p data-start=\"7204\" data-end=\"7229\"><strong data-start=\"7204\" data-end=\"7229\">Arza beren \u00e7aga bolsa:<\/strong><\/p>\n<ul data-start=\"7231\" data-end=\"7857\">\n<li data-start=\"7231\" data-end=\"7366\">\n<p data-start=\"7233\" data-end=\"7366\">iki ene-ata tarapyndan \u00fda-da ene-atalar tarapyndan ygty\u00fdarly edilen \u00fdolda\u015f tarapyndan dogry doldurylan we gol \u00e7ekilen arza formasy;<\/p>\n<\/li>\n<li data-start=\"7367\" data-end=\"7469\">\n<p data-start=\"7369\" data-end=\"7469\">2 sany birme\u0148ze\u015f we t\u00e4ze surat (So\u0148ky 6 a\u00fdy\u0148 i\u00e7inde d\u00fc\u015f\u00fcrilen), ICAO halkara standartlaryna la\u00fdyk;<\/p>\n<\/li>\n<li data-start=\"7470\" data-end=\"7570\">\n<p data-start=\"7472\" data-end=\"7570\">\u00e7aga \u00fda\u015fly \u015fahsy\u00fdetnamasyny\u0148 nusgasy, iki ene-atany\u0148 \u00fda-da \u00fdolda\u015fy\u0148 \u015fahsy\u00fdetnamasyny\u0148 nusgalary;<\/p>\n<\/li>\n<li data-start=\"7571\" data-end=\"7747\">\n<p data-start=\"7573\" data-end=\"7747\">\u00e7aga \u00fda\u015fly \u015fahsy\u00fdeti tassyklamaga degi\u015fli hi\u00e7 hili resminama bolmasa, bu edarany\u0148 Itali\u00fdadaky \u00fda\u015fa\u00fdy\u015f \u00fderini\u0148 etrap ge\u0148e\u015fligi bilen aragatna\u015fyk saklap, \u015fahsy\u00fdeti tassyklar;<\/p>\n<\/li>\n<li data-start=\"7748\" data-end=\"7857\">\n<p data-start=\"7750\" data-end=\"7857\">sy\u00fdahat resminamasyny\u0148 nusgasy, ETD \u00fc\u00e7in arza berlen seneden ba\u015flap 5 g\u00fcn\u00fc\u0148 i\u00e7inde \u00fdolag\u00e7ylyk datasy bilen.<\/p>\n<\/li>\n<\/ul>\n<p data-start=\"7859\" data-end=\"8036\"><strong data-start=\"7859\" data-end=\"7873\">\u00dcns beri\u0148:<\/strong> T\u00e4ze doglanlar \u00fc\u00e7in \u00fdokardaky resminamalara go\u015fma\u00e7a, T\u00fcrkmenistanda berlen doglu\u015f \u015fahadatnamasyny g\u00f6rkezmeli, ol resmi terjime we ygty\u00fdarly tassyklamadan ge\u00e7meli.<\/p>\n","protected":false},"excerpt":{"rendered":"Rezident d\u00e4l \u015fahslara ETD (T\u00f6wekgel\u00e7ilik Sy\u00fdahat Resminamasy) bermek bo\u00fdun\u00e7a prosedura T\u00f6wekgel\u00e7ilik sy\u00fdahat resminamasy (ETD) \u2014 bu wagtla\u00fdyn sy\u00fdahat resminamasy bolup, berlen seneden ba\u015flap 5 g\u00fcn m\u00f6hleti bardyr. Pasporty\u0148 \u00fda-da \u015fahsy\u00fdetnamany\u0148 ogurlanyly\u015fy \u00fda-da \u00fditirilmegi \u00fdagda\u00fdynda berilip bilner we di\u0148e Itali\u00fda \u00fda-da AIRE hasaba aly\u015fyny\u0148 subut edilen \u00ddewropa Bilele\u015figini\u0148 agza d\u00f6wleti bo\u00fdun\u00e7a hemi\u015feki \u00fda\u015fa\u00fdy\u015f \u00fderi bolan \u00fdurda [&hellip;]","protected":false},"author":1,"featured_media":0,"parent":3847,"menu_order":2,"comment_status":"closed","ping_status":"closed","template":"","meta":{"footnotes":""},"class_list":["post-9908","page","type-page","status-publish","hentry"],"_links":{"self":[{"href":"https:\/\/ambashgabat.esteri.it\/tk\/wp-json\/wp\/v2\/pages\/9908","targetHints":{"allow":["GET"]}}],"collection":[{"href":"https:\/\/ambashgabat.esteri.it\/tk\/wp-json\/wp\/v2\/pages"}],"about":[{"href":"https:\/\/ambashgabat.esteri.it\/tk\/wp-json\/wp\/v2\/types\/page"}],"author":[{"embeddable":true,"href":"https:\/\/ambashgabat.esteri.it\/tk\/wp-json\/wp\/v2\/users\/1"}],"replies":[{"embeddable":true,"href":"https:\/\/ambashgabat.esteri.it\/tk\/wp-json\/wp\/v2\/comments?post=9908"}],"version-history":[{"count":1,"href":"https:\/\/ambashgabat.esteri.it\/tk\/wp-json\/wp\/v2\/pages\/9908\/revisions"}],"predecessor-version":[{"id":9909,"href":"https:\/\/ambashgabat.esteri.it\/tk\/wp-json\/wp\/v2\/pages\/9908\/revisions\/9909"}],"up":[{"embeddable":true,"href":"https:\/\/ambashgabat.esteri.it\/tk\/wp-json\/wp\/v2\/pages\/3847"}],"wp:attachment":[{"href":"https:\/\/ambashgabat.esteri.it\/tk\/wp-json\/wp\/v2\/media?parent=9908"}],"curies":[{"name":"wp","href":"https:\/\/api.w.org\/{rel}","templated":true}]}}