{"id":9815,"date":"2023-04-11T18:22:23","date_gmt":"2023-04-11T13:22:23","guid":{"rendered":"https:\/\/ambashgabat.esteri.it\/servizi-consolari-e-visti\/servizi-per-il-cittadino-straniero\/cittadinanza\/"},"modified":"2025-08-06T11:09:27","modified_gmt":"2025-08-06T06:09:27","slug":"cittadinanza","status":"publish","type":"page","link":"https:\/\/ambashgabat.esteri.it\/tk\/servizi-consolari-e-visti\/servizi-per-il-cittadino-straniero\/cittadinanza\/","title":{"rendered":"Ra\u00fdatlyk we \u00e7agalyk edinmek"},"content":{"rendered":"<p data-start=\"84\" data-end=\"291\">2025-nji \u00fdyly\u0148 28-nji martyndaky 36-njy kararnama kanuny, 2025-nji \u00fdyly\u0148 23-nji ma\u00fdyndaky 74-nji kanun bilen \u00fc\u00fdtgedilip tassyklanyldy we 2025-nji \u00fdyly\u0148 24-nji ma\u00fdyndan g\u00fc\u00fdje girdi.<\/p>\n<p data-start=\"293\" data-end=\"433\">Tassyklama kanuny 1992-nji \u00fdyly\u0148 5-nji fewralyndaky 91-nji kanuny reformirle\u00fd\u00e4r, onu\u0148 t\u00e4ze doly tekstini a\u015fakdaky salgydan tapyp bilersi\u0148iz.<\/p>\n<p data-start=\"435\" data-end=\"477\">Esasan t\u00e4ze 3-bis maddasyna \u00fcnsi \u00e7ekil\u00fd\u00e4r:<\/p>\n<p data-start=\"479\" data-end=\"973\">\u015eu kanuny\u0148 1, 2, 3, 14 we 20-nji maddalaryna, 1983-nji \u00fdyly\u0148 21-nji apreli 123-nji kanuny\u0148 5-nji maddasyna, 1912-nji \u00fdyly\u0148 13-nji i\u00fduny 555-nji kanuny\u0148 1, 2, 7, 10, 12 we 19-njy maddalaryna hem-de 1865-nji \u00fdyly\u0148 25-nji i\u00fdunyndaky 2358-nji kararnama bilen tassyklanan ra\u00fdat kanuny\u0148 4, 5, 7, 8 we 9-njy maddalaryna gar\u015fylykda, da\u015fary \u00fdurtda doglan we ba\u015fga ra\u00fdatlyga e\u00fde bolan adam hi\u00e7 ha\u00e7an itali\u00fda ra\u00fdaty bolup ge\u00e7medi hasap edil\u00fd\u00e4r, emma a\u015fakdaky \u015fertleri\u0148 biri \u00fderine \u00fdetirilmedik \u00fdagda\u00fdynda:<\/p>\n<p data-start=\"975\" data-end=\"1698\">a) \u00ddakyn wagty\u0148 2025-nji \u00fdyly\u0148 27-nji martynda degi\u015fli resminamalar bilen birlikde konsullyk edarasynda \u00fda-da degi\u015fli \u015f\u00e4her h\u00e4kiminde 23:59 (Rim wagty bilen) \u00f6\u0148\u00fcnde ra\u00fdatlyk statusy ykrar edil\u00fd\u00e4r;<br data-start=\"1171\" data-end=\"1174\" \/>a-bis) 2025-nji \u00fdyly\u0148 27-nji martynda degi\u015fli edara tarapyndan bellenen senede konsullyk edarasynda \u00fda-da \u015f\u00e4her h\u00e4kiminde bellenen senede ra\u00fdatlyk statusy ykrar edil\u00fd\u00e4r;<br data-start=\"1343\" data-end=\"1346\" \/>b) \u00ddakyn wagty\u0148 2025-nji \u00fdyly\u0148 27-nji martynda sud arkaly ra\u00fdatlyk statusy tassyklanyl\u00fdar;<br data-start=\"1436\" data-end=\"1439\" \/>c) \u00ddakyn doganlary\u0148 biri Itali\u00fdany\u0148 ra\u00fdatlygyna e\u00fdedir \u00fda-da wepat bolan wagtynda e\u00fde bolupdyr;<br data-start=\"1534\" data-end=\"1537\" \/>d) Bir ata-en\u00e4ni\u0148 \u00fda-da \u00e7agalyk edinilen itali\u00fda ra\u00fdatlygyny alanyndan so\u0148 we \u00e7aga doglan \u00fda-da \u00e7agalyk edinilen wagtdan \u00f6\u0148, 2 \u00fdyl yzygiderli Itali\u00fdada \u00fda\u015fanlygy bar.<\/p>\n<p data-start=\"1700\" data-end=\"1808\">\u2014 \u2014 \u2014<br data-start=\"1705\" data-end=\"1708\" \/>\u015ee\u00fdlelik bilen, 1992-nji \u00fdyly\u0148 91-nji t\u00e4ze kanunyna g\u00f6r\u00e4, Itali\u00fda ra\u00fdatlygy \u015fu \u00fdagda\u00fdlarda tanal\u00fdar:<\/p>\n<ul data-start=\"1810\" data-end=\"2032\">\n<li data-start=\"1810\" data-end=\"1851\">\n<p data-start=\"1812\" data-end=\"1851\">\u00ddakyn wagty\u0148 Itali\u00fdada doglan arza\u00e7y;<\/p>\n<\/li>\n<li data-start=\"1852\" data-end=\"1941\">\n<p data-start=\"1854\" data-end=\"1941\">\u00ddeke Itali\u00fda ra\u00fdatlygyna e\u00fde bolan, be\u00fdleki ra\u00fdatlygy \u00fdok \u00fda-da alyp bilme\u00fd\u00e4n arza\u00e7y;<\/p>\n<\/li>\n<li data-start=\"1942\" data-end=\"2032\">\n<p data-start=\"1944\" data-end=\"2032\">3-bis maddasyny\u0148 a), a-bis), b), c) we d) b\u00f6leklerind\u00e4ki \u00fdagda\u00fdlara la\u00fdyk gel\u00fd\u00e4n arza\u00e7y.<\/p>\n<\/li>\n<\/ul>\n<p data-start=\"2034\" data-end=\"2084\">\u2014 \u2014 \u2014<br data-start=\"2039\" data-end=\"2042\" \/>T\u00e4ze kanuna la\u00fdyklykda a\u015fakdakylar anyklanyl\u00fdar:<\/p>\n<ol data-start=\"2086\" data-end=\"2266\">\n<li data-start=\"2086\" data-end=\"2266\">\n<p data-start=\"2089\" data-end=\"2266\">Di\u0148e 2025-nji \u00fdyly\u0148 27-nji martynda 23:59-da (ital\u00fdan wagty bilen) \u00f6\u0148 tab\u015fyrylan, gerekli resminamalar bilen birlikde bolan arzalar \u00f6\u0148ki kanunlar esasynda i\u015flem\u00e4ge dowam ed\u00fd\u00e4r:<\/p>\n<\/li>\n<\/ol>\n<ul data-start=\"2296\" data-end=\"2588\">\n<li data-start=\"2296\" data-end=\"2349\">\n<p data-start=\"2298\" data-end=\"2349\">Konsullyk edarasyna m\u00f6hletinde gow\u015furylan;<\/p>\n<\/li>\n<li data-start=\"2350\" data-end=\"2423\">\n<p data-start=\"2352\" data-end=\"2423\">M\u00f6hleti \u00f6\u0148ki wagtdan g\u00f6rkez\u00fd\u00e4n yzly \u00fdazgylary bilen po\u00e7ta arkaly iberilen;<\/p>\n<\/li>\n<li data-start=\"2424\" data-end=\"2529\">\n<p data-start=\"2426\" data-end=\"2529\">Yzly \u00fdazgy bolmazdan po\u00e7ta arkaly we konsullyk edarasy tarapyndan \u015fol m\u00f6hlete \u00e7enli kabul edilen;<\/p>\n<\/li>\n<li data-start=\"2530\" data-end=\"2588\">\n<p data-start=\"2532\" data-end=\"2588\">Fast-It ulgamy arkaly m\u00f6hleti \u00f6\u0148ki wagtdan kabul edilen.<\/p>\n<\/li>\n<\/ul>\n<ol start=\"2\" data-start=\"2590\" data-end=\"2825\">\n<li data-start=\"2590\" data-end=\"2773\">\n<p data-start=\"2593\" data-end=\"2773\">Di\u0148e 2025-nji \u00fdyly\u0148 27-nji martynda bellenilen g\u00fcn\u00fcnde konsullyk edarasynda bellenilen senede la\u00fdyklykda tab\u015fyrylan arzalar \u00f6\u0148ki kanunlar esasynda i\u015flem\u00e4ge dowam ed\u00fd\u00e4r.<\/p>\n<\/li>\n<li data-start=\"2775\" data-end=\"2825\">\n<p data-start=\"2778\" data-end=\"2825\">Ba\u015fga \u00e4hli \u00fdagda\u00fdlarda t\u00e4ze kanunlar ulanyl\u00fdar.<\/p>\n<\/li>\n<\/ol>\n<p data-start=\"2827\" data-end=\"2872\">Gerekli konsullyk t\u00f6legleri \u015fol sahypada bar.<\/p>\n<hr data-start=\"2874\" data-end=\"2877\" \/>\n<p data-start=\"2879\" data-end=\"2949\"><strong data-start=\"2879\" data-end=\"2904\">Gerekli resminamalar:<\/strong><br data-start=\"2904\" data-end=\"2907\" \/>Arza\u00e7ylardan \u015fu dokumentler talap edil\u00fd\u00e4r:<\/p>\n<ul data-start=\"2951\" data-end=\"3626\">\n<li data-start=\"2951\" data-end=\"3048\">\n<p data-start=\"2953\" data-end=\"3048\">I\u00e7eri i\u015fler ministrligini\u0148 1991-nji \u00fdyly\u0148 8-nji apreli K.28.1 ygty\u00fdarnamasynda g\u00f6rkezilenler;<\/p>\n<\/li>\n<li data-start=\"3049\" data-end=\"3119\">\n<p data-start=\"3051\" data-end=\"3119\">Itali\u00fda da\u015fyna g\u00f6\u00e7\u00fcp gidilen ata-babany\u0148 doglu\u015f hakyndaky \u00fdazgysy;<\/p>\n<\/li>\n<li data-start=\"3120\" data-end=\"3217\">\n<p data-start=\"3122\" data-end=\"3217\">Doglan \u015fahadatnamalar, g\u00f6n\u00fcden-g\u00f6ni nesilleri\u0148, \u015fol sanda Itali\u00fdany\u0148 ra\u00fdatlygyny talap ed\u00fd\u00e4n adamy\u0148 \u015fahadatnamasyny\u0148 resmi ital\u00fdan terjimesi bilen bilelikde;<\/p>\n<\/li>\n<li data-start=\"3218\" data-end=\"3346\">\n<p data-start=\"3220\" data-end=\"3346\">Itali\u00fda da\u015fyna g\u00f6\u00e7\u00fcp gidilen ata-babany\u0148 nikah hakyndaky \u00fdazgysy (tassyklanan bolsa, itali\u00fda resmi terjimesi bilen);<\/p>\n<\/li>\n<li data-start=\"3347\" data-end=\"3379\">\n<p data-start=\"3349\" data-end=\"3379\"><span class=\"jCAhz ChMk0b\"><span class=\"ryNqvb\">G\u00f6ni g\u00f6ni nesillerini\u0148 nika \u015fahadatnamalary, \u015fol sanda Itali\u00fdany\u0148 ra\u00fdatlygyny talap ed\u00fd\u00e4n adamy\u0148 ene-atasy;<\/span><\/span><\/p>\n<\/li>\n<li data-start=\"3347\" data-end=\"3379\">\n<p data-start=\"3349\" data-end=\"3379\"><span class=\"jCAhz ChMk0b\"><span class=\"ryNqvb\">Da\u015fary \u00fdurt emigrasi\u00fda ygty\u00fdarly edaralary tarapyndan berlen \u015fahadatnama, resmi ta\u00fddan ital\u00fdan diline terjime edilip, Itali\u00fdadan g\u00f6\u00e7\u00fcp gelen ital\u00fdan ata-babasyny\u0148, arza berijini\u0148 atasy dogulmazdan ozal da\u015fary \u00fdurt emigrasi\u00fda d\u00f6wletini\u0148 ra\u00fdatlygyny almandygyny tassykla\u00fdan \u015fahadatnama;<\/span><\/span><\/p>\n<\/li>\n<\/ul>\n<p data-start=\"3628\" data-end=\"3665\">T\u00e4ze kanun \u00fc\u00e7in go\u015fma\u00e7a resminamalar:<\/p>\n<ul data-start=\"3667\" data-end=\"3940\">\n<li data-start=\"3667\" data-end=\"3862\">\n<p data-start=\"3669\" data-end=\"3862\">Itali\u00fda ra\u00fdatlygyna e\u00fde bolup durmagy\u0148 subutnamalary (negatiw ra\u00fdatlyk \u015fahadatnamalary, ra\u00fdatlykdan \u00fd\u00fcz \u00f6w\u00fcrmek baradaky tassyklamalar, sa\u00fdlaw sanawlaryna \u00fdazylmadyk baradaky \u015fahadatnamalar);<\/p>\n<\/li>\n<li data-start=\"3863\" data-end=\"3940\">\n<p data-start=\"3865\" data-end=\"3940\">Itali\u00fdada 2 \u00fdyl yzygiderli \u00fda\u015fanlygyny subut etmek \u00fc\u00e7in taryhy \u015fahadatnama.<\/p>\n<\/li>\n<\/ul>\n<hr data-start=\"3942\" data-end=\"3945\" \/>\n<p data-start=\"3947\" data-end=\"4067\">Sa\u00fdlanan baglany\u015fyklardan ba\u015fga-da Itali\u00fda ra\u00fdatlygyny almak bo\u00fdun\u00e7a be\u00fdleki a\u00fdratyn g\u00f6rn\u00fc\u015fler baradaky maglumatlar bar:<\/p>\n<ul data-start=\"4069\" data-end=\"4328\">\n<li data-start=\"4069\" data-end=\"4124\">\n<p data-start=\"4071\" data-end=\"4124\">Kanun esasynda ra\u00fdatlyk almagy (ki\u00e7i \u00e7agalar \u00fc\u00e7in);<\/p>\n<\/li>\n<li data-start=\"4125\" data-end=\"4201\">\n<p data-start=\"4127\" data-end=\"4201\">\u00dda\u015fa\u00fdan ene-atasyny\u0148 biri Itali\u00fda ra\u00fdaty bolmadyk \u00e7agalar \u00fc\u00e7in ra\u00fdatlyk;<\/p>\n<\/li>\n<li data-start=\"4202\" data-end=\"4230\">\n<p data-start=\"4204\" data-end=\"4230\">Ra\u00fdatlygy t\u00e4zeden almak;<\/p>\n<\/li>\n<li data-start=\"4231\" data-end=\"4257\">\n<p data-start=\"4233\" data-end=\"4257\">Nika arkaly ra\u00fdatlyk;<\/p>\n<\/li>\n<li data-start=\"4258\" data-end=\"4296\">\n<p data-start=\"4260\" data-end=\"4296\">A\u00fdratyn kanunlar esasynda ykrar edili\u015f<\/p>\n<\/li>\n<\/ul>\n<hr data-start=\"4330\" data-end=\"4333\" \/>\n<p style=\"text-align: right;\" data-start=\"4335\" data-end=\"4378\">Sahypa so\u0148ky gezek 02\/07\/2025-de t\u00e4zelendi.<\/p>\n","protected":false},"excerpt":{"rendered":"2025-nji \u00fdyly\u0148 28-nji martyndaky 36-njy kararnama kanuny, 2025-nji \u00fdyly\u0148 23-nji ma\u00fdyndaky 74-nji kanun bilen \u00fc\u00fdtgedilip tassyklanyldy we 2025-nji \u00fdyly\u0148 24-nji ma\u00fdyndan g\u00fc\u00fdje girdi. Tassyklama kanuny 1992-nji \u00fdyly\u0148 5-nji fewralyndaky 91-nji kanuny reformirle\u00fd\u00e4r, onu\u0148 t\u00e4ze doly tekstini a\u015fakdaky salgydan tapyp bilersi\u0148iz. Esasan t\u00e4ze 3-bis maddasyna \u00fcnsi \u00e7ekil\u00fd\u00e4r: \u015eu kanuny\u0148 1, 2, 3, 14 we 20-nji maddalaryna, [&hellip;]","protected":false},"author":1,"featured_media":0,"parent":3848,"menu_order":10,"comment_status":"closed","ping_status":"closed","template":"","meta":{"footnotes":""},"class_list":["post-9815","page","type-page","status-publish","hentry"],"_links":{"self":[{"href":"https:\/\/ambashgabat.esteri.it\/tk\/wp-json\/wp\/v2\/pages\/9815","targetHints":{"allow":["GET"]}}],"collection":[{"href":"https:\/\/ambashgabat.esteri.it\/tk\/wp-json\/wp\/v2\/pages"}],"about":[{"href":"https:\/\/ambashgabat.esteri.it\/tk\/wp-json\/wp\/v2\/types\/page"}],"author":[{"embeddable":true,"href":"https:\/\/ambashgabat.esteri.it\/tk\/wp-json\/wp\/v2\/users\/1"}],"replies":[{"embeddable":true,"href":"https:\/\/ambashgabat.esteri.it\/tk\/wp-json\/wp\/v2\/comments?post=9815"}],"version-history":[{"count":2,"href":"https:\/\/ambashgabat.esteri.it\/tk\/wp-json\/wp\/v2\/pages\/9815\/revisions"}],"predecessor-version":[{"id":9823,"href":"https:\/\/ambashgabat.esteri.it\/tk\/wp-json\/wp\/v2\/pages\/9815\/revisions\/9823"}],"up":[{"embeddable":true,"href":"https:\/\/ambashgabat.esteri.it\/tk\/wp-json\/wp\/v2\/pages\/3848"}],"wp:attachment":[{"href":"https:\/\/ambashgabat.esteri.it\/tk\/wp-json\/wp\/v2\/media?parent=9815"}],"curies":[{"name":"wp","href":"https:\/\/api.w.org\/{rel}","templated":true}]}}