{"id":9808,"date":"2023-04-11T18:22:39","date_gmt":"2023-04-11T13:22:39","guid":{"rendered":"https:\/\/ambashgabat.esteri.it\/servizi-consolari-e-visti\/servizi-per-il-cittadino-straniero\/traduzione-e-legalizzazione-dei-documenti\/"},"modified":"2025-08-06T10:39:40","modified_gmt":"2025-08-06T05:39:40","slug":"traduzione-e-legalizzazione-dei-documenti","status":"publish","type":"page","link":"https:\/\/ambashgabat.esteri.it\/tk\/servizi-consolari-e-visti\/servizi-per-il-cittadino-straniero\/traduzione-e-legalizzazione-dei-documenti\/","title":{"rendered":"Resminamalary\u0148 terjimesi we hukukla\u015fdyrylmagy"},"content":{"rendered":"<p>Konsullyk da\u015fary \u00fdurt ra\u00fdatlaryna hem \u00ddewropany\u0148 \u015eengen zolagyna we Itali\u00fda gir\u00fd\u00e4n wiza bermegi, resminamalary\u0148 hukukla\u015fdyrylmagy, \u00fda\u015famagy\u0148 kepillendirmesi we i\u015fleri\u0148 terjimelerini\u0148 la\u00fdyklygyny\u0148 tassyklamalary \u00fdaly administratiw resminamalary \u00fdaly hyzmatlaryr h\u00f6d\u00fcrle\u00fd\u00e4r. Mundan ba\u015fga-da, hereket ed\u00fd\u00e4n kanun\u00e7ylykda g\u00f6z \u00f6\u0148\u00fcnde tutulan \u00fdagda\u00fdlarda konsullyk hereketleri we resminamalary Itali\u00fdany\u0148 h\u00e4kimi\u00fdetlerine ge\u00e7ir\u00fd\u00e4r.<\/p>\n","protected":false},"excerpt":{"rendered":"Konsullyk da\u015fary \u00fdurt ra\u00fdatlaryna hem \u00ddewropany\u0148 \u015eengen zolagyna we Itali\u00fda gir\u00fd\u00e4n wiza bermegi, resminamalary\u0148 hukukla\u015fdyrylmagy, \u00fda\u015famagy\u0148 kepillendirmesi we i\u015fleri\u0148 terjimelerini\u0148 la\u00fdyklygyny\u0148 tassyklamalary \u00fdaly administratiw resminamalary \u00fdaly hyzmatlaryr h\u00f6d\u00fcrle\u00fd\u00e4r. Mundan ba\u015fga-da, hereket ed\u00fd\u00e4n kanun\u00e7ylykda g\u00f6z \u00f6\u0148\u00fcnde tutulan \u00fdagda\u00fdlarda konsullyk hereketleri we resminamalary Itali\u00fdany\u0148 h\u00e4kimi\u00fdetlerine ge\u00e7ir\u00fd\u00e4r.","protected":false},"author":1,"featured_media":0,"parent":3848,"menu_order":4,"comment_status":"closed","ping_status":"closed","template":"","meta":{"footnotes":""},"class_list":["post-9808","page","type-page","status-publish","hentry"],"_links":{"self":[{"href":"https:\/\/ambashgabat.esteri.it\/tk\/wp-json\/wp\/v2\/pages\/9808","targetHints":{"allow":["GET"]}}],"collection":[{"href":"https:\/\/ambashgabat.esteri.it\/tk\/wp-json\/wp\/v2\/pages"}],"about":[{"href":"https:\/\/ambashgabat.esteri.it\/tk\/wp-json\/wp\/v2\/types\/page"}],"author":[{"embeddable":true,"href":"https:\/\/ambashgabat.esteri.it\/tk\/wp-json\/wp\/v2\/users\/1"}],"replies":[{"embeddable":true,"href":"https:\/\/ambashgabat.esteri.it\/tk\/wp-json\/wp\/v2\/comments?post=9808"}],"version-history":[{"count":1,"href":"https:\/\/ambashgabat.esteri.it\/tk\/wp-json\/wp\/v2\/pages\/9808\/revisions"}],"predecessor-version":[{"id":9814,"href":"https:\/\/ambashgabat.esteri.it\/tk\/wp-json\/wp\/v2\/pages\/9808\/revisions\/9814"}],"up":[{"embeddable":true,"href":"https:\/\/ambashgabat.esteri.it\/tk\/wp-json\/wp\/v2\/pages\/3848"}],"wp:attachment":[{"href":"https:\/\/ambashgabat.esteri.it\/tk\/wp-json\/wp\/v2\/media?parent=9808"}],"curies":[{"name":"wp","href":"https:\/\/api.w.org\/{rel}","templated":true}]}}