{"id":9796,"date":"2023-09-25T15:27:20","date_gmt":"2023-09-25T10:27:20","guid":{"rendered":"https:\/\/ambashgabat.esteri.it\/amministrazione-trasparente\/consulenti-e-collaboratori\/"},"modified":"2025-08-05T16:14:00","modified_gmt":"2025-08-05T11:14:00","slug":"consulenti-e-collaboratori","status":"publish","type":"page","link":"https:\/\/ambashgabat.esteri.it\/tk\/amministrazione-trasparente\/consulenti-e-collaboratori\/","title":{"rendered":"Ge\u0148e\u015f\u00e7iler we hyzmatda\u015flar"},"content":{"rendered":"<p data-start=\"159\" data-end=\"485\">2001-nji \u00fdyly\u0148 \u2116165 Belgili Kanunyny\u0148 53-nji maddasyny\u0148 14-nji bendi hem-de 2013-nji \u00fdyly\u0148 \u211633 Belgili Kanunyny\u0148 15-nji maddasy bo\u00fdun\u00e7a \u00e7ap etmek baradaky bor\u00e7namalary\u0148 \u00fderine \u00fdetirili\u015fi bilen baglylykda, edara h\u00e4zirki wagtda hi\u00e7 bir ge\u0148e\u015f\u00e7i \u00fda-da hyzmatda\u015f bilen hereket ed\u00fd\u00e4n \u015fertnama bagla\u015fmandygyny resmi ta\u00fddan bildir\u00fd\u00e4r.<\/p>\n<p data-start=\"487\" data-end=\"531\"><strong data-start=\"487\" data-end=\"520\">Sahypa so\u0148ky gezek 20\/05\/2025 t\u00e4zelendi<\/strong><\/p>\n","protected":false},"excerpt":{"rendered":"2001-nji \u00fdyly\u0148 \u2116165 Belgili Kanunyny\u0148 53-nji maddasyny\u0148 14-nji bendi hem-de 2013-nji \u00fdyly\u0148 \u211633 Belgili Kanunyny\u0148 15-nji maddasy bo\u00fdun\u00e7a \u00e7ap etmek baradaky bor\u00e7namalary\u0148 \u00fderine \u00fdetirili\u015fi bilen baglylykda, edara h\u00e4zirki wagtda hi\u00e7 bir ge\u0148e\u015f\u00e7i \u00fda-da hyzmatda\u015f bilen hereket ed\u00fd\u00e4n \u015fertnama bagla\u015fmandygyny resmi ta\u00fddan bildir\u00fd\u00e4r. Sahypa so\u0148ky gezek 20\/05\/2025 t\u00e4zelendi","protected":false},"author":1,"featured_media":0,"parent":3769,"menu_order":0,"comment_status":"closed","ping_status":"closed","template":"","meta":{"footnotes":""},"class_list":["post-9796","page","type-page","status-publish","hentry"],"_links":{"self":[{"href":"https:\/\/ambashgabat.esteri.it\/tk\/wp-json\/wp\/v2\/pages\/9796","targetHints":{"allow":["GET"]}}],"collection":[{"href":"https:\/\/ambashgabat.esteri.it\/tk\/wp-json\/wp\/v2\/pages"}],"about":[{"href":"https:\/\/ambashgabat.esteri.it\/tk\/wp-json\/wp\/v2\/types\/page"}],"author":[{"embeddable":true,"href":"https:\/\/ambashgabat.esteri.it\/tk\/wp-json\/wp\/v2\/users\/1"}],"replies":[{"embeddable":true,"href":"https:\/\/ambashgabat.esteri.it\/tk\/wp-json\/wp\/v2\/comments?post=9796"}],"version-history":[{"count":1,"href":"https:\/\/ambashgabat.esteri.it\/tk\/wp-json\/wp\/v2\/pages\/9796\/revisions"}],"predecessor-version":[{"id":9802,"href":"https:\/\/ambashgabat.esteri.it\/tk\/wp-json\/wp\/v2\/pages\/9796\/revisions\/9802"}],"up":[{"embeddable":true,"href":"https:\/\/ambashgabat.esteri.it\/tk\/wp-json\/wp\/v2\/pages\/3769"}],"wp:attachment":[{"href":"https:\/\/ambashgabat.esteri.it\/tk\/wp-json\/wp\/v2\/media?parent=9796"}],"curies":[{"name":"wp","href":"https:\/\/api.w.org\/{rel}","templated":true}]}}