{"id":9767,"date":"2023-09-25T15:28:25","date_gmt":"2023-09-25T10:28:25","guid":{"rendered":"https:\/\/ambashgabat.esteri.it\/amministrazione-trasparente\/tipologie-di-procedimento\/"},"modified":"2025-08-05T15:59:01","modified_gmt":"2025-08-05T10:59:01","slug":"tipologie-di-procedimento","status":"publish","type":"page","link":"https:\/\/ambashgabat.esteri.it\/tk\/amministrazione-trasparente\/tipologie-di-procedimento\/","title":{"rendered":"I\u015f \u00fd\u00f6redi\u015f g\u00f6rn\u00fc\u015fleri"},"content":{"rendered":"","protected":false},"excerpt":{"rendered":"","protected":false},"author":1,"featured_media":0,"parent":3769,"menu_order":4,"comment_status":"closed","ping_status":"closed","template":"","meta":{"footnotes":""},"class_list":["post-9767","page","type-page","status-publish","hentry"],"_links":{"self":[{"href":"https:\/\/ambashgabat.esteri.it\/tk\/wp-json\/wp\/v2\/pages\/9767","targetHints":{"allow":["GET"]}}],"collection":[{"href":"https:\/\/ambashgabat.esteri.it\/tk\/wp-json\/wp\/v2\/pages"}],"about":[{"href":"https:\/\/ambashgabat.esteri.it\/tk\/wp-json\/wp\/v2\/types\/page"}],"author":[{"embeddable":true,"href":"https:\/\/ambashgabat.esteri.it\/tk\/wp-json\/wp\/v2\/users\/1"}],"replies":[{"embeddable":true,"href":"https:\/\/ambashgabat.esteri.it\/tk\/wp-json\/wp\/v2\/comments?post=9767"}],"version-history":[{"count":1,"href":"https:\/\/ambashgabat.esteri.it\/tk\/wp-json\/wp\/v2\/pages\/9767\/revisions"}],"predecessor-version":[{"id":9774,"href":"https:\/\/ambashgabat.esteri.it\/tk\/wp-json\/wp\/v2\/pages\/9767\/revisions\/9774"}],"up":[{"embeddable":true,"href":"https:\/\/ambashgabat.esteri.it\/tk\/wp-json\/wp\/v2\/pages\/3769"}],"wp:attachment":[{"href":"https:\/\/ambashgabat.esteri.it\/tk\/wp-json\/wp\/v2\/media?parent=9767"}],"curies":[{"name":"wp","href":"https:\/\/api.w.org\/{rel}","templated":true}]}}