{"id":9740,"date":"2023-09-25T15:29:43","date_gmt":"2023-09-25T10:29:43","guid":{"rendered":"https:\/\/ambashgabat.esteri.it\/amministrazione-trasparente\/sovvenzioni-contributi-sussidi-vantaggi-economici\/"},"modified":"2025-08-05T13:57:21","modified_gmt":"2025-08-05T08:57:21","slug":"sovvenzioni-contributi-sussidi-vantaggi-economici","status":"publish","type":"page","link":"https:\/\/ambashgabat.esteri.it\/tk\/amministrazione-trasparente\/sovvenzioni-contributi-sussidi-vantaggi-economici\/","title":{"rendered":"Subsidi\u00fdalar, go\u015fantlar, k\u00f6mek pullary, ykdysady pe\u00fddalar"},"content":{"rendered":"<p data-start=\"485\" data-end=\"815\">2009-njy \u00fdyly\u0148 27-nji okt\u00fdabryndaky 150 belgili Kanuny\u0148 14-nji maddasyny\u0148 4-nji paragrafyny\u0148 g harpy bilen berlen ne\u015fir etme bor\u00e7laryny \u00fderine \u00fdetirmek barada, bu edarany\u0148 subsidi\u00fdalary, go\u015fantlary, k\u00f6mek pullaryny \u00fda-da ykdysady pe\u00fddalary ulanmandygyny yglan ed\u00fd\u00e4r.<\/p>\n<p style=\"text-align: right;\" data-start=\"817\" data-end=\"857\">Sahypa 19\/10\/2024 t\u00e4zelendi<\/p>\n","protected":false},"excerpt":{"rendered":"2009-njy \u00fdyly\u0148 27-nji okt\u00fdabryndaky 150 belgili Kanuny\u0148 14-nji maddasyny\u0148 4-nji paragrafyny\u0148 g harpy bilen berlen ne\u015fir etme bor\u00e7laryny \u00fderine \u00fdetirmek barada, bu edarany\u0148 subsidi\u00fdalary, go\u015fantlary, k\u00f6mek pullaryny \u00fda-da ykdysady pe\u00fddalary ulanmandygyny yglan ed\u00fd\u00e4r. Sahypa 19\/10\/2024 t\u00e4zelendi","protected":false},"author":1,"featured_media":0,"parent":3769,"menu_order":8,"comment_status":"closed","ping_status":"closed","template":"","meta":{"footnotes":""},"class_list":["post-9740","page","type-page","status-publish","hentry"],"_links":{"self":[{"href":"https:\/\/ambashgabat.esteri.it\/tk\/wp-json\/wp\/v2\/pages\/9740","targetHints":{"allow":["GET"]}}],"collection":[{"href":"https:\/\/ambashgabat.esteri.it\/tk\/wp-json\/wp\/v2\/pages"}],"about":[{"href":"https:\/\/ambashgabat.esteri.it\/tk\/wp-json\/wp\/v2\/types\/page"}],"author":[{"embeddable":true,"href":"https:\/\/ambashgabat.esteri.it\/tk\/wp-json\/wp\/v2\/users\/1"}],"replies":[{"embeddable":true,"href":"https:\/\/ambashgabat.esteri.it\/tk\/wp-json\/wp\/v2\/comments?post=9740"}],"version-history":[{"count":1,"href":"https:\/\/ambashgabat.esteri.it\/tk\/wp-json\/wp\/v2\/pages\/9740\/revisions"}],"predecessor-version":[{"id":9745,"href":"https:\/\/ambashgabat.esteri.it\/tk\/wp-json\/wp\/v2\/pages\/9740\/revisions\/9745"}],"up":[{"embeddable":true,"href":"https:\/\/ambashgabat.esteri.it\/tk\/wp-json\/wp\/v2\/pages\/3769"}],"wp:attachment":[{"href":"https:\/\/ambashgabat.esteri.it\/tk\/wp-json\/wp\/v2\/media?parent=9740"}],"curies":[{"name":"wp","href":"https:\/\/api.w.org\/{rel}","templated":true}]}}