{"id":9565,"date":"2025-07-02T14:57:42","date_gmt":"2025-07-02T09:57:42","guid":{"rendered":"https:\/\/ambashgabat.esteri.it\/servizi-consolari-e-visti\/servizi-per-il-cittadino-straniero\/acquisto-della-cittadinanza-per-beneficio-di-legge-figli-minori-nati-allestero\/"},"modified":"2026-03-11T13:52:25","modified_gmt":"2026-03-11T08:52:25","slug":"acquisto-della-cittadinanza-per-beneficio-di-legge-figli-minori-nati-allestero","status":"publish","type":"page","link":"https:\/\/ambashgabat.esteri.it\/tk\/servizi-consolari-e-visti\/servizi-per-il-cittadino-straniero\/acquisto-della-cittadinanza-per-beneficio-di-legge-figli-minori-nati-allestero\/","title":{"rendered":"Ra\u00fdatlyk hukugy \u201cKanuny\u0148 pe\u00fddasy bo\u00fdun\u00e7a\u201d (Da\u015fary \u00fdurtda doglan k\u00e4millik \u00fda\u015fyna \u00fdetmedik \u00e7agalar)"},"content":{"rendered":"<p data-start=\"32\" data-end=\"155\"><strong data-start=\"32\" data-end=\"155\">\u201cKanun bilen beril\u00fd\u00e4n pe\u00fdda\u201d esasynda ra\u00fdatlyk almagy (Da\u015fary \u00fdurtlarynda doglan k\u00e4millik \u00fda\u015fyna \u00fdetmedik \u00e7agalar \u00fc\u00e7in)<\/strong><\/p>\n<p data-start=\"157\" data-end=\"455\">Iki \u00fdagda\u00fd bar \u2014 1992-nji \u00fdyly\u0148 91-nji kanuny\u0148 4\u2011maddasyny\u0148 1\u2011bis paragrafy we 2025-nji \u00fdyly\u0148 36\u2011dekreti\u2011kanuny\u0148 1\u2011maddasyny\u0148 1\u2011ter paragrafy esasynda \u2014 ene\u2011atasyny\u0148 ra\u00fdatlygy awtomatiki ge\u00e7irip bilme\u00fd\u00e4n, da\u015fary \u00fdurtlarynda doglan k\u00e4millik \u00fda\u015fyna \u00fdetmedik \u00e7agalar Itali\u00fda ra\u00fdatlygyny alyp bilerler.<\/p>\n<p data-start=\"457\" data-end=\"565\">Bu \u00e7aga <strong data-start=\"465\" data-end=\"539\">dogulmagynda \u00fda-da gan hukugy (iure sanguinis) esasynda ra\u00fdatlyk alnan<\/strong> h\u00f6km\u00fcnde hasap edilme\u00fd\u00e4r.<\/p>\n<p data-start=\"567\" data-end=\"732\">1992-nji \u00fdyly\u0148 91-nji kanuny\u0148 15\u2011maddasyna g\u00f6r\u00e4, \u00e7aga ra\u00fdatlyk <strong data-start=\"630\" data-end=\"653\">doglan g\u00fcn\u00fcnden d\u00e4l<\/strong>, e\u00fdsem <strong data-start=\"661\" data-end=\"709\">kanuny \u015fertler \u00fderine \u00fdetirilen g\u00fcn\u00fc\u0148 ertesi<\/strong> g\u00fcn\u00fcnden hasaba alyn\u00fdar.<\/p>\n<h3 data-start=\"2166\" data-end=\"2241\"><strong data-start=\"2170\" data-end=\"2186\">2\u2011nji \u00fdagda\u00fd<\/strong> (2025\/36\u2011dekreti\u2011kanuny\u0148 1\u2011maddasyny\u0148 1- nji paragrafy)<\/h3>\n<p data-start=\"2242\" data-end=\"2304\">A\u015fakdaky \u015fertler doly \u00fderine \u00fdetirilende bu \u015fertler ulanyl\u00fdar:<\/p>\n<ul data-start=\"2306\" data-end=\"2997\">\n<li data-start=\"2306\" data-end=\"2394\">\n<p data-start=\"2308\" data-end=\"2394\">\u00c7aga <strong data-start=\"2313\" data-end=\"2328\">24 ma\u00fd 2025<\/strong> senesine \u00e7enli k\u00e4millik \u00fda\u015fyna \u00fdetmedik bolmaly (18 \u00fda\u015fdan ki\u00e7i);<\/p>\n<\/li>\n<li data-start=\"2395\" data-end=\"2757\">\n<p data-start=\"2397\" data-end=\"2757\">\u00c7aga <strong data-start=\"2402\" data-end=\"2459\">Itali\u00fdada dogulan ra\u00fdat bolan ene\u2011atasyny\u0148 \u00e7agasy<\/strong> bolmaly we bu \u00fdagda\u00fd 91\/1992\u2011nji kanuny\u0148 3\u2011bis maddasyny\u0148 a), a\u2011bis) \u00fda b) bendind\u00e4ki \u015fertlere gabat gelmeli (administratiw \u00fda kazy\u00fdet arkaly 2025\u202fmarty\u0148 27-nji g\u00fcni 23:59 (Rim wagty) \u00e7enli \u00fda konsullyk \u00fda-da h\u00e4kimlik tarapyndan \u015fol sen\u00e4 \u00e7enli bellenilen nobat bo\u00fdun\u00e7a arza edilen \u00fdagda\u00fdlar);<\/p>\n<\/li>\n<li data-start=\"2758\" data-end=\"2997\">\n<p data-start=\"2760\" data-end=\"2997\"><strong data-start=\"2760\" data-end=\"2787\">Ene\u2011atalar \u00fda-da wekili<\/strong> ra\u00fdatlyk gazanmak baradaky be\u00fdanatyny <strong data-start=\"2826\" data-end=\"2889\">2026 \u00fdyly\u0148 31-nji ma\u00fdyna \u00e7enli \u015fahsy \u00fdagda\u00fdda Konsullyk ofisine<\/strong> tab\u015fyrmaly. Eger \u00e7aga \u015fol seneden \u00f6\u0148 k\u00e4millik \u00fda\u015fyna \u00fdeten bolsa, be\u00fdanat \u00f6z adyndan \u015fol m\u00f6hlete \u00e7enli tab\u015fyrmaly.<\/p>\n<\/li>\n<\/ul>\n<p data-start=\"2999\" data-end=\"3263\">Be\u00fdanatlar <strong data-start=\"3010\" data-end=\"3032\">Konsullyk ofisinde<\/strong>, <strong data-start=\"3034\" data-end=\"3076\">\u00fda\u015fa\u00fdy\u015f hukuk b\u00f6l\u00fcmi i\u015fg\u00e4rlerini\u0148 \u00f6\u0148\u00fcnde<\/strong> \u015fahsy \u00fdagda\u00fdda kabul edil\u00fd\u00e4r. \u00ddurdu\u0148 ra\u00fdatlyk \u015fahsy\u00fdeti\u0148 we \u00e7agany\u0148 \u015fahsy\u00fdet resminamasy, konsullyk sebitinde \u00fda\u015fa\u00fd\u015fy\u0148 subutnamasy we degi\u015fli formany\u0148 talap ed\u00fd\u00e4n resminamalary go\u015fulmalydyr.<\/p>\n<p data-start=\"3265\" data-end=\"3431\">AIRE ulgamyna \u00fdazylan Itali\u00fdany\u0148 ra\u00fdatlary \u00fc\u00e7in ene\u2011atalary\u0148 dogulanda Itali\u00fda ra\u00fdaty bolmagy baradaky sertifikat <strong data-start=\"3379\" data-end=\"3409\">\u00f6z \u00fderini\u0148 kanuny be\u00fdanaty<\/strong> bilen \u00e7aly\u015fyp bilner.<\/p>\n<p data-start=\"3433\" data-end=\"3623\">1992-nji \u00fdyly\u0148 9\u2011bis maddasyna la\u00fdyklykda, her bir k\u00e4millik \u00fda\u015fyna \u00fdetmedik \u00e7aga \u00fc\u00e7in <strong data-start=\"3519\" data-end=\"3535\">250\u202f\u20ac go\u015fant<\/strong> bank ge\u00e7irimi arkaly Ministrligi\u0148 hasabyna t\u00f6lener (gerekli bank t\u00f6legleri bilen bile):<\/p>\n<ul data-start=\"3625\" data-end=\"3925\">\n<li data-start=\"3625\" data-end=\"3681\">\n<p data-start=\"3627\" data-end=\"3681\">Al\u00fdan: \u201cMinistero dell\u2019Interno D.L.C.I Cittadinanza\u201d<\/p>\n<\/li>\n<li data-start=\"3682\" data-end=\"3713\">\n<p data-start=\"3684\" data-end=\"3713\">Bank: Poste Italiane S.p.A.<\/p>\n<\/li>\n<li data-start=\"3714\" data-end=\"3751\">\n<p data-start=\"3716\" data-end=\"3751\">IBAN: IT54D0760103200000000809020<\/p>\n<\/li>\n<li data-start=\"3752\" data-end=\"3844\">\n<p data-start=\"3754\" data-end=\"3844\">Maksady: Acquisto cittadinanza ex art. 9\u2011bis L.\u202f91\/1992 + arz edijini\u0148 ady we famili\u00fdasy<\/p>\n<\/li>\n<li data-start=\"3845\" data-end=\"3892\">\n<p data-start=\"3847\" data-end=\"3892\">BIC\/SWIFT (halkara ge\u00e7irimler): BPPIITRRXXX<\/p>\n<\/li>\n<li data-start=\"3893\" data-end=\"3925\">\n<p data-start=\"3895\" data-end=\"3925\">BIC\/SWIFT (EUROGIRO): PIBPITRA<\/p>\n<\/li>\n<\/ul>\n<p data-start=\"3927\" data-end=\"4131\">Bu usullar arkaly Itali\u00fda ra\u00fdatlygyny alan k\u00e4millik \u00fda\u015fyna \u00fdetmedik \u00e7aga, k\u00e4millige \u00fdetende, eger bu netijede <strong data-start=\"4076\" data-end=\"4089\">apolidlyk<\/strong> (ra\u00fdatsyzlyk) \u00fdagda\u00fdy d\u00f6redilme\u00fd\u00e4n bolsa <strong data-start=\"4020\" data-end=\"4043\">ra\u00fdatlygy da\u015flamaga<\/strong> hukukly bolar.<\/p>\n<p style=\"text-align: left;\" data-start=\"3927\" data-end=\"4131\"><em>Sahypa 02\/07\/2025 senesinde t\u00e4zelendi<\/em><\/p>\n","protected":false},"excerpt":{"rendered":"\u201cKanun bilen beril\u00fd\u00e4n pe\u00fdda\u201d esasynda ra\u00fdatlyk almagy (Da\u015fary \u00fdurtlarynda doglan k\u00e4millik \u00fda\u015fyna \u00fdetmedik \u00e7agalar \u00fc\u00e7in) Iki \u00fdagda\u00fd bar \u2014 1992-nji \u00fdyly\u0148 91-nji kanuny\u0148 4\u2011maddasyny\u0148 1\u2011bis paragrafy we 2025-nji \u00fdyly\u0148 36\u2011dekreti\u2011kanuny\u0148 1\u2011maddasyny\u0148 1\u2011ter paragrafy esasynda \u2014 ene\u2011atasyny\u0148 ra\u00fdatlygy awtomatiki ge\u00e7irip bilme\u00fd\u00e4n, da\u015fary \u00fdurtlarynda doglan k\u00e4millik \u00fda\u015fyna \u00fdetmedik \u00e7agalar Itali\u00fda ra\u00fdatlygyny alyp bilerler. Bu \u00e7aga dogulmagynda \u00fda-da [&hellip;]","protected":false},"author":8,"featured_media":0,"parent":3848,"menu_order":15,"comment_status":"closed","ping_status":"closed","template":"","meta":{"footnotes":""},"class_list":["post-9565","page","type-page","status-publish","hentry"],"_links":{"self":[{"href":"https:\/\/ambashgabat.esteri.it\/tk\/wp-json\/wp\/v2\/pages\/9565","targetHints":{"allow":["GET"]}}],"collection":[{"href":"https:\/\/ambashgabat.esteri.it\/tk\/wp-json\/wp\/v2\/pages"}],"about":[{"href":"https:\/\/ambashgabat.esteri.it\/tk\/wp-json\/wp\/v2\/types\/page"}],"author":[{"embeddable":true,"href":"https:\/\/ambashgabat.esteri.it\/tk\/wp-json\/wp\/v2\/users\/8"}],"replies":[{"embeddable":true,"href":"https:\/\/ambashgabat.esteri.it\/tk\/wp-json\/wp\/v2\/comments?post=9565"}],"version-history":[{"count":6,"href":"https:\/\/ambashgabat.esteri.it\/tk\/wp-json\/wp\/v2\/pages\/9565\/revisions"}],"predecessor-version":[{"id":11406,"href":"https:\/\/ambashgabat.esteri.it\/tk\/wp-json\/wp\/v2\/pages\/9565\/revisions\/11406"}],"up":[{"embeddable":true,"href":"https:\/\/ambashgabat.esteri.it\/tk\/wp-json\/wp\/v2\/pages\/3848"}],"wp:attachment":[{"href":"https:\/\/ambashgabat.esteri.it\/tk\/wp-json\/wp\/v2\/media?parent=9565"}],"curies":[{"name":"wp","href":"https:\/\/api.w.org\/{rel}","templated":true}]}}