{"id":9521,"date":"2025-07-02T15:13:47","date_gmt":"2025-07-02T10:13:47","guid":{"rendered":"https:\/\/ambashgabat.esteri.it\/servizi-consolari-e-visti\/servizi-per-il-cittadino-straniero\/certificato-di-non-rinuncia\/"},"modified":"2025-08-04T12:20:53","modified_gmt":"2025-08-04T07:20:53","slug":"certificato-di-non-rinuncia","status":"publish","type":"page","link":"https:\/\/ambashgabat.esteri.it\/tk\/servizi-consolari-e-visti\/servizi-per-il-cittadino-straniero\/certificato-di-non-rinuncia\/","title":{"rendered":"Certificato di \u201cnon rinuncia\u201d-\u201cYgty\u00fdar bermezlik \/ ret etmezlik\u201d \u015fahadatnamasy"},"content":{"rendered":"<p data-start=\"126\" data-end=\"662\">Eger gyzyklan\u00fdan tarap Itali\u00fdada \u00fda\u015fa\u00fdy\u015f ja\u00fdyny d\u00f6retmek kararyna gelen bolsa, Itali\u00fdany\u0148 etrap h\u00e4kimligini\u0148 \u00fdolba\u015f\u00e7ylary Itali\u00fdany\u0148 ra\u00fdatlygyny ykrar etmek \u00fc\u00e7in jogapk\u00e4rdir. Ilaty\u0148 re\u00fdestrinde hasaba alnandan so\u0148, da\u015fary \u00fdurt ra\u00fdaty K.28.1\/1991 belgisine la\u00fdyklykda gerekli resminamalary tab\u015fyrmak arkaly, kanun bilen bellenen 180 g\u00fcnl\u00fck m\u00f6hlet i\u00e7inde gan hukugy (<em data-start=\"491\" data-end=\"507\">iure sanguinis<\/em>) esasynda ra\u00fdatlygy ykrar etmek i\u015fine ba\u015flap biler. Gyzyklan\u00fdan tarap kanuny wekil \u00fda-da ba\u015fga birini ulanyp bilmez; onu\u0148 \u00fdurtda \u015fahsy bolmagy h\u00f6kmanydyr.<\/p>\n<p data-start=\"664\" data-end=\"994\"><strong data-start=\"664\" data-end=\"718\">\u201cYgty\u00fdar bermezlik \/ ret etmezlik\u201d \u015fahadatnamasyny<\/strong> almak \u00fc\u00e7in ha\u00fdy\u015f di\u0148e Itali\u00fdany\u0148 etrap h\u00e4kimligi tarapyndan, tassyklanan elektron po\u00e7ta (PEC) arkaly g\u00f6n\u00fcden-g\u00f6ni degi\u015fli konsullyga iberil\u00fd\u00e4r. Konsullygy\u0148 jogaby hem di\u0148e we di\u0148e PEK arkaly, ha\u00fdy\u015f dogry berlen \u00fdagda\u00fdynda, etrap h\u00e4kimligine iberil\u00fd\u00e4r (gyzyklan\u00fdan tarap d\u00e4l).<\/p>\n<p data-start=\"996\" data-end=\"1226\">Gyzyklan\u00fdan taraplar munisipalitetleri\u0148 \u00fda-da be\u00fdleki konsullyk edaralaryny\u0148 alyp bar\u00fdan i\u015flerini\u0148 \u00fdagda\u00fdy barada g\u00f6ni konsullyk edarasyna \u00fd\u00fcz tutup bilme\u00fd\u00e4rler, seb\u00e4bi munu\u0148 durmu\u015fa ge\u00e7irilmegi olary\u0148 jogapk\u00e4r\u00e7iliginden da\u015fardyr.<\/p>\n","protected":false},"excerpt":{"rendered":"Eger gyzyklan\u00fdan tarap Itali\u00fdada \u00fda\u015fa\u00fdy\u015f ja\u00fdyny d\u00f6retmek kararyna gelen bolsa, Itali\u00fdany\u0148 etrap h\u00e4kimligini\u0148 \u00fdolba\u015f\u00e7ylary Itali\u00fdany\u0148 ra\u00fdatlygyny ykrar etmek \u00fc\u00e7in jogapk\u00e4rdir. Ilaty\u0148 re\u00fdestrinde hasaba alnandan so\u0148, da\u015fary \u00fdurt ra\u00fdaty K.28.1\/1991 belgisine la\u00fdyklykda gerekli resminamalary tab\u015fyrmak arkaly, kanun bilen bellenen 180 g\u00fcnl\u00fck m\u00f6hlet i\u00e7inde gan hukugy (iure sanguinis) esasynda ra\u00fdatlygy ykrar etmek i\u015fine ba\u015flap biler. Gyzyklan\u00fdan tarap [&hellip;]","protected":false},"author":8,"featured_media":0,"parent":3848,"menu_order":35,"comment_status":"closed","ping_status":"closed","template":"","meta":{"footnotes":""},"class_list":["post-9521","page","type-page","status-publish","hentry"],"_links":{"self":[{"href":"https:\/\/ambashgabat.esteri.it\/tk\/wp-json\/wp\/v2\/pages\/9521","targetHints":{"allow":["GET"]}}],"collection":[{"href":"https:\/\/ambashgabat.esteri.it\/tk\/wp-json\/wp\/v2\/pages"}],"about":[{"href":"https:\/\/ambashgabat.esteri.it\/tk\/wp-json\/wp\/v2\/types\/page"}],"author":[{"embeddable":true,"href":"https:\/\/ambashgabat.esteri.it\/tk\/wp-json\/wp\/v2\/users\/8"}],"replies":[{"embeddable":true,"href":"https:\/\/ambashgabat.esteri.it\/tk\/wp-json\/wp\/v2\/comments?post=9521"}],"version-history":[{"count":1,"href":"https:\/\/ambashgabat.esteri.it\/tk\/wp-json\/wp\/v2\/pages\/9521\/revisions"}],"predecessor-version":[{"id":9529,"href":"https:\/\/ambashgabat.esteri.it\/tk\/wp-json\/wp\/v2\/pages\/9521\/revisions\/9529"}],"up":[{"embeddable":true,"href":"https:\/\/ambashgabat.esteri.it\/tk\/wp-json\/wp\/v2\/pages\/3848"}],"wp:attachment":[{"href":"https:\/\/ambashgabat.esteri.it\/tk\/wp-json\/wp\/v2\/media?parent=9521"}],"curies":[{"name":"wp","href":"https:\/\/api.w.org\/{rel}","templated":true}]}}