{"id":9507,"date":"2025-07-02T15:11:12","date_gmt":"2025-07-02T10:11:12","guid":{"rendered":"https:\/\/ambashgabat.esteri.it\/servizi-consolari-e-visti\/servizi-per-il-cittadino-straniero\/riconoscimento-in-base-a-leggi-speciali\/"},"modified":"2026-03-11T11:50:38","modified_gmt":"2026-03-11T06:50:38","slug":"riconoscimento-in-base-a-leggi-speciali","status":"publish","type":"page","link":"https:\/\/ambashgabat.esteri.it\/tk\/servizi-consolari-e-visti\/servizi-per-il-cittadino-straniero\/riconoscimento-in-base-a-leggi-speciali\/","title":{"rendered":"Hususy kanunlara g\u00f6r\u00e4 ykrar edilmek"},"content":{"rendered":"<p data-start=\"57\" data-end=\"782\">2025-nji \u00fdyly\u0148 23-nji ma\u00fdynda kabul edilen 74-nji kanun, Itali\u00fdada doglan \u00fda-da azyndan iki \u00fdyl dowamly \u00fda\u015fa\u00fdan ozalky ra\u00fdatlary\u0148 ra\u00fdatlygyny ga\u00fdtadan almak m\u00f6hletlerini a\u00e7dy. Bu ra\u00fdatlar 1992-nji \u00fdyly\u0148 15-nji awgustyndan \u00f6\u0148 Itali\u00fdany\u0148 1912-nji \u00fdyldaky 555-nji kanunyny\u0148 8-nji maddasyny\u0148 1-nji we 2-nji bendleri \u00fda-da 12-nji maddasy bo\u00fdun\u00e7a (da\u015fary \u00fdurt ra\u00fdatlygy almak, islenilmedik \u00fdagda\u00fdda da\u015fary \u00fdurt ra\u00fdatlygyny almak seb\u00e4pli Itali\u00fda ra\u00fdatlygyny ta\u015flamak, ra\u00fdatlygyny \u00fditiren ene-ata bilen bile \u00fda\u015fa\u00fdan \u00fda\u015f \u00e7aga) Itali\u00fda ra\u00fdatlygyny \u00fditirenlerdir. Ga\u00fdtadan ra\u00fdatlygy almak m\u00fcmkin\u00e7iligi 1992-nji \u00fdyly\u0148 16-njy awgustyndan so\u0148 Itali\u00fda ra\u00fdatlygyny isleg bilen \u00fda-da ba\u015fga seb\u00e4pler bilen ta\u015flap ge\u00e7en adamlara degi\u015flidir.<\/p>\n<p data-start=\"784\" data-end=\"910\">Ga\u00fdtadan ra\u00fdatlygy almak barada arzalar 2025-nji \u00fdyly\u0148 1-nji i\u00fdulyndan 2027-nji \u00fdyly\u0148 31-nji dekabryna \u00e7enli kabul ediler.<\/p>\n<p data-start=\"912\" data-end=\"984\">Ra\u00fdatlygyny ga\u00fdtadan almak isle\u00fd\u00e4n adam \u015fu resminamalary tab\u015fyrmaly:<\/p>\n<ul data-start=\"986\" data-end=\"1772\">\n<li data-start=\"986\" data-end=\"1051\">\n<p data-start=\"988\" data-end=\"1051\">H\u00e4zirki ra\u00fdatlykly \u00fdurt tarapyndan berlen gyzykly \u015fahsy\u00fdetnama;<\/p>\n<\/li>\n<li data-start=\"1052\" data-end=\"1198\">\n<p data-start=\"1054\" data-end=\"1198\">Doglanlygy barada \u015fahadetnama: da\u015fary \u00fdurtda doglan bolsa, Itali\u00fda \u00fdazgy \u00fc\u00e7in talap edil\u00fd\u00e4n formalarda berilmeli, ykrar edilip terjime edilmeli;<\/p>\n<\/li>\n<li data-start=\"1199\" data-end=\"1319\">\n<p data-start=\"1201\" data-end=\"1319\">Da\u015fary \u00fdurtda doglanlar \u00fc\u00e7in degi\u015fli Itali\u00fda etrap h\u00e4kimligi tarapyndan berlen \u00fda\u015fa\u00fdy\u015f taryhyny g\u00f6rkez\u00fd\u00e4n \u015fahadetnama;<\/p>\n<\/li>\n<li data-start=\"1320\" data-end=\"1364\">\n<p data-start=\"1322\" data-end=\"1364\">Ra\u00fdatlygy\u0148 taryhyny g\u00f6rkez\u00fd\u00e4n \u015fahadetnama;<\/p>\n<\/li>\n<li data-start=\"1365\" data-end=\"1772\">\n<p data-start=\"1367\" data-end=\"1772\">Ra\u00fdatlygy \u00fditirme seb\u00e4bi we senesini subut ed\u00fd\u00e4n resminamalar (da\u015fary \u00fdurt ra\u00fdatlygyny almak we gerek bolan \u00fdagda\u00fdlarda Itali\u00fda ra\u00fdatlygyny ta\u015flamak subutnamasy: tebigyla\u015fdyrma \u015fahadetnamasy \u00fda-da \u00fderli d\u00fczg\u00fcnlere g\u00f6r\u00e4 doglanlyk \u015fahadetnamasy, ra\u00fdatlygy subut ed\u00fd\u00e4n resminamalar we onu\u0148 esasynda alnan hukuk; da\u015fary \u00fdurt h\u00e4kimi\u00fdetleri tarapyndan berlen resminamalar degi\u015fli ykrar edilip terjime edilmeli).<\/p>\n<\/li>\n<\/ul>\n<p data-start=\"1774\" data-end=\"1875\">Itali\u00fda ra\u00fdatlygyny ga\u00fdtadan almak \u00fc\u00e7in 250 \u00fdewro m\u00f6\u00e7berinde t\u00f6leg konsullyk edarasynda edilmeli.<\/p>\n<p data-start=\"1877\" data-end=\"1912\">Arza \u015fahsy ta\u00fddan berilmelidir.<\/p>\n<p data-start=\"1914\" data-end=\"2085\">1992-nji \u00fdyly\u0148 91-nji kanuny\u0148 15-nji maddasyna g\u00f6r\u00e4, ra\u00fdatlyk doglan wagtyndan ba\u015flap ga\u00fdtadan berilme\u00fd\u00e4r, di\u0148e arza beren g\u00fcn\u00fcnden so\u0148ky g\u00fcn ba\u015flap ga\u00fdtadan beril\u00fd\u00e4r.<\/p>\n<p data-start=\"1914\" data-end=\"2085\">\n<p style=\"text-align: left;\" data-start=\"2087\" data-end=\"2137\"><em>Bu sahypa 02.07.2025 t\u00e4zelendi.<\/em><\/p>\n","protected":false},"excerpt":{"rendered":"2025-nji \u00fdyly\u0148 23-nji ma\u00fdynda kabul edilen 74-nji kanun, Itali\u00fdada doglan \u00fda-da azyndan iki \u00fdyl dowamly \u00fda\u015fa\u00fdan ozalky ra\u00fdatlary\u0148 ra\u00fdatlygyny ga\u00fdtadan almak m\u00f6hletlerini a\u00e7dy. Bu ra\u00fdatlar 1992-nji \u00fdyly\u0148 15-nji awgustyndan \u00f6\u0148 Itali\u00fdany\u0148 1912-nji \u00fdyldaky 555-nji kanunyny\u0148 8-nji maddasyny\u0148 1-nji we 2-nji bendleri \u00fda-da 12-nji maddasy bo\u00fdun\u00e7a (da\u015fary \u00fdurt ra\u00fdatlygy almak, islenilmedik \u00fdagda\u00fdda da\u015fary \u00fdurt ra\u00fdatlygyny almak [&hellip;]","protected":false},"author":8,"featured_media":0,"parent":3848,"menu_order":30,"comment_status":"closed","ping_status":"closed","template":"","meta":{"footnotes":""},"class_list":["post-9507","page","type-page","status-publish","hentry"],"_links":{"self":[{"href":"https:\/\/ambashgabat.esteri.it\/tk\/wp-json\/wp\/v2\/pages\/9507","targetHints":{"allow":["GET"]}}],"collection":[{"href":"https:\/\/ambashgabat.esteri.it\/tk\/wp-json\/wp\/v2\/pages"}],"about":[{"href":"https:\/\/ambashgabat.esteri.it\/tk\/wp-json\/wp\/v2\/types\/page"}],"author":[{"embeddable":true,"href":"https:\/\/ambashgabat.esteri.it\/tk\/wp-json\/wp\/v2\/users\/8"}],"replies":[{"embeddable":true,"href":"https:\/\/ambashgabat.esteri.it\/tk\/wp-json\/wp\/v2\/comments?post=9507"}],"version-history":[{"count":5,"href":"https:\/\/ambashgabat.esteri.it\/tk\/wp-json\/wp\/v2\/pages\/9507\/revisions"}],"predecessor-version":[{"id":11384,"href":"https:\/\/ambashgabat.esteri.it\/tk\/wp-json\/wp\/v2\/pages\/9507\/revisions\/11384"}],"up":[{"embeddable":true,"href":"https:\/\/ambashgabat.esteri.it\/tk\/wp-json\/wp\/v2\/pages\/3848"}],"wp:attachment":[{"href":"https:\/\/ambashgabat.esteri.it\/tk\/wp-json\/wp\/v2\/media?parent=9507"}],"curies":[{"name":"wp","href":"https:\/\/api.w.org\/{rel}","templated":true}]}}