{"id":9489,"date":"2025-07-02T15:07:36","date_gmt":"2025-07-02T10:07:36","guid":{"rendered":"https:\/\/ambashgabat.esteri.it\/servizi-consolari-e-visti\/servizi-per-il-cittadino-straniero\/riacquisto-della-cittadinanza\/"},"modified":"2026-03-11T12:07:38","modified_gmt":"2026-03-11T07:07:38","slug":"riacquisto-della-cittadinanza","status":"publish","type":"page","link":"https:\/\/ambashgabat.esteri.it\/tk\/servizi-consolari-e-visti\/servizi-per-il-cittadino-straniero\/riacquisto-della-cittadinanza\/","title":{"rendered":"Ra\u00fdatlygy t\u00e4zeden almak"},"content":{"rendered":"<p data-start=\"73\" data-end=\"745\">2025-nji \u00fdyly\u0148 23-nji ma\u00fdyndaky 74-nji kanun Itali\u00fdada doglan \u00fda-da i\u0148 azyndan iki \u00fdyl yzygiderli Itali\u00fdada \u00fda\u015fa\u00fdan we 15-nji awgust 1992-nji \u00fdyldan \u00f6\u0148, 1912-nji \u00fdyly\u0148 555-nji kanuny\u0148 8-nji maddasyny\u0148 1-nji we 2-nji bendleri \u00fda-da 12-nji maddasyny\u0148 d\u00fczg\u00fcnlerine g\u00f6r\u00e4 (da\u015fary \u00fdurt ra\u00fdatlygyna yzygiderli ge\u00e7mek, da\u015fyndan ra\u00fdatlyga rugsat etmezden ga\u00fdtmak, ra\u00fdatlygyny \u00fditiren ene-atasyny\u0148 \u00e7\u00e4gind\u00e4ki ki\u00e7i \u00fda\u015fly \u00e7agalar) ra\u00fdatlygyny \u00fditiren \u00f6\u0148ki ra\u00fdatlar \u00fc\u00e7in ra\u00fdatlygy t\u00e4zeden almak m\u00f6hletlerini uzatdy. T\u00e4zeden ra\u00fdatlyk almak m\u00fcmkin\u00e7iligi 16-njy awgust 1992-nji \u00fdyldan ba\u015flap Itali\u00fda ra\u00fdatlygyny \u00f6z\u00fcni\u0148 islegi bilen \u00fda-da be\u00fdleki seb\u00e4plere g\u00f6r\u00e4 \u00fditiren adamlara degi\u015flidir.<\/p>\n<p data-start=\"747\" data-end=\"874\">Ra\u00fdatlygy t\u00e4zeden almak baradaky \u00fd\u00fczlenmeler 2025-nji \u00fdyly\u0148 1-nji i\u00fdulyndan 2027-nji \u00fdyly\u0148 31-nji dekabryna \u00e7enli kabul ediler.<\/p>\n<p data-start=\"876\" data-end=\"947\">Ra\u00fdatlygy t\u00e4zeden almak isle\u00fd\u00e4n adam a\u015fakdaky resminamalary tab\u015fyrmaly:<\/p>\n<ul data-start=\"949\" data-end=\"1767\">\n<li data-start=\"949\" data-end=\"1019\">\n<p data-start=\"951\" data-end=\"1019\">H\u00e4zirki ra\u00fdatlygyny\u0148 \u00fdurdy tarapyndan berlen ge\u00e7erli \u015fahsy\u00fdetnamasy;<\/p>\n<\/li>\n<li data-start=\"1020\" data-end=\"1174\">\n<p data-start=\"1022\" data-end=\"1174\">Doglanlygy baradaky \u015fahadatnama: da\u015fary \u00fdurtda doglan bolsa, Itali\u00fdada \u00fdazga alny\u015fy \u00fc\u00e7in gerekli g\u00f6rn\u00fc\u015fde berilmeli, ykrar edilmeli we terjime edilmeli;<\/p>\n<\/li>\n<li data-start=\"1175\" data-end=\"1286\">\n<p data-start=\"1177\" data-end=\"1286\">Da\u015fary \u00fdurtda doglanlar \u00fc\u00e7in degi\u015fli Itali\u00fda etraby tarapyndan berlen \u00fda\u015fa\u00fdy\u015f taryh\u00e7asy baradaky \u015fahadatnama;<\/p>\n<\/li>\n<li data-start=\"1287\" data-end=\"1329\">\n<p data-start=\"1289\" data-end=\"1329\">Ra\u00fdatlyk taryh\u00e7asy baradaky \u015fahadatnama;<\/p>\n<\/li>\n<li data-start=\"1330\" data-end=\"1767\">\n<p data-start=\"1332\" data-end=\"1767\">Ra\u00fdatlygy \u00fditirme\u0148 seb\u00e4bi we senesini subut ed\u00fd\u00e4n resminama (da\u015fary \u00fdurt ra\u00fdatlygyny alandygyny subut etmeli we zerur \u00fdagda\u00fdlarda Itali\u00fda ra\u00fdatlygyndan \u00fd\u00fcz \u00f6w\u00fcrendigini g\u00f6rkezmeli: tebigyla\u015fdyrmak \u015fahadatnamasy \u00fda-da \u00fderli kadalara la\u00fdyklykda doglanlyk \u015fahadatnamasy, ra\u00fdatlyk \u015fahadatnamasy we onu\u0148 alnan seb\u00e4bi bilen birlikde; da\u015fary \u00fdurt edaralary tarapyndan berlen resminamalar \u00fderlikli \u00fdagda\u00fdda ykrar edilmeli we terjime edilmeli).<\/p>\n<\/li>\n<\/ul>\n<p data-start=\"1769\" data-end=\"1890\">Itali\u00fda ra\u00fdatlygyny t\u00e4zeden almak bo\u00fdun\u00e7a \u00fd\u00fczlenmeler \u00fc\u00e7in konsullyk edarasynda 250 \u00fdewro m\u00f6\u00e7berinde t\u00f6leg talap edil\u00fd\u00e4r.<\/p>\n<p data-start=\"1892\" data-end=\"1933\">\u00dd\u00fczlenme ra\u00fdaty\u0148 hut \u00f6zi tarapyndan edilmelidir.<\/p>\n<p data-start=\"1935\" data-end=\"2117\">1992-nji \u00fdyly\u0148 91-nji kanuny\u0148 15-nji maddasyna la\u00fdyklykda, ra\u00fdatlygy\u0148 t\u00e4zeden alyjy adam doglan g\u00fcn\u00fcnden ba\u015flap d\u00e4l, e\u00fdsem \u00fd\u00fczlenme edilen g\u00fcn\u00fcnden so\u0148ky g\u00fcnden ra\u00fdatlyga e\u00fde bol\u00fdar.<\/p>\n<p data-start=\"1935\" data-end=\"2117\">\n<p style=\"text-align: left;\" data-start=\"2124\" data-end=\"2171\"><em>Sahypa 02.07.2025 t\u00e4zelendi.<\/em><\/p>\n","protected":false},"excerpt":{"rendered":"2025-nji \u00fdyly\u0148 23-nji ma\u00fdyndaky 74-nji kanun Itali\u00fdada doglan \u00fda-da i\u0148 azyndan iki \u00fdyl yzygiderli Itali\u00fdada \u00fda\u015fa\u00fdan we 15-nji awgust 1992-nji \u00fdyldan \u00f6\u0148, 1912-nji \u00fdyly\u0148 555-nji kanuny\u0148 8-nji maddasyny\u0148 1-nji we 2-nji bendleri \u00fda-da 12-nji maddasyny\u0148 d\u00fczg\u00fcnlerine g\u00f6r\u00e4 (da\u015fary \u00fdurt ra\u00fdatlygyna yzygiderli ge\u00e7mek, da\u015fyndan ra\u00fdatlyga rugsat etmezden ga\u00fdtmak, ra\u00fdatlygyny \u00fditiren ene-atasyny\u0148 \u00e7\u00e4gind\u00e4ki ki\u00e7i \u00fda\u015fly \u00e7agalar) ra\u00fdatlygyny [&hellip;]","protected":false},"author":8,"featured_media":0,"parent":3848,"menu_order":25,"comment_status":"closed","ping_status":"closed","template":"","meta":{"footnotes":""},"class_list":["post-9489","page","type-page","status-publish","hentry"],"_links":{"self":[{"href":"https:\/\/ambashgabat.esteri.it\/tk\/wp-json\/wp\/v2\/pages\/9489","targetHints":{"allow":["GET"]}}],"collection":[{"href":"https:\/\/ambashgabat.esteri.it\/tk\/wp-json\/wp\/v2\/pages"}],"about":[{"href":"https:\/\/ambashgabat.esteri.it\/tk\/wp-json\/wp\/v2\/types\/page"}],"author":[{"embeddable":true,"href":"https:\/\/ambashgabat.esteri.it\/tk\/wp-json\/wp\/v2\/users\/8"}],"replies":[{"embeddable":true,"href":"https:\/\/ambashgabat.esteri.it\/tk\/wp-json\/wp\/v2\/comments?post=9489"}],"version-history":[{"count":3,"href":"https:\/\/ambashgabat.esteri.it\/tk\/wp-json\/wp\/v2\/pages\/9489\/revisions"}],"predecessor-version":[{"id":11396,"href":"https:\/\/ambashgabat.esteri.it\/tk\/wp-json\/wp\/v2\/pages\/9489\/revisions\/11396"}],"up":[{"embeddable":true,"href":"https:\/\/ambashgabat.esteri.it\/tk\/wp-json\/wp\/v2\/pages\/3848"}],"wp:attachment":[{"href":"https:\/\/ambashgabat.esteri.it\/tk\/wp-json\/wp\/v2\/media?parent=9489"}],"curies":[{"name":"wp","href":"https:\/\/api.w.org\/{rel}","templated":true}]}}