{"id":8931,"date":"2023-04-11T18:24:48","date_gmt":"2023-04-11T13:24:48","guid":{"rendered":"https:\/\/ambashgabat.esteri.it\/italia-e-turkmenistan\/diplomazia-culturale\/turismo\/"},"modified":"2025-05-01T11:24:23","modified_gmt":"2025-05-01T06:24:23","slug":"turismo","status":"publish","type":"page","link":"https:\/\/ambashgabat.esteri.it\/tk\/italia-e-turkmenistan\/diplomazia-culturale\/turismo\/","title":{"rendered":"Sy\u00fdahat\u00e7ylyk"},"content":{"rendered":"<p><img loading=\"lazy\" decoding=\"async\" class=\"alignnone size-medium wp-image-609 img-fluid\" src=\"https:\/\/ambashgabat.esteri.it\/wp-content\/uploads\/2023\/11\/Darvasa_gas_crater_panorama-2-300x169.jpg\" alt=\"\" width=\"300\" height=\"169\" srcset=\"https:\/\/ambashgabat.esteri.it\/wp-content\/uploads\/2023\/11\/Darvasa_gas_crater_panorama-2-300x169.jpg 300w, https:\/\/ambashgabat.esteri.it\/wp-content\/uploads\/2023\/11\/Darvasa_gas_crater_panorama-2-1024x576.jpg 1024w, https:\/\/ambashgabat.esteri.it\/wp-content\/uploads\/2023\/11\/Darvasa_gas_crater_panorama-2-768x432.jpg 768w, https:\/\/ambashgabat.esteri.it\/wp-content\/uploads\/2023\/11\/Darvasa_gas_crater_panorama-2.jpg 1280w\" sizes=\"auto, (max-width: 300px) 100vw, 300px\" \/><img loading=\"lazy\" decoding=\"async\" class=\"\" src=\"https:\/\/th.bing.com\/th\/id\/OIP.PExirfrWWRpbmuhJs3OGhQHaEK?rs=1&amp;pid=ImgDetMain\" alt=\"India\u2019s Trade Prospects with Turkmenistan, Uzbekistan, and Azerbaijan\" width=\"365\" height=\"205\" \/><img loading=\"lazy\" decoding=\"async\" class=\"\" src=\"https:\/\/th.bing.com\/th\/id\/R.a77279bdd38382b785f82b13ad6ca6ee?rik=McuQZkq1OHKZdg&amp;riu=http%3a%2f%2f3.bp.blogspot.com%2f-vJ77WAoF6-g%2fU5CzA_1_CrI%2fAAAAAAAADJc%2fJVadhr6Qgzo%2fs1600%2fCiudad%2bde%2bMerv.JPG&amp;ehk=OvkuNH98lwb8l20F8LIFVLAlHULSH59mA1Tw7gtiw6s%3d&amp;risl=&amp;pid=ImgRaw&amp;r=0\" alt=\"Documentalium: La antigua ciudad-oasis de Merv\" width=\"320\" height=\"213\" \/><\/p>\n<p>&nbsp;<\/p>\n<p>T\u00fcrkmenistan \u00f6r\u00e4n gyzykly we az \u00f6wrenil\u00fd\u00e4n \u00fderdir. Ol \u00fderde asyrlar bo\u00fdy dowam eden taryhy we d\u00e4p-dessurlary h\u00e4zirki zaman elementleri bilen baglany\u015fykly, ge\u00e7mi\u015f bilen h\u00e4zirki zamany\u0148 arasyndaky de\u0148siz-ta\u00fdsyz sazla\u015fygy d\u00f6red\u00fd\u00e4r. Azi\u00fdany \u00ddewropa bilen baglany\u015fdyr\u00fdan s\u00f6wda \u00fdollaryny\u0148 me\u015fhur ulgamy bolan ipek \u00fdoluny\u0148 m\u00f6h\u00fcm kesi\u015fmelerini\u0148 m\u00fc\u0148ler\u00e7e \u00fdyl mundan ozal taryhy bar. Onu\u0148 subutnamalaryny arheologik \u00fdadyg\u00e4rliklerde we gadymy \u015f\u00e4herlerde, meselem, Parfi\u00fda imperi\u00fdasyny\u0148 pa\u00fdtagty we \u00ddUNESKO-ny\u0148 B\u00fctind\u00fcn\u00fd\u00e4 mirasyny\u0148 sanawyna giren Nisa \u00fda-da &#8220;D\u00fcn\u00fd\u00e4ni\u0148 \u015fa a\u00fdaly&#8221; Merw \u00fdaly oazis \u015f\u00e4heri hem-de medeni\u00fdet hem-de sy\u00fdasy aly\u015f-\u00e7aly\u015flary\u0148 merkezi bolup dur\u00fdar. \u00ddurtda her bir adamy ha\u00fdran galdyryp biljek birn\u00e4\u00e7e \u00f6z\u00fcne \u00e7ekiji \u00fderler we owadanlyklar bar. Olara \u00fc\u00fdtge\u015fik tebigy land\u015faftlar, meselem, garakum \u00e7\u00f6l\u00fcnde Darwaza gaz krateri \u00fderle\u015f\u00fd\u00e4r, g\u00fcndizine re\u0148kleri \u00fc\u00fdtg\u00e4p dur\u00fdan \u00ddangykala kanyony. \u015fe\u00fdle-de \u00fderasty Kow Ata k\u00f6l\u00fc, onu\u0148 \u00fdyly \u015fypa beriji suwy, dinozawrlary\u0148 fosille\u015fen a\u00fdak yzlary bolan plato, sport\u00e7ylar \u00fc\u00e7in t\u00e4sin g\u00f6rn\u00fc\u015fleri we sy\u00fdahat etm\u00e4ge m\u00fcmkin\u00e7ilik ber\u00fd\u00e4n Kopet-Dag daglary.<\/p>\n<p>\u015e\u00e4herler barada a\u00fdtsak, h\u00e4zirki pa\u00fdtagt A\u015fgabat T\u00fcrkmenistany\u0148 \u00f6\u0148ki SSSR-den gara\u015fsyzlygyny\u0148 \u00fdadyg\u00e4rligi, \u00fdagtylyk we neon bilen \u00fdagtylandyrylan ak mermer ja\u00fdlary bilen ha\u00fdran galar. Emma umumy me\u0148ze\u015flik bolsa, myhmanlary m\u00e4hirli we jomartlyk bilen gar\u015fyla\u00fdan halky\u0148 myhmans\u00f6\u00fderligi, parlak re\u0148kler we geometrik \u015fekiller bilen me\u015fhur t\u00fcrkmen halylaryny \u00f6rmekde ussatlygy, g\u00f6\u00e7me ta\u00fdpalary\u0148 nesilleri bolan t\u00fcrkmenleri\u0148 tekepbirligi bolan ahal-teke atlary bolup gal\u00fdar.<\/p>\n<hr \/>\n<h3>Pe\u00fddaly maglumatlar:<\/h3>\n<ul>\n<li>\u00ddurda barmak \u00fc\u00e7in pasporty\u0148yz (m\u00f6hleti azyndan 3 a\u00fd gal\u00fdar) we aeroportda \u00fda-da serhetde berlen giri\u015f wizasy (nagt pul bilen t\u00f6le\u00fd\u00e4r) gerek<\/li>\n<li>Wiza T\u00fcrkmenistany\u0148 h\u00f6k\u00fcmeti tarapyndan akkreditirlenen \u00fderli sy\u00fdahat\u00e7ylyk agentligi arkaly elektron po\u00e7ta arkaly alyp bol\u00fdan \u00e7akylyk haty (LOI) esasynda beril\u00fd\u00e4r we gitmezinden 90 g\u00fcn \u00f6\u0148 ha\u00fdy\u015f edil\u00fd\u00e4r<\/li>\n<li>Agentlik bilen sy\u00fdahat (\u00fda\u015fa\u00fdy\u015f ja\u00fdy, \u015fe\u00fdle-de transport) rezerv etm\u00e4n LOI-ni almak m\u00fcmkin d\u00e4l<\/li>\n<li>Wiza t\u00f6lemekden ba\u015fga-da, &#8220;Migrasi\u00fda salgydy&#8221; (takmynan 15 dollar) we Covid testi (wizalary\u0148 we Covid testini\u0148 bahasyny\u0148 \u00fc\u00fdtg\u00e4p biljekdigini unutma\u0148, \u015fonu\u0148 \u00fc\u00e7in t\u00e4zelikler \u00fc\u00e7in Il\u00e7ihana \u00fda-da sy\u00fdahat edarasyna \u00fd\u00fcz tutsa\u0148yz gowy bolar)<\/li>\n<li>Sy\u00fdahat jikme-jiklikleri\u0148izi &#8220;D\u00fcn\u00fd\u00e4de niredemiz&#8221; web-sa\u00fdtynda hasaba aly\u0148 we Itali\u00fdany\u0148 A\u015fgabatdaky il\u00e7ihanasyna habar bermek maslahat beril\u00fd\u00e4r: ashgabat.info@esteri.it (gara\u015fylmadyk \u00fdagda\u00fdlar \u00fc\u00e7in telefon belgisi +993 61 174271)nagt pul getirmek maslahat beril\u00fd\u00e4r, seb\u00e4bi kredit kartlary we VISA \u00e7\u00e4kli (resmi pul birligini\u0148 T\u00fcrkmen Manatydygyny unutma\u0148, \u00fd\u00f6ne dollar hem gi\u0148den \u00fda\u00fdran) mejbury waksinalar \u00fdok<\/li>\n<\/ul>\n<p>K\u00f6pr\u00e4k maglumat almak \u00fc\u00e7in Da\u015fary i\u015fler ministrligini\u0148 T\u00fcrkmenistan \u00fc\u00e7in &#8220;Howpsuz sy\u00fdahat&#8221; portalyna girip bilersi\u0148iz:<\/p>\n<p><a href=\"https:\/\/www.viaggiaresicuri.it\/find-country\/country\/TKM\">https:\/\/www.viaggiaresicuri.it\/find-country\/country\/TKM<\/a><\/p>\n<p>&nbsp;<\/p>\n<p>&nbsp;<\/p>\n<p>&nbsp;<\/p>\n<p>&nbsp;<\/p>\n<p>&nbsp;<\/p>\n<p>&nbsp;<\/p>\n<p>&nbsp;<\/p>\n<p>&nbsp;<\/p>\n<p>&nbsp;<\/p>\n<p>&nbsp;<\/p>\n<p>&nbsp;<\/p>\n<p>&nbsp;<\/p>\n<p>Ultimo aggiornamento: 2 marzo 2025<\/p>\n","protected":false},"excerpt":{"rendered":"&nbsp; T\u00fcrkmenistan \u00f6r\u00e4n gyzykly we az \u00f6wrenil\u00fd\u00e4n \u00fderdir. Ol \u00fderde asyrlar bo\u00fdy dowam eden taryhy we d\u00e4p-dessurlary h\u00e4zirki zaman elementleri bilen baglany\u015fykly, ge\u00e7mi\u015f bilen h\u00e4zirki zamany\u0148 arasyndaky de\u0148siz-ta\u00fdsyz sazla\u015fygy d\u00f6red\u00fd\u00e4r. Azi\u00fdany \u00ddewropa bilen baglany\u015fdyr\u00fdan s\u00f6wda \u00fdollaryny\u0148 me\u015fhur ulgamy bolan ipek \u00fdoluny\u0148 m\u00f6h\u00fcm kesi\u015fmelerini\u0148 m\u00fc\u0148ler\u00e7e \u00fdyl mundan ozal taryhy bar. Onu\u0148 subutnamalaryny arheologik \u00fdadyg\u00e4rliklerde we gadymy [&hellip;]","protected":false},"author":1,"featured_media":0,"parent":3820,"menu_order":4,"comment_status":"closed","ping_status":"closed","template":"","meta":{"footnotes":""},"class_list":["post-8931","page","type-page","status-publish","hentry"],"_links":{"self":[{"href":"https:\/\/ambashgabat.esteri.it\/tk\/wp-json\/wp\/v2\/pages\/8931","targetHints":{"allow":["GET"]}}],"collection":[{"href":"https:\/\/ambashgabat.esteri.it\/tk\/wp-json\/wp\/v2\/pages"}],"about":[{"href":"https:\/\/ambashgabat.esteri.it\/tk\/wp-json\/wp\/v2\/types\/page"}],"author":[{"embeddable":true,"href":"https:\/\/ambashgabat.esteri.it\/tk\/wp-json\/wp\/v2\/users\/1"}],"replies":[{"embeddable":true,"href":"https:\/\/ambashgabat.esteri.it\/tk\/wp-json\/wp\/v2\/comments?post=8931"}],"version-history":[{"count":2,"href":"https:\/\/ambashgabat.esteri.it\/tk\/wp-json\/wp\/v2\/pages\/8931\/revisions"}],"predecessor-version":[{"id":8935,"href":"https:\/\/ambashgabat.esteri.it\/tk\/wp-json\/wp\/v2\/pages\/8931\/revisions\/8935"}],"up":[{"embeddable":true,"href":"https:\/\/ambashgabat.esteri.it\/tk\/wp-json\/wp\/v2\/pages\/3820"}],"wp:attachment":[{"href":"https:\/\/ambashgabat.esteri.it\/tk\/wp-json\/wp\/v2\/media?parent=8931"}],"curies":[{"name":"wp","href":"https:\/\/api.w.org\/{rel}","templated":true}]}}