{"id":8681,"date":"2025-02-13T21:21:01","date_gmt":"2025-02-13T16:21:01","guid":{"rendered":"https:\/\/ambashgabat.esteri.it\/chi-siamo\/la-sede\/eventi-in-programmazione-nel-2024\/festa-della-repubblica-2024\/"},"modified":"2025-08-04T16:36:16","modified_gmt":"2025-08-04T11:36:16","slug":"festa-della-repubblica-2024","status":"publish","type":"page","link":"https:\/\/ambashgabat.esteri.it\/tk\/chi-siamo\/la-sede\/eventi-in-programmazione-nel-2024\/festa-della-repubblica-2024\/","title":{"rendered":"Itali\u00fda Respublikasy g\u00fcni 2024"},"content":{"rendered":"<p><img loading=\"lazy\" decoding=\"async\" class=\"img-fluid wp-image-4669 alignnone\" src=\"https:\/\/ambashgabat.esteri.it\/wp-content\/uploads\/2025\/02\/IMG_2705-1024x566.jpeg\" alt=\"\" width=\"618\" height=\"342\" srcset=\"https:\/\/ambashgabat.esteri.it\/wp-content\/uploads\/2025\/02\/IMG_2705-1024x566.jpeg 1024w, https:\/\/ambashgabat.esteri.it\/wp-content\/uploads\/2025\/02\/IMG_2705-300x166.jpeg 300w, https:\/\/ambashgabat.esteri.it\/wp-content\/uploads\/2025\/02\/IMG_2705-768x425.jpeg 768w, https:\/\/ambashgabat.esteri.it\/wp-content\/uploads\/2025\/02\/IMG_2705.jpeg 1179w\" sizes=\"auto, (max-width: 618px) 100vw, 618px\" \/><\/p>\n<p>&nbsp;<\/p>\n<p>2024-nji \u00fdyly\u0148 3-nji i\u00fdunynda: T\u00fcrkmenistanda ge\u00e7irilen \u201cItalian hepdeligi\u201d \u00e7\u00e4ginde Respublikany\u0148 g\u00fcni bellendi. Bu ba\u00fdram\u00e7ylyk de\u0148lik, demokrati\u00fda we parahat\u00e7ylyk \u00fdaly konstitusion gymmatlyklary\u0148 \u00e4hmi\u00fdetini \u00fdatlady, \u015fol gymmatlyklar halkara hyzmatda\u015flygy we jebislik ugrunda ed\u00fd\u00e4n tagallalarymyzy hem ugrukdyr\u00fdar.<\/p>\n<p>T\u00fcrkmenistany\u0148 S\u00f6wda bo\u00fdun\u00e7a wise-prem\u00fderi Batyr Taganowi\u00e7 Atda\u00fdewi\u0148 gatna\u015fmagynda, bilelikde sy\u00fdasy geple\u015fikleri\u0148 t\u00e4ze g\u00f6rn\u00fc\u015fleri, medeni gatna\u015fyklarymyzy\u0148 janly \u00f6zara t\u00e4sirleri we s\u00f6wda aly\u015f-\u00e7al\u015fygy bilen birlikde ma\u00fda go\u00fdum derejesini\u0148 hem \u00f6sd\u00fcrilmegi \u00fdaly ikitarapla\u00fdyn gatna\u015fyklary\u0148 anyk \u00f6s\u00fc\u015fleri nygtaldy.<\/p>\n<p>&nbsp;<\/p>\n<p><img loading=\"lazy\" decoding=\"async\" class=\"img-fluid alignnone wp-image-2675 \" src=\"https:\/\/ambashgabat.esteri.it\/wp-content\/uploads\/2024\/06\/IMG-20240607-WA0011-1024x681.jpg\" alt=\"\" width=\"430\" height=\"286\" srcset=\"https:\/\/ambashgabat.esteri.it\/wp-content\/uploads\/2024\/06\/IMG-20240607-WA0011-1024x681.jpg 1024w, https:\/\/ambashgabat.esteri.it\/wp-content\/uploads\/2024\/06\/IMG-20240607-WA0011-300x200.jpg 300w, https:\/\/ambashgabat.esteri.it\/wp-content\/uploads\/2024\/06\/IMG-20240607-WA0011-768x511.jpg 768w, https:\/\/ambashgabat.esteri.it\/wp-content\/uploads\/2024\/06\/IMG-20240607-WA0011.jpg 1600w\" sizes=\"auto, (max-width: 430px) 100vw, 430px\" \/><img loading=\"lazy\" decoding=\"async\" class=\"img-fluid alignnone wp-image-2680 \" src=\"https:\/\/ambashgabat.esteri.it\/wp-content\/uploads\/2024\/06\/IMG-20240607-WA0013-1024x681.jpg\" alt=\"\" width=\"430\" height=\"286\" srcset=\"https:\/\/ambashgabat.esteri.it\/wp-content\/uploads\/2024\/06\/IMG-20240607-WA0013-1024x681.jpg 1024w, https:\/\/ambashgabat.esteri.it\/wp-content\/uploads\/2024\/06\/IMG-20240607-WA0013-300x200.jpg 300w, https:\/\/ambashgabat.esteri.it\/wp-content\/uploads\/2024\/06\/IMG-20240607-WA0013-768x511.jpg 768w, https:\/\/ambashgabat.esteri.it\/wp-content\/uploads\/2024\/06\/IMG-20240607-WA0013.jpg 1600w\" sizes=\"auto, (max-width: 430px) 100vw, 430px\" \/><\/p>\n<div tabindex=\"0\" role=\"article\" data-tabster=\"{&quot;groupper&quot;:{&quot;tabbability&quot;:2},&quot;focusable&quot;:{}}\" data-content=\"ai-message\" aria-labelledby=\"qiewrKXQYdBUksdSQkanN-author} qiewrKXQYdBUksdSQkanN-content-0\">\n<div id=\"qiewrKXQYdBUksdSQkanN-content-0\">\n<p>Itali\u00fda bilen baglany\u015fykly aja\u00fdyp dostlugy g\u00f6rkez\u00fd\u00e4n \u00e7\u00e4re, t\u00fcrkmen we halkara myhmanlaryny\u0148 k\u00f6p\u00fcsini\u0148 bizi\u0148 medeni\u00fdetimize, gastronomi\u00fdamyza we \u00e4hli d\u00f6w\u00fcrleri\u0148 ital\u00fdan a\u00fddym-sazyna bolan s\u00f6\u00fdg\u00fcsini be\u00fdan etdi.<\/p>\n<\/div>\n<\/div>\n<p>&nbsp;<\/p>\n<p>&nbsp;<\/p>\n<p>&nbsp;<\/p>\n<p>&nbsp;<\/p>\n","protected":false},"excerpt":{"rendered":"&nbsp; 2024-nji \u00fdyly\u0148 3-nji i\u00fdunynda: T\u00fcrkmenistanda ge\u00e7irilen \u201cItalian hepdeligi\u201d \u00e7\u00e4ginde Respublikany\u0148 g\u00fcni bellendi. Bu ba\u00fdram\u00e7ylyk de\u0148lik, demokrati\u00fda we parahat\u00e7ylyk \u00fdaly konstitusion gymmatlyklary\u0148 \u00e4hmi\u00fdetini \u00fdatlady, \u015fol gymmatlyklar halkara hyzmatda\u015flygy we jebislik ugrunda ed\u00fd\u00e4n tagallalarymyzy hem ugrukdyr\u00fdar. T\u00fcrkmenistany\u0148 S\u00f6wda bo\u00fdun\u00e7a wise-prem\u00fderi Batyr Taganowi\u00e7 Atda\u00fdewi\u0148 gatna\u015fmagynda, bilelikde sy\u00fdasy geple\u015fikleri\u0148 t\u00e4ze g\u00f6rn\u00fc\u015fleri, medeni gatna\u015fyklarymyzy\u0148 janly \u00f6zara t\u00e4sirleri we s\u00f6wda [&hellip;]","protected":false},"author":6,"featured_media":0,"parent":6077,"menu_order":0,"comment_status":"closed","ping_status":"closed","template":"","meta":{"footnotes":""},"class_list":["post-8681","page","type-page","status-publish","hentry"],"_links":{"self":[{"href":"https:\/\/ambashgabat.esteri.it\/tk\/wp-json\/wp\/v2\/pages\/8681","targetHints":{"allow":["GET"]}}],"collection":[{"href":"https:\/\/ambashgabat.esteri.it\/tk\/wp-json\/wp\/v2\/pages"}],"about":[{"href":"https:\/\/ambashgabat.esteri.it\/tk\/wp-json\/wp\/v2\/types\/page"}],"author":[{"embeddable":true,"href":"https:\/\/ambashgabat.esteri.it\/tk\/wp-json\/wp\/v2\/users\/6"}],"replies":[{"embeddable":true,"href":"https:\/\/ambashgabat.esteri.it\/tk\/wp-json\/wp\/v2\/comments?post=8681"}],"version-history":[{"count":2,"href":"https:\/\/ambashgabat.esteri.it\/tk\/wp-json\/wp\/v2\/pages\/8681\/revisions"}],"predecessor-version":[{"id":9591,"href":"https:\/\/ambashgabat.esteri.it\/tk\/wp-json\/wp\/v2\/pages\/8681\/revisions\/9591"}],"up":[{"embeddable":true,"href":"https:\/\/ambashgabat.esteri.it\/tk\/wp-json\/wp\/v2\/pages\/6077"}],"wp:attachment":[{"href":"https:\/\/ambashgabat.esteri.it\/tk\/wp-json\/wp\/v2\/media?parent=8681"}],"curies":[{"name":"wp","href":"https:\/\/api.w.org\/{rel}","templated":true}]}}