{"id":7499,"date":"2023-04-11T18:24:28","date_gmt":"2023-04-11T13:24:28","guid":{"rendered":"https:\/\/ambashgabat.esteri.it\/italia-e-turkmenistan\/diplomazia-culturale\/missioni-archeologiche\/"},"modified":"2025-05-01T00:41:46","modified_gmt":"2025-04-30T19:41:46","slug":"missioni-archeologiche","status":"publish","type":"page","link":"https:\/\/ambashgabat.esteri.it\/tk\/italia-e-turkmenistan\/diplomazia-culturale\/missioni-archeologiche\/","title":{"rendered":"Missioni archeologiche"},"content":{"rendered":"<p><img loading=\"lazy\" decoding=\"async\" class=\"size-medium wp-image-802 img-fluid alignright\" src=\"https:\/\/ambashgabat.esteri.it\/wp-content\/uploads\/2023\/12\/tkm_merv_arche_jpeg_img-03-300x201.jpg\" alt=\"\" width=\"300\" height=\"201\" srcset=\"https:\/\/ambashgabat.esteri.it\/wp-content\/uploads\/2023\/12\/tkm_merv_arche_jpeg_img-03-300x201.jpg 300w, https:\/\/ambashgabat.esteri.it\/wp-content\/uploads\/2023\/12\/tkm_merv_arche_jpeg_img-03-1024x686.jpg 1024w, https:\/\/ambashgabat.esteri.it\/wp-content\/uploads\/2023\/12\/tkm_merv_arche_jpeg_img-03-768x514.jpg 768w, https:\/\/ambashgabat.esteri.it\/wp-content\/uploads\/2023\/12\/tkm_merv_arche_jpeg_img-03.jpg 1139w\" sizes=\"auto, (max-width: 300px) 100vw, 300px\" \/><\/p>\n<p>&nbsp;<\/p>\n<h4><\/h4>\n<p>T\u00fcrkmenistany\u0148 taryhy subutnamalaryny tapmak \u00fc\u00e7in otuz \u00fdyldan gowrak ital\u00fdan-t\u00fcrkmen arheologik missionerleri ge\u00e7iril\u00fd\u00e4r. 2024-nji \u00fdyly\u0148 10-njy dekabrynda T\u00fcrkmenistany\u0148 Medeni\u00fdet ministrligi tarapyndan Dr. Barbara Cerasetti we Prof. Karlo Lippolis eden go\u015fandy \u00fc\u00e7in sylaglandy. Medal t\u00fcrkmen \u015fahyry Magtymguly Pyragini\u0148 doglan g\u00fcn\u00fcni\u0148 300 \u00fdyllygy mynasybetli ge\u00e7iril\u00fd\u00e4r we 2025-nji \u00fdylda Kapitoli\u00fda muze\u00fdlerinde t\u00fcrkmen arheologi\u00fdasy bo\u00fdun\u00e7a uly sergi a\u00e7ylmagy bilen birlikde, ital\u00fdan arheologi\u00fdasyny\u0148 wepalylygyny we iki \u00fdurdu\u0148 arasyndaky hyzmatda\u015flygy ykrar ed\u00fd\u00e4r.<\/p>\n<p>&nbsp;<\/p>\n<p>&nbsp;<\/p>\n<h3>Project\u00a0 <a href=\"https:\/\/www.centroscavitorino.it\/siti-di-scavo\/nisa\/#ricerche\">Nisa Partica<\/a><\/h3>\n<p>&nbsp;<\/p>\n<table>\n<tbody>\n<tr>\n<td style=\"border: 2px solid #00aaff; text-align: center; background: linear-gradient(to bottom, #e0f7ff, #b3e5fc);\">\n<ul>\n<li style=\"text-align: justify;\"><strong>Nirede:<\/strong> Bagyr, A\u015fkabat \u015f\u00e4herinden 18 km g\u00fcnbatarda<\/li>\n<li style=\"text-align: justify;\"><strong>Guramasy:<\/strong> Turin arheologik g\u00f6zleg we gazuw-agtary\u015f merkezi (CRAST), Da\u015fary i\u015fler ministrligi, Medeni\u00fdet ministrligini\u0148 taryhy we medeni\u00fdet \u00fdadyg\u00e4rliklerini goramak, \u00f6wrenmek we dikeltmek bo\u00fdun\u00e7a milli b\u00f6l\u00fcmi, A\u015fgabat Milli muze\u00fdi<\/li>\n<li style=\"text-align: justify;\"><strong>Direktor:<\/strong> Prof. Karlo Lippolis<\/li>\n<li style=\"text-align: justify;\"><strong>D\u00f6wri:<\/strong> 1990-njy \u00fdyldan b\u00e4ri<\/li>\n<li style=\"text-align: justify;\"><strong>Maksady:<\/strong> Azi\u00fdada hellenistik medeni\u00fdeti\u0148 \u00fda\u00fdramagyny we iran medeni\u00fdeti bilen du\u015fu\u015fygy \u00f6wrenmek (Orta Azi\u00fdada Parfi\u00fda medeni\u00fdetine \u00fcns bermek)<\/li>\n<\/ul>\n<\/td>\n<\/tr>\n<tr>\n<td style=\"border: 2px solid #00aaff; background: linear-gradient(#e0f7ff, #b3e5fc); text-align: justify;\">Turin uniwersitetini\u0148 \u00ddakyn G\u00fcndogary\u0148 arheologi\u00fda we sungat taryhy bo\u00fdun\u00e7a professory we CRAST-y\u0148 direktory Karlo Lippolisi\u0148 \u00fdolba\u015f\u00e7ylygynda Nisa Partikadaky arheologik missioner otuz \u00fdyldan gowrak wagt b\u00e4ri Merkezi Azi\u00fdany\u0148 i\u0148 m\u00f6h\u00fcm me\u00fddan\u00e7alaryny\u0148 birini \u00f6wrenm\u00e4ge g\u00f6n\u00fckdiril\u00fd\u00e4r. 2007-nji \u00fdyldan b\u00e4ri \u00ddUNESKO-ny\u0148 B\u00fctind\u00fcn\u00fd\u00e4 mirasyny\u0148 sanawyna girizilen Nisa aslynda B. e. \u00f6\u0148 III asyrda paty\u015fa Arsas I-i\u0148 \u00fdolba\u015f\u00e7ylygynda parfi\u00fdalylar (\u00fda-da ar\u015fakidler) tarapyndan basylyp alnan we Selewkoslary\u0148 gol astyndan azat edilen Ar\u015fakidler hanedanlygyny\u0148 ilkinji pa\u00fdtagtlaryny\u0148 biridir. T\u00fcrkmenistany\u0148 g\u00fcnortasynda \u00fderle\u015f\u00fd\u00e4n Kopet dagy\u0148 eteginde \u00fderle\u015f\u00fd\u00e4n Nisa arheologik me\u00fddan\u00e7asyna T\u00e4ze Nisa we K\u00f6ne Nisa degi\u015fli. T\u00e4ze Nisa berk \u015f\u00e4herdi, K\u00f6ne Nisa bolsa (Mitradatkert, \u00abMitridat galasy\u00bb) harby d\u00e4l-de, dabaraly merkez bolup, onda \u00e7\u00f6lleri\u0148, Ahamenid \u0130ranyny\u0148 we hellenizmi\u0148 medeni\u00fdetini\u0148 t\u00e4sirini g\u00f6rkezipdir.<\/td>\n<\/tr>\n<tr>\n<td style=\"border: 2px solid #00aaff; text-align: center;\">\n<h5>Gazuw-agtary\u015f i\u015flerini\u0148 esasy kampani\u00fdalary:<\/h5>\n<ol>\n<li style=\"text-align: justify;\"><strong>1990-1999<\/strong>: Yuvarlak otagda gazuw-agtary\u015f i\u015fleri (Nisa Wekki\u00fdadaky monumental bina, merkezi zaly d\u00f6rtbur\u00e7 g\u00f6rn\u00fc\u015fde \u00fderle\u015fdirilen, mukaddes maksatlar \u00fc\u00e7in ni\u00fdetlenen bolmaly), \u00e7ig to\u00fdundan he\u00fdkelleri\u0148 b\u00f6leklerini tapdylar.<\/li>\n<li style=\"text-align: justify;\"><strong>2000-2001<\/strong>: Gyzyl binada gazuw-agtary\u015f i\u015fleri (gyzyl gips bilen bezelen monumental dabaraly bina we s\u00fct\u00fcnli merkezi zal bilen tapawutlan\u00fdar), Parfi\u00fdany\u0148 binalaryny\u0148 \u00fcst\u00fcne go\u015fulan yslam binalaryny\u0148 anyklanylmagy.<\/li>\n<li style=\"text-align: justify;\"><strong>2002-2003<\/strong>: Gyzyl bina doly a\u00e7yldy.<\/li>\n<li style=\"text-align: justify;\"><strong> 2004-2005<\/strong>: Gyzyl ja\u00fdy\u0148 da\u015f-t\u00f6weregind\u00e4ki koridorlary\u0148 bo\u015fadylmagy, abatla\u00fdy\u015f we abatla\u00fdy\u015f i\u015flerini\u0148 a\u00e7ylmagy.<\/li>\n<li style=\"text-align: justify;\"><strong>2006<\/strong>: Gyzyl binada i\u015fler tamamlandy, orta asyrlary\u0148 wagtla\u00fdyn ga\u00e7ybatalgasy tapyldy.<\/li>\n<li style=\"text-align: justify;\"><strong>2007-<\/strong>nji \u00fdyldan ba\u015flap: G\u00fcnorta sektorda (G\u00fcnorta-G\u00fcnbatar binasy we G\u00fcndogar binasy) gazuw-agtary\u015f i\u015fleri, ostraka we \u00e7ig to\u00fdundan \u00fdasalan m\u00f6h\u00fcrler tapyldy.<\/li>\n<li style=\"text-align: justify;\"><strong>2019<\/strong>: Demirgazyk sektorda (M sektory) g\u00f6zleg ge\u00e7iril\u00fd\u00e4r, diwarlary\u0148 galy\u0148lygy t\u00e4ze ja\u00fdy\u0148 tapylmagy.<\/li>\n<li style=\"text-align: justify;\"><strong>2024<\/strong>: \u00dderi\u0148 \u00fc\u00e7 \u00f6l\u00e7egli modelini ta\u00fd\u00fdarlamak \u00fc\u00e7in tutu\u015f me\u00fddan\u00e7any\u0148 lazerli skaner pro\u00fdekti.<\/li>\n<\/ol>\n<\/td>\n<\/tr>\n<tr>\n<td style=\"border: 2px solid #00aaff; text-align: justify;\"><img loading=\"lazy\" decoding=\"async\" class=\"img-fluid wp-image-5114 alignleft\" src=\"https:\/\/ambashgabat.esteri.it\/wp-content\/uploads\/2025\/02\/nisa-1024x576.jpg\" alt=\"\" width=\"492\" height=\"277\" srcset=\"https:\/\/ambashgabat.esteri.it\/wp-content\/uploads\/2025\/02\/nisa-1024x576.jpg 1024w, https:\/\/ambashgabat.esteri.it\/wp-content\/uploads\/2025\/02\/nisa-300x169.jpg 300w, https:\/\/ambashgabat.esteri.it\/wp-content\/uploads\/2025\/02\/nisa-768x432.jpg 768w, https:\/\/ambashgabat.esteri.it\/wp-content\/uploads\/2025\/02\/nisa.jpg 1920w\" sizes=\"auto, (max-width: 492px) 100vw, 492px\" \/><img loading=\"lazy\" decoding=\"async\" class=\"img-fluid wp-image-5124\" src=\"https:\/\/ambashgabat.esteri.it\/wp-content\/uploads\/2025\/02\/IMG_2821-633x1024.jpeg\" alt=\"\" width=\"208\" height=\"337\" srcset=\"https:\/\/ambashgabat.esteri.it\/wp-content\/uploads\/2025\/02\/IMG_2821-633x1024.jpeg 633w, https:\/\/ambashgabat.esteri.it\/wp-content\/uploads\/2025\/02\/IMG_2821-186x300.jpeg 186w, https:\/\/ambashgabat.esteri.it\/wp-content\/uploads\/2025\/02\/IMG_2821-768x1242.jpeg 768w, https:\/\/ambashgabat.esteri.it\/wp-content\/uploads\/2025\/02\/IMG_2821.jpeg 900w\" sizes=\"auto, (max-width: 208px) 100vw, 208px\" \/><\/td>\n<\/tr>\n<\/tbody>\n<\/table>\n<h3><\/h3>\n<p>&nbsp;<\/p>\n<h3><\/h3>\n<p>&nbsp;<\/p>\n<h3><\/h3>\n<h3>Project TAP (<a href=\"https:\/\/togolokarchaelogicalproject.wordpress.com\/\">Togolok Archaeological Project<\/a>)<\/h3>\n<p>&nbsp;<\/p>\n<table>\n<tbody>\n<tr>\n<td style=\"border: 2px solid #00aaff; text-align: center; background: linear-gradient(to bottom, #e0f7ff, #b3e5fc);\">\n<ul>\n<li style=\"text-align: justify;\"><strong>Nirede:<\/strong> Togolok (Murghab wela\u00fdaty), A\u015fgabatdan 400 km uzaklykda<\/li>\n<li style=\"text-align: justify;\"><strong>Guramasy:<\/strong> Orta \u00fder de\u0148zini\u0148 we G\u00fcndogar barlaglaryny\u0148 halkara assosiasi\u00fdasy (ISMEO), MAECI, T\u00fcrkmenistany\u0148 Medeni\u00fdet ministrligi, Bern Uniwersiteti we Berlini\u0148 Freie Universit\u00e4t<\/li>\n<li style=\"text-align: justify;\"><strong>Direktor:<\/strong> Dr. Barbara Cerasetti<\/li>\n<li style=\"text-align: justify;\"><strong>D\u00f6wri:<\/strong> 1990-njy \u00fdyldan b\u00e4ri<\/li>\n<li style=\"text-align: justify;\"><strong>Maksady:<\/strong> \u00dderli da\u00fdhanlar bilen \u00fdarym g\u00f6\u00e7me maldarlary\u0148 arasyndaky gatna\u015fygy \u00f6wrenmek, me\u00fddan\u00e7any\u0148 arhitekturasyny we ykdysady i\u015flerini dokumentle\u015fdirmek, b\u00fcr\u00fcn\u00e7 asyryndan yslam d\u00f6wr\u00fcne \u00e7enli wela\u00fdaty\u0148 taryhy we medeni\u00fdeti barada bilimi artdyrmak<\/li>\n<\/ul>\n<\/td>\n<\/tr>\n<tr>\n<td style=\"border: 2px solid #00aaff; background: linear-gradient(#e0f7ff, #b3e5fc); text-align: justify;\">1990-njy \u00fdyldan b\u00e4ri TAP pro\u00fdekti 20 m\u00fc\u0148 kwadrat kilometrden gowrak me\u00fddany \u00f6z i\u00e7ine al\u00fdan taryhy Margiana der\u00fdasyny \u00f6wren\u00fd\u00e4r. TAP pro\u00fdektini\u0148 \u00fdolba\u015f\u00e7ysy Dr. Barbara Cerasettii\u0148 \u00fdolba\u015f\u00e7ylygynda 2014-nji \u00fdyldan b\u00e4ri taryhdan \u00f6\u0148ki Margiany\u0148 esasy obalaryny\u0148 biri bolan Togolok 1 (takmynan 11 gektar) me\u00fddan\u00e7asynda 2000-e gola\u00fd me\u00fddan\u00e7a hasaba alyndy. A\u00fdratyn-da, TAP oturan da\u00fdhanlar bilen g\u00f6\u00e7me da\u00fdhanlary\u0148 arasyndaky \u00f6zara gatna\u015fygy we integrasi\u00fdasyny \u00e7u\u0148la\u015fdyrmak, ilatly \u00fderleri\u0148 dinamikasyna we gadymy land\u015fafta has gowy d\u00fc\u015f\u00fcnmek \u00fc\u00e7in me\u00fddan\u00e7a barlaglaryny ge\u00e7irdi.<\/td>\n<\/tr>\n<tr>\n<td style=\"border: 2px solid #00aaff; text-align: center;\">\n<h5>Gazuw-agtary\u015f i\u015flerini\u0148 esasy kampani\u00fdalary:<\/h5>\n<ol>\n<li style=\"text-align: justify;\"><strong>1990-2009-<\/strong>njy \u00fdyllar: Suwary\u015f i\u015fini\u0148 gi\u0148elmegi netijesinde land\u015fafty\u0148 we obalary\u0148 \u00fc\u00fdtgemegini t\u00e4zeden dikeltmek maksady bilen, Deltadaky arheologik \u00fdadyg\u00e4rlikleri dokumentle\u015fdirmek maksady bilen Murghab der\u00fdasyny\u0148 al\u00fduwial fanini\u0148 arheologik kartasyny\u0148 d\u00fcz\u00fclmegi.<\/li>\n<li style=\"text-align: justify;\"><strong> 2000-2002:<\/strong> Chopantamy\u0148 Andronovo medeni\u00fdet me\u00fddan\u00e7asyny\u0148 gazuw-agtary\u015f i\u015fleri.<\/li>\n<li style=\"text-align: justify;\"><strong>2010-2011<\/strong>: Sent-Luis \u015f\u00e4herind\u00e4ki Wa\u015fington Uniwersiteti bilen hyzmatda\u015flykda Ojakli me\u00fddan\u00e7asyny\u0148 (owadan k\u00fc\u00fdze gaplary we \u00e7\u00fc\u00fdr\u00fck s\u00fc\u0148kleri bilen tanal\u00fdan bronz asyryny\u0148 medeni\u00fdeti bolan Andronovo medeni\u00fdeti bilen baglany\u015fykly) gazuw-agtary\u015f i\u015fleri.<\/li>\n<li style=\"text-align: justify;\"><strong>2013<\/strong>: Adji Kui \u015f\u00e4herini\u0148 BMAC (b. e. \u00f6\u0148 2300-1700-nji \u00fdyllar aralygynda \u00f6sd\u00fcrilen, berk \u015f\u00e4herleri, monumental arhitekturasy, bezegli keramika we metal eserleri bilen tanal\u00fdan BMAC medeni\u00fdeti) me\u00fddan\u00e7asyny\u0148 gazuw-agtary\u015f i\u015fleri.<\/li>\n<li style=\"text-align: justify;\"><strong>2014<\/strong>-nji \u00fdyldan h\u00e4zirki wagta \u00e7enli: Togolok 1 me\u00fddan\u00e7asyny\u0148 gazuw-agtary\u015f i\u015fleri.<\/li>\n<li style=\"text-align: justify;\"><strong>2016<\/strong>: Suw resurslaryndan pe\u00fddalanmagy\u0148 strategi\u00fdalaryny \u00f6wrenmek \u00fc\u00e7in &#8220;Suwy dolandyrmak pro\u00fdekti&#8221; ba\u015flandy.<\/li>\n<li style=\"text-align: justify;\"><strong>2023<\/strong>: Togolok 1-i\u0148 demirgazyk depesinde barlag ge\u00e7irilip, Covid-19 pandemi\u00fdasy seb\u00e4pli s\u00e4ginilenden so\u0148 i\u015fler t\u00e4zeden dikeldildi.<\/li>\n<\/ol>\n<\/td>\n<\/tr>\n<tr>\n<td style=\"border: 2px solid #00aaff; text-align: justify;\"><img loading=\"lazy\" decoding=\"async\" class=\"img-fluid wp-image-5067\" src=\"https:\/\/ambashgabat.esteri.it\/wp-content\/uploads\/2025\/02\/IMG_2807-861x1024.jpeg\" alt=\"\" width=\"257\" height=\"306\" srcset=\"https:\/\/ambashgabat.esteri.it\/wp-content\/uploads\/2025\/02\/IMG_2807-861x1024.jpeg 861w, https:\/\/ambashgabat.esteri.it\/wp-content\/uploads\/2025\/02\/IMG_2807-252x300.jpeg 252w, https:\/\/ambashgabat.esteri.it\/wp-content\/uploads\/2025\/02\/IMG_2807-768x914.jpeg 768w, https:\/\/ambashgabat.esteri.it\/wp-content\/uploads\/2025\/02\/IMG_2807.jpeg 1179w\" sizes=\"auto, (max-width: 257px) 100vw, 257px\" \/><img loading=\"lazy\" decoding=\"async\" class=\"img-fluid wp-image-5089\" src=\"https:\/\/ambashgabat.esteri.it\/wp-content\/uploads\/2025\/02\/IMG_2816-1024x630.jpeg\" alt=\"\" width=\"314\" height=\"193\" srcset=\"https:\/\/ambashgabat.esteri.it\/wp-content\/uploads\/2025\/02\/IMG_2816-1024x630.jpeg 1024w, https:\/\/ambashgabat.esteri.it\/wp-content\/uploads\/2025\/02\/IMG_2816-300x184.jpeg 300w, https:\/\/ambashgabat.esteri.it\/wp-content\/uploads\/2025\/02\/IMG_2816-768x472.jpeg 768w, https:\/\/ambashgabat.esteri.it\/wp-content\/uploads\/2025\/02\/IMG_2816.jpeg 1179w\" sizes=\"auto, (max-width: 314px) 100vw, 314px\" \/><img loading=\"lazy\" decoding=\"async\" class=\"img-fluid wp-image-5100\" src=\"https:\/\/ambashgabat.esteri.it\/wp-content\/uploads\/2025\/02\/IMG_2812-900x1024.jpeg\" alt=\"\" width=\"269\" height=\"306\" srcset=\"https:\/\/ambashgabat.esteri.it\/wp-content\/uploads\/2025\/02\/IMG_2812-900x1024.jpeg 900w, https:\/\/ambashgabat.esteri.it\/wp-content\/uploads\/2025\/02\/IMG_2812-264x300.jpeg 264w, https:\/\/ambashgabat.esteri.it\/wp-content\/uploads\/2025\/02\/IMG_2812-768x874.jpeg 768w, https:\/\/ambashgabat.esteri.it\/wp-content\/uploads\/2025\/02\/IMG_2812.jpeg 1179w\" sizes=\"auto, (max-width: 269px) 100vw, 269px\" \/><\/td>\n<\/tr>\n<\/tbody>\n<\/table>\n<p>&nbsp;<\/p>\n<h3><\/h3>\n<p>&nbsp;<\/p>\n<p>&nbsp;<\/p>\n<p>&nbsp;<\/p>\n<p>&nbsp;<\/p>\n<p>Ultimo aggiornamento: 23 febbraio 2025<\/p>\n","protected":false},"excerpt":{"rendered":"&nbsp; T\u00fcrkmenistany\u0148 taryhy subutnamalaryny tapmak \u00fc\u00e7in otuz \u00fdyldan gowrak ital\u00fdan-t\u00fcrkmen arheologik missionerleri ge\u00e7iril\u00fd\u00e4r. 2024-nji \u00fdyly\u0148 10-njy dekabrynda T\u00fcrkmenistany\u0148 Medeni\u00fdet ministrligi tarapyndan Dr. Barbara Cerasetti we Prof. Karlo Lippolis eden go\u015fandy \u00fc\u00e7in sylaglandy. Medal t\u00fcrkmen \u015fahyry Magtymguly Pyragini\u0148 doglan g\u00fcn\u00fcni\u0148 300 \u00fdyllygy mynasybetli ge\u00e7iril\u00fd\u00e4r we 2025-nji \u00fdylda Kapitoli\u00fda muze\u00fdlerinde t\u00fcrkmen arheologi\u00fdasy bo\u00fdun\u00e7a uly sergi a\u00e7ylmagy bilen [&hellip;]","protected":false},"author":1,"featured_media":0,"parent":3820,"menu_order":4,"comment_status":"closed","ping_status":"closed","template":"","meta":{"footnotes":""},"class_list":["post-7499","page","type-page","status-publish","hentry"],"_links":{"self":[{"href":"https:\/\/ambashgabat.esteri.it\/tk\/wp-json\/wp\/v2\/pages\/7499","targetHints":{"allow":["GET"]}}],"collection":[{"href":"https:\/\/ambashgabat.esteri.it\/tk\/wp-json\/wp\/v2\/pages"}],"about":[{"href":"https:\/\/ambashgabat.esteri.it\/tk\/wp-json\/wp\/v2\/types\/page"}],"author":[{"embeddable":true,"href":"https:\/\/ambashgabat.esteri.it\/tk\/wp-json\/wp\/v2\/users\/1"}],"replies":[{"embeddable":true,"href":"https:\/\/ambashgabat.esteri.it\/tk\/wp-json\/wp\/v2\/comments?post=7499"}],"version-history":[{"count":2,"href":"https:\/\/ambashgabat.esteri.it\/tk\/wp-json\/wp\/v2\/pages\/7499\/revisions"}],"predecessor-version":[{"id":8922,"href":"https:\/\/ambashgabat.esteri.it\/tk\/wp-json\/wp\/v2\/pages\/7499\/revisions\/8922"}],"up":[{"embeddable":true,"href":"https:\/\/ambashgabat.esteri.it\/tk\/wp-json\/wp\/v2\/pages\/3820"}],"wp:attachment":[{"href":"https:\/\/ambashgabat.esteri.it\/tk\/wp-json\/wp\/v2\/media?parent=7499"}],"curies":[{"name":"wp","href":"https:\/\/api.w.org\/{rel}","templated":true}]}}