{"id":7491,"date":"2023-04-11T18:24:38","date_gmt":"2023-04-11T13:24:38","guid":{"rendered":"https:\/\/ambashgabat.esteri.it\/italia-e-turkmenistan\/diplomazia-culturale\/studiare-in-italia\/"},"modified":"2025-04-30T23:15:04","modified_gmt":"2025-04-30T18:15:04","slug":"studiare-in-italia","status":"publish","type":"page","link":"https:\/\/ambashgabat.esteri.it\/tk\/italia-e-turkmenistan\/diplomazia-culturale\/studiare-in-italia\/","title":{"rendered":"Studiare in Italia"},"content":{"rendered":"<p><img loading=\"lazy\" decoding=\"async\" class=\"alignnone size-full wp-image-812 img-fluid\" src=\"https:\/\/ambashgabat.esteri.it\/wp-content\/uploads\/2023\/12\/Senza-titolo.png\" alt=\"\" width=\"233\" height=\"100\" \/><\/p>\n<header class=\"entry-header\"><\/header>\n<div class=\"entry-content\">\n<h3><strong data-start=\"65\" data-end=\"184\">\u0130tali\u00fdany\u0148 H\u00f6k\u00fcmeti tarapyndan da\u015fary \u00fdurtly we da\u015fary \u00fdurtda \u00fda\u015fa\u00fdan ital\u00fdan talyplary \u00fc\u00e7in beril\u00fd\u00e4n stipendi\u00fdalar<\/strong><\/h3>\n<\/div>\n<p><strong>Italiyada okamak<\/strong><\/p>\n<p>2025-2026-njy okuw \u00fdyly \u00fc\u00e7in t\u00fcrkmen talyplaryna Itali\u00fdada okamaga ni\u00fdetlenen stipendi\u00fdalar bu \u00fdyl hem el\u00fdeterlidir.<\/p>\n<p>\u00c4hli maglumatlar \u015fu sahypalardan tapylyp bilner:<\/p>\n<p><a href=\"https:\/\/studyinitaly.esteri.it\/\">https:\/\/studyinitaly.esteri.it\/<\/a><\/p>\n<p><a href=\"https:\/\/www.esteri.it\/it\/opportunita\/borse-di-studio\/per-cittadini-stranieri\/borsestudio_stranieri\/\">https:\/\/www.esteri.it\/it\/opportunita\/borse-di-studio\/per-cittadini-stranieri\/borsestudio_stranieri\/<\/a>(MAECI \u2013 Itali\u00fdany\u0148 h\u00f6k\u00fcmetini\u0148 stipendi\u00fdasy b\u00f6l\u00fcmi)<\/p>\n<p><a href=\"https:\/\/ambashgabat.esteri.it\/\">https:\/\/ambashgabat.esteri.it<\/a><\/p>\n<p>Arzalar di\u0148e\u00a0<a href=\"https:\/\/studyinitaly.esteri.it\/\">https:\/\/studyinitaly.esteri.it<\/a>\u00a0arkaly kabul edil\u00fd\u00e4r.<\/p>\n<p>&nbsp;<\/p>\n<p>&nbsp;<\/p>\n<p>Arzalar 16-njy ma\u00fd g\u00fcni sagat\u00a0<strong>14:00-da (T\u00fcrkmenistanda sagat 17:00)<\/strong>\u00a0\u00e7enli tab\u015fyrylmalydyr. Itali\u00fdany\u0148 T\u00fcrkmenistandaky Il\u00e7ihanasy, \u00e4hli gyzyklan\u00fdanlara m\u00f6hletlere berk e\u00fdermelidigini \u00fdatlad\u00fdar.<\/p>\n<p>&nbsp;<\/p>\n","protected":false},"excerpt":{"rendered":"\u0130tali\u00fdany\u0148 H\u00f6k\u00fcmeti tarapyndan da\u015fary \u00fdurtly we da\u015fary \u00fdurtda \u00fda\u015fa\u00fdan ital\u00fdan talyplary \u00fc\u00e7in beril\u00fd\u00e4n stipendi\u00fdalar Italiyada okamak 2025-2026-njy okuw \u00fdyly \u00fc\u00e7in t\u00fcrkmen talyplaryna Itali\u00fdada okamaga ni\u00fdetlenen stipendi\u00fdalar bu \u00fdyl hem el\u00fdeterlidir. \u00c4hli maglumatlar \u015fu sahypalardan tapylyp bilner: https:\/\/studyinitaly.esteri.it\/ https:\/\/www.esteri.it\/it\/opportunita\/borse-di-studio\/per-cittadini-stranieri\/borsestudio_stranieri\/(MAECI \u2013 Itali\u00fdany\u0148 h\u00f6k\u00fcmetini\u0148 stipendi\u00fdasy b\u00f6l\u00fcmi) https:\/\/ambashgabat.esteri.it Arzalar di\u0148e\u00a0https:\/\/studyinitaly.esteri.it\u00a0arkaly kabul edil\u00fd\u00e4r. &nbsp; &nbsp; Arzalar 16-njy ma\u00fd g\u00fcni sagat\u00a014:00-da [&hellip;]","protected":false},"author":1,"featured_media":0,"parent":3820,"menu_order":2,"comment_status":"closed","ping_status":"closed","template":"","meta":{"footnotes":""},"class_list":["post-7491","page","type-page","status-publish","hentry"],"_links":{"self":[{"href":"https:\/\/ambashgabat.esteri.it\/tk\/wp-json\/wp\/v2\/pages\/7491","targetHints":{"allow":["GET"]}}],"collection":[{"href":"https:\/\/ambashgabat.esteri.it\/tk\/wp-json\/wp\/v2\/pages"}],"about":[{"href":"https:\/\/ambashgabat.esteri.it\/tk\/wp-json\/wp\/v2\/types\/page"}],"author":[{"embeddable":true,"href":"https:\/\/ambashgabat.esteri.it\/tk\/wp-json\/wp\/v2\/users\/1"}],"replies":[{"embeddable":true,"href":"https:\/\/ambashgabat.esteri.it\/tk\/wp-json\/wp\/v2\/comments?post=7491"}],"version-history":[{"count":4,"href":"https:\/\/ambashgabat.esteri.it\/tk\/wp-json\/wp\/v2\/pages\/7491\/revisions"}],"predecessor-version":[{"id":8916,"href":"https:\/\/ambashgabat.esteri.it\/tk\/wp-json\/wp\/v2\/pages\/7491\/revisions\/8916"}],"up":[{"embeddable":true,"href":"https:\/\/ambashgabat.esteri.it\/tk\/wp-json\/wp\/v2\/pages\/3820"}],"wp:attachment":[{"href":"https:\/\/ambashgabat.esteri.it\/tk\/wp-json\/wp\/v2\/media?parent=7491"}],"curies":[{"name":"wp","href":"https:\/\/api.w.org\/{rel}","templated":true}]}}