{"id":7482,"date":"2023-04-11T18:24:57","date_gmt":"2023-04-11T13:24:57","guid":{"rendered":"https:\/\/ambashgabat.esteri.it\/italia-e-turkmenistan\/diplomazia-culturale\/lingua-e-cultura-italiana\/"},"modified":"2025-03-25T14:40:53","modified_gmt":"2025-03-25T09:40:53","slug":"lingua-e-cultura-italiana","status":"publish","type":"page","link":"https:\/\/ambashgabat.esteri.it\/tk\/italia-e-turkmenistan\/diplomazia-culturale\/lingua-e-cultura-italiana\/","title":{"rendered":"Lingua e Cultura italiana"},"content":{"rendered":"<p><img loading=\"lazy\" decoding=\"async\" class=\"alignnone size-medium wp-image-839 img-fluid\" src=\"https:\/\/ambashgabat.esteri.it\/wp-content\/uploads\/2023\/12\/logo_sett_linguaita-300x116.jpg\" alt=\"\" width=\"300\" height=\"116\" srcset=\"https:\/\/ambashgabat.esteri.it\/wp-content\/uploads\/2023\/12\/logo_sett_linguaita-300x116.jpg 300w, https:\/\/ambashgabat.esteri.it\/wp-content\/uploads\/2023\/12\/logo_sett_linguaita-1024x396.jpg 1024w, https:\/\/ambashgabat.esteri.it\/wp-content\/uploads\/2023\/12\/logo_sett_linguaita-768x297.jpg 768w, https:\/\/ambashgabat.esteri.it\/wp-content\/uploads\/2023\/12\/logo_sett_linguaita.jpg 1133w\" sizes=\"auto, (max-width: 300px) 100vw, 300px\" \/><\/p>\n<p class=\"\" data-start=\"66\" data-end=\"112\"><strong data-start=\"66\" data-end=\"112\">\u0130talyan dilini\u0148 T\u00fcrkmenistanda \u00f6wredilmegi<\/strong><\/p>\n<p class=\"\" data-start=\"114\" data-end=\"660\">\u0130talyan dili 2008-nji \u00fdyldan b\u00e4ri &#8220;Magtymguly Pyragy&#8221; D\u00f6wlet Uniwersitetini\u0148 da\u015fary \u00fdurt diller we edebi\u00fdatlar fakultetini\u0148 Romano-german dilleri fakultedinde\u00a0 \u00f6wredil\u00fd\u00e4r. H\u00e4zirki wagtda bu \u00fderde 150 talyp ital\u00fdan dili we medeni\u00fdeti bo\u00fdun\u00e7a b\u00e4\u015f \u00fdyllyk okuw ge\u00e7ir\u00fd\u00e4r. Ital\u00fdan dili sapaklaryny\u0148 biri,\u00a0 ENI T\u00fcrkmenistany tarapyndan goldan\u00fdan, dili\u0148 ulanyjysy,\u00a0 ital\u00fdan mugallymy tarapyndan \u00f6wredil\u00fd\u00e4r. Magtymguly adyndaky T\u00fcrkmen D\u00f6wlet uniwersitetinde, uniwersitedi\u0148 \u00f6z\u00fcnden u\u00e7urym bolan mugallymlar hem\u00a0 ital\u00fdan dilini \u00f6wred\u00fd\u00e4rler.<\/p>\n<p class=\"\" data-start=\"662\" data-end=\"965\">2017-nji \u00fdyly\u0148 sent\u00fdabryndan ba\u015flap, A\u015fgabady\u0148 Halkara Ynsanperwer Ylymlary we \u00d6s\u00fc\u015f&#8221; uniwersitetinde birinji \u00fdyl talyplary bilen i\u015f alyp bar\u00fdan ikinji ital\u00fdan dilli mugallym, Itali\u00fdany\u0148 H\u00f6k\u00fcmeti tarapyndan goldanyp, itali\u00fdany\u0148 dili we medeni\u00fdeti bo\u00fdun\u00e7a okuw bermekde go\u015fant go\u015f\u00fdar.<\/p>\n<p data-start=\"972\" data-end=\"1008\">\n<p class=\"\" data-start=\"972\" data-end=\"1008\"><strong data-start=\"972\" data-end=\"1008\">T\u00fcrkmenistanda Itali\u00fdan Kinomatografi\u00fdasy<\/strong><\/p>\n<p class=\"\" data-start=\"1010\" data-end=\"1132\">Itali\u00fdany\u0148 kino senagaty, hususan-da klassiki filmleri T\u00fcrkmenistanda gi\u0148den tana\u00fdarlar we \u00fdokary baha beril\u00fd\u00e4r.<\/p>\n<p class=\"\" data-start=\"1134\" data-end=\"1557\">2023-nji \u00fdyly\u0148 28-nji okt\u00fdabrynda, d\u00fcn\u00fd\u00e4ni\u0148 \u00e4hli \u00fderind\u00e4ki Itali\u00fdany\u0148 diplomatik we konsullyk torlary tarapyndan gural\u00fdan &#8220;Fare Cinema&#8221; sergisini\u0148 \u00e7\u00e4klerinde, Itali\u00fdany\u0148 A\u015fgabatdaky Il\u00e7ihanasy, ekonomiki dolany\u015fygy\u0148 esasy bolan zatlary\u0148 we materiallary\u0148 ga\u00fdtadan ulanylmagy arkaly durnuklylyk temasyna bagy\u015flanan &#8220;Trash&#8221; (ital\u00fdan re\u017eiss\u00fdorlary Luca Della Grotta we Francesco Dafano tarapyndan) animasi\u00fda filmini g\u00f6rkezdi.<\/p>\n<p>&nbsp;<\/p>\n<p>&nbsp;<\/p>\n<p>&nbsp;<\/p>\n<p>&nbsp;<\/p>\n<p>&nbsp;<\/p>\n<p>&nbsp;<\/p>\n<p>&nbsp;<\/p>\n<p>&nbsp;<\/p>\n<p>&nbsp;<\/p>\n<p>&nbsp;<\/p>\n<p>&nbsp;<\/p>\n<p>So\u0148ky t\u00e4zelenen: 2024-nji \u00fdyly\u0148 1-nji marty<\/p>\n","protected":false},"excerpt":{"rendered":"\u0130talyan dilini\u0148 T\u00fcrkmenistanda \u00f6wredilmegi \u0130talyan dili 2008-nji \u00fdyldan b\u00e4ri &#8220;Magtymguly Pyragy&#8221; D\u00f6wlet Uniwersitetini\u0148 da\u015fary \u00fdurt diller we edebi\u00fdatlar fakultetini\u0148 Romano-german dilleri fakultedinde\u00a0 \u00f6wredil\u00fd\u00e4r. H\u00e4zirki wagtda bu \u00fderde 150 talyp ital\u00fdan dili we medeni\u00fdeti bo\u00fdun\u00e7a b\u00e4\u015f \u00fdyllyk okuw ge\u00e7ir\u00fd\u00e4r. Ital\u00fdan dili sapaklaryny\u0148 biri,\u00a0 ENI T\u00fcrkmenistany tarapyndan goldan\u00fdan, dili\u0148 ulanyjysy,\u00a0 ital\u00fdan mugallymy tarapyndan \u00f6wredil\u00fd\u00e4r. Magtymguly adyndaky T\u00fcrkmen [&hellip;]","protected":false},"author":1,"featured_media":7485,"parent":3820,"menu_order":1,"comment_status":"closed","ping_status":"closed","template":"","meta":{"footnotes":""},"class_list":["post-7482","page","type-page","status-publish","has-post-thumbnail","hentry"],"_links":{"self":[{"href":"https:\/\/ambashgabat.esteri.it\/tk\/wp-json\/wp\/v2\/pages\/7482","targetHints":{"allow":["GET"]}}],"collection":[{"href":"https:\/\/ambashgabat.esteri.it\/tk\/wp-json\/wp\/v2\/pages"}],"about":[{"href":"https:\/\/ambashgabat.esteri.it\/tk\/wp-json\/wp\/v2\/types\/page"}],"author":[{"embeddable":true,"href":"https:\/\/ambashgabat.esteri.it\/tk\/wp-json\/wp\/v2\/users\/1"}],"replies":[{"embeddable":true,"href":"https:\/\/ambashgabat.esteri.it\/tk\/wp-json\/wp\/v2\/comments?post=7482"}],"version-history":[{"count":3,"href":"https:\/\/ambashgabat.esteri.it\/tk\/wp-json\/wp\/v2\/pages\/7482\/revisions"}],"predecessor-version":[{"id":7489,"href":"https:\/\/ambashgabat.esteri.it\/tk\/wp-json\/wp\/v2\/pages\/7482\/revisions\/7489"}],"up":[{"embeddable":true,"href":"https:\/\/ambashgabat.esteri.it\/tk\/wp-json\/wp\/v2\/pages\/3820"}],"wp:featuredmedia":[{"embeddable":true,"href":"https:\/\/ambashgabat.esteri.it\/tk\/wp-json\/wp\/v2\/media\/7485"}],"wp:attachment":[{"href":"https:\/\/ambashgabat.esteri.it\/tk\/wp-json\/wp\/v2\/media?parent=7482"}],"curies":[{"name":"wp","href":"https:\/\/api.w.org\/{rel}","templated":true}]}}