{"id":7452,"date":"2024-03-04T11:03:44","date_gmt":"2024-03-04T06:03:44","guid":{"rendered":"https:\/\/ambashgabat.esteri.it\/italia-e-turkmenistan\/diplomazia-economica\/arkadag-la-smart-city-del-futuro\/"},"modified":"2025-03-25T14:14:37","modified_gmt":"2025-03-25T09:14:37","slug":"arkadag-la-smart-city-del-futuro","status":"publish","type":"page","link":"https:\/\/ambashgabat.esteri.it\/tk\/italia-e-turkmenistan\/diplomazia-economica\/arkadag-la-smart-city-del-futuro\/","title":{"rendered":"Gelejegi\u0148 akylly \u015f\u00e4heri- Arkadag"},"content":{"rendered":"<p><img loading=\"lazy\" decoding=\"async\" class=\"alignnone size-medium wp-image-2241 img-fluid\" src=\"https:\/\/ambashgabat.esteri.it\/wp-content\/uploads\/2024\/03\/230523-027PR-300x225.jpg\" alt=\"\" width=\"300\" height=\"225\" srcset=\"https:\/\/ambashgabat.esteri.it\/wp-content\/uploads\/2024\/03\/230523-027PR-300x225.jpg 300w, https:\/\/ambashgabat.esteri.it\/wp-content\/uploads\/2024\/03\/230523-027PR.jpg 736w\" sizes=\"auto, (max-width: 300px) 100vw, 300px\" \/><\/p>\n<p>Arkadag \u015f\u00e4heri Ahal wela\u00fdatyny\u0148 g\u00fcnortasynda \u00fderle\u015f\u00fd\u00e4n t\u00e4ze \u015f\u00e4her bolup, A\u015fgabatdan 30 km uzaklykda, E\u00fdrany\u0148 serhedinde \u00fderle\u015f\u00fd\u00e4r.<br \/>\nAkylly \u015f\u00e4heri\u0148 a\u00e7yly\u015f dabarasy 2023-nji \u00fdyly\u0148 29-njy i\u00fdunynda Prezident Serdar Berdymuhamedowy\u0148 gatna\u015fmagynda bolup, \u00fdurdu\u0148 Milli Lideri Gurbanguly Berdimuhamedowa halky\u0148 arasyndaky adyna bagy\u015flanyp &#8220;Arkadag&#8221; (\u00fdagny manysy bo\u00fdun\u00e7a -gorag\u00e7y) bolup ge\u00e7di.<\/p>\n<p class=\"\" data-start=\"64\" data-end=\"320\">T\u00e4ze \u015f\u00e4heri\u0148 gurlu\u015fygy, 73,000 \u00fda\u015fa\u00fdjy \u00fderle\u015ftirm\u00e4ge ni\u00fdetlenen we 3,3 milliard dollara barabar boldy. \u00d6\u0148\u00fcmizd\u00e4ki \u00fdyllarda \u015f\u00e4heri has hem gi\u0148eltmek we onu\u0148 ilatyny has-da k\u00f6peltmek hem me\u00fdille\u015fdiril\u00fd\u00e4r.<\/p>\n<p class=\"\" data-start=\"64\" data-end=\"320\">Arkadag \u015f\u00e4herind\u00e4ki \u00e4hli binalar ak re\u0148kde bolup, \u00e4hli \u00fda\u015fa\u00fdy\u015f ja\u00fdlaryny\u0148 be\u00fdikligi \u00fdedi gatdan ybarat bolup, bu san t\u00fcrkmenler \u00fc\u00e7in ugurly san.<\/p>\n<p class=\"\" data-start=\"43\" data-end=\"350\">\u015e\u00e4heri\u0148 ikinji \u00f6s\u00fc\u015f tapgyry geljekki \u00fc\u00e7 \u00fdyly\u0148 dowamynda amala a\u015fyrylmagy we 2027-nji \u00fdylda tamamlanmagy me\u00fdille\u015fdiril\u00fd\u00e4r. \u015e\u00e4heri\u0148 i\u00e7inde azyk, senagat, derman we lukman\u00e7ylyk \u00f6n\u00fcmleri \u00f6nd\u00fcrmek \u00fc\u00e7in hyzmat we \u00f6n\u00fcm\u00e7ilik desgalary gurul\u00fdar.\u00a0 \u015e\u00e4herde takmynan 70.000 ma\u015fgalany\u0148 \u00fda\u015famagy me\u00fdille\u015fdiril\u00fd\u00e4r, umumy ilat bolsa takmynan 300.000 adam bolar.<\/p>\n<p class=\"\" data-start=\"352\" data-end=\"663\">\u015e\u00e4her \u00fda\u015fa\u00fdjylary ekologi\u00fda ta\u00fddan arassa \u015f\u00e4her ulaglary \u2013 elektrikli awtobuslar we elektrikli awtoulaglary, \u015fe\u00fdle hem &#8220;akylly&#8221; awtoulag duralgalary,\u00a0 g\u00fcne\u015f panelleri we \u015femal generatorlary we be\u00fdleki ekologi\u00fda babatynda pe\u00fddally desgalar gurnlamagy me\u00fdille\u015fdiril\u00fd\u00e4r. H\u00e4zirki wagtda \u201cArkadag\u201d telekanaly, gazeti we futbol topary d\u00f6redildi.<\/p>\n<p><img loading=\"lazy\" decoding=\"async\" class=\"alignnone wp-image-2247 img-fluid\" src=\"https:\/\/ambashgabat.esteri.it\/wp-content\/uploads\/2024\/03\/City-1-300x190.jpg\" alt=\"\" width=\"316\" height=\"200\" srcset=\"https:\/\/ambashgabat.esteri.it\/wp-content\/uploads\/2024\/03\/City-1-300x190.jpg 300w, https:\/\/ambashgabat.esteri.it\/wp-content\/uploads\/2024\/03\/City-1-1024x647.jpg 1024w, https:\/\/ambashgabat.esteri.it\/wp-content\/uploads\/2024\/03\/City-1-768x485.jpg 768w, https:\/\/ambashgabat.esteri.it\/wp-content\/uploads\/2024\/03\/City-1.jpg 1200w\" sizes=\"auto, (max-width: 316px) 100vw, 316px\" \/><\/p>\n<p>Di seguito la descrizione di Arkadag Smart City, a cura del Programma delle Nazioni Unite per gli insediamenti umani (ONU \u2013 Habitat).<\/p>\n<p>Il progetto Arkadag Smart City \u00e8 un\u2019iniziativa visionaria volta a guidare lo sviluppo sostenibile e promuovere un ecosistema urbano tecnologicamente avanzato, rispettoso dell\u2019ambiente e socialmente inclusivo. Radicato negli Obiettivi di sviluppo sostenibile (SDG) delle Nazioni Unite, questo impegno innovativo cerca di affrontare le sfide globali creando al tempo stesso un modello per le citt\u00e0 intelligenti del futuro. Al centro del progetto Arkadag Smart City c\u2019\u00e8 un forte impegno del governo del Turkmenistan nel promuovere l\u2019urbanizzazione sostenibile, l\u2019efficienza delle risorse e una migliore qualit\u00e0 della vita per tutti i residenti. Il progetto sfrutta tecnologie all\u2019avanguardia, processi decisionali basati sui dati e coinvolgimento della comunit\u00e0 per garantire un approccio olistico ed equilibrato allo sviluppo urbano.<\/p>\n<p>A\u015fakda Arkadagy\u0148 &#8220;Akylly \u015f\u00e4her&#8221; be\u00fdany, bu adamlar \u00fc\u00e7in milli maksatnama (ONU &#8211; Habitat).<\/p>\n<p>\u201cArkadag- Akylly \u015f\u00e4her\u201d taslamasy, durnukly \u00f6s\u00fc\u015fi \u00fcpj\u00fcn etmek we tehnologiki ta\u00fddan \u00f6sen, ekologi\u00fda ta\u00fddan arassa we sosial ta\u00fddan \u00f6z i\u00e7ine al\u00fdan \u015f\u00e4her ekosistemasyny \u00f6\u0148e s\u00fcrmek \u00fc\u00e7in ni\u00fdetlenen ba\u015flangy\u00e7dyr. Birle\u015fen Milletler Guramasyny\u0148 Durnukly \u00d6s\u00fc\u015f Maksatlaryndan (SDG) g\u00f6zba\u015f alyp ga\u00fdd\u00fdan bu innowasi\u00fda, geljekd\u00e4ki akylly \u015f\u00e4herler \u00fc\u00e7in me\u00fdilnama d\u00f6retmek bilen bir hatarda global kyn\u00e7ylyklary \u00e7\u00f6zm\u00e4ge synany\u015f\u00fdar. \u201cArkadag- Akylly \u015f\u00e4her\u201d\u00a0 taslamasyny\u0148 merkezinde T\u00fcrkmenistan h\u00f6k\u00fcmetini\u0148 durnukly \u015f\u00e4herle\u015fmegi, \u00e7e\u015fmeleri\u0148 netijeliligini we \u00e4hli \u00fda\u015fa\u00fdjylar \u00fc\u00e7in has gowy durmu\u015f derejesini \u00fdokarlandyrmak ugrundaky berk ygrarlylygy dur\u00fdar. Bu taslama \u00fdokary dereje tehnologi\u00fdalary ulanmagy, \u00e4hli \u015f\u00e4her \u00f6s\u00fc\u015finde bitewi \u00e7emele\u015fm\u00e4ni we de\u0148agramlylygy \u00fcpj\u00fcn etmek \u00fc\u00e7in maglumatlaryna we jemgy\u00fdeti\u0148 gatna\u015fmagyna esaslanyp karar bermegi me\u00fdille\u015fdir\u00fd\u00e4r.<\/p>\n<p>Esasy maksatlar:<\/p>\n<p>1. Da\u015fky gur\u015fawy\u0148 durnuklylygy: \u201cArkadag- Akylly \u015f\u00e4her&#8221; ekologi\u00fda ta\u00fddan arassa amallara we seri\u015fdeleri\u0148 durnukly dolandyrmagyna \u00fcns ber\u00fd\u00e4r. T\u00e4zelenip bil\u00fd\u00e4n energi\u00fdalary\u0148 integrasi\u00fdasy, termo-energi\u00fda taslamalary, netijeli umumy ulag we bio gurlu\u015fyk taslamalary arkaly, uglerody\u0148 yzyny we da\u015fky gur\u015fawa t\u00e4sirini ep-esli azaltmagy maksat edin\u00fd\u00e4r.<\/p>\n<p>2. D\u00f6wlet \u00f6s\u00fc\u015fi we sosial de\u0148lik: Sosial de\u0148lik, bu taslamany\u0148 ba\u015f \u00fd\u00f6relgelerini\u0148 biri bolup jemgy\u00fdeti\u0148 \u00e4hli gatlaklaryny\u0148 \u015f\u00e4heri\u0148 \u00f6s\u00fc\u015finden pe\u00fdda bolmagyny \u00fcpj\u00fcn ed\u00fd\u00e4r. Arzan bahaly \u00fda\u015fa\u00fdy\u015f ja\u00fdlary, el\u00fdeterli infrastruktura, saglygy gora\u00fdy\u015f we bilim m\u00fcmkin\u00e7iligi, jemgy\u00fdeti\u0148 agzybirligini \u00f6sd\u00fcrmek we umumy saglygy gowulandyrmak \u00fc\u00e7in m\u00f6h\u00fcm komponentlerdir.<\/p>\n<p>3. Tehnologik \u00f6s\u00fc\u015f: Arkadag \u015f\u00e4heri \u00fdokary tehnologi\u00fdadan pe\u00fddalanyp,\u00a0 IoT-i (zatlary\u0148 interneti), AI -i(emeli akyl) we maglumatlary\u0148 analizini \u015f\u00e4her hyzmatlaryny optimizirlemek \u00fc\u00e7in birle\u015fdir\u00fd\u00e4r. Akylly ulgamlar, ulag g\u00f6zeg\u00e7ilik ulgamlary we \u00f6\u0148\u00fcnden habar beri\u015f hyzmatlary, netijeliligi \u00fdokarlandyrmak we energi\u00fda sarp edili\u015fini azaltmak \u00fc\u00e7in orna\u015fdyryl\u00fdar.<\/p>\n<p>4. Ykdysady diwersifikasi\u00fda we i\u015f orunlaryny d\u00f6retmek: Bu taslama ma\u00fda go\u00fdumlaryny \u00f6z\u00fcne \u00e7ekmeklige we ykdysady diwersifikasi\u00fdany \u00f6sd\u00fcrmegi, \u015fe\u00fdlelik bilen innowasi\u00fdany we teleke\u00e7iligi \u00f6sd\u00fcrmegi maksat edin\u00fd\u00e4r. Arassa energi\u00fda, sanly tehnologi\u00fda we durnukly oba hojalygy \u00fdaly pudaklary \u00f6sd\u00fcrmek bilen \u015f\u00e4her ykdysady \u00f6s\u00fc\u015f we i\u015f m\u00fcmkin\u00e7iligi merkezine \u00f6wr\u00fcl\u00fd\u00e4r.<\/p>\n<p>5. <span class=\"jCAhz JpY6Fd\"><span class=\"ryNqvb\">\u00a0Jemgy\u00fdeti\u0148 gatna\u015fygy.<\/span><\/span> Karar bermegi kabul etm\u00e4ne k\u00f6mek ed\u00fd\u00e4n <span class=\"jCAhz JpY6Fd\"><span class=\"ryNqvb\">inkl\u00fdusiwlik prosesi \u00fda\u015fa\u00fdjylara \u015f\u00e4heri\u0148 \u00f6s\u00fc\u015fini emele getirm\u00e4ge i\u015fje\u0148 gatna\u015fmaga m\u00fcmkin\u00e7ilik ber\u00fd\u00e4r.<\/span><\/span> <span class=\"jCAhz JpY6Fd\"><span class=\"ryNqvb\">\u015e\u00e4her h\u00e4kimligini\u0148 yzygiderli \u00fdygnaklary, ra\u00fdatlary\u0148 pikir aly\u015fma mehanizmleri we sanly platformalar dolandyry\u015fa a\u00e7-a\u00e7an we gatna\u015fmagy \u00fcpj\u00fcn ed\u00fd\u00e4r.<\/span><\/span><\/p>\n<p><span class=\"jCAhz ChMk0b\"><span class=\"ryNqvb\">6. Dowamlylyk we betbagt\u00e7ylyklar bilen g\u00f6re\u015fmek.<\/span><\/span> <span class=\"jCAhz ChMk0b\"><span class=\"ryNqvb\">Ba\u015fa gelip biljek howplardan goranmak \u00fc\u00e7in Arkadag \u015f\u00e4heri bolup bil\u00e4\u00fdjek betbagt\u00e7ylyga ta\u00fdynlyk \u00e7\u00e4relerini g\u00f6r\u00fd\u00e4rler.<\/span><\/span> <span class=\"jCAhz ChMk0b\"><span class=\"ryNqvb\">\u015e\u00e4heri we onu\u0148 \u00fda\u015fa\u00fdjylaryny howply wakalardan goramak \u00fc\u00e7in howany\u0148 \u00fc\u00fdtgemegine u\u00fdgunla\u015fmak strategi\u00fdalary, irki du\u00fddury\u015f ulgamlary we \u00e7ydamly infrastruktura durmu\u015fa ge\u00e7iril\u00fd\u00e4r. <\/span><\/span><\/p>\n<p>7. Gizlinlik we maglumat howpsuzlygy. Maglumatlary\u0148 gizlinligini\u0148 \u00e4hmi\u00fdetine g\u00f6z \u00fdetirip, Arkadag \u015f\u00e4heri taslamasy \u015fahsy maglumatlary goramak we m\u00f6h\u00fcm maglumatlary\u0148 gizlinligini \u00fcpj\u00fcn etmek \u00fc\u00e7in ygtybarly kiberhowpsuzlyk \u00e7\u00e4relerini ileri tut\u00fdar.\u00a0 Arkadag \u015f\u00e4heri taslamasy, d\u00fcn\u00fd\u00e4ni\u0148 be\u00fdleki \u015f\u00e4her merkezlerine umyt we ylham \u015fam\u00e7yragy bolup hyzmat ed\u00fd\u00e4r, akylly, dowamly we inkl\u00fduziw \u015f\u00e4herleri\u0148 di\u0148e m\u00fcmkin bolman, e\u00fdsem has gowy gelejek \u00fc\u00e7in zerurdygyny g\u00f6rkez\u00fd\u00e4r. Hyzmatda\u015flygy we bilim pa\u00fdla\u015fmagy h\u00f6weslendirmek bilen, taslama Durnukly \u00f6s\u00fc\u015f maksatlaryna \u00fdetmek we global durnukly \u00f6s\u00fc\u015fi\u0148 t\u00e4ze e\u00fd\u00fdamyny ba\u015flatmak \u00fc\u00e7in m\u00f6h\u00fcm go\u015fant go\u015fmagy maksat edin\u00fd\u00e4r.<\/p>\n<p>&nbsp;<\/p>\n<p>&nbsp;<\/p>\n<p>&nbsp;<\/p>\n<p>&nbsp;<\/p>\n<p>&nbsp;<\/p>\n<p>&nbsp;<\/p>\n<p>&nbsp;<\/p>\n<p>&nbsp;<\/p>\n<p>&nbsp;<\/p>\n<p>&nbsp;<\/p>\n<p>&nbsp;<\/p>\n<p>&nbsp;<\/p>\n<p>&nbsp;<\/p>\n<p>&nbsp;<\/p>\n<p>&nbsp;<\/p>\n<p>&nbsp;<\/p>\n<p>&nbsp;<\/p>\n<p>&nbsp;<\/p>\n<p>Ultimo aggiornamento: 1 marzo 2024<\/p>\n","protected":false},"excerpt":{"rendered":"Arkadag \u015f\u00e4heri Ahal wela\u00fdatyny\u0148 g\u00fcnortasynda \u00fderle\u015f\u00fd\u00e4n t\u00e4ze \u015f\u00e4her bolup, A\u015fgabatdan 30 km uzaklykda, E\u00fdrany\u0148 serhedinde \u00fderle\u015f\u00fd\u00e4r. Akylly \u015f\u00e4heri\u0148 a\u00e7yly\u015f dabarasy 2023-nji \u00fdyly\u0148 29-njy i\u00fdunynda Prezident Serdar Berdymuhamedowy\u0148 gatna\u015fmagynda bolup, \u00fdurdu\u0148 Milli Lideri Gurbanguly Berdimuhamedowa halky\u0148 arasyndaky adyna bagy\u015flanyp &#8220;Arkadag&#8221; (\u00fdagny manysy bo\u00fdun\u00e7a -gorag\u00e7y) bolup ge\u00e7di. T\u00e4ze \u015f\u00e4heri\u0148 gurlu\u015fygy, 73,000 \u00fda\u015fa\u00fdjy \u00fderle\u015ftirm\u00e4ge ni\u00fdetlenen we 3,3 milliard [&hellip;]","protected":false},"author":6,"featured_media":0,"parent":3819,"menu_order":8,"comment_status":"closed","ping_status":"closed","template":"","meta":{"footnotes":""},"class_list":["post-7452","page","type-page","status-publish","hentry"],"_links":{"self":[{"href":"https:\/\/ambashgabat.esteri.it\/tk\/wp-json\/wp\/v2\/pages\/7452","targetHints":{"allow":["GET"]}}],"collection":[{"href":"https:\/\/ambashgabat.esteri.it\/tk\/wp-json\/wp\/v2\/pages"}],"about":[{"href":"https:\/\/ambashgabat.esteri.it\/tk\/wp-json\/wp\/v2\/types\/page"}],"author":[{"embeddable":true,"href":"https:\/\/ambashgabat.esteri.it\/tk\/wp-json\/wp\/v2\/users\/6"}],"replies":[{"embeddable":true,"href":"https:\/\/ambashgabat.esteri.it\/tk\/wp-json\/wp\/v2\/comments?post=7452"}],"version-history":[{"count":3,"href":"https:\/\/ambashgabat.esteri.it\/tk\/wp-json\/wp\/v2\/pages\/7452\/revisions"}],"predecessor-version":[{"id":7480,"href":"https:\/\/ambashgabat.esteri.it\/tk\/wp-json\/wp\/v2\/pages\/7452\/revisions\/7480"}],"up":[{"embeddable":true,"href":"https:\/\/ambashgabat.esteri.it\/tk\/wp-json\/wp\/v2\/pages\/3819"}],"wp:attachment":[{"href":"https:\/\/ambashgabat.esteri.it\/tk\/wp-json\/wp\/v2\/media?parent=7452"}],"curies":[{"name":"wp","href":"https:\/\/api.w.org\/{rel}","templated":true}]}}