{"id":7445,"date":"2024-03-04T11:53:25","date_gmt":"2024-03-04T06:53:25","guid":{"rendered":"https:\/\/ambashgabat.esteri.it\/italia-e-turkmenistan\/diplomazia-economica\/settore-tessile\/"},"modified":"2025-08-05T13:00:43","modified_gmt":"2025-08-05T08:00:43","slug":"settore-tessile","status":"publish","type":"page","link":"https:\/\/ambashgabat.esteri.it\/tk\/italia-e-turkmenistan\/diplomazia-economica\/settore-tessile\/","title":{"rendered":"Tekstil pudagy"},"content":{"rendered":"<p><img loading=\"lazy\" decoding=\"async\" class=\"alignnone size-medium wp-image-2307 img-fluid\" src=\"https:\/\/ambashgabat.esteri.it\/wp-content\/uploads\/2024\/03\/1758_Turkm_7_8_2017_Econ-300x200.jpg\" alt=\"\" width=\"300\" height=\"200\" srcset=\"https:\/\/ambashgabat.esteri.it\/wp-content\/uploads\/2024\/03\/1758_Turkm_7_8_2017_Econ-300x200.jpg 300w, https:\/\/ambashgabat.esteri.it\/wp-content\/uploads\/2024\/03\/1758_Turkm_7_8_2017_Econ.jpg 600w\" sizes=\"auto, (max-width: 300px) 100vw, 300px\" \/><\/p>\n<p>\u00dcst\u00fcnde i\u015flenil\u00fd\u00e4r<\/p>\n<p>&nbsp;<\/p>\n<p>&nbsp;<\/p>\n<p>&nbsp;<\/p>\n<p>&nbsp;<\/p>\n<p>&nbsp;<\/p>\n<p>&nbsp;<\/p>\n<p>&nbsp;<\/p>\n<p>&nbsp;<\/p>\n<p>&nbsp;<\/p>\n<p>&nbsp;<\/p>\n<p>&nbsp;<\/p>\n<p>&nbsp;<\/p>\n<p>&nbsp;<\/p>\n<p>&nbsp;<\/p>\n<p>&nbsp;<\/p>\n<p>&nbsp;<\/p>\n<p>&nbsp;<\/p>\n<p>&nbsp;<\/p>\n<p>So\u0148ky t\u00e4zelenen senesi: 15.04.2024<\/p>\n","protected":false},"excerpt":{"rendered":"\u00dcst\u00fcnde i\u015flenil\u00fd\u00e4r &nbsp; &nbsp; &nbsp; &nbsp; &nbsp; &nbsp; &nbsp; &nbsp; &nbsp; &nbsp; &nbsp; &nbsp; &nbsp; &nbsp; &nbsp; &nbsp; &nbsp; &nbsp; So\u0148ky t\u00e4zelenen senesi: 15.04.2024","protected":false},"author":6,"featured_media":0,"parent":3819,"menu_order":7,"comment_status":"closed","ping_status":"closed","template":"","meta":{"footnotes":""},"class_list":["post-7445","page","type-page","status-publish","hentry"],"_links":{"self":[{"href":"https:\/\/ambashgabat.esteri.it\/tk\/wp-json\/wp\/v2\/pages\/7445","targetHints":{"allow":["GET"]}}],"collection":[{"href":"https:\/\/ambashgabat.esteri.it\/tk\/wp-json\/wp\/v2\/pages"}],"about":[{"href":"https:\/\/ambashgabat.esteri.it\/tk\/wp-json\/wp\/v2\/types\/page"}],"author":[{"embeddable":true,"href":"https:\/\/ambashgabat.esteri.it\/tk\/wp-json\/wp\/v2\/users\/6"}],"replies":[{"embeddable":true,"href":"https:\/\/ambashgabat.esteri.it\/tk\/wp-json\/wp\/v2\/comments?post=7445"}],"version-history":[{"count":2,"href":"https:\/\/ambashgabat.esteri.it\/tk\/wp-json\/wp\/v2\/pages\/7445\/revisions"}],"predecessor-version":[{"id":7449,"href":"https:\/\/ambashgabat.esteri.it\/tk\/wp-json\/wp\/v2\/pages\/7445\/revisions\/7449"}],"up":[{"embeddable":true,"href":"https:\/\/ambashgabat.esteri.it\/tk\/wp-json\/wp\/v2\/pages\/3819"}],"wp:attachment":[{"href":"https:\/\/ambashgabat.esteri.it\/tk\/wp-json\/wp\/v2\/media?parent=7445"}],"curies":[{"name":"wp","href":"https:\/\/api.w.org\/{rel}","templated":true}]}}