{"id":7426,"date":"2024-03-04T11:35:16","date_gmt":"2024-03-04T06:35:16","guid":{"rendered":"https:\/\/ambashgabat.esteri.it\/italia-e-turkmenistan\/diplomazia-economica\/settore-agromeccanica\/"},"modified":"2025-03-25T09:58:10","modified_gmt":"2025-03-25T04:58:10","slug":"settore-agromeccanica","status":"publish","type":"page","link":"https:\/\/ambashgabat.esteri.it\/tk\/italia-e-turkmenistan\/diplomazia-economica\/settore-agromeccanica\/","title":{"rendered":"Oba-hojalyk we gaplama pudagy"},"content":{"rendered":"<p><img loading=\"lazy\" decoding=\"async\" class=\"alignnone size-medium wp-image-2315 img-fluid\" src=\"https:\/\/ambashgabat.esteri.it\/wp-content\/uploads\/2024\/03\/2157_Econ_1_2_2021-300x200.jpg\" alt=\"\" width=\"300\" height=\"200\" srcset=\"https:\/\/ambashgabat.esteri.it\/wp-content\/uploads\/2024\/03\/2157_Econ_1_2_2021-300x200.jpg 300w, https:\/\/ambashgabat.esteri.it\/wp-content\/uploads\/2024\/03\/2157_Econ_1_2_2021.jpg 600w\" sizes=\"auto, (max-width: 300px) 100vw, 300px\" \/><\/p>\n<p>T\u00fcrkmenistanda jemi i\u00e7erki \u00f6n\u00fcmi\u0148 \u00f6s\u00fc\u015f depgini \u00fdylda 6% -den \u00fdokary bolup has hususyla\u015fdyrylan ykdysady\u00fdete we \u00f6nd\u00fcrijiligi\u0148 \u00fdokarlanmagyna ge\u00e7\u00fd\u00e4r. Oba hojalygy we azyk \u00f6n\u00fcm\u00e7iligi pudagy eksport m\u00fcmkin\u00e7iliklerini d\u00f6retm\u00e4ne m\u00f6h\u00fcm potensiala e\u00fdedir. Bu pudaklarda ital\u00fdan \u00f6n\u00fcmlerini\u0148 (Itali\u00fdada \u00f6nd\u00fcrilen) \u00f6n\u00fcm\u00e7iligini\u0148 \u00fdakyn \u00fdyllarda has-da \u00fdokarlanmagyna gara\u015fyl\u00fdan t\u00e4jir\u00e7ilik kanalyny a\u00e7mak \u00fc\u00e7in bazar pa\u00fdyny almak \u00fc\u00e7in m\u00f6h\u00fcm d\u00f6w\u00fcrdir.<\/p>\n<p>Bu amallar, hususyla\u015fdyrmaga, diwersifikasi\u00fda we \u00fderli \u00f6n\u00fcm\u00e7ilige goldawy\u0148 g\u00fc\u00fd\u00e7li itergi bol\u00fdanlygy seb\u00e4pli pudaga ep-esli derejede t\u00e4sir ed\u00fd\u00e4r we so\u0148ky \u00fdyllarda\u00a0 oba-hojalygyny\u0148 \u00f6n\u00fcm\u00e7iligini\u0148 ep-esli \u00fdokarlanmagyna getirdi. Ge\u00e7i\u015f, importy\u0148 ornuny tutmak we eksporty\u0148 \u00fdokarlanmagyna iki tarapla\u00fdyn \u00fcns bermek bilen, sanlyla\u015fdyrma we tehnologiki innowasi\u00fdalary go\u015fmak bilen senagatla\u015fmagy golda\u00fdan m\u00f6h\u00fcm d\u00f6wlet ma\u00fda go\u00fdum maksatnamalary bilen bilelikde alnyp baryl\u00fdar. Bu maksada \u00fdetmek \u00fc\u00e7in \u00f6n\u00fcm\u00e7ilik prosesleri halkara saglyk we hil standartlaryna la\u00fdyk gelm\u00e4ge, logistika infrastrukturasyny we sowuk zynjyr ulgamyny d\u00f6wrebapla\u015fdyrmaga g\u00f6n\u00fckdirilendir.<\/p>\n<p><span class=\"jCAhz JpY6Fd\"><span class=\"ryNqvb\">Oba hojalygyny\u0148 esasy \u00f6n\u00fcm\u00e7ilik pudaklary: mal we ha\u00fdwan \u00f6n\u00fcmleri, d\u00e4ne (bugda\u00fd we t\u00fcwi) \u00f6nd\u00fcrmek we ga\u00fdtadan i\u015flemek, miwe we g\u00f6k \u00f6n\u00fcmler (karto\u015fka, pomidor, gawun, \u00fcz\u00fcm).\u00d6z i\u00e7ine alkogolly we alkogolsyz i\u00e7gileri al\u00fdan<\/span><\/span><span class=\"jCAhz JpY6Fd\"><span class=\"ryNqvb\"> suw pudagy dowamly \u00f6s\u00fd\u00e4r we \u00e7akyr <\/span><\/span><span class=\"jCAhz JpY6Fd\"><span class=\"ryNqvb\">\u00f6nd\u00fcrmek potensialy hem a\u00fdratyn \u00fcns \u00e7ek\u00fd\u00e4r.<\/span><\/span><\/p>\n<p>\u00ddakyn wagtlarda, Itali\u00fdany\u0148 S\u00f6wda Guramasy (ICE) 2023-nji \u00fdyly\u0148 16-18-nji okt\u00fdabry aralygynda A\u015fgabatda oba-hojalyk tehnologi\u00fdalaryny (suwary\u015f we \u00fcz\u00fcm\u00e7iligi go\u015fmak bilen), zootehnika, balyk k\u00f6peltmek, azyk tehnologi\u00fdalary (sowuk zynjyr we \u00e7akyr \u00f6n\u00fcm\u00e7iligi \u00fdaly), gaplamak we gu\u00fdmak tehnologi\u00fdalaryny \u00f6nd\u00fcr\u00fd\u00e4n ital\u00fdan kompani\u00fdalary \u00fc\u00e7in i\u015f saparyny\u00a0gurady.<\/p>\n<p>2023-nji \u00fdyly\u0148 17-nji okt\u00fdabrynda T\u00fcrkmenistany\u0148 S\u00f6wda-senagat palatasynda tehnologiki seminar ge\u00e7irildi. Foruma gatna\u015fanlary\u0148 arasynda Itali\u00fdany\u0148 i\u015f missi\u00fdasyny\u0148 wekilleri, degi\u015fli ministrlikleri\u0148 wekilleri we \u00fderli teleke\u00e7iler gatna\u015fdy. Itali\u00fdany\u0148 i\u015f missi\u00fdasyna Rinieri, Vignetinox, Ricciarelli SPA, Gruppo RI.MA, FBR-ELPO SPA, SARBA International, &#8216;Ice Istanbul&#8217;-y\u0148 m\u00fcdiri Rikkardo Landini\u0148 \u00fdolba\u015f\u00e7ylygyndaky kompani\u00fdalar wekil\u00e7ilik etdi. Seminary\u0148 dowamynda Itali\u00fdany\u0148 hususy pudagyny\u0148 wekilleri t\u00fcrkmen k\u00e4rde\u015fleri bilen birn\u00e4\u00e7e ikitarapla\u00fdyn du\u015fu\u015fyk ge\u00e7irdi. Ertesi g\u00fcn, Itali\u00fdany\u0148 i\u015f missi\u00fdasy A\u015fgabady\u0148 t\u00f6wereginde \u00fderle\u015f\u00fd\u00e4n \u00fdedi azyk \u00f6n\u00fcm\u00e7iligine, oba hojalygyna we oba hojalygyna degi\u015fli tehnika satuw zawodlaryna baryp g\u00f6rdi.<\/p>\n<p>&#8216;Ice Istanbul&#8217;<span style=\"color: #000000;\"> <a style=\"color: #000000;\" href=\"https:\/\/ambashgabat.esteri.it\/wp-content\/uploads\/2024\/03\/MARKET-NOTE-ON-THE-FOOD-PROCESSING-CHAIN-IN-TURKMENISTAN.pdf\">tarapyndan ta\u00fd\u00fdarlanan T\u00fcrkmenistanda agrosenagat we gapla\u00fdy\u015f pudagy barada bazar belligini \u015fu baglany\u015fykdan g\u00f6\u00e7\u00fcrip alyp bilersi\u0148iz<\/a>\u00a0<\/span> \u00a0\u00a0<a href=\"https:\/\/ambashgabat.esteri.it\/wp-content\/uploads\/2024\/03\/MARKET-NOTE-ON-THE-FOOD-PROCESSING-CHAIN-IN-TURKMENISTAN.pdf\">\u00a0link<\/a><\/p>\n<p>&nbsp;<\/p>\n<p>&nbsp;<\/p>\n<p>&nbsp;<\/p>\n<p>&nbsp;<\/p>\n<p>&nbsp;<\/p>\n<p>&nbsp;<\/p>\n<p>Ultimo aggiornamento: 1 marzo 2024<\/p>\n","protected":false},"excerpt":{"rendered":"T\u00fcrkmenistanda jemi i\u00e7erki \u00f6n\u00fcmi\u0148 \u00f6s\u00fc\u015f depgini \u00fdylda 6% -den \u00fdokary bolup has hususyla\u015fdyrylan ykdysady\u00fdete we \u00f6nd\u00fcrijiligi\u0148 \u00fdokarlanmagyna ge\u00e7\u00fd\u00e4r. Oba hojalygy we azyk \u00f6n\u00fcm\u00e7iligi pudagy eksport m\u00fcmkin\u00e7iliklerini d\u00f6retm\u00e4ne m\u00f6h\u00fcm potensiala e\u00fdedir. Bu pudaklarda ital\u00fdan \u00f6n\u00fcmlerini\u0148 (Itali\u00fdada \u00f6nd\u00fcrilen) \u00f6n\u00fcm\u00e7iligini\u0148 \u00fdakyn \u00fdyllarda has-da \u00fdokarlanmagyna gara\u015fyl\u00fdan t\u00e4jir\u00e7ilik kanalyny a\u00e7mak \u00fc\u00e7in bazar pa\u00fdyny almak \u00fc\u00e7in m\u00f6h\u00fcm d\u00f6w\u00fcrdir. Bu amallar, hususyla\u015fdyrmaga, [&hellip;]","protected":false},"author":6,"featured_media":0,"parent":3819,"menu_order":3,"comment_status":"closed","ping_status":"closed","template":"","meta":{"footnotes":""},"class_list":["post-7426","page","type-page","status-publish","hentry"],"_links":{"self":[{"href":"https:\/\/ambashgabat.esteri.it\/tk\/wp-json\/wp\/v2\/pages\/7426","targetHints":{"allow":["GET"]}}],"collection":[{"href":"https:\/\/ambashgabat.esteri.it\/tk\/wp-json\/wp\/v2\/pages"}],"about":[{"href":"https:\/\/ambashgabat.esteri.it\/tk\/wp-json\/wp\/v2\/types\/page"}],"author":[{"embeddable":true,"href":"https:\/\/ambashgabat.esteri.it\/tk\/wp-json\/wp\/v2\/users\/6"}],"replies":[{"embeddable":true,"href":"https:\/\/ambashgabat.esteri.it\/tk\/wp-json\/wp\/v2\/comments?post=7426"}],"version-history":[{"count":1,"href":"https:\/\/ambashgabat.esteri.it\/tk\/wp-json\/wp\/v2\/pages\/7426\/revisions"}],"predecessor-version":[{"id":7432,"href":"https:\/\/ambashgabat.esteri.it\/tk\/wp-json\/wp\/v2\/pages\/7426\/revisions\/7432"}],"up":[{"embeddable":true,"href":"https:\/\/ambashgabat.esteri.it\/tk\/wp-json\/wp\/v2\/pages\/3819"}],"wp:attachment":[{"href":"https:\/\/ambashgabat.esteri.it\/tk\/wp-json\/wp\/v2\/media?parent=7426"}],"curies":[{"name":"wp","href":"https:\/\/api.w.org\/{rel}","templated":true}]}}