{"id":7177,"date":"2023-04-11T18:24:01","date_gmt":"2023-04-11T13:24:01","guid":{"rendered":"https:\/\/ambashgabat.esteri.it\/italia-e-turkmenistan\/diplomazia-economica\/fare-affari-in-italia\/"},"modified":"2025-03-19T16:52:21","modified_gmt":"2025-03-19T11:52:21","slug":"fare-affari-in-italia","status":"publish","type":"page","link":"https:\/\/ambashgabat.esteri.it\/tk\/italia-e-turkmenistan\/diplomazia-economica\/fare-affari-in-italia\/","title":{"rendered":"Itali\u00fdada i\u015few\u00fcrlik"},"content":{"rendered":"<p><img loading=\"lazy\" decoding=\"async\" class=\"alignnone size-medium wp-image-481 img-fluid\" src=\"https:\/\/ambashgabat.esteri.it\/wp-content\/uploads\/2023\/11\/turkmenistan_italy_flag_041220_01-300x200.jpg\" alt=\"\" width=\"300\" height=\"200\" srcset=\"https:\/\/ambashgabat.esteri.it\/wp-content\/uploads\/2023\/11\/turkmenistan_italy_flag_041220_01-300x200.jpg 300w, https:\/\/ambashgabat.esteri.it\/wp-content\/uploads\/2023\/11\/turkmenistan_italy_flag_041220_01.jpg 660w\" sizes=\"auto, (max-width: 300px) 100vw, 300px\" \/><\/p>\n<p><span class=\"jCAhz ChMk0b\"><span class=\"ryNqvb\">148 ykdysady\u00fdeti\u0148 ma\u00fda go\u00fdum babatynda \u00fcns \u00e7ekijiligini seljer\u00fd\u00e4n Global indekse g\u00f6r\u00e4, &#8220;\u00e7ekiji\u201d \u00fdurtlar toparynda ilkinji gezek Itali\u00fda hem 17-nji bolup \u00fderde al\u00fdar.<\/span><\/span> <span class=\"jCAhz ChMk0b\"><span class=\"ryNqvb\">Itali\u00fda, ozalkylara garany\u0148da has uly ykdysady dinamikany g\u00f6rkezip, innowasi\u00fda we ma\u00fda ba\u00fdlygy bilen tapawutlan\u00fdar.<\/span><\/span><\/p>\n<p><strong data-start=\"0\" data-end=\"45\">ITAL\u00ddAN EKONOMIKASYNY\u0147 G\u00dc\u00dd\u00c7LI TARAPLARY<\/strong><\/p>\n<p>What are the strengths of the Italian economy?<\/p>\n<p><strong>A)YKDYSADY \u00d6S\u00dc\u015e:<\/strong><\/p>\n<p>So\u0148ky 60 \u00fdylda, Itali\u00fdany\u0148 ba\u015fgada hyzmatda\u015f \u00fdurtlar bilen de\u0148e\u015fdirilende, \u00fda\u015fa\u00fdjylara d\u00fc\u015f\u00fd\u00e4n \u00fderine \u00fdetirilen jemi \u00f6nd\u00fcrijiligi \u00fdyllyk 1,8% \u00fdokarlandy, bu mukdar\u00a0 <span class=\"jCAhz ChMk0b\"><span class=\"ryNqvb\">Angli\u00fdadaky \u00fdaly AB\u015e-dan we Fransi\u00fdadan (1,9%), ondan bir b\u00f6legi Germani\u00fda we Kanadadan (1,7%) \u00fdokarlandy.<\/span><\/span> <span class=\"jCAhz ChMk0b\"><span class=\"ryNqvb\">So\u0148ky on \u00fdylda (2014-2023) \u00fdurt adam ba\u015fyna d\u00fc\u015f\u00fd\u00e4n ykdysady \u00f6s\u00fc\u015fde G7 \u00fdurtlaryny\u0148 arasynda (orta\u00e7a \u00fdylda 1,1%) ikinji orunda dur\u00fdar, AB\u015e-dan so\u0148 we Angli\u00fdadan (0.9%), \u00ddaponi\u00fda, Germani\u00fda, Fransi\u00fda (0.7%) we Kanada (0.6%) \u00f6\u0148de dur\u00fdar.<\/span><\/span> <span class=\"jCAhz ChMk0b\"><span class=\"ryNqvb\">2020-nji \u00fdyldan 2023-nji \u00fdyla \u00e7enli Itali\u00fda adam ba\u015fyna d\u00fc\u015f\u00fd\u00e4n jemi i\u00e7erki \u00f6n\u00fcmi\u0148 2019-njy \u00fdyl bilen de\u0148e\u015fdirilende 4,9% \u00fdokarlanmagy bilen aja\u00fdyp \u00e7yky\u015f etdi.<\/span><\/span> <span class=\"jCAhz ChMk0b\"><span class=\"ryNqvb\">Di\u0148e AB\u015e G7 \u00fdurtlaryny\u0148 arasynda i\u0148 gowy netijeleri gazandy (5.5%).<\/span><\/span> <span class=\"jCAhz ChMk0b\"><span class=\"ryNqvb\">Japanaponi\u00fda (2,8%) we Kanada (1,3%) has yzda.<\/span><\/span> <span class=\"jCAhz ChMk0b\"><span class=\"ryNqvb\">Be\u00fdleki ykdysady\u00fdetler durgunlykda galdy: Be\u00fdik Britani\u00fda (0,4%), Fransi\u00fda (0,1%) we Germani\u00fda (minus 1%).<\/span><\/span> <span class=\"jCAhz ChMk0b\"><span class=\"ryNqvb\">2019-njy \u00fdyl bilen de\u0148e\u015fdirilende, Itali\u00fdany\u0148 jemi i\u00e7erki \u00f6n\u00fcmi Ispani\u00fda, Fransi\u00fda we Germani\u00fdany ge\u00e7ip, Itali\u00fdany\u0148 ykdysady\u00fdetini\u0148 i\u015fje\u0148ligini we g\u00fc\u00fd\u00e7liligini g\u00f6rkezdi.<\/span><\/span><\/p>\n<p data-start=\"47\" data-end=\"68\"><strong data-start=\"47\" data-end=\"68\">B)\u00a0<\/strong><strong>INF\u00ddASI\u00ddA, Z\u00c4HMET WE JEMGY\u00ddETI\u0147 DURNUKLYLYGY:<\/strong><\/p>\n<p><span class=\"jCAhz\"><span class=\"ryNqvb\">Infl\u00fdasi\u00fda be\u00fdleki \u00fderler bilen de\u0148e\u015fdirilende d\u00fc\u015f\u00fd\u00e4r<\/span><\/span><span class=\"jCAhz\"><span class=\"ryNqvb\">: 2024-nji \u00fdyly\u0148 \u00fdanwar a\u00fdynda sarp edijileri\u0148 bahasyny\u0148 g\u00f6rkezijisi \u00fdyllyk \u00fc\u00fdtge\u015fm\u00e4ni hasaba aldy.\u00a0 Angli\u00fda (4.3%), AB\u015e we Fransi\u00fda (3.1%), Germani\u00fda we Kanada (2,9%) bilen de\u0148e\u015fdirilende ep-esli pes we i<\/span><\/span><span class=\"jCAhz ChMk0b\"><span class=\"ryNqvb\">\u015f \u00fcpj\u00fcn\u00e7iligi i\u0148 \u00fdokary derejededir.<\/span><\/span> <span class=\"jCAhz ChMk0b\"><span class=\"ryNqvb\">2023-nji \u00fdyly\u0148 d\u00f6rd\u00fcnji \u00e7\u00e4r\u00fdegini\u0148 ahyrynda Itali\u00fdada 23 million 729 m\u00fc\u0148 adam i\u015fledi, bu 2019-njy \u00fdyldakydan 661 m\u00fc\u0148 k\u00f6p.<\/span><\/span> <span class=\"jCAhz ChMk0b\"><span class=\"ryNqvb\">Gurlu\u015fyk pudagynda 203 m\u00fc\u0148, hyzmat pudagynda 391 m\u00fc\u0148 we senagat pudagynda 144 m\u00fc\u0148 i\u015f ornuny\u0148 d\u00f6redildi.<\/span><\/span> <span class=\"jCAhz ChMk0b\"><span class=\"ryNqvb\">I\u015f \u00fcpj\u00fcn\u00e7iligini\u0148 \u00f6s\u00fc\u015fi 2014-nji \u00fdylda takmynan 13% -den 2024-nji \u00fdylda 7.2% -e \u00e7enli azal\u00fdan i\u015fsizlik derejesini\u0148 kem-kemden peselmegi bilen utga\u015f\u00fdar.<\/span><\/span> <span class=\"jCAhz ChMk0b\"><span class=\"ryNqvb\">Bu bolsa \u015fol d\u00f6w\u00fcrde 43,2% -den 21,8% -e d\u00fc\u015fen 15\u201324 \u00fda\u015f topary \u00fc\u00e7in has m\u00f6h\u00fcmdir.<\/span><\/span><\/p>\n<p><strong>\u00c7) EKSPORT WE S\u00d6WDA BALANSY<\/strong><\/p>\n<p><span class=\"jCAhz ChMk0b\"><span class=\"ryNqvb\">Itali\u00fdany\u0148 eksporty G7-de i\u0148 b\u00e4sde\u015flik ed\u00fd\u00e4r.<\/span><\/span> <span class=\"jCAhz ChMk0b\"><span class=\"ryNqvb\">BSG-ny\u0148 deslapky \u00e7aklamalaryna g\u00f6r\u00e4, 2023-nji \u00fdylda Itali\u00fdany\u0148 eksporty 677 milliard dollarlyk t\u00e4ze taryhy belentlige \u00fdeter.<\/span><\/span> <span class=\"jCAhz ChMk0b\"><span class=\"ryNqvb\">Itali\u00fda h\u00e4zirki wagtda d\u00fcn\u00fd\u00e4de b\u00e4\u015finji uly eksport\u00e7y bolup, Itali\u00fdany\u0148 ilatyndan iki esse k\u00f6p bolan \u00dda<\/span><\/span><span class=\"jCAhz ChMk0b\"><span class=\"ryNqvb\">poni\u00fdadan bary-\u00fdogy 40 milliard dollar yzda.<\/span><\/span> <span class=\"jCAhz ChMk0b\"><span class=\"ryNqvb\">2015-nji we 2023-nji \u00fdyllar aralygynda Itali\u00fdany\u0148 eksporty dollar nukda\u00fdnazaryndan 48% \u00f6sdi, Fransi\u00fdany\u0148 (28%) we Germani\u00fdany\u0148 (27%) we \u00ddaponi\u00fdany\u0148 (15%) eksportyny\u0148 iki esse di\u00fden \u00fdaly \u00fdokarlandy.<\/span><\/span> <span class=\"jCAhz ChMk0b\"><span class=\"ryNqvb\">\u00d6n\u00fcm\u00e7ilik s\u00f6wda balansy bo\u00fdun\u00e7a Itali\u00fda d\u00fcn\u00fd\u00e4de b\u00e4\u015finji, \u00ddewropada ikinji \u00fderde dur\u00fdar.<\/span><\/span> <span class=\"jCAhz ChMk0b\"><span class=\"ryNqvb\">Itali\u00fdany\u0148 eksporty, derman we howa gi\u0148i\u015fligi \u00fdaly \u00fdokary bilimli \u00f6n\u00fcm\u00e7ilik segmentlerinde g\u00fc\u00fd\u00e7lidir.<\/span><\/span> <span class=\"jCAhz ChMk0b\"><span class=\"ryNqvb\">Bu bolsa, aja\u00fdyp g\u00f6zleg ulgamy bilen bilelikde alnyp baryl\u00fdar: Itali\u00fda ylmy ne\u015firler babatynda \u00ddewropada \u00fc\u00e7\u00fcnji \u00fdurt bolup dur\u00fdar.<\/span><\/span><\/p>\n<p><strong>D)<\/strong> <strong>SENAGAT<\/strong><\/p>\n<p>So\u0148ky \u00fdyllarda ital\u00fdan kompani\u00fdalary ma\u015fynlara, enjamlara we t\u00e4ze tehnologi\u00fdalara k\u00f6p ma\u00fda go\u00fddy. 2022-nji \u00fdylda Itali\u00fdada tehnika we enjamlara ma\u00fda go\u00fdumlaryny\u0148 pa\u00fdy jemi i\u00e7erki \u00f6n\u00fcmi\u0148 7,1% -ine \u00e7enli \u00fdokarlandy, G7-de Japanaponi\u00fdadan (8,2%), Germani\u00fdadan (6,3%) we AB\u015e-dan (5,9%) \u00f6\u0148e ge\u00e7di. Edison gaznasyny\u0148 &#8220;D\u00fcn\u00fd\u00e4 robotlary 2023&#8221; maglumatlaryna esaslanan seljermesine g\u00f6r\u00e4, 2022-nji \u00fdylda Itali\u00fda senagat robotlary (91,000 birlikden gowrak) d\u00fcn\u00fd\u00e4de altynjy, demir \u00f6n\u00fcmleri we senagat enjamlary pudagynda (22,769) Hyta\u00fd, Japanaponi\u00fda we Germani\u00fdadan so\u0148, \u00fd\u00f6ne AB\u015e-dan (15,895 robot) \u00f6\u0148de bar\u00fdar.<\/p>\n<p>A\u015fakda Itali\u00fda ma\u00fda go\u00fdumlaryny \u00fde\u0148ille\u015fdir\u00fd\u00e4n web sahypalaryna baglany\u015fyklary\u0148 sanawy:<\/p>\n<p><a href=\"https:\/\/italy.tmembassy.gov.tm\/index.php\/en\">https:\/\/italy.tmembassy.gov.tm\/index.php\/en<\/a><\/p>\n<p><a href=\"https:\/\/www.esteri.it\/en\/diplomazia-economica-e-politica-commerciale\/diplomaziaeconomica\/l-attrazione-degli-investimenti\/\">https:\/\/www.esteri.it\/en\/diplomazia-economica-e-politica-commerciale\/diplomaziaeconomica\/l-attrazione-degli-investimenti\/<\/a><\/p>\n<p><a href=\"https:\/\/www.ice.it\/en\/invest\/invest-italy\">https:\/\/www.ice.it\/en\/invest\/invest-italy<\/a><\/p>\n<p><a href=\"https:\/\/investorvisa.mise.gov.it\/index.php\/en\/\">https:\/\/investorvisa.mise.gov.it\/index.php\/en\/<\/a><\/p>\n<p><a href=\"https:\/\/www.invitalia.it\/eng\/support-to-foreign-investors\/support-to-foreign-investors\">https:\/\/www.invitalia.it\/eng\/support-to-foreign-investors\/support-to-foreign-investors<\/a><\/p>\n<p><a href=\"https:\/\/www.agenziaentrate.gov.it\/portale\/web\/english\/nse\/invest-in-italy\">https:\/\/www.agenziaentrate.gov.it\/portale\/web\/english\/nse\/invest-in-italy<\/a><\/p>\n<p><a href=\"https:\/\/www.investinitalyrealestate.com\/it\/\">https:\/\/www.investinitalyrealestate.com\/it\/<\/a><\/p>\n<p><a href=\"https:\/\/www.ice.it\/en\/sites\/default\/files\/inline-files\/doing_business_in_italy_2021_0.pdf\">https:\/\/www.ice.it\/en\/sites\/default\/files\/inline-files\/doing_business_in_italy_2021_0.pdf<\/a><\/p>\n<p><a href=\"https:\/\/www.ice.it\/en\/my-home\/find-your-italian-partner\">https:\/\/www.ice.it\/en\/my-home\/find-your-italian-partner<\/a><\/p>\n<p><a href=\"https:\/\/practiceguides.chambers.com\/practice-guides\/doing-business-in-2023\/italy\">https:\/\/practiceguides.chambers.com\/practice-guides\/doing-business-in-2023\/italy<\/a><\/p>\n<p><a href=\"https:\/\/www.italchamind.org.uk\/wp-content\/uploads\/2023\/02\/DOING-BUSINESS-IN-ITALY-2022.pdf\">https:\/\/www.italchamind.org.uk\/wp-content\/uploads\/2023\/02\/DOING-BUSINESS-IN-ITALY-2022.pdf<\/a><\/p>\n<p>&nbsp;<\/p>\n<p>&nbsp;<\/p>\n<p>&nbsp;<\/p>\n<p>&nbsp;<\/p>\n<p>Ultimo aggiornamento: 2 aprile 2024<\/p>\n","protected":false},"excerpt":{"rendered":"148 ykdysady\u00fdeti\u0148 ma\u00fda go\u00fdum babatynda \u00fcns \u00e7ekijiligini seljer\u00fd\u00e4n Global indekse g\u00f6r\u00e4, &#8220;\u00e7ekiji\u201d \u00fdurtlar toparynda ilkinji gezek Itali\u00fda hem 17-nji bolup \u00fderde al\u00fdar. Itali\u00fda, ozalkylara garany\u0148da has uly ykdysady dinamikany g\u00f6rkezip, innowasi\u00fda we ma\u00fda ba\u00fdlygy bilen tapawutlan\u00fdar. ITAL\u00ddAN EKONOMIKASYNY\u0147 G\u00dc\u00dd\u00c7LI TARAPLARY What are the strengths of the Italian economy? A)YKDYSADY \u00d6S\u00dc\u015e: So\u0148ky 60 \u00fdylda, Itali\u00fdany\u0148 ba\u015fgada [&hellip;]","protected":false},"author":1,"featured_media":0,"parent":3819,"menu_order":2,"comment_status":"closed","ping_status":"closed","template":"","meta":{"footnotes":""},"class_list":["post-7177","page","type-page","status-publish","hentry"],"_links":{"self":[{"href":"https:\/\/ambashgabat.esteri.it\/tk\/wp-json\/wp\/v2\/pages\/7177","targetHints":{"allow":["GET"]}}],"collection":[{"href":"https:\/\/ambashgabat.esteri.it\/tk\/wp-json\/wp\/v2\/pages"}],"about":[{"href":"https:\/\/ambashgabat.esteri.it\/tk\/wp-json\/wp\/v2\/types\/page"}],"author":[{"embeddable":true,"href":"https:\/\/ambashgabat.esteri.it\/tk\/wp-json\/wp\/v2\/users\/1"}],"replies":[{"embeddable":true,"href":"https:\/\/ambashgabat.esteri.it\/tk\/wp-json\/wp\/v2\/comments?post=7177"}],"version-history":[{"count":3,"href":"https:\/\/ambashgabat.esteri.it\/tk\/wp-json\/wp\/v2\/pages\/7177\/revisions"}],"predecessor-version":[{"id":7185,"href":"https:\/\/ambashgabat.esteri.it\/tk\/wp-json\/wp\/v2\/pages\/7177\/revisions\/7185"}],"up":[{"embeddable":true,"href":"https:\/\/ambashgabat.esteri.it\/tk\/wp-json\/wp\/v2\/pages\/3819"}],"wp:attachment":[{"href":"https:\/\/ambashgabat.esteri.it\/tk\/wp-json\/wp\/v2\/media?parent=7177"}],"curies":[{"name":"wp","href":"https:\/\/api.w.org\/{rel}","templated":true}]}}