{"id":7162,"date":"2023-04-11T18:23:52","date_gmt":"2023-04-11T13:23:52","guid":{"rendered":"https:\/\/ambashgabat.esteri.it\/italia-e-turkmenistan\/diplomazia-economica\/fare-affari-in-turkmenistan\/"},"modified":"2025-03-25T10:06:26","modified_gmt":"2025-03-25T05:06:26","slug":"fare-affari-in-turkmenistan","status":"publish","type":"page","link":"https:\/\/ambashgabat.esteri.it\/tk\/italia-e-turkmenistan\/diplomazia-economica\/fare-affari-in-turkmenistan\/","title":{"rendered":"T\u00fcrkmenistanda s\u00f6wda etmek"},"content":{"rendered":"<p><img loading=\"lazy\" decoding=\"async\" class=\"alignnone size-medium wp-image-475 img-fluid\" src=\"https:\/\/ambashgabat.esteri.it\/wp-content\/uploads\/2023\/11\/IMG-20231018-WA00751-300x225.jpg\" alt=\"\" width=\"300\" height=\"225\" srcset=\"https:\/\/ambashgabat.esteri.it\/wp-content\/uploads\/2023\/11\/IMG-20231018-WA00751-300x225.jpg 300w, https:\/\/ambashgabat.esteri.it\/wp-content\/uploads\/2023\/11\/IMG-20231018-WA00751-1024x768.jpg 1024w, https:\/\/ambashgabat.esteri.it\/wp-content\/uploads\/2023\/11\/IMG-20231018-WA00751-768x576.jpg 768w, https:\/\/ambashgabat.esteri.it\/wp-content\/uploads\/2023\/11\/IMG-20231018-WA00751.jpg 1920w\" sizes=\"auto, (max-width: 300px) 100vw, 300px\" \/><\/p>\n<p><strong>A\u015fakda 2024-nji \u00fdylda T\u00fcrkmenistan S\u00f6wda-senagat palatasy tarapyndan guralan \u00e7\u00e4relere baglany\u015fyk bar<\/strong><\/p>\n<p><a href=\"https:\/\/www.newscentralasia.net\/2024\/01\/09\/turkmenistan-calendar-of-exhibitions-and-conferences-in-2024\/\">https:\/\/www.newscentralasia.net\/2024\/01\/09\/turkmenistan-calendar-of-exhibitions-and-conferences-in-2024\/<\/a><\/p>\n<p>&nbsp;<\/p>\n<p><strong>\u00ddA\u015eAMAK \u00dc\u00c7IN BINALARY\u0147 SATYN ALYNMAGY<\/strong><\/p>\n<p>T\u00fcrkmenistany\u0148 hukuk ulgamy da\u015fary \u00fdurt ra\u00fdatlaryna \u00fda-da da\u015fary \u00fdurtly \u015fahslara \u00fda\u015fa\u00fdy\u015f ja\u00fdlaryny (ja\u00fdlary \u00fda-da kwartiralary) edinmegi a\u00e7-a\u00e7an gadagan etme\u00fd\u00e4r.<\/p>\n<p>T\u00fcrkmenistany\u0148 k\u00e4bir kanunlary g\u00f6n\u00fcden-g\u00f6ni \u00fda-da gytakla\u00fdyn da\u015fary \u00fdurt ra\u00fdatlaryny\u0148 we da\u015fary \u00fdurtly \u00fduridiki \u015fahslary\u0148 T\u00fcrkmenistanda gozgalma\u00fdan eml\u00e4k we \u00fda\u015fa\u00fdy\u015f ja\u00fdy \u00fdaly eml\u00e4k edinmek hukugyna degi\u015flidir. Hususan-da, T\u00fcrkmenistany\u0148 \u00fda\u015fa\u00fdy\u015f ja\u00fd kodeksini\u0148 2013-nji \u00fdyly\u0148 2-nji martynda 2-nji maddasynda &#8220;T\u00fcrkmenistany\u0148 kanun\u00e7ylygyny\u0148 \u00fda\u015fa\u00fdy\u015f ja\u00fd d\u00fczg\u00fcnleri, kanunlar \u00fda-da T\u00fcrkmenistany\u0148 ba\u015fga bir halkara \u015fertnamasy bilen ba\u015fga\u00e7a g\u00f6z \u00f6\u0148\u00fcnde tutulmadyk bolsa, da\u015fary \u00fdurt ra\u00fdatlaryna we da\u015fary \u00fdurt hukuk guramalaryna hem degi\u015flidir&#8221; di\u00fdil\u00fd\u00e4r. \u015ee\u00fdle hem, 2015-nji \u00fdyly\u0148 21-nji no\u00fdabryndaky &#8220;Eml\u00e4k baradaky kanuny\u0148&#8221; 6-njy maddasyny\u0148 2-nji b\u00f6l\u00fcminde T\u00fcrkmenistanda eml\u00e4gi\u0148 bir g\u00f6rn\u00fc\u015fini\u0148 da\u015fary \u00fdurt d\u00f6wletlerine we olary\u0148 fiziki we kanuny \u015fahslaryna e\u00fde\u00e7ilik edip biljekdigi kesgitlen\u00fd\u00e4r.&#8221;<\/p>\n<p>Gozgalma\u00fdan eml\u00e4k edinmek, Gozgalma\u00fdan eml\u00e4k hukuklaryny we T\u00fcrkmenistany\u0148 Adalat ministrligini\u0148 degi\u015fli amallaryny bellige almak bo\u00fdun\u00e7a d\u00f6wlet gullugynda d\u00f6wlet tarapyndan hasaba alynmalydyr (T\u00fcrkmen kanuny &#8220;Gozgalma\u00fdan eml\u00e4k hukuklaryny d\u00f6wlet bilen bellige alynmagy, 2014-nji \u00fdyly\u0148 3-nji ma\u00fdy&#8221;).<\/p>\n<p><strong>T\u00c4JIR\u00c7ILIK MAKSATLY BINALARY SATYN ALMAK<\/strong><\/p>\n<p>Gozgalma\u00fdan eml\u00e4k kategori\u00fdasy barada a\u00fddylanda bolsa, da\u015fary \u00fdurt ra\u00fdatlaryna \u00fda-da da\u015fary \u00fdurtly \u00fduridiki \u015fahslara t\u00e4jir\u00e7ilik maksatly binalary edinmegi gadagan ed\u00fd\u00e4n a\u00e7-a\u00e7an t\u00fcrkmen kanuny \u00fdok.<\/p>\n<p>T\u00fcrkmenistany\u0148 2015-nji \u00fdyly\u0148 21-nji no\u00fdabryndaky &#8220;Eml\u00e4k barada&#8221; kanuny we be\u00fdleki d\u00fcrli kanunlar, da\u015fary \u00fdurt d\u00f6wletlerini\u0148, da\u015fary \u00fdurtly \u00fduridiki \u015fahslary\u0148 we da\u015fary \u00fdurt ra\u00fdatlaryny\u0148 T\u00fcrkmenistanda gozgalma\u00fdan eml\u00e4k \u00fdaly eml\u00e4k edinmek hukugyna degi\u015flidir.<\/p>\n<p>T\u00fcrkmenistany\u0148 2013-nji \u00fdyly\u0148 18-nji dekabryndaky &#8220;D\u00f6wlet eml\u00e4gini d\u00f6wlet hasabyna ge\u00e7irmek we hususyla\u015fdyrmak barada&#8221; kanun\u00e7ylygyna la\u00fdyklykda da\u015fary \u00fdurtly \u015fahslar we \u00fduridik \u015fahslar (\u00fderli we da\u015fary \u00fdurtly) d\u00f6wlet hasabyna ge\u00e7irmek we hususyla\u015fdyry\u015f i\u015fine gatna\u015fmaga we d\u00f6wlet eml\u00e4gini (binalar, k\u00e4rhanalar we \u015f.m. gozgalma\u00fdan eml\u00e4k go\u015fmak bilen) almaga hukugy bar. Mundan ba\u015fga-da, kanuny\u0148 7-nji maddasyny\u0148 2-nji b\u00f6l\u00fcminde &#8220;T\u00fcrkmenistany\u0148 Ykdysady\u00fdet we \u00d6s\u00fc\u015f Ministrligini\u0148 Ykdysady t\u00f6wekgel\u00e7iligi goramak gullugyny\u0148 tassyklamagy bilen da\u015fary \u00fdurt d\u00f6wletlerini\u0148, halkara guramalaryny\u0148, \u015faham\u00e7alaryny\u0148 we hemi\u015felik wekilhanalaryny\u0148 T\u00fcrkmenistanda hemi\u015felik wekil\u00e7ilikleri d\u00f6wlet e\u00fde\u00e7iligini\u0148 d\u00f6wlet hasabyna ge\u00e7irilmegne we hususyla\u015fdyrylmagyna gatna\u015fyp biler&#8221; di\u00fdil\u00fd\u00e4r.<\/p>\n<p>\u015ee\u00fdle hem bu \u00fdagda\u00fdda alyjylar, da\u015fary \u00fdurtlylar we t\u00fcrkmenler belli bir proseduralary \u00fderine \u00fdetirmeli we eml\u00e4k hukuklaryny bellige almak bo\u00fdun\u00e7a d\u00f6wlet gullugynda we T\u00fcrkmenistan Adalat ministrligini\u0148 degi\u015fli amallarynda bellige alynmaly (&#8220;Emlak we baglany\u015fykly amallary\u0148 d\u00f6wlet hasaba aly\u015f baradaky Kanuny&#8217;, 2014-nji \u00fdyly\u0148 3-nji ma\u00fdy).<\/p>\n<p><strong data-start=\"52\" data-end=\"72\">\u00ddER SATYN ALMAK<\/strong><\/p>\n<p>2004-nji \u00fdyly\u0148 25-nji okt\u00fdabryndaky T\u00fcrkmenistany\u0148 &#8220;\u00dder Kodeksi&#8221; da\u015fary \u00fdurt d\u00f6wletler, \u00fduridik \u015fahslar \u00fda-da da\u015fary \u00fdurtly \u015fahslar tarapyndan \u00fder e\u00fde\u00e7iligini\u0148 alynmagyna rugsat berme\u00fd\u00e4<strong data-start=\"74\" data-end=\"264\">r.\u00a0<\/strong><\/p>\n<p data-start=\"266\" data-end=\"412\">\u00dder Kodeksini\u0148 20-nji maddasyna la\u00fdyklykda, &#8220;da\u015fary \u00fdurt ra\u00fdatlary we yuridiki \u015fahslary, \u015fe\u00fdle hem da\u015fary \u00fdurt d\u00f6wletleri we halkara guramalar di\u0148e:<\/p>\n<p data-start=\"414\" data-end=\"500\">\u2013 gurlu\u015fyk seri\u015fdelerini \u00fda-da be\u00fdleki ulany\u015flar \u00fc\u00e7in, oba hojalyk d\u00e4l maksatlar \u00fc\u00e7in;<\/p>\n<p data-start=\"502\" data-end=\"572\">\u2013 wagtla\u00fdyn gurlu\u015fyklary \u00fderle\u015fdirmek \u00fc\u00e7in \u00fder lizingi berlip bilner.<\/p>\n<p data-start=\"502\" data-end=\"572\">\u00dder k\u00e4rendesini almak \u00fc\u00e7in gerekli rugsatnamalary almak we \u00fder k\u00e4rendesi \u015fertnamasyny\u0148 hasaba aly\u015f prosedurasyndan ge\u00e7mek zerurdyr.<\/p>\n<p><strong>KOMPANI\u00ddALARDA PA\u00ddLARYNY\u0147 D\u00dcZ\u00dcLMEGI\u00a0 WE SATYN ALMAGY<\/strong><\/p>\n<p>T\u00fcrkmenistany\u0148 2000-nji \u00fdyly\u0148 15-nji i\u00fdunyndaky &#8220;K\u00e4rhanalar baradaky&#8221; kanuny we 1999-njy \u00fdyly\u0148 23-nji no\u00fdabryndaky &#8220;Aktsionerlik jemgy\u00fdetleri baradaky&#8221; kanunlarynda, k\u00e4rhanalary\u0148\u00a0 T\u00fcrkmenistany\u0148 kanun\u00e7ylygyna la\u00fdyklykda, da\u015fary \u00fdurt ra\u00fdatlaryny\u0148 \u00fda-da \u00fduridiki \u015fahslaryny\u0148 doly \u00fda-da b\u00f6lekle\u00fdin gatna\u015fmagy bilen d\u00f6redilip biljekdigi anyk be\u00fdan edil\u00fd\u00e4r.<\/p>\n<p><b>I\u015e ORUNLARYNY\u0147 E\u00ddELENMEGI<\/b><\/p>\n<p>Da\u015fary \u00fdurt ra\u00fdatlary, T\u00fcrkmenistany\u0148 d\u00f6wlet edaralarynda (mysal \u00fc\u00e7in uniwersitetler, d\u00f6wlet edaralary we agentlikler) bu i\u015f \u00fc\u00e7in gerekli rugsatnamalaryny, wiza we be\u00fdleki degi\u015fli resminamalary almak bilen d\u00fczg\u00fcnlere la\u00fdyklykda belli pozisi\u00fdalary (konsultantlar, professorlar we \u015f.m.) e\u00fdel\u00e4p bilerler.<\/p>\n<p data-start=\"411\" data-end=\"447\"><strong data-start=\"411\" data-end=\"447\">I\u015e \u00ddA-DA LIZING SATYN ALMAK\u00a0<\/strong><\/p>\n<p data-start=\"449\" data-end=\"654\" data-is-last-node=\"\" data-is-only-node=\"\">Bu maddada (kompani\u00fdalarda pa\u00fd \u00fda-da aksi\u00fdalary satyn almak \u00fda-da d\u00f6retmek) g\u00f6rkezilen d\u00fczg\u00fcnler, T\u00fcrkmenistany\u0148 i\u015f \u00fderlerini satyn almak we k\u00e4rhanalary lizing almak \u00fc\u00e7in doly \u00fdagda\u00fdda ulanylyp bilner.<\/p>\n<p>&nbsp;<\/p>\n<p>&nbsp;<\/p>\n<p>&nbsp;<\/p>\n<p>&nbsp;<\/p>\n<p>&nbsp;<\/p>\n<p>&nbsp;<\/p>\n<p>&nbsp;<\/p>\n<p>&nbsp;<\/p>\n<p>&nbsp;<\/p>\n<p>&nbsp;<\/p>\n<p>&nbsp;<\/p>\n<p>So\u0148ky t\u00e4zelenen senesi: 01.03.2024<\/p>\n","protected":false},"excerpt":{"rendered":"A\u015fakda 2024-nji \u00fdylda T\u00fcrkmenistan S\u00f6wda-senagat palatasy tarapyndan guralan \u00e7\u00e4relere baglany\u015fyk bar https:\/\/www.newscentralasia.net\/2024\/01\/09\/turkmenistan-calendar-of-exhibitions-and-conferences-in-2024\/ &nbsp; \u00ddA\u015eAMAK \u00dc\u00c7IN BINALARY\u0147 SATYN ALYNMAGY T\u00fcrkmenistany\u0148 hukuk ulgamy da\u015fary \u00fdurt ra\u00fdatlaryna \u00fda-da da\u015fary \u00fdurtly \u015fahslara \u00fda\u015fa\u00fdy\u015f ja\u00fdlaryny (ja\u00fdlary \u00fda-da kwartiralary) edinmegi a\u00e7-a\u00e7an gadagan etme\u00fd\u00e4r. T\u00fcrkmenistany\u0148 k\u00e4bir kanunlary g\u00f6n\u00fcden-g\u00f6ni \u00fda-da gytakla\u00fdyn da\u015fary \u00fdurt ra\u00fdatlaryny\u0148 we da\u015fary \u00fdurtly \u00fduridiki \u015fahslary\u0148 T\u00fcrkmenistanda gozgalma\u00fdan eml\u00e4k we [&hellip;]","protected":false},"author":1,"featured_media":0,"parent":3819,"menu_order":1,"comment_status":"closed","ping_status":"closed","template":"","meta":{"footnotes":""},"class_list":["post-7162","page","type-page","status-publish","hentry"],"_links":{"self":[{"href":"https:\/\/ambashgabat.esteri.it\/tk\/wp-json\/wp\/v2\/pages\/7162","targetHints":{"allow":["GET"]}}],"collection":[{"href":"https:\/\/ambashgabat.esteri.it\/tk\/wp-json\/wp\/v2\/pages"}],"about":[{"href":"https:\/\/ambashgabat.esteri.it\/tk\/wp-json\/wp\/v2\/types\/page"}],"author":[{"embeddable":true,"href":"https:\/\/ambashgabat.esteri.it\/tk\/wp-json\/wp\/v2\/users\/1"}],"replies":[{"embeddable":true,"href":"https:\/\/ambashgabat.esteri.it\/tk\/wp-json\/wp\/v2\/comments?post=7162"}],"version-history":[{"count":3,"href":"https:\/\/ambashgabat.esteri.it\/tk\/wp-json\/wp\/v2\/pages\/7162\/revisions"}],"predecessor-version":[{"id":7444,"href":"https:\/\/ambashgabat.esteri.it\/tk\/wp-json\/wp\/v2\/pages\/7162\/revisions\/7444"}],"up":[{"embeddable":true,"href":"https:\/\/ambashgabat.esteri.it\/tk\/wp-json\/wp\/v2\/pages\/3819"}],"wp:attachment":[{"href":"https:\/\/ambashgabat.esteri.it\/tk\/wp-json\/wp\/v2\/media?parent=7162"}],"curies":[{"name":"wp","href":"https:\/\/api.w.org\/{rel}","templated":true}]}}