{"id":7144,"date":"2024-01-16T17:25:42","date_gmt":"2024-01-16T12:25:42","guid":{"rendered":"https:\/\/ambashgabat.esteri.it\/italia-e-turkmenistan\/rapporti-politici\/accordi-in-vigore\/"},"modified":"2025-08-05T13:07:18","modified_gmt":"2025-08-05T08:07:18","slug":"accordi-in-vigore","status":"publish","type":"page","link":"https:\/\/ambashgabat.esteri.it\/tk\/italia-e-turkmenistan\/rapporti-politici\/accordi-in-vigore\/","title":{"rendered":"Dowam ed\u00fd\u00e4n ylala\u015fyklar"},"content":{"rendered":"<p>Itali\u00fda bilen T\u00fcrkmenistany\u0148 arasynda hereket ed\u00fd\u00e4n Ylala\u015fyklary\u0148 \u00fdazgylaryna girmek \u00fc\u00e7in Da\u015fary i\u015fler we Halkara Hyzmatda\u015flyk Ministrligini\u0148 Hukuk gatna\u015fyklary, Diplomatik kazy\u00fdet i\u015fleri we \u015fertnamalary gullugy tarapyndan redaktirlenen Halkara \u015fertnamalary\u0148 onla\u00fdn arhiwi bolan ATRIO bilen maslahatla\u015fyp bilersi\u0148iz: <a href=\"http:\/\/itra.esteri.it\/\">http:\/\/itra.esteri.it\/<\/a><\/p>\n<p>Itali\u00fda bilen T\u00fcrkmenistany\u0148 arasyndaky Ylala\u015fyklar<br \/>\n<a href=\"https:\/\/itra.esteri.it\/Home\/Search?chart=1&amp;arg=207\">https:\/\/itra.esteri.it\/Home\/Search?chart=1&amp;arg=207<\/a><\/p>\n<p>&nbsp;<\/p>\n<table style=\"height: 467px;\" width=\"679\">\n<tbody>\n<tr>\n<td width=\"425\"><strong>Ylala\u015fyk<\/strong><\/td>\n<td style=\"text-align: center;\" width=\"104\"><strong>Gol \u00e7ekilen senesi<\/strong><\/td>\n<td style=\"text-align: center;\" width=\"151\"><strong>G\u00fc\u00fdje giren senesi<\/strong><\/td>\n<\/tr>\n<tr>\n<td width=\"425\">Diplomatik gatna\u015fyklary \u00fdola go\u00fdmak teswirnamasy<\/td>\n<td style=\"text-align: center;\" width=\"104\">09.06 2002<\/td>\n<td style=\"text-align: center;\" width=\"151\">09.06.2002<\/td>\n<\/tr>\n<tr>\n<td width=\"425\">Da\u015fary I\u015fler Ministrliklerini\u0148 arasyndaky hyzmatda\u015flyk teswirnamasy<\/td>\n<td style=\"text-align: center;\" width=\"104\">23.05.2007<\/td>\n<td style=\"text-align: center;\" width=\"151\">23.05.2007<\/td>\n<\/tr>\n<tr>\n<td width=\"425\">S\u00f6wda Palatalaryny\u0148 arasyndaky Hyzmatda\u015flyk barada \u00d6zara D\u00fc\u015f\u00fcni\u015fmek Memorandumy<\/td>\n<td style=\"text-align: center;\" width=\"104\">25.11.2009<\/td>\n<td style=\"text-align: center;\" width=\"151\">25.11.2009<\/td>\n<\/tr>\n<tr>\n<td width=\"425\">Medeni hyzmatda\u015flygy barada Medeni\u00fdet Ministrligini\u0148 arasynda \u00f6zara d\u00fc\u015f\u00fcni\u015fmek Memorandumy<\/td>\n<td style=\"text-align: center;\" width=\"104\">25.11.2009<\/td>\n<td style=\"text-align: center;\" width=\"151\">25.11.2009<\/td>\n<\/tr>\n<tr>\n<td width=\"425\">Ykdysady Hyzmatda\u015flyk \u015eertnamasy<\/td>\n<td style=\"text-align: center;\" width=\"104\">04.05.2015<\/td>\n<td style=\"text-align: center;\" width=\"151\">04.05.2015<\/td>\n<\/tr>\n<tr>\n<td width=\"425\">Memorandum of Understanding (MoU) on Cooperation in the Field of Scientific Research between the Ministry of Education, University and Research (MIUR) and the Academy of Sciences of Turkmenistan<\/p>\n<p>T\u00fcrkmenistany\u0148 Ylymlar Akademi\u00fdasy bilen Itali\u00fdany\u0148 Bilim, Uniwersitet we Ylym G\u00f6zleg ugurlary arasyndaky Hyzmatda\u015flyk Ylala\u015fygy barada Memorandum<\/td>\n<td style=\"text-align: center;\" width=\"104\">04.05.2015<\/td>\n<td style=\"text-align: center;\" width=\"151\">04.05.2015<\/td>\n<\/tr>\n<tr>\n<td width=\"425\">Da\u015fary I\u015fler Ministrlikleri arasyndaky Hyzmatda\u015flyk Programmasy<\/td>\n<td style=\"text-align: center;\" width=\"104\">04.05.2015<\/td>\n<td style=\"text-align: center;\" width=\"151\">04.05.2015<\/td>\n<\/tr>\n<tr>\n<td width=\"425\">Da\u015fary I\u015fler Ministrliklerini\u0148 arasyndaky hyzmatda\u015flyk maksatnamasy<\/td>\n<td style=\"text-align: center;\" width=\"104\">27.03.2019<\/td>\n<td style=\"text-align: center;\" width=\"151\">27.03.2019<\/td>\n<\/tr>\n<tr>\n<td width=\"425\">Howa hyzmatlary barada \u00d6zara d\u00fc\u015f\u00fcni\u015fmek barada Memorandum<\/td>\n<td style=\"text-align: center;\" width=\"104\">07.11.2019<\/td>\n<td style=\"text-align: center;\" width=\"151\">07.11.2019<\/td>\n<\/tr>\n<tr>\n<td width=\"425\">Bilim Ministrlikleri arasynda \u00d6zara d\u00fc\u015f\u00fcni\u015fmek barada\u00a0 Memorandum<\/td>\n<td style=\"text-align: center;\" width=\"104\">07.11.2019<\/td>\n<td style=\"text-align: center;\" width=\"151\">07.11.2019<\/td>\n<\/tr>\n<tr>\n<td width=\"425\"><a href=\"https:\/\/www.mase.gov.it\/pagina\/turkmenistan\">Da\u015fky gur\u015faw ministrliklerini\u0148 arasynda \u00f6zara d\u00fc\u015f\u00fcni\u015fmek Memorandumy<\/a><\/td>\n<td style=\"text-align: center;\" width=\"104\">07.11.2019<\/td>\n<td style=\"text-align: center;\" width=\"151\">07.11.2019<\/td>\n<\/tr>\n<tr>\n<td width=\"425\"><a href=\"https:\/\/www.salute.gov.it\/portale\/rapportiInternazionali\/dettaglioAccordiRapportiInternazionali.jsp?lingua=italiano&amp;id=5317&amp;area=rapporti&amp;menu=vuoto\">Saglygy gora\u00fdy\u015f ministrliklerini\u0148 arasynda \u00f6zara d\u00fc\u015f\u00fcni\u015fmek Memorandumy<\/a><\/td>\n<td style=\"text-align: center;\" width=\"104\">07.11.2019<\/td>\n<td style=\"text-align: center;\" width=\"151\">07.11.2019<\/td>\n<\/tr>\n<\/tbody>\n<\/table>\n<p>&nbsp;<\/p>\n<p>&nbsp;<\/p>\n<p><b>Dowam ed\u00fd\u00e4n geple\u015fikler<\/b><\/p>\n<table width=\"0\">\n<tbody>\n<tr>\n<td width=\"425\"><strong>Ylala\u015fyk<\/strong><\/td>\n<td style=\"text-align: center;\" width=\"255\"><strong>State of the art<br \/>\n<\/strong><\/td>\n<\/tr>\n<tr>\n<td width=\"425\">Go\u015fa salgyt ylala\u015fygy<\/td>\n<td style=\"text-align: center;\" width=\"255\">2016-njy \u00fdyldan b\u00e4ri Itali\u00fdany\u0148 H\u00e4kimi\u00fdetini\u0148 dykgatynda<\/td>\n<\/tr>\n<\/tbody>\n<\/table>\n<p>&nbsp;<\/p>\n<p>&nbsp;<\/p>\n<p><strong>Itali\u00fda we T\u00fcrkmen Akademiki Institutlaryny\u0148 arasynda gol \u00e7ekilen we dowam ed\u00fd\u00e4n \u00d6zara D\u00fc\u015f\u00fcni\u015fmek Memorandumy\u00a0<\/strong><\/p>\n<table width=\"0\">\n<tbody>\n<tr>\n<td width=\"425\"><strong>Ylala\u015fyk<\/strong><\/td>\n<td style=\"text-align: center;\" width=\"104\"><strong>Gol \u00e7ekilen senesi<\/strong><\/td>\n<td style=\"text-align: center;\" width=\"151\"><strong>G\u00fc\u00fdje giren senesi<\/strong><\/td>\n<\/tr>\n<tr>\n<td width=\"425\"><a href=\"https:\/\/ambashgabat.esteri.it\/wp-content\/uploads\/2024\/03\/MoU-Frosinone-Turkmen-Arts-Academy_ita-eng-tkm_-31Oct.2023.-2023.pdf\">Frosinony\u0148 \u015eekillendiri\u015f sungaty akademi\u00fdasy bilen T\u00fcrkmenistany\u0148 \u015eekillendiri\u015f sungaty akademi\u00fdasyny\u0148 arasynda ylala\u015fyk\u00a0<\/a><\/td>\n<td style=\"text-align: center;\" width=\"104\">31.10 2023<\/td>\n<td style=\"text-align: center;\" width=\"151\">31.10 2023<\/td>\n<\/tr>\n<tr>\n<td width=\"425\">Wenesi\u00fda Ka &#8216;Foskari uniwersiteti bilen T\u00fcrkmen D\u00f6wlet Binag\u00e4rlik we Gurlu\u015fyk institutyny\u0148 arasynda ylala\u015fyk<\/td>\n<td width=\"104\"><\/td>\n<td width=\"151\"><\/td>\n<\/tr>\n<tr>\n<td width=\"425\">Wenesi\u00fda Ka &#8216;Foskari uniwersiteti bilen Halkara Ynsanperwer Ylymlary we \u00d6s\u00fc\u015f uniwersiteti arasynda ylala\u015fyk<\/td>\n<td width=\"104\"><\/td>\n<td width=\"151\"><\/td>\n<\/tr>\n<tr>\n<td width=\"425\"><\/td>\n<td width=\"104\"><\/td>\n<td width=\"151\"><\/td>\n<\/tr>\n<tr>\n<td width=\"425\"><\/td>\n<td width=\"104\"><\/td>\n<td width=\"151\"><\/td>\n<\/tr>\n<tr>\n<td width=\"425\"><\/td>\n<td width=\"104\"><\/td>\n<td width=\"151\"><\/td>\n<\/tr>\n<tr>\n<td width=\"425\"><\/td>\n<td width=\"104\"><\/td>\n<td width=\"151\"><\/td>\n<\/tr>\n<tr>\n<td width=\"425\"><\/td>\n<td width=\"104\"><\/td>\n<td width=\"151\"><\/td>\n<\/tr>\n<tr>\n<td width=\"425\"><\/td>\n<td width=\"104\"><\/td>\n<td width=\"151\"><\/td>\n<\/tr>\n<tr>\n<td width=\"425\"><\/td>\n<td width=\"104\"><\/td>\n<td width=\"151\"><\/td>\n<\/tr>\n<tr>\n<td width=\"425\"><\/td>\n<td width=\"104\"><\/td>\n<td width=\"151\"><\/td>\n<\/tr>\n<tr>\n<td width=\"425\"><\/td>\n<td width=\"104\"><\/td>\n<td width=\"151\"><\/td>\n<\/tr>\n<\/tbody>\n<\/table>\n<p>&nbsp;<\/p>\n<p>&nbsp;<\/p>\n<p>&nbsp;<\/p>\n<p>&nbsp;<\/p>\n<p>&nbsp;<\/p>\n<p>&nbsp;<\/p>\n","protected":false},"excerpt":{"rendered":"Itali\u00fda bilen T\u00fcrkmenistany\u0148 arasynda hereket ed\u00fd\u00e4n Ylala\u015fyklary\u0148 \u00fdazgylaryna girmek \u00fc\u00e7in Da\u015fary i\u015fler we Halkara Hyzmatda\u015flyk Ministrligini\u0148 Hukuk gatna\u015fyklary, Diplomatik kazy\u00fdet i\u015fleri we \u015fertnamalary gullugy tarapyndan redaktirlenen Halkara \u015fertnamalary\u0148 onla\u00fdn arhiwi bolan ATRIO bilen maslahatla\u015fyp bilersi\u0148iz: http:\/\/itra.esteri.it\/ Itali\u00fda bilen T\u00fcrkmenistany\u0148 arasyndaky Ylala\u015fyklar https:\/\/itra.esteri.it\/Home\/Search?chart=1&amp;arg=207 &nbsp; Ylala\u015fyk Gol \u00e7ekilen senesi G\u00fc\u00fdje giren senesi Diplomatik gatna\u015fyklary \u00fdola go\u00fdmak teswirnamasy [&hellip;]","protected":false},"author":6,"featured_media":0,"parent":3815,"menu_order":3,"comment_status":"closed","ping_status":"closed","template":"","meta":{"footnotes":""},"class_list":["post-7144","page","type-page","status-publish","hentry"],"_links":{"self":[{"href":"https:\/\/ambashgabat.esteri.it\/tk\/wp-json\/wp\/v2\/pages\/7144","targetHints":{"allow":["GET"]}}],"collection":[{"href":"https:\/\/ambashgabat.esteri.it\/tk\/wp-json\/wp\/v2\/pages"}],"about":[{"href":"https:\/\/ambashgabat.esteri.it\/tk\/wp-json\/wp\/v2\/types\/page"}],"author":[{"embeddable":true,"href":"https:\/\/ambashgabat.esteri.it\/tk\/wp-json\/wp\/v2\/users\/6"}],"replies":[{"embeddable":true,"href":"https:\/\/ambashgabat.esteri.it\/tk\/wp-json\/wp\/v2\/comments?post=7144"}],"version-history":[{"count":4,"href":"https:\/\/ambashgabat.esteri.it\/tk\/wp-json\/wp\/v2\/pages\/7144\/revisions"}],"predecessor-version":[{"id":9709,"href":"https:\/\/ambashgabat.esteri.it\/tk\/wp-json\/wp\/v2\/pages\/7144\/revisions\/9709"}],"up":[{"embeddable":true,"href":"https:\/\/ambashgabat.esteri.it\/tk\/wp-json\/wp\/v2\/pages\/3815"}],"wp:attachment":[{"href":"https:\/\/ambashgabat.esteri.it\/tk\/wp-json\/wp\/v2\/media?parent=7144"}],"curies":[{"name":"wp","href":"https:\/\/api.w.org\/{rel}","templated":true}]}}