{"id":7143,"date":"2024-03-04T10:45:57","date_gmt":"2024-03-04T05:45:57","guid":{"rendered":"https:\/\/ambashgabat.esteri.it\/italia-e-turkmenistan\/rapporti-politici\/incontri-bilaterali\/"},"modified":"2025-04-30T22:32:22","modified_gmt":"2025-04-30T17:32:22","slug":"incontri-bilaterali","status":"publish","type":"page","link":"https:\/\/ambashgabat.esteri.it\/tk\/italia-e-turkmenistan\/rapporti-politici\/incontri-bilaterali\/","title":{"rendered":"Ikitarapla\u00fdyn du\u015fu\u015fyklar we saparlar"},"content":{"rendered":"<p>&nbsp;<\/p>\n<p><img loading=\"lazy\" decoding=\"async\" class=\"alignnone size-medium wp-image-2288 img-fluid\" src=\"https:\/\/ambashgabat.esteri.it\/wp-content\/uploads\/2024\/03\/628232.1573186212.b-300x206.jpg\" alt=\"\" width=\"300\" height=\"206\" srcset=\"https:\/\/ambashgabat.esteri.it\/wp-content\/uploads\/2024\/03\/628232.1573186212.b-300x206.jpg 300w, https:\/\/ambashgabat.esteri.it\/wp-content\/uploads\/2024\/03\/628232.1573186212.b-768x526.jpg 768w, https:\/\/ambashgabat.esteri.it\/wp-content\/uploads\/2024\/03\/628232.1573186212.b.jpg 800w\" sizes=\"auto, (max-width: 300px) 100vw, 300px\" \/><\/p>\n<p><strong><span class=\" \" data-bm=\"614\">2024<\/span><\/strong><span data-bm=\"615\">-nji \u00fdyly\u0148 <\/span><span class=\"\" data-bm=\"616\">20<\/span><span data-bm=\"617\">-nji <\/span><span class=\"\" data-bm=\"618\">martynda<\/span> <span class=\" \" data-bm=\"620\">Rimde<\/span> <span class=\" \" data-bm=\"622\">T\u00fcrkmenistany\u0148<\/span> <span class=\"\" data-bm=\"624\">Da\u015fary<\/span><span data-bm=\"625\"> i\u015fler <\/span><span class=\" \" data-bm=\"626\">ministrligini\u0148<\/span><span data-bm=\"627\"> Rim \u015f\u00e4herine <\/span><span class=\"\" data-bm=\"628\">saparyny\u0148<\/span><span data-bm=\"629\"> tamamlanmagy bilen <\/span><span class=\" tta_align\" data-bm=\"630\">prem\u00fder<\/span><span class=\"\" data-bm=\"631\">&#8211;<\/span><span class=\"\" data-bm=\"632\">ministri\u0148<\/span> <span class=\"\" data-bm=\"634\">orunbasary<\/span> <span class=\"\" data-bm=\"636\">bilen<\/span> <span class=\"\" data-bm=\"638\">ministr<\/span> <span class=\"\" data-bm=\"640\">Tajani<\/span> <span class=\"\" data-bm=\"642\">t\u00fcrkmen<\/span> <span class=\"\" data-bm=\"644\">i\u015fde\u015fi<\/span> <span class=\"\" data-bm=\"646\">Meredow<\/span><span data-bm=\"647\"> bilen <\/span><span class=\"\" data-bm=\"648\">du\u015fu\u015fyk<\/span> <span class=\"\" data-bm=\"650\">ge\u00e7irildi<\/span><span class=\"\" data-bm=\"651\">.<\/span> <span class=\"\" data-bm=\"653\">Meredow<\/span> <span class=\"\" data-bm=\"655\">ikitarapla\u00fdyn<\/span> <span class=\"\" data-bm=\"657\">gatna\u015fyklary\u0148<\/span><span class=\"\" data-bm=\"658\">,<\/span> <span class=\"\" data-bm=\"660\">hususan<\/span><span class=\"\" data-bm=\"661\">&#8211;<\/span><span class=\"\" data-bm=\"662\">da<\/span><span class=\"\" data-bm=\"663\">,<\/span> <span class=\"\" data-bm=\"665\">ykdysady\u00fdet<\/span><span class=\"\" data-bm=\"666\">,<\/span> <span class=\"\" data-bm=\"668\">medeni\u00fdet<\/span><span class=\"\" data-bm=\"669\">&#8211;<\/span><span class=\"\" data-bm=\"670\">akademik<\/span><span class=\"\" data-bm=\"671\">&#8211;<\/span><span class=\"\" data-bm=\"672\">dil<\/span> <span class=\"\" data-bm=\"674\">ulgamlarynda<\/span><span data-bm=\"675\"> gazanylan <\/span><span class=\"\" data-bm=\"676\">gowy<\/span> <span class=\"\" data-bm=\"678\">\u00f6s\u00fc\u015flerden<\/span> <span class=\"\" data-bm=\"680\">kanagatlan\u00fdandygyny<\/span> <span class=\"\" data-bm=\"682\">a\u00fdtdy<\/span><span class=\"\" data-bm=\"683\">.<\/span> <span class=\"\" data-bm=\"685\">Geljekki<\/span> <span class=\"\" data-bm=\"687\">hyzmatda\u015flyk<\/span> <span class=\"\" data-bm=\"689\">agyr<\/span> <span class=\"\" data-bm=\"691\">senagat<\/span><span class=\"\" data-bm=\"692\">,<\/span> <span class=\"\" data-bm=\"694\">agro<\/span><span class=\"\" data-bm=\"695\">&#8211;<\/span><span class=\"\" data-bm=\"696\">azyk<\/span><span class=\"\" data-bm=\"697\">,<\/span> <span class=\"\" data-bm=\"699\">nebit<\/span> <span class=\"\" data-bm=\"701\">we<\/span> <span class=\"\" data-bm=\"703\">gaz<\/span><span class=\"\" data-bm=\"704\">,<\/span> <span class=\"\" data-bm=\"706\">aragatna\u015fyk<\/span> <span class=\"\" data-bm=\"708\">we<\/span> <span class=\"\" data-bm=\"710\">aerokosmik<\/span><span class=\"\" data-bm=\"711\">,<\/span> <span class=\"\" data-bm=\"713\">infrastruktura<\/span> <span class=\"\" data-bm=\"715\">we<\/span> <span class=\"\" data-bm=\"717\">transport<\/span> <span class=\"\" data-bm=\"719\">pudaklarynda<\/span><span data-bm=\"720\"> hem <\/span><span class=\"\" data-bm=\"721\">\u00f6sd\u00fcrilip<\/span><span data-bm=\"722\"> biler<\/span><span class=\"\" data-bm=\"723\">.<\/span> <span class=\"\" data-bm=\"725\">\u015ee\u00fdle<\/span><span data-bm=\"726\">-de <\/span><span class=\"\" data-bm=\"727\">Meredow<\/span> <span class=\"\" data-bm=\"729\">tarapyndan<\/span> <span class=\"\" data-bm=\"731\">demir<\/span> <span class=\"\" data-bm=\"733\">\u00fdol<\/span> <span class=\"\" data-bm=\"735\">we<\/span> <span class=\"\" data-bm=\"737\">de\u0148iz<\/span> <span class=\"\" data-bm=\"739\">meseleleri<\/span><span data-bm=\"740\"> bo\u00fdun\u00e7a <\/span><span class=\"\" data-bm=\"741\">infrastruktura<\/span> <span class=\"\" data-bm=\"743\">we<\/span><span data-bm=\"744\"> transport <\/span><span class=\"\" data-bm=\"745\">ministrliginde<\/span><span data-bm=\"746\"> gol <\/span><span class=\"\" data-bm=\"747\">\u00e7ekilen<\/span> <span class=\"\" data-bm=\"749\">iki<\/span> <span class=\"\" data-bm=\"751\">\u015fertnama<\/span> <span class=\"\" data-bm=\"753\">bagla\u015fyldy<\/span><span class=\"\" data-bm=\"754\">.<\/span> <strong><span class=\"\" data-bm=\"756\">2023<\/span><\/strong><span data-bm=\"757\">-nji \u00fdyly\u0148 <\/span><span class=\"\" data-bm=\"758\">aprel<\/span> <span class=\"\" data-bm=\"760\">a\u00fdyny\u0148<\/span> <span class=\"\" data-bm=\"762\">ahyrynda<\/span> <span class=\"\" data-bm=\"764\">Prof<\/span><span class=\"\" data-bm=\"765\">.<\/span> <span class=\"\" data-bm=\"767\">Romeo<\/span> <span class=\"\" data-bm=\"769\">Orlandi<\/span> <span class=\"\" data-bm=\"771\">(<\/span><span class=\"\" data-bm=\"772\">2030<\/span><span data-bm=\"773\">-njy <\/span><span class=\"\" data-bm=\"774\">\u00fdylda<\/span> <span class=\"\" data-bm=\"776\">B\u00fctind\u00fcn\u00fd\u00e4<\/span> <span class=\"\" data-bm=\"778\">ekspozisi\u00fdasyny<\/span> <span class=\"\" data-bm=\"780\">ge\u00e7irmek<\/span><span data-bm=\"781\"> \u00fc\u00e7in <\/span><span class=\"\" data-bm=\"782\">Rimi\u0148<\/span> <span class=\"\" data-bm=\"784\">kandidatlygyny\u0148<\/span> <span class=\"\" data-bm=\"786\">\u00fd\u00f6rite<\/span> <span class=\"\" data-bm=\"788\">il\u00e7isi<\/span><span class=\"\" data-bm=\"789\">)<\/span> <span class=\"\" data-bm=\"791\">T\u00fcrkmenistana<\/span> <span class=\"\" data-bm=\"793\">missioneri<\/span> <span class=\"\" data-bm=\"795\">tamamlandy<\/span><span class=\"\" data-bm=\"796\">.<\/span><span data-bm=\"797\">\u00a0<\/span> Sapary\u0148 programmasynda \u00fdokary derejed\u00e4ki gurama\u00e7ylykly geple\u015fikler ge\u00e7irildi. Olara prem\u00fder-ministri\u0148 orunbasary Mahrijemal Mamedowa, Da\u015fary i\u015fler ministri Begen\u00e7 Gochmolla\u00fdew we Da\u015fary i\u015fler ministrini\u0148 orunbasary Myahri B\u00fda\u015fimova, \u015fe\u00fdle hem T\u00fcrkmenistany\u0148 S\u00f6wda-senagat palatasyny\u0148 we Senagat\u00e7ylar we teleke\u00e7iler birle\u015figini\u0148 \u00fdolba\u015f\u00e7ylary gatna\u015fdylar. Du\u015fu\u015fyklary\u0148 esasy maksady EXPO 2030-y ge\u00e7irmek \u00fc\u00e7in Rimi\u0148 kandidatlygyny \u00f6\u0148e s\u00fcrmekdi. \u015ee\u00fdle-de Itali\u00fdany\u0148 2025-nji \u00fdylda Rimde T\u00fcrkmenistandan gelen arheologik tapyndylar sergisini ge\u00e7irm\u00e4ge ta\u00fdyndygy tassyklandy.<\/p>\n<p><strong><span class=\"\" data-bm=\"1343\">2021<\/span><\/strong><span data-bm=\"1344\">-nji <\/span><span class=\"\" data-bm=\"1345\">\u00fdyly\u0148<\/span> <span class=\"\" data-bm=\"1347\">7<\/span><span data-bm=\"1348\">&#8211;<\/span><span class=\"\" data-bm=\"1349\">nji<\/span> <span class=\"\" data-bm=\"1351\">i\u00fdulynda<\/span> <span class=\"\" data-bm=\"1353\">ital\u00fdan<\/span> <span class=\"\" data-bm=\"1355\">kompani\u00fdalaryny\u0148<\/span> <span class=\"\" data-bm=\"1357\">b\u00e4hbidine<\/span> <span class=\"\" data-bm=\"1359\">T\u00fcrkmenistany\u0148<\/span> <span class=\"\" data-bm=\"1361\">\u00fdurdu\u0148<\/span> <span class=\"\" data-bm=\"1363\">tany\u015fdyryly\u015fy<\/span> <span class=\"\" data-bm=\"1365\">wideo<\/span> <span class=\"\" data-bm=\"1367\">g\u00f6rn\u00fc\u015fde<\/span> <span class=\"\" data-bm=\"1369\">ge\u00e7irildi<\/span><span class=\"\" data-bm=\"1370\">.<\/span> <span class=\" \" data-bm=\"1372\">T\u00fcrkmenistany\u0148<\/span> <span class=\" \" data-bm=\"1374\">delegasi\u00fdasyna<\/span> <span class=\"\" data-bm=\"1376\">Da\u015fary<\/span> <span class=\"\" data-bm=\"1378\">i\u015fler<\/span> <span class=\" \" data-bm=\"1380\">ministrini\u0148<\/span> <span class=\" tta_align\" data-bm=\"1382\">orunbasary<\/span> <span class=\"\" data-bm=\"1384\">Vepa<\/span> <span class=\"\" data-bm=\"1386\">Haji\u00fdew<\/span><span class=\"\" data-bm=\"1387\">,<\/span> <span class=\"\" data-bm=\"1389\">Itali\u00fdany\u0148<\/span> <span class=\"\" data-bm=\"1391\">delegasi\u00fdasyna<\/span><span data-bm=\"1392\"> bolsa <\/span><span class=\"\" data-bm=\"1393\">orunbasary<\/span> <span class=\"\" data-bm=\"1395\">Di<\/span> <span class=\"\" data-bm=\"1397\">Stefano<\/span><span data-bm=\"1398\"> \u00fdolba\u015f\u00e7ylyk <\/span><span class=\"\" data-bm=\"1399\">etdi<\/span><span class=\"\" data-bm=\"1400\">.<\/span> <span class=\"\" data-bm=\"1402\">2020<\/span><span data-bm=\"1403\">-nji \u00fdyly\u0148 <\/span><span class=\"\" data-bm=\"1404\">3<\/span><span data-bm=\"1405\">&#8211;<\/span><span class=\"\" data-bm=\"1406\">nji<\/span> <span class=\"\" data-bm=\"1408\">sent\u00fdabrynda<\/span> <span class=\"\" data-bm=\"1410\">T\u00fcrkmenistany\u0148<\/span> <span class=\"\" data-bm=\"1412\">ha\u00fdy\u015fy<\/span> <span class=\"\" data-bm=\"1414\">bo\u00fdun\u00e7a<\/span> <span class=\"\" data-bm=\"1416\">Prezident<\/span> <span class=\"\" data-bm=\"1418\">Mattarella<\/span> <span class=\"\" data-bm=\"1420\">i\u015fde\u015fi<\/span> <span class=\"\" data-bm=\"1422\">Berdimuhamedow<\/span> <span class=\"\" data-bm=\"1424\">bilen<\/span> <span class=\"\" data-bm=\"1426\">telefon<\/span> <span class=\"\" data-bm=\"1428\">arkaly<\/span> <span class=\"\" data-bm=\"1430\">geple\u015fikler<\/span> <span class=\"\" data-bm=\"1432\">ge\u00e7irdi<\/span><span class=\"\" data-bm=\"1433\">.<\/span> <span class=\"\" data-bm=\"1435\">2020<\/span><span data-bm=\"1436\">-nji <\/span><span class=\"\" data-bm=\"1437\">\u00fdyly\u0148<\/span> <span class=\"\" data-bm=\"1439\">19<\/span><span data-bm=\"1440\">&#8211;<\/span><span class=\"\" data-bm=\"1441\">njy<\/span> <span class=\"\" data-bm=\"1443\">i\u00fdunynda<\/span> <span class=\"\" data-bm=\"1445\">Sekretary\u0148<\/span> <span class=\"\" data-bm=\"1447\">orunbasary<\/span> <span class=\"\" data-bm=\"1449\">Di<\/span> <span class=\"\" data-bm=\"1451\">Stefano<\/span> <span class=\"\" data-bm=\"1453\">VTC<\/span><span class=\"\" data-bm=\"1454\">&#8211;<\/span><span class=\"\" data-bm=\"1455\">de<\/span> <span class=\"\" data-bm=\"1457\">resmi<\/span> <span class=\"\" data-bm=\"1459\">d\u00e4l<\/span> <span class=\"\" data-bm=\"1461\">i\u015few\u00fcr<\/span> <span class=\"\" data-bm=\"1463\">forumy<\/span><span data-bm=\"1464\"> a\u00e7dy<\/span><span class=\"\" data-bm=\"1465\">.<\/span> <span class=\"\" data-bm=\"1467\">Bu<\/span> <span class=\"\" data-bm=\"1469\">forumda<\/span> <span class=\"\" data-bm=\"1471\">sapary\u0148<\/span> <span class=\"\" data-bm=\"1473\">dowamynda<\/span> <span class=\"\" data-bm=\"1475\">gol<\/span> <span class=\"\" data-bm=\"1477\">\u00e7ekilen<\/span> <span class=\"\" data-bm=\"1479\">\u015fertnamalary\u0148<\/span> <span class=\"\" data-bm=\"1481\">gazanylan<\/span> <span class=\"\" data-bm=\"1483\">\u00fcst\u00fcnliklerini<\/span> <span class=\"\" data-bm=\"1485\">g\u00f6zden<\/span> <span class=\"\" data-bm=\"1487\">ge\u00e7irm\u00e4ge<\/span><span class=\"\" data-bm=\"1488\">,<\/span> <span class=\"\" data-bm=\"1490\">T\u00fcrkmenistanda<\/span> <span class=\"\" data-bm=\"1492\">ital\u00fdan<\/span> <span class=\"\" data-bm=\"1494\">ki\u00e7i<\/span><span data-bm=\"1495\"> we orta <\/span><span class=\"\" data-bm=\"1496\">teleke\u00e7ilerini\u0148<\/span><span data-bm=\"1497\"> i\u015fini\u0148 <\/span><span class=\"\" data-bm=\"1498\">\u00fcst\u00fcnliklerini\u0148<\/span> <span class=\"\" data-bm=\"1500\">we<\/span> <span class=\"\" data-bm=\"1502\">i\u0148<\/span> <span class=\"\" data-bm=\"1504\">gowy<\/span> <span class=\"\" data-bm=\"1506\">endiklerini\u0148<\/span> <span class=\"\" data-bm=\"1508\">mysallaryny<\/span> <span class=\"\" data-bm=\"1510\">g\u00f6rkezm\u00e4ge<\/span> <span class=\"\" data-bm=\"1512\">m\u00fcmkin\u00e7ilik<\/span> <span class=\"\" data-bm=\"1514\">berdi<\/span><span class=\"\" data-bm=\"1515\">.<\/span> <span class=\"\" data-bm=\"1517\">.<\/span><\/p>\n<p><strong><span class=\"\" data-bm=\"1775\">2020<\/span><\/strong><span data-bm=\"1776\">-nji \u00fdyly\u0148 <\/span><span class=\"\" data-bm=\"1777\">20<\/span><span data-bm=\"1778\">-nji <\/span><span class=\"\" data-bm=\"1779\">ma\u00fdynda<\/span> <span class=\"\" data-bm=\"1781\">Di<\/span> <span class=\"\" data-bm=\"1783\">Stefanony\u0148<\/span> <span class=\"\" data-bm=\"1785\">orunbasary<\/span> <span class=\"\" data-bm=\"1787\">Di<\/span><span data-bm=\"1788\"> Stefano <\/span><span class=\"\" data-bm=\"1789\">bilen<\/span> <span class=\"\" data-bm=\"1791\">Prem\u00fder<\/span><span class=\"\" data-bm=\"1792\">&#8211;<\/span><span class=\"\" data-bm=\"1793\">ministri\u0148<\/span> <span class=\" \" data-bm=\"1795\">orunbasary<\/span> <span class=\"\" data-bm=\"1797\">we<\/span> <span class=\"\" data-bm=\"1799\">Da\u015fary<\/span> <span class=\"\" data-bm=\"1801\">i\u015fler<\/span> <span class=\"\" data-bm=\"1803\">ministri<\/span> <span class=\" tta_align\" data-bm=\"1805\">Meredowy\u0148<\/span> <span class=\"\" data-bm=\"1807\">telefon<\/span><span data-bm=\"1808\"> arkaly eden <\/span><span class=\"\" data-bm=\"1809\">s\u00f6hbetde\u015fligi<\/span> <span class=\"\" data-bm=\"1811\">Itali\u00fdany\u0148<\/span> <span class=\"\" data-bm=\"1813\">2019<\/span><span data-bm=\"1814\">-njy \u00fdyly\u0148 <\/span><span class=\"\" data-bm=\"1815\">no\u00fdabr<\/span> <span class=\"\" data-bm=\"1817\">a\u00fdynda<\/span> <span class=\"\" data-bm=\"1819\">Berdimuhamedowy\u0148<\/span> <span class=\"\" data-bm=\"1821\">Rim<\/span> <span class=\"\" data-bm=\"1823\">\u015f\u00e4herine<\/span><span data-bm=\"1824\"> eden <\/span><span class=\"\" data-bm=\"1825\">saparyndan<\/span><span data-bm=\"1826\"> so\u0148 <\/span><span class=\"\" data-bm=\"1827\">netijeli<\/span><span data-bm=\"1828\"> netijeli <\/span><span class=\"\" data-bm=\"1829\">\u00e7\u00e4releri<\/span><span data-bm=\"1830\"> ge\u00e7irmek isle\u00fd\u00e4ndigini <\/span><span class=\"\" data-bm=\"1831\">g\u00f6z<\/span><span data-bm=\"1832\"> \u00f6\u0148\u00fcnde tutup, <\/span><span class=\"\" data-bm=\"1833\">pandemi\u00fda<\/span><span data-bm=\"1834\"> seb\u00e4pli <\/span><span class=\"\" data-bm=\"1835\">kesilen<\/span> <span class=\"\" data-bm=\"1837\">ikitarapla\u00fdyn<\/span> <span class=\"\" data-bm=\"1839\">we<\/span> <span class=\"\" data-bm=\"1841\">sebit<\/span> <span class=\"\" data-bm=\"1843\">hyzmatda\u015flygyny<\/span> <span class=\"\" data-bm=\"1845\">t\u00e4zeden<\/span> <span class=\"\" data-bm=\"1847\">ba\u015flamaga<\/span> <span class=\"\" data-bm=\"1849\">m\u00fcmkin\u00e7ilik<\/span><span data-bm=\"1850\"> berdi<\/span><span class=\"\" data-bm=\"1851\">.<\/span><span data-bm=\"1852\"><br \/>\n<\/span><span class=\"\" data-bm=\"1853\">T\u00fcrkmenistan<\/span> <span class=\"\" data-bm=\"1855\">2019<\/span><span data-bm=\"1856\">-njy \u00fdyly\u0148 <\/span><span class=\"\" data-bm=\"1857\">13<\/span><span data-bm=\"1858\">&#8211;<\/span><span class=\"\" data-bm=\"1859\">nji<\/span> <span class=\"\" data-bm=\"1861\">dekabrynda<\/span> <span class=\"\" data-bm=\"1863\">Farnesinada<\/span> <span class=\"\" data-bm=\"1865\">ge\u00e7irilen<\/span> <span class=\"\" data-bm=\"1867\">we<\/span> <span class=\"\" data-bm=\"1869\">Da\u015fary<\/span><span data-bm=\"1870\"> i\u015fler <\/span><span class=\"\" data-bm=\"1871\">we<\/span> <span class=\"\" data-bm=\"1873\">halkara<\/span> <span class=\"\" data-bm=\"1875\">hyzmatda\u015flyk<\/span> <span class=\"\" data-bm=\"1877\">ministrligi<\/span><span data-bm=\"1878\"> tarapyndan <\/span><span class=\"\" data-bm=\"1879\">ISPI<\/span> <span class=\"\" data-bm=\"1881\">bilen<\/span> <span class=\"\" data-bm=\"1883\">hyzmatda\u015flykda<\/span><span data-bm=\"1884\"> ge\u00e7irilen <\/span><span class=\"\" data-bm=\"1885\">&#8220;<\/span><span class=\"\" data-bm=\"1886\">Itali\u00fda<\/span> <span class=\"\" data-bm=\"1888\">we<\/span> <span class=\"\" data-bm=\"1890\">Merkezi<\/span> <span class=\"\" data-bm=\"1892\">Azi\u00fda<\/span><span class=\"\" data-bm=\"1893\">:<\/span> <span class=\"\" data-bm=\"1895\">\u00f6zara<\/span> <span class=\"\" data-bm=\"1897\">bilimi<\/span><span class=\"\" data-bm=\"1898\">,<\/span> <span class=\"\" data-bm=\"1900\">hyzmatda\u015flygy<\/span> <span class=\"\" data-bm=\"1902\">we<\/span> <span class=\"\" data-bm=\"1904\">hyzmatda\u015flygy<\/span> <span class=\"\" data-bm=\"1906\">berkitmek<\/span><span data-bm=\"1907\">&#8221; <\/span><span class=\"\" data-bm=\"1908\">atly<\/span> <span class=\"\" data-bm=\"1910\">konferensi\u00fdada<\/span> <span class=\"\" data-bm=\"1912\">Da\u015fary<\/span> <span class=\"\" data-bm=\"1914\">i\u015fler<\/span> <span class=\"\" data-bm=\"1916\">ministrini\u0148<\/span> <span class=\"\" data-bm=\"1918\">orunbasary<\/span><span data-bm=\"1919\"> derejesinde <\/span><span class=\"\" data-bm=\"1920\">gatna\u015fdy<\/span><span class=\"\" data-bm=\"1921\">.<\/span><\/p>\n<p><strong>2019-<\/strong>njy \u00fdyly\u0148 7-nji no\u00fdabrynda Prezident Berdimuhamedow prezident Mattarella we prem\u00fder-ministri Konte bilen du\u015fu\u015fmak \u00fc\u00e7in Rim \u015f\u00e4herine resmi sapar bilen geldi. 6-njy no\u00fdabrda sapar bilen bir wagtda Milanda ICE tarapyndan gurnalan i\u015few\u00fcr forum ge\u00e7irildi. O\u0148a uly gatna\u015fyjy (\u00fd\u00fcz ital\u00fdan kompani\u00fdasy we T\u00fcrkmenistany\u0148 delegasi\u00fdasynda \u00fd\u00fcz otuz sekiz adam gatna\u015fdy).<\/p>\n<p>Prezident Berdimuhamedovy\u0148 sapary \u00f6r\u00e4n gowy netije berdi, ol ital\u00fdan i\u015fde\u015fleri bilen ikitarapla\u00fdyn hyzmatda\u015flygy\u0148 esasy meselelerini, sebit we halkara m\u00f6h\u00fcm meseleleri (a\u00fdratyn-da, Merkezi Azi\u00fda sebitini\u0148 baglany\u015fyklylygy, Afganistan, Itali\u00fdany\u0148 Merkezi Azi\u00fdadaky roly) ara alyp maslahatla\u015fmaga m\u00fcmkin\u00e7ilik berdi. Sapary\u0148 ahyrynda 4 sany h\u00f6k\u00fcmetlerarasy \u015fertnama gol \u00e7ekildi (saglyk, howa hyzmatlary, da\u015fky gur\u015faw we bilim ulgamlarynda).<\/p>\n<p><strong>2019<\/strong>-njy \u00fdyly\u0148 27-nji martynda A\u015fgabatda prem\u00fder-ministri\u0148 orunbasary, Da\u015fary i\u015fler ministri Ra\u015fid Meredow, \u015fe\u00fdle hem S\u00f6wda prem\u00fder-ministrini\u0148 orunbasary \u00c7ary Gylyjow, nebit we gaz bo\u00fdun\u00e7a Prem\u00fder-ministri\u0148 orunbasary Myratgeldi Meredow hem-de T\u00fcrkmenistany\u0148 Senagat\u00e7ylar we teleke\u00e7iler birle\u015figini\u0148 prezidenti bilen du\u015fu\u015fmak \u00fc\u00e7in A\u015fgabat \u015f\u00e4herine geldi. Dadayew.<\/p>\n<p>Goranmak ulgamynda hyzmatda\u015flyk babatda<strong> 2015-nji \u00fdyly\u0148 25-nji no\u00fdabrynda<\/strong> \u015fol wagtky ministr Rimde D\u00f6wlet serhet gullugyny\u0148 ba\u015flygy we T\u00fcrkmenistany\u0148 serhet go\u015funlaryny\u0148 serkerdeba\u015fysy general Myrat Islamow bilen du\u015fu\u015fdy.<\/p>\n<p><strong>2017<\/strong>-nji \u00fdyly\u0148 29-njy martynda goranmak ministri Berdi\u00fdew Rimde ministr Pinotti bilen du\u015fu\u015fdy. 2017-nji \u00fdyly\u0148 21-nji i\u00fdunynda ilkinji ikitarapla\u00fdyn geple\u015fikler, so\u0148ra 2019-njy \u00fdyly\u0148 ma\u00fd a\u00fdynda Rimde ge\u00e7irildi.<\/p>\n<p>2015-nji \u00fdyly\u0148 ma\u00fd a\u00fdynda T\u00fcrkmenistany\u0148 Prezidenti Gurbanguly Berdimuhamedow Milan Ekspozisi\u00fdasynda T\u00fcrkmenistany\u0148 Milli pavilonyny\u0148 a\u00e7yly\u015f dabarasyna gatna\u015fyp, Rimde prem\u00fder-ministri Renzi we d\u00f6wlet ba\u015ftutany Mattarella bilen du\u015fu\u015fdy.<\/p>\n<p><strong>2014-nji \u00fdyly\u0148 18-nji no\u00fdabrynda<\/strong> \u015fol wagtky prem\u00fder-ministri Matteo Renzi ENI ba\u015f direktory Klawdio Deskalzi bilen bilelikde gysga i\u015f saparynda A\u015fgabat gitdi. Bu sapary\u0148 dowamynda ENI bilen T\u00fcrkmenistan d\u00f6wlet uglevodorod kompani\u00fdasyny\u0148 arasynda energetika \u015fertnamalaryna gol \u00e7ekildi. Prezident Berdymuhamedow bilen geple\u015fikleri\u0148 dowamynda iki \u00fdurdu\u0148 be\u00fdleki ykdysady we s\u00f6wda pudaklarynda, \u015fe\u00fdle hem bilim, medeni\u00fdet we sy\u00fdahat\u00e7ylyk ulgamlarynda strategik hyzmatda\u015flygy \u00fdola go\u00fdmak m\u00fcmkin\u00e7iligi barada ylala\u015fyldy.<\/p>\n<p>Prem\u00fder ministri Renzini\u0148 missionerinden so\u0148 <strong>2015-nji \u00fdyly\u0148 20-nji aprelinde<\/strong> Da\u015fary i\u015fler ministrliginde \u015fol wagtky ministri\u0148 orunbasary Pistelli bilen ministri\u0148 orunbasary Myati\u00fdewi\u0148 arasynda ikitarapla\u00fdyn sy\u00fdasy maslahatla\u015fmalar ge\u00e7irildi.<\/p>\n<p>So\u0148ra <strong>2015-nji \u00fdyly\u0148 23-nji aprelinde<\/strong> Oba hojalyk, azyk we toka\u00fd hojalyk sy\u00fdasaty ministri Maurisio Martina oba hojalyk \u00f6n\u00fcm\u00e7ilik k\u00e4rhanalaryny\u0148 we esasy t\u00e4jir\u00e7ilik birle\u015fiklerini\u0148 \u00fdolba\u015f\u00e7ylaryny\u0148 delegasi\u00fdasyny\u0148 ba\u015ftutanlygynda A\u015fgabat gitdi. Bu sapar ministr Martina prezident Berdymukhammedow, Da\u015fary i\u015fler ministri Meredow, Oba hojalyk ministri \u00c7arly\u00fdew, s\u00f6wda bo\u00fdun\u00e7a prem\u00fder-ministri\u0148 orunbasary Taganov we oba hojalyk ministrini\u0148 orunbasary Yazmuradow bilen du\u015fu\u015fdy.<\/p>\n","protected":false},"excerpt":{"rendered":"&nbsp; 2024-nji \u00fdyly\u0148 20-nji martynda Rimde T\u00fcrkmenistany\u0148 Da\u015fary i\u015fler ministrligini\u0148 Rim \u015f\u00e4herine saparyny\u0148 tamamlanmagy bilen prem\u00fder&#8211;ministri\u0148 orunbasary bilen ministr Tajani t\u00fcrkmen i\u015fde\u015fi Meredow bilen du\u015fu\u015fyk ge\u00e7irildi. Meredow ikitarapla\u00fdyn gatna\u015fyklary\u0148, hususan&#8211;da, ykdysady\u00fdet, medeni\u00fdet&#8211;akademik&#8211;dil ulgamlarynda gazanylan gowy \u00f6s\u00fc\u015flerden kanagatlan\u00fdandygyny a\u00fdtdy. Geljekki hyzmatda\u015flyk agyr senagat, agro&#8211;azyk, nebit we gaz, aragatna\u015fyk we aerokosmik, infrastruktura we transport pudaklarynda hem \u00f6sd\u00fcrilip [&hellip;]","protected":false},"author":6,"featured_media":0,"parent":3815,"menu_order":2,"comment_status":"closed","ping_status":"closed","template":"","meta":{"footnotes":""},"class_list":["post-7143","page","type-page","status-publish","hentry"],"_links":{"self":[{"href":"https:\/\/ambashgabat.esteri.it\/tk\/wp-json\/wp\/v2\/pages\/7143","targetHints":{"allow":["GET"]}}],"collection":[{"href":"https:\/\/ambashgabat.esteri.it\/tk\/wp-json\/wp\/v2\/pages"}],"about":[{"href":"https:\/\/ambashgabat.esteri.it\/tk\/wp-json\/wp\/v2\/types\/page"}],"author":[{"embeddable":true,"href":"https:\/\/ambashgabat.esteri.it\/tk\/wp-json\/wp\/v2\/users\/6"}],"replies":[{"embeddable":true,"href":"https:\/\/ambashgabat.esteri.it\/tk\/wp-json\/wp\/v2\/comments?post=7143"}],"version-history":[{"count":2,"href":"https:\/\/ambashgabat.esteri.it\/tk\/wp-json\/wp\/v2\/pages\/7143\/revisions"}],"predecessor-version":[{"id":8866,"href":"https:\/\/ambashgabat.esteri.it\/tk\/wp-json\/wp\/v2\/pages\/7143\/revisions\/8866"}],"up":[{"embeddable":true,"href":"https:\/\/ambashgabat.esteri.it\/tk\/wp-json\/wp\/v2\/pages\/3815"}],"wp:attachment":[{"href":"https:\/\/ambashgabat.esteri.it\/tk\/wp-json\/wp\/v2\/media?parent=7143"}],"curies":[{"name":"wp","href":"https:\/\/api.w.org\/{rel}","templated":true}]}}