{"id":7103,"date":"2024-01-16T17:23:16","date_gmt":"2024-01-16T12:23:16","guid":{"rendered":"https:\/\/ambashgabat.esteri.it\/italia-e-turkmenistan\/rapporti-politici\/gli-ambasciatori-ditalia-in-turkmenistan\/"},"modified":"2025-03-18T15:27:11","modified_gmt":"2025-03-18T10:27:11","slug":"gli-ambasciatori-ditalia-in-turkmenistan","status":"publish","type":"page","link":"https:\/\/ambashgabat.esteri.it\/tk\/italia-e-turkmenistan\/rapporti-politici\/gli-ambasciatori-ditalia-in-turkmenistan\/","title":{"rendered":"The Ambassadors of Italy in Turkmenistan"},"content":{"rendered":"<p><img loading=\"lazy\" decoding=\"async\" class=\"alignnone size-full wp-image-2162 img-fluid\" src=\"https:\/\/ambashgabat.esteri.it\/wp-content\/uploads\/2024\/03\/Bosio-300x3001-1.jpg\" alt=\"\" width=\"300\" height=\"300\" srcset=\"https:\/\/ambashgabat.esteri.it\/wp-content\/uploads\/2024\/03\/Bosio-300x3001-1.jpg 300w, https:\/\/ambashgabat.esteri.it\/wp-content\/uploads\/2024\/03\/Bosio-300x3001-1-150x150.jpg 150w\" sizes=\"auto, (max-width: 300px) 100vw, 300px\" \/><\/p>\n<p>Konsullyk we Il\u00e7ihanany\u0148 Ge\u0148e\u015f\u00e7i il\u00e7isi <strong>Daniele Bosio<\/strong> (2 Dekabr 2013 \u2013 7 Aprel 2014)<\/p>\n<p>&nbsp;<\/p>\n<p><img loading=\"lazy\" decoding=\"async\" class=\"alignnone size-medium wp-image-2165 img-fluid\" src=\"https:\/\/ambashgabat.esteri.it\/wp-content\/uploads\/2024\/03\/Amb-Mancini1-285x300.jpg\" alt=\"\" width=\"285\" height=\"300\" srcset=\"https:\/\/ambashgabat.esteri.it\/wp-content\/uploads\/2024\/03\/Amb-Mancini1-285x300.jpg 285w, https:\/\/ambashgabat.esteri.it\/wp-content\/uploads\/2024\/03\/Amb-Mancini1.jpg 720w\" sizes=\"auto, (max-width: 285px) 100vw, 285px\" \/><\/p>\n<p>Konsullyk we Il\u00e7ihanany\u0148 Ge\u0148e\u015f\u00e7i il\u00e7isi<strong> Marko Man\u00e7ini<\/strong> (1 Okt\u00fdabr 2014 \u2013 2 Aprel 2017)<\/p>\n<p>&nbsp;<\/p>\n<p><img loading=\"lazy\" decoding=\"async\" class=\"alignnone size-medium wp-image-2168 img-fluid\" src=\"https:\/\/ambashgabat.esteri.it\/wp-content\/uploads\/2024\/03\/WhatsApp-Image-2023-10-17-at-15.52.26-300x202.jpg\" alt=\"\" width=\"300\" height=\"202\" srcset=\"https:\/\/ambashgabat.esteri.it\/wp-content\/uploads\/2024\/03\/WhatsApp-Image-2023-10-17-at-15.52.26-300x202.jpg 300w, https:\/\/ambashgabat.esteri.it\/wp-content\/uploads\/2024\/03\/WhatsApp-Image-2023-10-17-at-15.52.26.jpg 710w\" sizes=\"auto, (max-width: 300px) 100vw, 300px\" \/><\/p>\n<p>Konsullyk we Il\u00e7ihanany\u0148 Ge\u0148e\u015f\u00e7i il\u00e7isi <strong>Di\u00fdego Ungaro<\/strong> (3 Aprel 2017 \u2013 15 Sent\u00fdabr 2020)<\/p>\n<p>&nbsp;<\/p>\n<p><img loading=\"lazy\" decoding=\"async\" class=\"alignnone size-medium wp-image-2172 img-fluid\" src=\"https:\/\/ambashgabat.esteri.it\/wp-content\/uploads\/2024\/03\/Immagine-165x300.png\" alt=\"\" width=\"165\" height=\"300\" srcset=\"https:\/\/ambashgabat.esteri.it\/wp-content\/uploads\/2024\/03\/Immagine-165x300.png 165w, https:\/\/ambashgabat.esteri.it\/wp-content\/uploads\/2024\/03\/Immagine.png 437w\" sizes=\"auto, (max-width: 165px) 100vw, 165px\" \/><\/p>\n<p>Konsullyk we Il\u00e7ihanany\u0148 Ge\u0148e\u015f\u00e7i il\u00e7isi <strong>Lu\u00e7iano Galli<\/strong> (17 Okt\u00fdabr 2020 \u2013 30 Sent\u00fdabr 2022)<\/p>\n<p>&nbsp;<\/p>\n<p><img loading=\"lazy\" decoding=\"async\" class=\"alignnone size-medium wp-image-2292 img-fluid\" src=\"https:\/\/ambashgabat.esteri.it\/wp-content\/uploads\/2024\/03\/6e44335c73f558952a718c24df73462f-300x200.jpg\" alt=\"\" width=\"300\" height=\"200\" srcset=\"https:\/\/ambashgabat.esteri.it\/wp-content\/uploads\/2024\/03\/6e44335c73f558952a718c24df73462f-300x200.jpg 300w, https:\/\/ambashgabat.esteri.it\/wp-content\/uploads\/2024\/03\/6e44335c73f558952a718c24df73462f-768x512.jpg 768w, https:\/\/ambashgabat.esteri.it\/wp-content\/uploads\/2024\/03\/6e44335c73f558952a718c24df73462f.jpg 774w\" sizes=\"auto, (max-width: 300px) 100vw, 300px\" \/><\/p>\n<p>Doly Ygty\u00fdarly Il\u00e7i Luiji Ferrari (27 No\u00fdabr 2022 \u2013 h\u00e4zire \u00e7enli)<\/p>\n<p>&nbsp;<\/p>\n<p>&nbsp;<\/p>\n<p>&nbsp;<\/p>\n<p>&nbsp;<\/p>\n<p>&nbsp;<\/p>\n<p>&nbsp;<\/p>\n<p>&nbsp;<\/p>\n<p>&nbsp;<\/p>\n<p>&nbsp;<\/p>\n<p>&nbsp;<\/p>\n<p>&nbsp;<\/p>\n<p>&nbsp;<\/p>\n<p>Ultimo aggiornamento: 1 marzo 2024<\/p>\n","protected":false},"excerpt":{"rendered":"Konsullyk we Il\u00e7ihanany\u0148 Ge\u0148e\u015f\u00e7i il\u00e7isi Daniele Bosio (2 Dekabr 2013 \u2013 7 Aprel 2014) &nbsp; Konsullyk we Il\u00e7ihanany\u0148 Ge\u0148e\u015f\u00e7i il\u00e7isi Marko Man\u00e7ini (1 Okt\u00fdabr 2014 \u2013 2 Aprel 2017) &nbsp; Konsullyk we Il\u00e7ihanany\u0148 Ge\u0148e\u015f\u00e7i il\u00e7isi Di\u00fdego Ungaro (3 Aprel 2017 \u2013 15 Sent\u00fdabr 2020) &nbsp; Konsullyk we Il\u00e7ihanany\u0148 Ge\u0148e\u015f\u00e7i il\u00e7isi Lu\u00e7iano Galli (17 Okt\u00fdabr 2020 [&hellip;]","protected":false},"author":6,"featured_media":0,"parent":3815,"menu_order":1,"comment_status":"closed","ping_status":"closed","template":"","meta":{"footnotes":""},"class_list":["post-7103","page","type-page","status-publish","hentry"],"_links":{"self":[{"href":"https:\/\/ambashgabat.esteri.it\/tk\/wp-json\/wp\/v2\/pages\/7103","targetHints":{"allow":["GET"]}}],"collection":[{"href":"https:\/\/ambashgabat.esteri.it\/tk\/wp-json\/wp\/v2\/pages"}],"about":[{"href":"https:\/\/ambashgabat.esteri.it\/tk\/wp-json\/wp\/v2\/types\/page"}],"author":[{"embeddable":true,"href":"https:\/\/ambashgabat.esteri.it\/tk\/wp-json\/wp\/v2\/users\/6"}],"replies":[{"embeddable":true,"href":"https:\/\/ambashgabat.esteri.it\/tk\/wp-json\/wp\/v2\/comments?post=7103"}],"version-history":[{"count":2,"href":"https:\/\/ambashgabat.esteri.it\/tk\/wp-json\/wp\/v2\/pages\/7103\/revisions"}],"predecessor-version":[{"id":7142,"href":"https:\/\/ambashgabat.esteri.it\/tk\/wp-json\/wp\/v2\/pages\/7103\/revisions\/7142"}],"up":[{"embeddable":true,"href":"https:\/\/ambashgabat.esteri.it\/tk\/wp-json\/wp\/v2\/pages\/3815"}],"wp:attachment":[{"href":"https:\/\/ambashgabat.esteri.it\/tk\/wp-json\/wp\/v2\/media?parent=7103"}],"curies":[{"name":"wp","href":"https:\/\/api.w.org\/{rel}","templated":true}]}}