{"id":7059,"date":"2025-01-30T17:32:15","date_gmt":"2025-01-30T12:32:15","guid":{"rendered":"https:\/\/ambashgabat.esteri.it\/chi-siamo\/la-sede\/eventi-svolti-nel-2023\/xxiii-settimana-della-lingua-italiana-nel-mondo-italiano-e-sostenibilita\/"},"modified":"2025-03-18T13:54:20","modified_gmt":"2025-03-18T08:54:20","slug":"xxiii-settimana-della-lingua-italiana-nel-mondo-italiano-e-sostenibilita","status":"publish","type":"page","link":"https:\/\/ambashgabat.esteri.it\/tk\/chi-siamo\/la-sede\/eventi-svolti-nel-2023\/xxiii-settimana-della-lingua-italiana-nel-mondo-italiano-e-sostenibilita\/","title":{"rendered":"B\u00fctind\u00fcn\u00fda Ital\u00fdan dili hepdeligi 2023: Ital\u00fdan dili we dowamat"},"content":{"rendered":"<p><img loading=\"lazy\" decoding=\"async\" class=\"\" src=\"https:\/\/ambashgabat.esteri.it\/wp-content\/uploads\/2025\/03\/IMG_2939-1-1024x1001.jpeg\" width=\"335\" height=\"327\" \/>\u00a0 \u00a0 \u00a0 \u00a0<img loading=\"lazy\" decoding=\"async\" class=\"\" src=\"https:\/\/ambashgabat.esteri.it\/wp-content\/uploads\/2025\/03\/IMG_2932-1024x963.jpeg\" width=\"271\" height=\"255\" \/><\/p>\n<p>&nbsp;<\/p>\n<p>T\u00fcrkmenistanda Ka &#8216;Foscari uniwersiteti bilen hyzmatda\u015flykda b\u00fctind\u00fcn\u00fd\u00e4 ital\u00fdan dilini\u0148 XXIII hepdeligi ge\u00e7irildi. Bu \u00e7\u00e4rani\u0148 \u00e7\u00e4ginde &#8220;Ital\u00fdan we Durnuklylyk&#8221; bo\u00fdun\u00e7a \u00e4girt uly ba\u015flangy\u00e7lar me\u00fdilnamasy ge\u00e7irildi. Mugallymlar Fabrizio Marrella, Antonio Markomini we Patricio Barbirotto bilen bilelikde durnuklylyk, halkara hukugy we akademiki institutlar bilen ra\u00fdat jemgy\u00fdetini\u0148 hyzmatda\u015flygy arkaly \u201cdurnukly \u00f6s\u00fc\u015f maksatlaryny n\u00e4dip \u00f6\u0148e s\u00fcrmelidigi baradaky mowzuklary ara alyp maslahatla\u015fdy.<\/p>\n<p>&nbsp;<\/p>\n<p><img loading=\"lazy\" decoding=\"async\" class=\"\" src=\"https:\/\/ambashgabat.esteri.it\/wp-content\/uploads\/2025\/03\/IMG_2934-1024x996.jpeg\" width=\"242\" height=\"236\" \/>\u00a0 \u00a0<img loading=\"lazy\" decoding=\"async\" class=\"\" src=\"https:\/\/ambashgabat.esteri.it\/wp-content\/uploads\/2025\/03\/IMG_2935-1024x989.jpeg\" width=\"245\" height=\"237\" \/>\u00a0 \u00a0<img loading=\"lazy\" decoding=\"async\" class=\"\" src=\"https:\/\/ambashgabat.esteri.it\/wp-content\/uploads\/2025\/03\/IMG_2936-2-1024x999.jpeg\" width=\"244\" height=\"238\" \/><\/p>\n<div><\/div>\n","protected":false},"excerpt":{"rendered":"\u00a0 \u00a0 \u00a0 \u00a0 &nbsp; T\u00fcrkmenistanda Ka &#8216;Foscari uniwersiteti bilen hyzmatda\u015flykda b\u00fctind\u00fcn\u00fd\u00e4 ital\u00fdan dilini\u0148 XXIII hepdeligi ge\u00e7irildi. Bu \u00e7\u00e4rani\u0148 \u00e7\u00e4ginde &#8220;Ital\u00fdan we Durnuklylyk&#8221; bo\u00fdun\u00e7a \u00e4girt uly ba\u015flangy\u00e7lar me\u00fdilnamasy ge\u00e7irildi. Mugallymlar Fabrizio Marrella, Antonio Markomini we Patricio Barbirotto bilen bilelikde durnuklylyk, halkara hukugy we akademiki institutlar bilen ra\u00fdat jemgy\u00fdetini\u0148 hyzmatda\u015flygy arkaly \u201cdurnukly \u00f6s\u00fc\u015f maksatlaryny n\u00e4dip \u00f6\u0148e [&hellip;]","protected":false},"author":6,"featured_media":0,"parent":6536,"menu_order":0,"comment_status":"closed","ping_status":"closed","template":"","meta":{"footnotes":""},"class_list":["post-7059","page","type-page","status-publish","hentry"],"_links":{"self":[{"href":"https:\/\/ambashgabat.esteri.it\/tk\/wp-json\/wp\/v2\/pages\/7059","targetHints":{"allow":["GET"]}}],"collection":[{"href":"https:\/\/ambashgabat.esteri.it\/tk\/wp-json\/wp\/v2\/pages"}],"about":[{"href":"https:\/\/ambashgabat.esteri.it\/tk\/wp-json\/wp\/v2\/types\/page"}],"author":[{"embeddable":true,"href":"https:\/\/ambashgabat.esteri.it\/tk\/wp-json\/wp\/v2\/users\/6"}],"replies":[{"embeddable":true,"href":"https:\/\/ambashgabat.esteri.it\/tk\/wp-json\/wp\/v2\/comments?post=7059"}],"version-history":[{"count":2,"href":"https:\/\/ambashgabat.esteri.it\/tk\/wp-json\/wp\/v2\/pages\/7059\/revisions"}],"predecessor-version":[{"id":7065,"href":"https:\/\/ambashgabat.esteri.it\/tk\/wp-json\/wp\/v2\/pages\/7059\/revisions\/7065"}],"up":[{"embeddable":true,"href":"https:\/\/ambashgabat.esteri.it\/tk\/wp-json\/wp\/v2\/pages\/6536"}],"wp:attachment":[{"href":"https:\/\/ambashgabat.esteri.it\/tk\/wp-json\/wp\/v2\/media?parent=7059"}],"curies":[{"name":"wp","href":"https:\/\/api.w.org\/{rel}","templated":true}]}}