{"id":7049,"date":"2025-01-30T17:38:00","date_gmt":"2025-01-30T12:38:00","guid":{"rendered":"https:\/\/ambashgabat.esteri.it\/chi-siamo\/la-sede\/eventi-svolti-nel-2023\/viii-settimana-della-cucina-italiana-nel-mondo\/"},"modified":"2025-08-04T16:45:02","modified_gmt":"2025-08-04T11:45:02","slug":"viii-settimana-della-cucina-italiana-nel-mondo","status":"publish","type":"page","link":"https:\/\/ambashgabat.esteri.it\/tk\/chi-siamo\/la-sede\/eventi-svolti-nel-2023\/viii-settimana-della-cucina-italiana-nel-mondo\/","title":{"rendered":"D\u00fcn\u00fd\u00e4de VIII Ital\u00fdan tagamlary hepdeligi"},"content":{"rendered":"<p>&nbsp;<\/p>\n<p><img loading=\"lazy\" decoding=\"async\" class=\"\" src=\"https:\/\/ambashgabat.esteri.it\/wp-content\/uploads\/2025\/03\/IMG_2954-642x1024.jpeg\" width=\"236\" height=\"377\" \/><\/p>\n<p>D\u00fcn\u00fd\u00e4d\u00e4ki ital\u00fdan tagamyny\u0148 VIII hepdeligi mynasybetli &#8220;Ital\u00fdan tagamy bilen sa\u00e7ak ba\u015fynda: tagamly saglyk&#8221; mowzugy bo\u00fdun\u00e7a birn\u00e4\u00e7e \u00e7\u00e4re ge\u00e7irildi. Bulary\u0148 arasynda &#8220;Dante&#8221; restoranynda 3 ital\u00fdan nahar g\u00f6rn\u00fc\u015fi, d\u00f6rt master klass we a\u015fpez Andrea Palmieri we Kastelfusano mekdebini\u0148 m\u00fcdiri Fabrizio Fra\u015fetti\u00a0 tarapyndan h\u00f6d\u00fcrlendi. T\u00fcrkmen H\u00f6k\u00fcmeti tarapyndan Da\u015fary i\u015fler Ministriligini\u0148 orunbasary Jenap Berdi M\u00e4ti\u00fdew\u00a0 myhmanymyz boldy.<\/p>\n<p><img loading=\"lazy\" decoding=\"async\" class=\"\" src=\"https:\/\/ambashgabat.esteri.it\/wp-content\/uploads\/2025\/03\/IMG_2951-987x1024.jpeg\" width=\"307\" height=\"319\" \/>\u00a0 \u00a0 \u00a0 \u00a0<img loading=\"lazy\" decoding=\"async\" class=\"\" src=\"https:\/\/ambashgabat.esteri.it\/wp-content\/uploads\/2025\/03\/IMG_2952-990x1024.jpeg\" width=\"309\" height=\"320\" \/><\/p>\n<p><img loading=\"lazy\" decoding=\"async\" class=\"\" src=\"https:\/\/ambashgabat.esteri.it\/wp-content\/uploads\/2025\/03\/IMG_2953-988x1024.jpeg\" width=\"308\" height=\"319\" \/>\u00a0 \u00a0 \u00a0 \u00a0<img loading=\"lazy\" decoding=\"async\" class=\"\" src=\"https:\/\/ambashgabat.esteri.it\/wp-content\/uploads\/2025\/03\/IMG_2950-932x1024.jpeg\" width=\"290\" height=\"319\" \/><\/p>\n<p>&nbsp;<\/p>\n<p>&nbsp;<\/p>\n<p>&nbsp;<\/p>\n","protected":false},"excerpt":{"rendered":"&nbsp; D\u00fcn\u00fd\u00e4d\u00e4ki ital\u00fdan tagamyny\u0148 VIII hepdeligi mynasybetli &#8220;Ital\u00fdan tagamy bilen sa\u00e7ak ba\u015fynda: tagamly saglyk&#8221; mowzugy bo\u00fdun\u00e7a birn\u00e4\u00e7e \u00e7\u00e4re ge\u00e7irildi. Bulary\u0148 arasynda &#8220;Dante&#8221; restoranynda 3 ital\u00fdan nahar g\u00f6rn\u00fc\u015fi, d\u00f6rt master klass we a\u015fpez Andrea Palmieri we Kastelfusano mekdebini\u0148 m\u00fcdiri Fabrizio Fra\u015fetti\u00a0 tarapyndan h\u00f6d\u00fcrlendi. T\u00fcrkmen H\u00f6k\u00fcmeti tarapyndan Da\u015fary i\u015fler Ministriligini\u0148 orunbasary Jenap Berdi M\u00e4ti\u00fdew\u00a0 myhmanymyz boldy. \u00a0 [&hellip;]","protected":false},"author":6,"featured_media":0,"parent":6536,"menu_order":0,"comment_status":"closed","ping_status":"closed","template":"","meta":{"footnotes":""},"class_list":["post-7049","page","type-page","status-publish","hentry"],"_links":{"self":[{"href":"https:\/\/ambashgabat.esteri.it\/tk\/wp-json\/wp\/v2\/pages\/7049","targetHints":{"allow":["GET"]}}],"collection":[{"href":"https:\/\/ambashgabat.esteri.it\/tk\/wp-json\/wp\/v2\/pages"}],"about":[{"href":"https:\/\/ambashgabat.esteri.it\/tk\/wp-json\/wp\/v2\/types\/page"}],"author":[{"embeddable":true,"href":"https:\/\/ambashgabat.esteri.it\/tk\/wp-json\/wp\/v2\/users\/6"}],"replies":[{"embeddable":true,"href":"https:\/\/ambashgabat.esteri.it\/tk\/wp-json\/wp\/v2\/comments?post=7049"}],"version-history":[{"count":4,"href":"https:\/\/ambashgabat.esteri.it\/tk\/wp-json\/wp\/v2\/pages\/7049\/revisions"}],"predecessor-version":[{"id":9596,"href":"https:\/\/ambashgabat.esteri.it\/tk\/wp-json\/wp\/v2\/pages\/7049\/revisions\/9596"}],"up":[{"embeddable":true,"href":"https:\/\/ambashgabat.esteri.it\/tk\/wp-json\/wp\/v2\/pages\/6536"}],"wp:attachment":[{"href":"https:\/\/ambashgabat.esteri.it\/tk\/wp-json\/wp\/v2\/media?parent=7049"}],"curies":[{"name":"wp","href":"https:\/\/api.w.org\/{rel}","templated":true}]}}