{"id":7043,"date":"2025-01-30T17:39:47","date_gmt":"2025-01-30T12:39:47","guid":{"rendered":"https:\/\/ambashgabat.esteri.it\/chi-siamo\/la-sede\/eventi-svolti-nel-2023\/proiezione-del-film-dante-del-maestro-pupi-avati\/"},"modified":"2025-04-25T21:19:25","modified_gmt":"2025-04-25T16:19:25","slug":"proiezione-del-film-dante-del-maestro-pupi-avati","status":"publish","type":"page","link":"https:\/\/ambashgabat.esteri.it\/tk\/chi-siamo\/la-sede\/eventi-svolti-nel-2023\/proiezione-del-film-dante-del-maestro-pupi-avati\/","title":{"rendered":"Screening of the film &#8220;Dante&#8221; by Maestro Pupi Avati"},"content":{"rendered":"<p><img loading=\"lazy\" decoding=\"async\" class=\"\" src=\"https:\/\/ambashgabat.esteri.it\/wp-content\/uploads\/2025\/03\/IMG_2958-1024x994.jpeg\" width=\"304\" height=\"295\" \/><\/p>\n<p><span class=\"jCAhz ChMk0b\"><span class=\"ryNqvb\">7-nji dekabrda Il\u00e7ihana &#8220;Dante&#8221; filmini h\u00f6d\u00fcrledi.<\/span><\/span> <span class=\"jCAhz ChMk0b\"><span class=\"ryNqvb\">Pupi Awati tarapyndan d\u00fc\u015f\u00fcrilen bu film, ital\u00fdan dilini\u0148 atasy we \u00e4hli d\u00f6w\u00fcrde G\u00fcnbatar medeni\u00fdetini\u0148 i\u0148 be\u00fdik \u015fahsy\u00fdetlerini\u0148 biri h\u00f6km\u00fcnde ykrar edilen Dante Alig\u00fder\u00e4 bagy\u015flan\u00fdar.<\/span><\/span> <span class=\"jCAhz ChMk0b\"><span class=\"ryNqvb\">Kino arkaly iki \u00fdurdu\u0148 arasyndaky medeni gatna\u015fyklary has-da pugtalandyryp T\u00fcrkmenistanda ital\u00fdan dili we medeni\u00fdeti \u00f6sd\u00fcril\u00fd\u00e4r.<\/span><\/span><\/p>\n<p>&nbsp;<\/p>\n<p><img loading=\"lazy\" decoding=\"async\" class=\"\" src=\"https:\/\/ambashgabat.esteri.it\/wp-content\/uploads\/2025\/03\/IMG_2957-1024x988.jpeg\" width=\"324\" height=\"312\" \/>\u00a0 \u00a0 \u00a0 <img loading=\"lazy\" decoding=\"async\" class=\"\" src=\"https:\/\/ambashgabat.esteri.it\/wp-content\/uploads\/2025\/03\/IMG_2956-1024x995.jpeg\" width=\"322\" height=\"313\" \/><\/p>\n<p>&nbsp;<\/p>\n","protected":false},"excerpt":{"rendered":"7-nji dekabrda Il\u00e7ihana &#8220;Dante&#8221; filmini h\u00f6d\u00fcrledi. Pupi Awati tarapyndan d\u00fc\u015f\u00fcrilen bu film, ital\u00fdan dilini\u0148 atasy we \u00e4hli d\u00f6w\u00fcrde G\u00fcnbatar medeni\u00fdetini\u0148 i\u0148 be\u00fdik \u015fahsy\u00fdetlerini\u0148 biri h\u00f6km\u00fcnde ykrar edilen Dante Alig\u00fder\u00e4 bagy\u015flan\u00fdar. Kino arkaly iki \u00fdurdu\u0148 arasyndaky medeni gatna\u015fyklary has-da pugtalandyryp T\u00fcrkmenistanda ital\u00fdan dili we medeni\u00fdeti \u00f6sd\u00fcril\u00fd\u00e4r. &nbsp; \u00a0 \u00a0 \u00a0 &nbsp;","protected":false},"author":6,"featured_media":0,"parent":6536,"menu_order":0,"comment_status":"closed","ping_status":"closed","template":"","meta":{"footnotes":""},"class_list":["post-7043","page","type-page","status-publish","hentry"],"_links":{"self":[{"href":"https:\/\/ambashgabat.esteri.it\/tk\/wp-json\/wp\/v2\/pages\/7043","targetHints":{"allow":["GET"]}}],"collection":[{"href":"https:\/\/ambashgabat.esteri.it\/tk\/wp-json\/wp\/v2\/pages"}],"about":[{"href":"https:\/\/ambashgabat.esteri.it\/tk\/wp-json\/wp\/v2\/types\/page"}],"author":[{"embeddable":true,"href":"https:\/\/ambashgabat.esteri.it\/tk\/wp-json\/wp\/v2\/users\/6"}],"replies":[{"embeddable":true,"href":"https:\/\/ambashgabat.esteri.it\/tk\/wp-json\/wp\/v2\/comments?post=7043"}],"version-history":[{"count":2,"href":"https:\/\/ambashgabat.esteri.it\/tk\/wp-json\/wp\/v2\/pages\/7043\/revisions"}],"predecessor-version":[{"id":7047,"href":"https:\/\/ambashgabat.esteri.it\/tk\/wp-json\/wp\/v2\/pages\/7043\/revisions\/7047"}],"up":[{"embeddable":true,"href":"https:\/\/ambashgabat.esteri.it\/tk\/wp-json\/wp\/v2\/pages\/6536"}],"wp:attachment":[{"href":"https:\/\/ambashgabat.esteri.it\/tk\/wp-json\/wp\/v2\/media?parent=7043"}],"curies":[{"name":"wp","href":"https:\/\/api.w.org\/{rel}","templated":true}]}}