{"id":7020,"date":"2025-01-30T17:23:08","date_gmt":"2025-01-30T12:23:08","guid":{"rendered":"https:\/\/ambashgabat.esteri.it\/chi-siamo\/la-sede\/eventi-svolti-nel-2023\/mostra-fotografica-italy-landscapes-faces-and-works-from-alinari-to-the-masters-of-contemporary-photography\/"},"modified":"2025-03-18T11:35:20","modified_gmt":"2025-03-18T06:35:20","slug":"mostra-fotografica-italy-landscapes-faces-and-works-from-alinari-to-the-masters-of-contemporary-photography","status":"publish","type":"page","link":"https:\/\/ambashgabat.esteri.it\/tk\/chi-siamo\/la-sede\/eventi-svolti-nel-2023\/mostra-fotografica-italy-landscapes-faces-and-works-from-alinari-to-the-masters-of-contemporary-photography\/","title":{"rendered":"Surat sergisi: Itali\u00fda-pe\u00fdza\u017elar, \u00fd\u00fczler we eserler: Alinari \u015f\u00e4herinden h\u00e4zirki zaman surat ussatlaryna \u00e7enli"},"content":{"rendered":"<p><img loading=\"lazy\" decoding=\"async\" class=\"img-fluid wp-image-5381 \" src=\"https:\/\/ambashgabat.esteri.it\/wp-content\/uploads\/2025\/03\/IMG_2916.jpeg\" alt=\"\" width=\"378\" height=\"287\" srcset=\"https:\/\/ambashgabat.esteri.it\/wp-content\/uploads\/2025\/03\/IMG_2916.jpeg 1007w, https:\/\/ambashgabat.esteri.it\/wp-content\/uploads\/2025\/03\/IMG_2916-300x228.jpeg 300w, https:\/\/ambashgabat.esteri.it\/wp-content\/uploads\/2025\/03\/IMG_2916-768x583.jpeg 768w\" sizes=\"auto, (max-width: 378px) 100vw, 378px\" \/><\/p>\n<p><span class=\"jCAhz ChMk0b\"><span class=\"ryNqvb\">A\u015fgabatdaky \u015eekillendiri\u015f sungaty muze\u00fdinde T\u00fcrkmenistany\u0148 Medeni\u00fdet Ministri hormatly Atageldi \u015eamuradowy\u0148 gatna\u015fmagynda &#8220;Itali\u00fda-pe\u00fdza\u017elar, \u00fd\u00fczler we eserler: Alinari \u015f\u00e4herinden h\u00e4zirki zaman surat ussatlaryna \u00e7enli&#8217; atly surat sergisini\u0148 a\u00e7yly\u015f dabarasy boldy.<\/span><\/span> <span class=\"jCAhz ChMk0b\"><span class=\"ryNqvb\">10-njy ma\u00fddan 10-njy i\u00fduna \u00e7enli ge\u00e7irilen sergi Itali\u00fdany\u0148 Da\u015fary I\u015fler Ministirligi we &#8220;Alinari surat fondyny\u0148&#8221; ba\u015flangyjy bolup, il\u00e7ihana tarapyndan T\u00fcrkmenistany\u0148 Medeni\u00fdet ministrligi bilen bilelikde gurnaldy.<\/span><\/span> Itali\u00fdany\u0148 <span class=\"jCAhz ChMk0b\"><span class=\"ryNqvb\">z\u00fcne \u00e7ekijiligini we d\u00fcrl\u00fcligini, tebigatyny, d\u00f6redijiligini we adamlaryny g\u00f6rkez\u00fd\u00e4n <\/span><\/span><span class=\"jCAhz ChMk0b\"><span class=\"ryNqvb\">75\u00a0 surat\u00e7yny\u0148 arhiwi g\u00f6rkezildi.<\/span><\/span><\/p>\n<p><img loading=\"lazy\" decoding=\"async\" class=\"img-fluid wp-image-5392 \" src=\"https:\/\/ambashgabat.esteri.it\/wp-content\/uploads\/2025\/03\/IMG_2917-1024x627.jpeg\" alt=\"\" width=\"358\" height=\"219\" srcset=\"https:\/\/ambashgabat.esteri.it\/wp-content\/uploads\/2025\/03\/IMG_2917-1024x627.jpeg 1024w, https:\/\/ambashgabat.esteri.it\/wp-content\/uploads\/2025\/03\/IMG_2917-300x184.jpeg 300w, https:\/\/ambashgabat.esteri.it\/wp-content\/uploads\/2025\/03\/IMG_2917-768x470.jpeg 768w, https:\/\/ambashgabat.esteri.it\/wp-content\/uploads\/2025\/03\/IMG_2917.jpeg 1179w\" sizes=\"auto, (max-width: 358px) 100vw, 358px\" \/> <img loading=\"lazy\" decoding=\"async\" class=\"img-fluid wp-image-5414 \" src=\"https:\/\/ambashgabat.esteri.it\/wp-content\/uploads\/2025\/03\/IMG_2919-1024x749.jpeg\" alt=\"\" width=\"301\" height=\"220\" srcset=\"https:\/\/ambashgabat.esteri.it\/wp-content\/uploads\/2025\/03\/IMG_2919-1024x749.jpeg 1024w, https:\/\/ambashgabat.esteri.it\/wp-content\/uploads\/2025\/03\/IMG_2919-300x219.jpeg 300w, https:\/\/ambashgabat.esteri.it\/wp-content\/uploads\/2025\/03\/IMG_2919-768x562.jpeg 768w, https:\/\/ambashgabat.esteri.it\/wp-content\/uploads\/2025\/03\/IMG_2919.jpeg 1179w\" sizes=\"auto, (max-width: 301px) 100vw, 301px\" \/><\/p>\n<p><img loading=\"lazy\" decoding=\"async\" class=\"img-fluid wp-image-5426 \" src=\"https:\/\/ambashgabat.esteri.it\/wp-content\/uploads\/2025\/03\/IMG_2920-1024x746.jpeg\" alt=\"\" width=\"360\" height=\"263\" srcset=\"https:\/\/ambashgabat.esteri.it\/wp-content\/uploads\/2025\/03\/IMG_2920-1024x746.jpeg 1024w, https:\/\/ambashgabat.esteri.it\/wp-content\/uploads\/2025\/03\/IMG_2920-300x219.jpeg 300w, https:\/\/ambashgabat.esteri.it\/wp-content\/uploads\/2025\/03\/IMG_2920-768x560.jpeg 768w, https:\/\/ambashgabat.esteri.it\/wp-content\/uploads\/2025\/03\/IMG_2920.jpeg 1179w\" sizes=\"auto, (max-width: 360px) 100vw, 360px\" \/> <img loading=\"lazy\" decoding=\"async\" class=\"img-fluid wp-image-5402 \" src=\"https:\/\/ambashgabat.esteri.it\/wp-content\/uploads\/2025\/03\/IMG_2918-1024x816.jpeg\" alt=\"\" width=\"326\" height=\"260\" srcset=\"https:\/\/ambashgabat.esteri.it\/wp-content\/uploads\/2025\/03\/IMG_2918-1024x816.jpeg 1024w, https:\/\/ambashgabat.esteri.it\/wp-content\/uploads\/2025\/03\/IMG_2918-300x239.jpeg 300w, https:\/\/ambashgabat.esteri.it\/wp-content\/uploads\/2025\/03\/IMG_2918-768x612.jpeg 768w, https:\/\/ambashgabat.esteri.it\/wp-content\/uploads\/2025\/03\/IMG_2918.jpeg 1069w\" sizes=\"auto, (max-width: 326px) 100vw, 326px\" \/><\/p>\n<div><\/div>\n","protected":false},"excerpt":{"rendered":"A\u015fgabatdaky \u015eekillendiri\u015f sungaty muze\u00fdinde T\u00fcrkmenistany\u0148 Medeni\u00fdet Ministri hormatly Atageldi \u015eamuradowy\u0148 gatna\u015fmagynda &#8220;Itali\u00fda-pe\u00fdza\u017elar, \u00fd\u00fczler we eserler: Alinari \u015f\u00e4herinden h\u00e4zirki zaman surat ussatlaryna \u00e7enli&#8217; atly surat sergisini\u0148 a\u00e7yly\u015f dabarasy boldy. 10-njy ma\u00fddan 10-njy i\u00fduna \u00e7enli ge\u00e7irilen sergi Itali\u00fdany\u0148 Da\u015fary I\u015fler Ministirligi we &#8220;Alinari surat fondyny\u0148&#8221; ba\u015flangyjy bolup, il\u00e7ihana tarapyndan T\u00fcrkmenistany\u0148 Medeni\u00fdet ministrligi bilen bilelikde gurnaldy. Itali\u00fdany\u0148 z\u00fcne [&hellip;]","protected":false},"author":6,"featured_media":0,"parent":6536,"menu_order":0,"comment_status":"closed","ping_status":"closed","template":"","meta":{"footnotes":""},"class_list":["post-7020","page","type-page","status-publish","hentry"],"_links":{"self":[{"href":"https:\/\/ambashgabat.esteri.it\/tk\/wp-json\/wp\/v2\/pages\/7020","targetHints":{"allow":["GET"]}}],"collection":[{"href":"https:\/\/ambashgabat.esteri.it\/tk\/wp-json\/wp\/v2\/pages"}],"about":[{"href":"https:\/\/ambashgabat.esteri.it\/tk\/wp-json\/wp\/v2\/types\/page"}],"author":[{"embeddable":true,"href":"https:\/\/ambashgabat.esteri.it\/tk\/wp-json\/wp\/v2\/users\/6"}],"replies":[{"embeddable":true,"href":"https:\/\/ambashgabat.esteri.it\/tk\/wp-json\/wp\/v2\/comments?post=7020"}],"version-history":[{"count":2,"href":"https:\/\/ambashgabat.esteri.it\/tk\/wp-json\/wp\/v2\/pages\/7020\/revisions"}],"predecessor-version":[{"id":7030,"href":"https:\/\/ambashgabat.esteri.it\/tk\/wp-json\/wp\/v2\/pages\/7020\/revisions\/7030"}],"up":[{"embeddable":true,"href":"https:\/\/ambashgabat.esteri.it\/tk\/wp-json\/wp\/v2\/pages\/6536"}],"wp:attachment":[{"href":"https:\/\/ambashgabat.esteri.it\/tk\/wp-json\/wp\/v2\/media?parent=7020"}],"curies":[{"name":"wp","href":"https:\/\/api.w.org\/{rel}","templated":true}]}}