{"id":7011,"date":"2025-01-30T17:27:14","date_gmt":"2025-01-30T12:27:14","guid":{"rendered":"https:\/\/ambashgabat.esteri.it\/chi-siamo\/la-sede\/eventi-svolti-nel-2023\/concerto-lirico-per-il-210-anniversario-della-nascita-di-giuseppe-verdi\/"},"modified":"2025-03-18T12:19:58","modified_gmt":"2025-03-18T07:19:58","slug":"concerto-lirico-per-il-210-anniversario-della-nascita-di-giuseppe-verdi","status":"publish","type":"page","link":"https:\/\/ambashgabat.esteri.it\/tk\/chi-siamo\/la-sede\/eventi-svolti-nel-2023\/concerto-lirico-per-il-210-anniversario-della-nascita-di-giuseppe-verdi\/","title":{"rendered":"Juzeppe Verdini\u0148 doglan g\u00fcn\u00fcne bagy\u015flanan opera konserti"},"content":{"rendered":"<p><img loading=\"lazy\" decoding=\"async\" class=\"img-fluid wp-image-5448 \" src=\"https:\/\/ambashgabat.esteri.it\/wp-content\/uploads\/2025\/03\/IMG_2922-726x1024.jpeg\" alt=\"\" width=\"320\" height=\"451\" srcset=\"https:\/\/ambashgabat.esteri.it\/wp-content\/uploads\/2025\/03\/IMG_2922-726x1024.jpeg 726w, https:\/\/ambashgabat.esteri.it\/wp-content\/uploads\/2025\/03\/IMG_2922-213x300.jpeg 213w, https:\/\/ambashgabat.esteri.it\/wp-content\/uploads\/2025\/03\/IMG_2922-768x1083.jpeg 768w, https:\/\/ambashgabat.esteri.it\/wp-content\/uploads\/2025\/03\/IMG_2922.jpeg 1037w\" sizes=\"auto, (max-width: 320px) 100vw, 320px\" \/><\/p>\n<p>Me\u015fhur kompozitor Juzeppe Werdini\u0148 doglan g\u00fcn\u00fcni\u0148 210 \u00fdyllygy mynasybetli Magtymguly a\u00fddym we drama teatrynda &#8220;Werdi konserti&#8221; dabaraly \u00fdagda\u00fdda ge\u00e7irildi. Maestro Rasul Kly\u00e7ewi\u0148 \u00fdolba\u015f\u00e7ylygyndaky Itali\u00fda il\u00e7ihanasyny\u0148 we T\u00fcrkmenistan simfoniki orkestrini\u0148 ba\u015flangyjy bilen ge\u00e7irilen bu \u00e7\u00e4re, Rimi\u0148 Expo 2030-ny ge\u00e7irmek \u00fc\u00e7in dala\u015fg\u00e4r h\u00f6d\u00fcrlemek kampani\u00fdasyny\u0148 bir b\u00f6legi bolup, halkara derejesinde ykrar edilen ital\u00fdan soprano Mari\u00fda Pia Piskitellini\u0148 gatna\u015fmagynda g\u00f6rkezildi.<\/p>\n<p><img loading=\"lazy\" decoding=\"async\" class=\"img-fluid wp-image-5460 \" src=\"https:\/\/ambashgabat.esteri.it\/wp-content\/uploads\/2025\/03\/IMG_2923-1024x753.jpeg\" alt=\"\" width=\"395\" height=\"291\" srcset=\"https:\/\/ambashgabat.esteri.it\/wp-content\/uploads\/2025\/03\/IMG_2923-1024x753.jpeg 1024w, https:\/\/ambashgabat.esteri.it\/wp-content\/uploads\/2025\/03\/IMG_2923-300x221.jpeg 300w, https:\/\/ambashgabat.esteri.it\/wp-content\/uploads\/2025\/03\/IMG_2923-768x565.jpeg 768w, https:\/\/ambashgabat.esteri.it\/wp-content\/uploads\/2025\/03\/IMG_2923.jpeg 1179w\" sizes=\"auto, (max-width: 395px) 100vw, 395px\" \/>\u00a0 \u00a0 \u00a0 \u00a0\u00a0 <img loading=\"lazy\" decoding=\"async\" class=\"img-fluid wp-image-5472 \" src=\"https:\/\/ambashgabat.esteri.it\/wp-content\/uploads\/2025\/03\/IMG_2924-1024x831.jpeg\" alt=\"\" width=\"359\" height=\"291\" srcset=\"https:\/\/ambashgabat.esteri.it\/wp-content\/uploads\/2025\/03\/IMG_2924-1024x831.jpeg 1024w, https:\/\/ambashgabat.esteri.it\/wp-content\/uploads\/2025\/03\/IMG_2924-300x244.jpeg 300w, https:\/\/ambashgabat.esteri.it\/wp-content\/uploads\/2025\/03\/IMG_2924-768x623.jpeg 768w, https:\/\/ambashgabat.esteri.it\/wp-content\/uploads\/2025\/03\/IMG_2924.jpeg 1078w\" sizes=\"auto, (max-width: 359px) 100vw, 359px\" \/><\/p>\n<p>&nbsp;<\/p>\n<p>&nbsp;<\/p>\n<p>&nbsp;<\/p>\n","protected":false},"excerpt":{"rendered":"Me\u015fhur kompozitor Juzeppe Werdini\u0148 doglan g\u00fcn\u00fcni\u0148 210 \u00fdyllygy mynasybetli Magtymguly a\u00fddym we drama teatrynda &#8220;Werdi konserti&#8221; dabaraly \u00fdagda\u00fdda ge\u00e7irildi. Maestro Rasul Kly\u00e7ewi\u0148 \u00fdolba\u015f\u00e7ylygyndaky Itali\u00fda il\u00e7ihanasyny\u0148 we T\u00fcrkmenistan simfoniki orkestrini\u0148 ba\u015flangyjy bilen ge\u00e7irilen bu \u00e7\u00e4re, Rimi\u0148 Expo 2030-ny ge\u00e7irmek \u00fc\u00e7in dala\u015fg\u00e4r h\u00f6d\u00fcrlemek kampani\u00fdasyny\u0148 bir b\u00f6legi bolup, halkara derejesinde ykrar edilen ital\u00fdan soprano Mari\u00fda Pia Piskitellini\u0148 gatna\u015fmagynda [&hellip;]","protected":false},"author":6,"featured_media":0,"parent":6536,"menu_order":0,"comment_status":"closed","ping_status":"closed","template":"","meta":{"footnotes":""},"class_list":["post-7011","page","type-page","status-publish","hentry"],"_links":{"self":[{"href":"https:\/\/ambashgabat.esteri.it\/tk\/wp-json\/wp\/v2\/pages\/7011","targetHints":{"allow":["GET"]}}],"collection":[{"href":"https:\/\/ambashgabat.esteri.it\/tk\/wp-json\/wp\/v2\/pages"}],"about":[{"href":"https:\/\/ambashgabat.esteri.it\/tk\/wp-json\/wp\/v2\/types\/page"}],"author":[{"embeddable":true,"href":"https:\/\/ambashgabat.esteri.it\/tk\/wp-json\/wp\/v2\/users\/6"}],"replies":[{"embeddable":true,"href":"https:\/\/ambashgabat.esteri.it\/tk\/wp-json\/wp\/v2\/comments?post=7011"}],"version-history":[{"count":4,"href":"https:\/\/ambashgabat.esteri.it\/tk\/wp-json\/wp\/v2\/pages\/7011\/revisions"}],"predecessor-version":[{"id":7031,"href":"https:\/\/ambashgabat.esteri.it\/tk\/wp-json\/wp\/v2\/pages\/7011\/revisions\/7031"}],"up":[{"embeddable":true,"href":"https:\/\/ambashgabat.esteri.it\/tk\/wp-json\/wp\/v2\/pages\/6536"}],"wp:attachment":[{"href":"https:\/\/ambashgabat.esteri.it\/tk\/wp-json\/wp\/v2\/media?parent=7011"}],"curies":[{"name":"wp","href":"https:\/\/api.w.org\/{rel}","templated":true}]}}