{"id":6974,"date":"2025-01-30T17:18:43","date_gmt":"2025-01-30T12:18:43","guid":{"rendered":"https:\/\/ambashgabat.esteri.it\/chi-siamo\/la-sede\/eventi-svolti-nel-2023\/italian-design-day-2023\/"},"modified":"2025-03-18T10:37:53","modified_gmt":"2025-03-18T05:37:53","slug":"italian-design-day-2023","status":"publish","type":"page","link":"https:\/\/ambashgabat.esteri.it\/tk\/chi-siamo\/la-sede\/eventi-svolti-nel-2023\/italian-design-day-2023\/","title":{"rendered":"Ital\u00fdan Diza\u00fdn g\u00fcni 2023"},"content":{"rendered":"<p><img loading=\"lazy\" decoding=\"async\" class=\"img-fluid wp-image-5334 \" src=\"https:\/\/ambashgabat.esteri.it\/wp-content\/uploads\/2025\/03\/IMG_2906-1024x902.jpeg\" alt=\"\" width=\"279\" height=\"246\" srcset=\"https:\/\/ambashgabat.esteri.it\/wp-content\/uploads\/2025\/03\/IMG_2906-1024x902.jpeg 1024w, https:\/\/ambashgabat.esteri.it\/wp-content\/uploads\/2025\/03\/IMG_2906-300x264.jpeg 300w, https:\/\/ambashgabat.esteri.it\/wp-content\/uploads\/2025\/03\/IMG_2906-768x677.jpeg 768w, https:\/\/ambashgabat.esteri.it\/wp-content\/uploads\/2025\/03\/IMG_2906.jpeg 1179w\" sizes=\"auto, (max-width: 279px) 100vw, 279px\" \/><\/p>\n<p>&nbsp;<\/p>\n<p><span class=\"jCAhz ChMk0b\"><span class=\"ryNqvb\">Itali\u00fdany\u0148 diza\u00fdn g\u00fcn\u00fcni\u0148 VII ne\u015firini\u0148 mynasybetli diza\u00fdn \u00e7yralaryny d\u00f6retmekde \u00fd\u00f6ritele\u015fen Foscarini kompani\u00fdasyny\u0148 sungat m\u00fcdiri Matteo Urbinati A\u015fgabatda T\u00fcrkmenistanda ge\u00e7irilen Diza\u00fdn g\u00fcnlerine \u015fa\u00fdatlyk etdi. <\/span><\/span>\u00a0<span class=\"jCAhz ChMk0b\"><span class=\"ryNqvb\">Bu \u00e7\u00e4re Itali\u00fdany\u0148 Da\u015fary \u00fdurt Ministirligi, Medeni\u00fdet ministrligi, Itali\u00fda s\u00f6wda agentligi, Triennale di Milano we Federlegno Arredo bilen bilelikde Senagat diza\u00fdny assosiasi\u00fdasy (ADI) we &#8216;Compasso d&#8217;Oro&#8217; kolleksi\u00fdasy tarapyndan \u00f6\u0148e s\u00fcr\u00fclen global ba\u015flangy\u00e7dyr.<\/span><\/span> <span class=\"jCAhz ChMk0b\"><span class=\"ryNqvb\">VII ne\u015firi\u0148 mowzugy &#8220;\u00ddagtylandyr\u00fdan hil. Adamlar we da\u015fky gur\u015faw \u00fc\u00e7in diza\u00fdny\u0148 energi\u00fdasy&#8221; bolup bu g\u00fcnlere bagy\u015flanyp birn\u00e4\u00e7e \u00e7\u00e4reler ge\u00e7irildi.<\/span><\/span> <span class=\"jCAhz ChMk0b\"><span class=\"ryNqvb\">Bulary\u0148 arasynda Halkara Ynsanperwer Ylymlar we \u00d6s\u00fc\u015f Uniwersitetinde we \u015eekillendiri\u015f sungaty akademi\u00fdasynda master klasslar, diza\u00fdnerler \u00fc\u00e7in seminarlar we Senagat\u00e7ylar\u00a0we\u00a0teleke\u00e7iler birle\u015fmesinde i\u015few\u00fcrler bilen du\u015fu\u015fuklar ge\u00e7irildi.<\/span><\/span><\/p>\n<p>&nbsp;<\/p>\n<p><img loading=\"lazy\" decoding=\"async\" class=\"img-fluid wp-image-5345 \" src=\"https:\/\/ambashgabat.esteri.it\/wp-content\/uploads\/2025\/03\/IMG_2910-1024x759.jpeg\" alt=\"\" width=\"347\" height=\"257\" srcset=\"https:\/\/ambashgabat.esteri.it\/wp-content\/uploads\/2025\/03\/IMG_2910-1024x759.jpeg 1024w, https:\/\/ambashgabat.esteri.it\/wp-content\/uploads\/2025\/03\/IMG_2910-300x222.jpeg 300w, https:\/\/ambashgabat.esteri.it\/wp-content\/uploads\/2025\/03\/IMG_2910-768x569.jpeg 768w, https:\/\/ambashgabat.esteri.it\/wp-content\/uploads\/2025\/03\/IMG_2910.jpeg 1173w\" sizes=\"auto, (max-width: 347px) 100vw, 347px\" \/>\u00a0 \u00a0\u00a0 <img loading=\"lazy\" decoding=\"async\" class=\"img-fluid wp-image-5355 \" src=\"https:\/\/ambashgabat.esteri.it\/wp-content\/uploads\/2025\/03\/IMG_2907-1024x904.jpeg\" alt=\"\" width=\"293\" height=\"258\" srcset=\"https:\/\/ambashgabat.esteri.it\/wp-content\/uploads\/2025\/03\/IMG_2907-1024x904.jpeg 1024w, https:\/\/ambashgabat.esteri.it\/wp-content\/uploads\/2025\/03\/IMG_2907-300x265.jpeg 300w, https:\/\/ambashgabat.esteri.it\/wp-content\/uploads\/2025\/03\/IMG_2907-768x678.jpeg 768w, https:\/\/ambashgabat.esteri.it\/wp-content\/uploads\/2025\/03\/IMG_2907.jpeg 1179w\" sizes=\"auto, (max-width: 293px) 100vw, 293px\" \/>\u00a0 \u00a0 \u00a0<img loading=\"lazy\" decoding=\"async\" class=\"img-fluid wp-image-5367 \" src=\"https:\/\/ambashgabat.esteri.it\/wp-content\/uploads\/2025\/03\/IMG_2905-1024x934.jpeg\" alt=\"\" width=\"281\" height=\"256\" srcset=\"https:\/\/ambashgabat.esteri.it\/wp-content\/uploads\/2025\/03\/IMG_2905-1024x934.jpeg 1024w, https:\/\/ambashgabat.esteri.it\/wp-content\/uploads\/2025\/03\/IMG_2905-300x274.jpeg 300w, https:\/\/ambashgabat.esteri.it\/wp-content\/uploads\/2025\/03\/IMG_2905-768x701.jpeg 768w, https:\/\/ambashgabat.esteri.it\/wp-content\/uploads\/2025\/03\/IMG_2905.jpeg 1140w\" sizes=\"auto, (max-width: 281px) 100vw, 281px\" \/><\/p>\n<p>&nbsp;<\/p>\n<p>&nbsp;<\/p>\n","protected":false},"excerpt":{"rendered":"&nbsp; Itali\u00fdany\u0148 diza\u00fdn g\u00fcn\u00fcni\u0148 VII ne\u015firini\u0148 mynasybetli diza\u00fdn \u00e7yralaryny d\u00f6retmekde \u00fd\u00f6ritele\u015fen Foscarini kompani\u00fdasyny\u0148 sungat m\u00fcdiri Matteo Urbinati A\u015fgabatda T\u00fcrkmenistanda ge\u00e7irilen Diza\u00fdn g\u00fcnlerine \u015fa\u00fdatlyk etdi. \u00a0Bu \u00e7\u00e4re Itali\u00fdany\u0148 Da\u015fary \u00fdurt Ministirligi, Medeni\u00fdet ministrligi, Itali\u00fda s\u00f6wda agentligi, Triennale di Milano we Federlegno Arredo bilen bilelikde Senagat diza\u00fdny assosiasi\u00fdasy (ADI) we &#8216;Compasso d&#8217;Oro&#8217; kolleksi\u00fdasy tarapyndan \u00f6\u0148e s\u00fcr\u00fclen global [&hellip;]","protected":false},"author":6,"featured_media":0,"parent":6536,"menu_order":0,"comment_status":"closed","ping_status":"closed","template":"","meta":{"footnotes":""},"class_list":["post-6974","page","type-page","status-publish","hentry"],"_links":{"self":[{"href":"https:\/\/ambashgabat.esteri.it\/tk\/wp-json\/wp\/v2\/pages\/6974","targetHints":{"allow":["GET"]}}],"collection":[{"href":"https:\/\/ambashgabat.esteri.it\/tk\/wp-json\/wp\/v2\/pages"}],"about":[{"href":"https:\/\/ambashgabat.esteri.it\/tk\/wp-json\/wp\/v2\/types\/page"}],"author":[{"embeddable":true,"href":"https:\/\/ambashgabat.esteri.it\/tk\/wp-json\/wp\/v2\/users\/6"}],"replies":[{"embeddable":true,"href":"https:\/\/ambashgabat.esteri.it\/tk\/wp-json\/wp\/v2\/comments?post=6974"}],"version-history":[{"count":3,"href":"https:\/\/ambashgabat.esteri.it\/tk\/wp-json\/wp\/v2\/pages\/6974\/revisions"}],"predecessor-version":[{"id":6980,"href":"https:\/\/ambashgabat.esteri.it\/tk\/wp-json\/wp\/v2\/pages\/6974\/revisions\/6980"}],"up":[{"embeddable":true,"href":"https:\/\/ambashgabat.esteri.it\/tk\/wp-json\/wp\/v2\/pages\/6536"}],"wp:attachment":[{"href":"https:\/\/ambashgabat.esteri.it\/tk\/wp-json\/wp\/v2\/media?parent=6974"}],"curies":[{"name":"wp","href":"https:\/\/api.w.org\/{rel}","templated":true}]}}