{"id":6586,"date":"2025-01-30T17:30:34","date_gmt":"2025-01-30T12:30:34","guid":{"rendered":"https:\/\/ambashgabat.esteri.it\/chi-siamo\/la-sede\/eventi-svolti-nel-2023\/missione-imprenditoriale-ice-agenzia-dei-settori-agroindustria-e-packaging\/"},"modified":"2025-03-18T10:07:28","modified_gmt":"2025-03-18T05:07:28","slug":"missione-imprenditoriale-ice-agenzia-dei-settori-agroindustria-e-packaging","status":"publish","type":"page","link":"https:\/\/ambashgabat.esteri.it\/tk\/chi-siamo\/la-sede\/eventi-svolti-nel-2023\/missione-imprenditoriale-ice-agenzia-dei-settori-agroindustria-e-packaging\/","title":{"rendered":"ICE entrepreneurial mission agency for the agro-industry and packaging sectors"},"content":{"rendered":"<p><img loading=\"lazy\" decoding=\"async\" class=\"img-fluid wp-image-5505 \" src=\"https:\/\/ambashgabat.esteri.it\/wp-content\/uploads\/2025\/03\/IMG_2926-908x1024.jpeg\" alt=\"\" width=\"372\" height=\"420\" srcset=\"https:\/\/ambashgabat.esteri.it\/wp-content\/uploads\/2025\/03\/IMG_2926-908x1024.jpeg 908w, https:\/\/ambashgabat.esteri.it\/wp-content\/uploads\/2025\/03\/IMG_2926-266x300.jpeg 266w, https:\/\/ambashgabat.esteri.it\/wp-content\/uploads\/2025\/03\/IMG_2926-768x867.jpeg 768w, https:\/\/ambashgabat.esteri.it\/wp-content\/uploads\/2025\/03\/IMG_2926.jpeg 1107w\" sizes=\"auto, (max-width: 372px) 100vw, 372px\" \/><\/p>\n<p>2023-nji \u00fdyly\u0148 16-18-nji okt\u00fdabry aralygynda ICE Agentligi\u00a0 agrosenagat tehnologi\u00fdalary (oba hojalygy we \u00fcz\u00fcm\u00e7ilik baradaky tehnologi\u00fdalar), maldar\u00e7ylyk, balyk\u00e7ylyk, azyk tehnologi\u00fdalary (sowuk zynjyrlar we wino\u00e7ylyk ), gaplamak, gu\u00fdmak we gutulamak tehnologi\u00fdalary \u00f6n\u00fcm\u00e7iligini \u00fd\u00f6red\u00fd\u00e4n Ital\u00fdan kompani\u00fdalary \u00fc\u00e7in i\u015few\u00fcrlik du\u015fu\u015fyklaryny gurnady.<\/p>\n<p>&nbsp;<\/p>\n<p><img loading=\"lazy\" decoding=\"async\" class=\"img-fluid wp-image-5515 \" src=\"https:\/\/ambashgabat.esteri.it\/wp-content\/uploads\/2025\/03\/IMG_2930-1024x743.jpeg\" alt=\"\" width=\"374\" height=\"272\" srcset=\"https:\/\/ambashgabat.esteri.it\/wp-content\/uploads\/2025\/03\/IMG_2930-1024x743.jpeg 1024w, https:\/\/ambashgabat.esteri.it\/wp-content\/uploads\/2025\/03\/IMG_2930-300x218.jpeg 300w, https:\/\/ambashgabat.esteri.it\/wp-content\/uploads\/2025\/03\/IMG_2930-768x557.jpeg 768w, https:\/\/ambashgabat.esteri.it\/wp-content\/uploads\/2025\/03\/IMG_2930.jpeg 1179w\" sizes=\"auto, (max-width: 374px) 100vw, 374px\" \/><\/p>\n<p><span class=\"jCAhz ChMk0b\"><span class=\"ryNqvb\">Tehnologi\u00fda seminary, A\u015fgabatda 2023-nji \u00fdyly\u0148 17-nji okt\u00fdabrynda T\u00fcrkmenistany\u0148 S\u00f6wda-senagat palatasynda ge\u00e7irildi.<\/span><\/span> <span class=\"jCAhz ChMk0b\"><span class=\"ryNqvb\">Foruma gatna\u015fyjylary\u0148 arasynda Itali\u00fdany\u0148 i\u015f missi\u00fdasyny\u0148 wekilleri, degi\u015fli ministrlikleri\u0148 wekilleri we \u00fderli teleke\u00e7iler bardy.<\/span><\/span> <span class=\"jCAhz ChMk0b\"><span class=\"ryNqvb\">Itali\u00fdany\u0148 i\u015f missi\u00fdasyna ICE Stambuly\u0148 m\u00fcdiri Rikkardo Landini\u0148 \u00fdolba\u015f\u00e7ylygyndaky Rinieri, Vignetinox, Ricciarelli SPA, Gruppo RI.MA, FBR-ELPO SPA, SARBA International kompani\u00fdalary wekil\u00e7ilik etdi.<\/span><\/span> <span class=\"jCAhz ChMk0b\"><span class=\"ryNqvb\">Seminary\u0148 dowamynda Itali\u00fdany\u0148 hususy pudagyny\u0148 wekilleri t\u00fcrkmen k\u00e4rde\u015fleri bilen birn\u00e4\u00e7e ikitarapla\u00fdyn du\u015fu\u015fyk ge\u00e7irdi.<\/span><\/span> <span class=\"jCAhz ChMk0b\"><span class=\"ryNqvb\">\u015ee\u00fdle hem Itali\u00fdany\u0148 i\u015f missi\u00fdasy azygy ga\u00fdtadan i\u015flemek, oba hojalygy \u00f6n\u00fcm\u00e7iligi we A\u015fgabady\u0148 gola\u00fdynda \u00fderle\u015f\u00fd\u00e4n oba hojalyk tehnikalaryny satmak bilen me\u015fgullan\u00fdan \u00fdedi senagat zawodyna baryp g\u00f6rdi. <\/span><\/span><span class=\"jCAhz ChMk0b\"><span class=\"ryNqvb\">A\u015fakda ICE Stambuly\u0148 T\u00fcrkmenistandaky oba-hojalygy we gapla\u00fdy\u015f pudagy tarapyndan d\u00f6redilen bazar belligini \u015fu <a href=\"https:\/\/ambashgabat.esteri.it\/wp-content\/uploads\/2024\/03\/MARKET-NOTE-ON-THE-FOOD-PROCESSING-CHAIN-IN-TURKMENISTAN.pdf\">linkden<\/a> alyp bilersi\u0148iz.<\/span><\/span><\/p>\n<p>&nbsp;<\/p>\n<p>&nbsp;<\/p>\n<p>&nbsp;<\/p>\n","protected":false},"excerpt":{"rendered":"2023-nji \u00fdyly\u0148 16-18-nji okt\u00fdabry aralygynda ICE Agentligi\u00a0 agrosenagat tehnologi\u00fdalary (oba hojalygy we \u00fcz\u00fcm\u00e7ilik baradaky tehnologi\u00fdalar), maldar\u00e7ylyk, balyk\u00e7ylyk, azyk tehnologi\u00fdalary (sowuk zynjyrlar we wino\u00e7ylyk ), gaplamak, gu\u00fdmak we gutulamak tehnologi\u00fdalary \u00f6n\u00fcm\u00e7iligini \u00fd\u00f6red\u00fd\u00e4n Ital\u00fdan kompani\u00fdalary \u00fc\u00e7in i\u015few\u00fcrlik du\u015fu\u015fyklaryny gurnady. &nbsp; Tehnologi\u00fda seminary, A\u015fgabatda 2023-nji \u00fdyly\u0148 17-nji okt\u00fdabrynda T\u00fcrkmenistany\u0148 S\u00f6wda-senagat palatasynda ge\u00e7irildi. Foruma gatna\u015fyjylary\u0148 arasynda Itali\u00fdany\u0148 i\u015f missi\u00fdasyny\u0148 [&hellip;]","protected":false},"author":6,"featured_media":0,"parent":6536,"menu_order":0,"comment_status":"closed","ping_status":"closed","template":"","meta":{"footnotes":""},"class_list":["post-6586","page","type-page","status-publish","hentry"],"_links":{"self":[{"href":"https:\/\/ambashgabat.esteri.it\/tk\/wp-json\/wp\/v2\/pages\/6586","targetHints":{"allow":["GET"]}}],"collection":[{"href":"https:\/\/ambashgabat.esteri.it\/tk\/wp-json\/wp\/v2\/pages"}],"about":[{"href":"https:\/\/ambashgabat.esteri.it\/tk\/wp-json\/wp\/v2\/types\/page"}],"author":[{"embeddable":true,"href":"https:\/\/ambashgabat.esteri.it\/tk\/wp-json\/wp\/v2\/users\/6"}],"replies":[{"embeddable":true,"href":"https:\/\/ambashgabat.esteri.it\/tk\/wp-json\/wp\/v2\/comments?post=6586"}],"version-history":[{"count":3,"href":"https:\/\/ambashgabat.esteri.it\/tk\/wp-json\/wp\/v2\/pages\/6586\/revisions"}],"predecessor-version":[{"id":6961,"href":"https:\/\/ambashgabat.esteri.it\/tk\/wp-json\/wp\/v2\/pages\/6586\/revisions\/6961"}],"up":[{"embeddable":true,"href":"https:\/\/ambashgabat.esteri.it\/tk\/wp-json\/wp\/v2\/pages\/6536"}],"wp:attachment":[{"href":"https:\/\/ambashgabat.esteri.it\/tk\/wp-json\/wp\/v2\/media?parent=6586"}],"curies":[{"name":"wp","href":"https:\/\/api.w.org\/{rel}","templated":true}]}}