{"id":6584,"date":"2025-01-30T17:36:28","date_gmt":"2025-01-30T12:36:28","guid":{"rendered":"https:\/\/ambashgabat.esteri.it\/chi-siamo\/la-sede\/eventi-svolti-nel-2023\/fare-cinema-2023\/"},"modified":"2025-03-18T09:42:42","modified_gmt":"2025-03-18T04:42:42","slug":"fare-cinema-2023","status":"publish","type":"page","link":"https:\/\/ambashgabat.esteri.it\/tk\/chi-siamo\/la-sede\/eventi-svolti-nel-2023\/fare-cinema-2023\/","title":{"rendered":"Fare Cinema 2023- Ital\u00fdan kino g\u00fcni"},"content":{"rendered":"<p><img loading=\"lazy\" decoding=\"async\" class=\"img-fluid wp-image-5267 \" src=\"https:\/\/ambashgabat.esteri.it\/wp-content\/uploads\/2025\/03\/IMG_2899-1024x976.jpeg\" alt=\"\" width=\"372\" height=\"355\" srcset=\"https:\/\/ambashgabat.esteri.it\/wp-content\/uploads\/2025\/03\/IMG_2899-1024x976.jpeg 1024w, https:\/\/ambashgabat.esteri.it\/wp-content\/uploads\/2025\/03\/IMG_2899-300x286.jpeg 300w, https:\/\/ambashgabat.esteri.it\/wp-content\/uploads\/2025\/03\/IMG_2899-768x732.jpeg 768w, https:\/\/ambashgabat.esteri.it\/wp-content\/uploads\/2025\/03\/IMG_2899.jpeg 1179w\" sizes=\"auto, (max-width: 372px) 100vw, 372px\" \/><\/p>\n<p>2023-nji \u00fdyly\u0148 28-nji okt\u00fdabrynda tutu\u015f Itali\u00fdany\u0148 Diplomatik-konsullyk ulgamy tarapyndan gurnal\u00fdar. \u015eu\u0148a me\u0148ze\u015f ba\u015flangy\u00e7lary\u0148 h\u00f6km\u00fcnde,\u00a0 \u201cFare Kino\u201d \u00e7\u00e4relerini\u0148 bir b\u00f6legi \u00e7\u00e4ginde,\u00a0 Itali\u00fdany\u0148 A\u015fgabatdaky il\u00e7ihanasy \u201cZibil\u201d animasion filmini\u0148 g\u00f6rkezilmegini gurnady (ital\u00fdan re\u017eiss\u00fdorlary Luka Della Grotta we Fran\u00e7esko Dafano tarapyndan d\u00fc\u015f\u00fcrilen).<\/p>\n","protected":false},"excerpt":{"rendered":"2023-nji \u00fdyly\u0148 28-nji okt\u00fdabrynda tutu\u015f Itali\u00fdany\u0148 Diplomatik-konsullyk ulgamy tarapyndan gurnal\u00fdar. \u015eu\u0148a me\u0148ze\u015f ba\u015flangy\u00e7lary\u0148 h\u00f6km\u00fcnde,\u00a0 \u201cFare Kino\u201d \u00e7\u00e4relerini\u0148 bir b\u00f6legi \u00e7\u00e4ginde,\u00a0 Itali\u00fdany\u0148 A\u015fgabatdaky il\u00e7ihanasy \u201cZibil\u201d animasion filmini\u0148 g\u00f6rkezilmegini gurnady (ital\u00fdan re\u017eiss\u00fdorlary Luka Della Grotta we Fran\u00e7esko Dafano tarapyndan d\u00fc\u015f\u00fcrilen).","protected":false},"author":6,"featured_media":0,"parent":6536,"menu_order":0,"comment_status":"closed","ping_status":"closed","template":"","meta":{"footnotes":""},"class_list":["post-6584","page","type-page","status-publish","hentry"],"_links":{"self":[{"href":"https:\/\/ambashgabat.esteri.it\/tk\/wp-json\/wp\/v2\/pages\/6584","targetHints":{"allow":["GET"]}}],"collection":[{"href":"https:\/\/ambashgabat.esteri.it\/tk\/wp-json\/wp\/v2\/pages"}],"about":[{"href":"https:\/\/ambashgabat.esteri.it\/tk\/wp-json\/wp\/v2\/types\/page"}],"author":[{"embeddable":true,"href":"https:\/\/ambashgabat.esteri.it\/tk\/wp-json\/wp\/v2\/users\/6"}],"replies":[{"embeddable":true,"href":"https:\/\/ambashgabat.esteri.it\/tk\/wp-json\/wp\/v2\/comments?post=6584"}],"version-history":[{"count":3,"href":"https:\/\/ambashgabat.esteri.it\/tk\/wp-json\/wp\/v2\/pages\/6584\/revisions"}],"predecessor-version":[{"id":6951,"href":"https:\/\/ambashgabat.esteri.it\/tk\/wp-json\/wp\/v2\/pages\/6584\/revisions\/6951"}],"up":[{"embeddable":true,"href":"https:\/\/ambashgabat.esteri.it\/tk\/wp-json\/wp\/v2\/pages\/6536"}],"wp:attachment":[{"href":"https:\/\/ambashgabat.esteri.it\/tk\/wp-json\/wp\/v2\/media?parent=6584"}],"curies":[{"name":"wp","href":"https:\/\/api.w.org\/{rel}","templated":true}]}}