{"id":6536,"date":"2024-03-04T14:46:19","date_gmt":"2024-03-04T09:46:19","guid":{"rendered":"https:\/\/ambashgabat.esteri.it\/chi-siamo\/la-sede\/eventi-svolti-nel-2023\/"},"modified":"2025-04-28T20:46:51","modified_gmt":"2025-04-28T15:46:51","slug":"eventi-svolti-nel-2023","status":"publish","type":"page","link":"https:\/\/ambashgabat.esteri.it\/tk\/chi-siamo\/la-sede\/eventi-svolti-nel-2023\/","title":{"rendered":"2023-nji \u00fdylda ge\u00e7irilen \u00e7\u00e4reler"},"content":{"rendered":"<p><img loading=\"lazy\" decoding=\"async\" class=\"alignnone size-medium wp-image-2333 img-fluid\" src=\"https:\/\/ambashgabat.esteri.it\/wp-content\/uploads\/2024\/03\/20231114_202023-300x225.jpg\" alt=\"\" width=\"300\" height=\"225\" srcset=\"https:\/\/ambashgabat.esteri.it\/wp-content\/uploads\/2024\/03\/20231114_202023-300x225.jpg 300w, https:\/\/ambashgabat.esteri.it\/wp-content\/uploads\/2024\/03\/20231114_202023-1024x768.jpg 1024w, https:\/\/ambashgabat.esteri.it\/wp-content\/uploads\/2024\/03\/20231114_202023-768x576.jpg 768w, https:\/\/ambashgabat.esteri.it\/wp-content\/uploads\/2024\/03\/20231114_202023.jpg 1920w\" sizes=\"auto, (max-width: 300px) 100vw, 300px\" \/><\/p>\n<p>&nbsp;<\/p>\n<ul>\n<li><strong>18 Fewral: <\/strong>T\u00fcrkmenistandaky Diplomatik i\u015fg\u00e4rleri\u0148 g\u00fcni<\/li>\n<\/ul>\n<p>&nbsp;<\/p>\n<ul>\n<li><strong>23 Fewral: <\/strong><a href=\"https:\/\/ambashgabat.esteri.it\/tk\/chi-siamo\/la-sede\/eventi-svolti-nel-2023\/concerto-di-antonio-onorato-per-il-30mo-anniversario-delle-relazioni-diplomatiche-tra-italia-e-turkmenistan\/\">Itali\u00fda bilen T\u00fcrkmenistany\u0148 arasyndaky diplomatik gatna\u015fyklary\u0148 30 \u00fdyllygyny bellenilmegine bagy\u015flanan konsert<\/a><\/li>\n<\/ul>\n<p>&nbsp;<\/p>\n<ul>\n<li><strong>9-10 Mart: <\/strong><a href=\"https:\/\/ambashgabat.esteri.it\/tk\/chi-siamo\/la-sede\/eventi-svolti-nel-2023\/italian-design-day-2023\/\">Ital\u00fdan diza\u00fdn g\u00fcni<\/a><\/li>\n<\/ul>\n<p>&nbsp;<\/p>\n<ul>\n<li><strong>5 Ma\u00fd: <\/strong><a href=\"https:\/\/ambashgabat.esteri.it\/en\/chi-siamo\/la-sede\/eventi-svolti-nel-2023\/olimpiadi-della-lingua-italiana\/\">Ital\u00fdan dili olimpi\u00fdadasy<\/a><\/li>\n<\/ul>\n<p>&nbsp;<\/p>\n<ul>\n<li><strong>10 Ma\u00fd-30 I\u00fdun :\u00a0<\/strong><a href=\"https:\/\/ambashgabat.esteri.it\/tk\/chi-siamo\/la-sede\/eventi-svolti-nel-2023\/mostra-fotografica-italy-landscapes-faces-and-works-from-alinari-to-the-masters-of-contemporary-photography\/\">Surat sergisi\u00a0 <em>&#8220;Itali\u00fda \u2013 Pe\u00fdza\u017elar, \u00dd\u00fczler we I\u015fler: Alinariden h\u00e4zirki zaman fotografi\u00fdasyny\u0148 ussatlaryna \u00e7enli<\/em><\/a><\/li>\n<\/ul>\n<p>&nbsp;<\/p>\n<ul>\n<li><strong>2 I\u00fdun: <\/strong>Ital\u00fdany\u0148 Respublika g\u00fcni<\/li>\n<\/ul>\n<p>&nbsp;<\/p>\n<ul>\n<li><strong>3 I\u00fdun: <\/strong><a href=\"https:\/\/ambashgabat.esteri.it\/tk\/chi-siamo\/la-sede\/eventi-svolti-nel-2023\/concerto-lirico-per-il-210-anniversario-della-nascita-di-giuseppe-verdi\/\">Juzeppe Verdini\u0148 doglan g\u00fcn\u00fcni\u0148 210 \u00fdyllygy mynasybetli opera konserti<\/a><\/li>\n<\/ul>\n<p>&nbsp;<\/p>\n<ul>\n<li><strong>16-18 Okt\u00fdabr :\u00a0<\/strong><a href=\"https:\/\/ambashgabat.esteri.it\/tk\/chi-siamo\/la-sede\/eventi-svolti-nel-2023\/missione-imprenditoriale-ice-agenzia-dei-settori-agroindustria-e-packaging\/\">ICE- Agrosenagat we gapla\u00fdy\u015f pudaklary bo\u00e7un\u00e7a teleke\u00e7ilik missi\u00fdasy gullugy<\/a><\/li>\n<\/ul>\n<p>&nbsp;<\/p>\n<ul>\n<li><strong>23-26 Okt\u00fdabr :<a href=\"https:\/\/ambashgabat.esteri.it\/tk\/chi-siamo\/la-sede\/eventi-svolti-nel-2023\/xxiii-settimana-della-lingua-italiana-nel-mondo-italiano-e-sostenibilita\/\">\u00a0<\/a><\/strong><a href=\"https:\/\/ambashgabat.esteri.it\/tk\/chi-siamo\/la-sede\/eventi-svolti-nel-2023\/xxiii-settimana-della-lingua-italiana-nel-mondo-italiano-e-sostenibilita\/\">B\u00fctind\u00fcn\u00fd\u00e4 Ital\u00fdan Dili Hepdeligini\u0148 XXIII ne\u015firi: Ital\u00fdan dili we dowamlylyk<\/a><\/li>\n<\/ul>\n<p>&nbsp;<\/p>\n<ul>\n<li><strong>27 Okt\u00fdabr: <\/strong><a href=\"https:\/\/ambashgabat.esteri.it\/tk\/chi-siamo\/la-sede\/eventi-svolti-nel-2023\/reading-per-il-centenario-di-nascita-di-italo-calvino\/\">Italo Kalwinony\u0148 doglan g\u00fcn\u00fcni\u0148 100 \u00fdyllygy mynasybetli okamak g\u00fcni<\/a><\/li>\n<\/ul>\n<p>&nbsp;<\/p>\n<ul>\n<li><strong>28 Okt\u00fdabr :\u00a0<\/strong><a href=\"https:\/\/ambashgabat.esteri.it\/tk\/chi-siamo\/la-sede\/eventi-svolti-nel-2023\/fare-cinema-2023\/\">Fare Cinema- Ital\u00fdan Kino g\u00fcni<\/a>(&#8220;A\u015fgabat&#8221; kinoteatrynda &#8220;Zibil&#8221; animasion filmini\u0148 g\u00f6rkezili\u015fi)<\/li>\n<\/ul>\n<p>&nbsp;<\/p>\n<ul>\n<li><strong>13-15 No\u00fdabr: <\/strong><a href=\"https:\/\/ambashgabat.esteri.it\/tk\/chi-siamo\/la-sede\/eventi-svolti-nel-2023\/viii-settimana-della-cucina-italiana-nel-mondo\/\">VIII Itali\u00fdan Tagamlary Hepdeligi<\/a><\/li>\n<\/ul>\n<p>&nbsp;<\/p>\n<ul>\n<li><strong>7 Dekabr: <\/strong><a href=\"https:\/\/ambashgabat.esteri.it\/tk\/chi-siamo\/la-sede\/eventi-svolti-nel-2023\/proiezione-del-film-dante-del-maestro-pupi-avati\/\">Maestro Pupi Awatini\u0148 \u201cDante\u201d filmini\u0148 g\u00f6rkezili\u015fi<\/a><\/li>\n<\/ul>\n<p>&nbsp;<\/p>\n<p>&nbsp;<\/p>\n<p><strong><span class=\"jCAhz ChMk0b\"><span class=\"ryNqvb\">BELLIK: <\/span><\/span><\/strong><\/p>\n<p><span class=\"jCAhz ChMk0b\"><span class=\"ryNqvb\">G\u00f6k re\u0148kd\u00e4ki gutyjykda: medeni mahabat <\/span><\/span><\/p>\n<p><span class=\"jCAhz ChMk0b\"><span class=\"ryNqvb\">\u00dda\u015fyl re\u0148kd\u00e4ki gutyjykda: t\u00e4jir\u00e7ilik mahabaty <\/span><\/span><\/p>\n<p><span class=\"jCAhz ChMk0b\"><span class=\"ryNqvb\">Gyzyl re\u0148kd\u00e4ki gutyjykda: toplumla\u00fdyn mahabat<\/span><\/span><\/p>\n<p><span class=\"jCAhz JpY6Fd\"><span class=\"ryNqvb\">\u00c7al <span class=\"jCAhz ChMk0b\">re\u0148kd\u00e4ki gutyjykda<\/span>: korporatiw \u00e7\u00e4reler<\/span><\/span><\/p>\n<p>&nbsp;<\/p>\n<p>So\u0148ky t\u00e4zelenen wagty: 1-nji fewral, 2025<\/p>\n<p>&nbsp;<\/p>\n","protected":false},"excerpt":{"rendered":"&nbsp; 18 Fewral: T\u00fcrkmenistandaky Diplomatik i\u015fg\u00e4rleri\u0148 g\u00fcni &nbsp; 23 Fewral: Itali\u00fda bilen T\u00fcrkmenistany\u0148 arasyndaky diplomatik gatna\u015fyklary\u0148 30 \u00fdyllygyny bellenilmegine bagy\u015flanan konsert &nbsp; 9-10 Mart: Ital\u00fdan diza\u00fdn g\u00fcni &nbsp; 5 Ma\u00fd: Ital\u00fdan dili olimpi\u00fdadasy &nbsp; 10 Ma\u00fd-30 I\u00fdun :\u00a0Surat sergisi\u00a0 &#8220;Itali\u00fda \u2013 Pe\u00fdza\u017elar, \u00dd\u00fczler we I\u015fler: Alinariden h\u00e4zirki zaman fotografi\u00fdasyny\u0148 ussatlaryna \u00e7enli &nbsp; 2 I\u00fdun: Ital\u00fdany\u0148 [&hellip;]","protected":false},"author":6,"featured_media":0,"parent":3782,"menu_order":2,"comment_status":"closed","ping_status":"closed","template":"","meta":{"footnotes":""},"class_list":["post-6536","page","type-page","status-publish","hentry"],"_links":{"self":[{"href":"https:\/\/ambashgabat.esteri.it\/tk\/wp-json\/wp\/v2\/pages\/6536","targetHints":{"allow":["GET"]}}],"collection":[{"href":"https:\/\/ambashgabat.esteri.it\/tk\/wp-json\/wp\/v2\/pages"}],"about":[{"href":"https:\/\/ambashgabat.esteri.it\/tk\/wp-json\/wp\/v2\/types\/page"}],"author":[{"embeddable":true,"href":"https:\/\/ambashgabat.esteri.it\/tk\/wp-json\/wp\/v2\/users\/6"}],"replies":[{"embeddable":true,"href":"https:\/\/ambashgabat.esteri.it\/tk\/wp-json\/wp\/v2\/comments?post=6536"}],"version-history":[{"count":5,"href":"https:\/\/ambashgabat.esteri.it\/tk\/wp-json\/wp\/v2\/pages\/6536\/revisions"}],"predecessor-version":[{"id":8806,"href":"https:\/\/ambashgabat.esteri.it\/tk\/wp-json\/wp\/v2\/pages\/6536\/revisions\/8806"}],"up":[{"embeddable":true,"href":"https:\/\/ambashgabat.esteri.it\/tk\/wp-json\/wp\/v2\/pages\/3782"}],"wp:attachment":[{"href":"https:\/\/ambashgabat.esteri.it\/tk\/wp-json\/wp\/v2\/media?parent=6536"}],"curies":[{"name":"wp","href":"https:\/\/api.w.org\/{rel}","templated":true}]}}