{"id":6532,"date":"2025-01-30T17:16:25","date_gmt":"2025-01-30T12:16:25","guid":{"rendered":"https:\/\/ambashgabat.esteri.it\/concerto-di-antonio-onorato-per-il-30mo-anniversario-delle-relazioni-diplomatiche-tra-italia-e-turkmenistan\/"},"modified":"2025-03-17T16:23:58","modified_gmt":"2025-03-17T11:23:58","slug":"concerto-di-antonio-onorato-per-il-30mo-anniversario-delle-relazioni-diplomatiche-tra-italia-e-turkmenistan","status":"publish","type":"page","link":"https:\/\/ambashgabat.esteri.it\/tk\/chi-siamo\/la-sede\/eventi-svolti-nel-2023\/concerto-di-antonio-onorato-per-il-30mo-anniversario-delle-relazioni-diplomatiche-tra-italia-e-turkmenistan\/","title":{"rendered":"Concert for the 30th anniversary of relations between Italy and Turkmenistan"},"content":{"rendered":"<p><img loading=\"lazy\" decoding=\"async\" class=\"img-fluid wp-image-5285 \" src=\"https:\/\/ambashgabat.esteri.it\/wp-content\/uploads\/2025\/03\/IMG_2901-844x1024.jpeg\" alt=\"\" width=\"297\" height=\"360\" srcset=\"https:\/\/ambashgabat.esteri.it\/wp-content\/uploads\/2025\/03\/IMG_2901-844x1024.jpeg 844w, https:\/\/ambashgabat.esteri.it\/wp-content\/uploads\/2025\/03\/IMG_2901-247x300.jpeg 247w, https:\/\/ambashgabat.esteri.it\/wp-content\/uploads\/2025\/03\/IMG_2901-768x932.jpeg 768w, https:\/\/ambashgabat.esteri.it\/wp-content\/uploads\/2025\/03\/IMG_2901.jpeg 1179w\" sizes=\"auto, (max-width: 297px) 100vw, 297px\" \/><\/p>\n<p>Itali\u00fda bilen T\u00fcrkmenistany\u0148 arasyndaky diplomatik gatna\u015fyklary\u0148 \u00fdola go\u00fdulmagyny\u0148 30 \u00fdyllygy Magtymguly adyndaky milli a\u00fddym we drama teatrynda Neapolitan jazz ugrunda ussat Maestro Antonio Onoratony\u0148 konserti bilen bellendi. A\u00fddym\u00e7y adaty neopolitan sazlaryndan ba\u015flap, h\u00e4zirki zaman a\u00fddym-sazlaryny \u00fderine \u00fdetirdi we t\u00fcrkmen a\u00fddym\u00e7y Ma\u00fdsa Ni\u00fdazowa bilen bilelikde \u201cVolare\u201d a\u00fddymy bilen jemle\u00fdji \u00e7yky\u015f etdiler. Bu \u00e7\u00e4re \u015fe\u00fdle hem Itali\u00fdany\u0148 a\u00fddym-sazy barada g\u00fcrle\u015fmek \u00fc\u00e7in Ma\u00fda Kuli\u00fdewa adyndaky T\u00fcrkmen milli konserwatori\u00fdasynda gurnalan, Maestro Onoratony\u0148 \u00fdolba\u015f\u00e7ylygyndaky klassiki gitara master klassynda \u00fda\u015flar toma\u015fa\u00e7ylaryny\u0148 arasynda uly \u00fcst\u00fcnlik gazandy.<\/p>\n<p><img loading=\"lazy\" decoding=\"async\" class=\"img-fluid wp-image-5295 \" src=\"https:\/\/ambashgabat.esteri.it\/wp-content\/uploads\/2025\/03\/IMG_2900-852x1024.jpeg\" alt=\"\" width=\"277\" height=\"333\" srcset=\"https:\/\/ambashgabat.esteri.it\/wp-content\/uploads\/2025\/03\/IMG_2900-852x1024.jpeg 852w, https:\/\/ambashgabat.esteri.it\/wp-content\/uploads\/2025\/03\/IMG_2900-250x300.jpeg 250w, https:\/\/ambashgabat.esteri.it\/wp-content\/uploads\/2025\/03\/IMG_2900-768x923.jpeg 768w, https:\/\/ambashgabat.esteri.it\/wp-content\/uploads\/2025\/03\/IMG_2900.jpeg 1179w\" sizes=\"auto, (max-width: 277px) 100vw, 277px\" \/> <img loading=\"lazy\" decoding=\"async\" class=\"img-fluid wp-image-5307 \" src=\"https:\/\/ambashgabat.esteri.it\/wp-content\/uploads\/2025\/03\/IMG_2903-918x1024.jpeg\" alt=\"\" width=\"296\" height=\"331\" srcset=\"https:\/\/ambashgabat.esteri.it\/wp-content\/uploads\/2025\/03\/IMG_2903-918x1024.jpeg 918w, https:\/\/ambashgabat.esteri.it\/wp-content\/uploads\/2025\/03\/IMG_2903-269x300.jpeg 269w, https:\/\/ambashgabat.esteri.it\/wp-content\/uploads\/2025\/03\/IMG_2903-768x857.jpeg 768w, https:\/\/ambashgabat.esteri.it\/wp-content\/uploads\/2025\/03\/IMG_2903.jpeg 1179w\" sizes=\"auto, (max-width: 296px) 100vw, 296px\" \/> <img loading=\"lazy\" decoding=\"async\" class=\"img-fluid wp-image-5317 \" src=\"https:\/\/ambashgabat.esteri.it\/wp-content\/uploads\/2025\/03\/IMG_2904-800x1024.jpeg\" alt=\"\" width=\"259\" height=\"332\" srcset=\"https:\/\/ambashgabat.esteri.it\/wp-content\/uploads\/2025\/03\/IMG_2904-800x1024.jpeg 800w, https:\/\/ambashgabat.esteri.it\/wp-content\/uploads\/2025\/03\/IMG_2904-234x300.jpeg 234w, https:\/\/ambashgabat.esteri.it\/wp-content\/uploads\/2025\/03\/IMG_2904-768x983.jpeg 768w, https:\/\/ambashgabat.esteri.it\/wp-content\/uploads\/2025\/03\/IMG_2904.jpeg 1046w\" sizes=\"auto, (max-width: 259px) 100vw, 259px\" \/><\/p>\n<p>&nbsp;<\/p>\n<p>&nbsp;<\/p>\n<p>&nbsp;<\/p>\n","protected":false},"excerpt":{"rendered":"Itali\u00fda bilen T\u00fcrkmenistany\u0148 arasyndaky diplomatik gatna\u015fyklary\u0148 \u00fdola go\u00fdulmagyny\u0148 30 \u00fdyllygy Magtymguly adyndaky milli a\u00fddym we drama teatrynda Neapolitan jazz ugrunda ussat Maestro Antonio Onoratony\u0148 konserti bilen bellendi. A\u00fddym\u00e7y adaty neopolitan sazlaryndan ba\u015flap, h\u00e4zirki zaman a\u00fddym-sazlaryny \u00fderine \u00fdetirdi we t\u00fcrkmen a\u00fddym\u00e7y Ma\u00fdsa Ni\u00fdazowa bilen bilelikde \u201cVolare\u201d a\u00fddymy bilen jemle\u00fdji \u00e7yky\u015f etdiler. Bu \u00e7\u00e4re \u015fe\u00fdle hem Itali\u00fdany\u0148 [&hellip;]","protected":false},"author":6,"featured_media":0,"parent":6536,"menu_order":0,"comment_status":"closed","ping_status":"closed","template":"","meta":{"footnotes":""},"class_list":["post-6532","page","type-page","status-publish","hentry"],"_links":{"self":[{"href":"https:\/\/ambashgabat.esteri.it\/tk\/wp-json\/wp\/v2\/pages\/6532","targetHints":{"allow":["GET"]}}],"collection":[{"href":"https:\/\/ambashgabat.esteri.it\/tk\/wp-json\/wp\/v2\/pages"}],"about":[{"href":"https:\/\/ambashgabat.esteri.it\/tk\/wp-json\/wp\/v2\/types\/page"}],"author":[{"embeddable":true,"href":"https:\/\/ambashgabat.esteri.it\/tk\/wp-json\/wp\/v2\/users\/6"}],"replies":[{"embeddable":true,"href":"https:\/\/ambashgabat.esteri.it\/tk\/wp-json\/wp\/v2\/comments?post=6532"}],"version-history":[{"count":3,"href":"https:\/\/ambashgabat.esteri.it\/tk\/wp-json\/wp\/v2\/pages\/6532\/revisions"}],"predecessor-version":[{"id":6592,"href":"https:\/\/ambashgabat.esteri.it\/tk\/wp-json\/wp\/v2\/pages\/6532\/revisions\/6592"}],"up":[{"embeddable":true,"href":"https:\/\/ambashgabat.esteri.it\/tk\/wp-json\/wp\/v2\/pages\/6536"}],"wp:attachment":[{"href":"https:\/\/ambashgabat.esteri.it\/tk\/wp-json\/wp\/v2\/media?parent=6532"}],"curies":[{"name":"wp","href":"https:\/\/api.w.org\/{rel}","templated":true}]}}