{"id":6472,"date":"2025-01-27T23:42:11","date_gmt":"2025-01-27T18:42:11","guid":{"rendered":"https:\/\/ambashgabat.esteri.it\/chi-siamo\/la-sede\/eventi-in-programmazione-nel-2024\/settimana-della-cucina-italiana-nel-mondo-2024\/"},"modified":"2025-08-05T10:38:28","modified_gmt":"2025-08-05T05:38:28","slug":"settimana-della-cucina-italiana-nel-mondo-2024","status":"publish","type":"page","link":"https:\/\/ambashgabat.esteri.it\/tk\/chi-siamo\/la-sede\/eventi-in-programmazione-nel-2024\/settimana-della-cucina-italiana-nel-mondo-2024\/","title":{"rendered":"B\u00fctind\u00fcn\u00fda Ital\u00fdan tagamlary hepdeligi 2024"},"content":{"rendered":"<p><img loading=\"lazy\" decoding=\"async\" class=\"\" src=\"https:\/\/ambashgabat.esteri.it\/wp-content\/uploads\/2024\/12\/IMG-20241124-WA0011-1024x820.jpg\" width=\"438\" height=\"351\" \/><\/p>\n<p><span class=\"jCAhz ChMk0b\"><span class=\"ryNqvb\">2024-nji \u00fdyly\u0148 18-nji no\u00fdabryndan 24-nji no\u00fdabry aralygynda A\u015fgabatda B\u00fctind\u00fcn\u00fda Ital\u00fdan tagamlary hepdeligini\u0148 IX ne\u015firi ge\u00e7irildi.<\/span><\/span> <span class=\"jCAhz ChMk0b\"><span class=\"ryNqvb\">\u00c7\u00e4r\u00e4ni\u0148 mowzugy &#8220;Orta\u00fder de\u0148zi di\u00fdetasy we tagamlaryn gelip \u00e7yky\u015fy: Saglyk we d\u00e4p-dessur.&#8221;<\/span><\/span> <span class=\"jCAhz ChMk0b\"><span class=\"ryNqvb\">Itali\u00fdaly a\u015fpezler Anna Mari\u00fda Palma, Marko De Wita we Andrea Palmieri ussatlyk bilen ge\u00e7iren master klasslaryny ge\u00e7irip, T\u00fcrkmenistany\u0148 Da\u015fary i\u015fler ministrini\u0148 orunbasary hormatly\u00a0<\/span><\/span><span class=\"jCAhz ChMk0b\"><span class=\"ryNqvb\">Serdar Muhammetdurdi\u00fdew<\/span><\/span><span class=\"jCAhz ChMk0b\"><span class=\"ryNqvb\"> \u00fdaly abra\u00fdly myhmanlara hyzmat etdi.\u00a0<\/span><\/span><\/p>\n<p>&nbsp;<\/p>\n<p><img loading=\"lazy\" decoding=\"async\" class=\"\" src=\"https:\/\/ambashgabat.esteri.it\/wp-content\/uploads\/2024\/12\/IMG-20241124-WA0012-1024x685.jpg\" width=\"378\" height=\"253\" \/>\u00a0 \u00a0 <img loading=\"lazy\" decoding=\"async\" class=\"\" src=\"https:\/\/ambashgabat.esteri.it\/wp-content\/uploads\/2024\/12\/IMG-20241124-WA0013-1024x685.jpg\" width=\"378\" height=\"253\" \/><\/p>\n<p><span class=\"jCAhz ChMk0b\"><span class=\"ryNqvb\">A\u015fgabatdaky Itali\u00fdany\u0148 il\u00e7ihanasy\u00a0 \u201cDante\u201d adyndaky ital\u00fdan tagamlary bilen restorany bilen bilelikde Itali\u00fdany\u0148 a\u015fpezlik medeni\u00fdetini \u00f6sd\u00fcrmek \u00fc\u00e7in gastronomiki \u00e7\u00e4releri gurady.<\/span><\/span> <span class=\"jCAhz ChMk0b\"><span class=\"ryNqvb\">A\u015fpezler a\u015fpez h\u00fcn\u00e4rmenleri \u00fc\u00e7in ital\u00fdan nahar bi\u015firmek usullary baradaky bilimlerini \u00e7u\u0148la\u015fdyrmaga m\u00fcmkin\u00e7ilik ber\u00fd\u00e4n d\u00f6rt a\u00fdratyn master klass ge\u00e7irdiler. <\/span><\/span><span class=\"jCAhz ChMk0b\"><span class=\"ryNqvb\">H\u00fcnarmen ital\u00fdan a\u015fpezler \u015fe\u00fdle-de \u00e7agyrylan myhmanlara Itali\u00fdany\u0148 hakyky tagamlaryny h\u00f6d\u00fcrlediler\u00a0<\/span><\/span><\/p>\n<p>&nbsp;<\/p>\n<p><img loading=\"lazy\" decoding=\"async\" class=\"\" src=\"https:\/\/ambashgabat.esteri.it\/wp-content\/uploads\/2024\/12\/IMG-20241124-WA0007-768x1024.jpg\" width=\"391\" height=\"521\" \/>\u00a0 \u00a0 \u00a0 \u00a0 <img loading=\"lazy\" decoding=\"async\" class=\"\" src=\"https:\/\/ambashgabat.esteri.it\/wp-content\/uploads\/2024\/12\/IMG-20241124-WA0009-577x1024.jpg\" width=\"294\" height=\"522\" \/><\/p>\n<p>&nbsp;<\/p>\n<p>&nbsp;<\/p>\n<p>&nbsp;<\/p>\n","protected":false},"excerpt":{"rendered":"2024-nji \u00fdyly\u0148 18-nji no\u00fdabryndan 24-nji no\u00fdabry aralygynda A\u015fgabatda B\u00fctind\u00fcn\u00fda Ital\u00fdan tagamlary hepdeligini\u0148 IX ne\u015firi ge\u00e7irildi. \u00c7\u00e4r\u00e4ni\u0148 mowzugy &#8220;Orta\u00fder de\u0148zi di\u00fdetasy we tagamlaryn gelip \u00e7yky\u015fy: Saglyk we d\u00e4p-dessur.&#8221; Itali\u00fdaly a\u015fpezler Anna Mari\u00fda Palma, Marko De Wita we Andrea Palmieri ussatlyk bilen ge\u00e7iren master klasslaryny ge\u00e7irip, T\u00fcrkmenistany\u0148 Da\u015fary i\u015fler ministrini\u0148 orunbasary hormatly\u00a0Serdar Muhammetdurdi\u00fdew \u00fdaly abra\u00fdly myhmanlara hyzmat [&hellip;]","protected":false},"author":6,"featured_media":0,"parent":6077,"menu_order":0,"comment_status":"closed","ping_status":"closed","template":"","meta":{"footnotes":""},"class_list":["post-6472","page","type-page","status-publish","hentry"],"_links":{"self":[{"href":"https:\/\/ambashgabat.esteri.it\/tk\/wp-json\/wp\/v2\/pages\/6472","targetHints":{"allow":["GET"]}}],"collection":[{"href":"https:\/\/ambashgabat.esteri.it\/tk\/wp-json\/wp\/v2\/pages"}],"about":[{"href":"https:\/\/ambashgabat.esteri.it\/tk\/wp-json\/wp\/v2\/types\/page"}],"author":[{"embeddable":true,"href":"https:\/\/ambashgabat.esteri.it\/tk\/wp-json\/wp\/v2\/users\/6"}],"replies":[{"embeddable":true,"href":"https:\/\/ambashgabat.esteri.it\/tk\/wp-json\/wp\/v2\/comments?post=6472"}],"version-history":[{"count":4,"href":"https:\/\/ambashgabat.esteri.it\/tk\/wp-json\/wp\/v2\/pages\/6472\/revisions"}],"predecessor-version":[{"id":9609,"href":"https:\/\/ambashgabat.esteri.it\/tk\/wp-json\/wp\/v2\/pages\/6472\/revisions\/9609"}],"up":[{"embeddable":true,"href":"https:\/\/ambashgabat.esteri.it\/tk\/wp-json\/wp\/v2\/pages\/6077"}],"wp:attachment":[{"href":"https:\/\/ambashgabat.esteri.it\/tk\/wp-json\/wp\/v2\/media?parent=6472"}],"curies":[{"name":"wp","href":"https:\/\/api.w.org\/{rel}","templated":true}]}}