{"id":6395,"date":"2025-02-13T23:18:10","date_gmt":"2025-02-13T18:18:10","guid":{"rendered":"https:\/\/ambashgabat.esteri.it\/chi-siamo\/la-sede\/eventi-in-programmazione-nel-2024\/giornata-dello-sport-italiano-nel-mondo\/"},"modified":"2026-03-11T14:14:18","modified_gmt":"2026-03-11T09:14:18","slug":"giornata-dello-sport-italiano-nel-mondo","status":"publish","type":"page","link":"https:\/\/ambashgabat.esteri.it\/tk\/chi-siamo\/la-sede\/eventi-in-programmazione-nel-2024\/giornata-dello-sport-italiano-nel-mondo\/","title":{"rendered":"D\u00fcnyade Itali\u00fdany\u0148 Sport G\u00fcni"},"content":{"rendered":"<p>&nbsp;<\/p>\n<p><img loading=\"lazy\" decoding=\"async\" class=\"img-fluid alignnone wp-image-2872 \" src=\"https:\/\/ambashgabat.esteri.it\/wp-content\/uploads\/2024\/09\/copia20240913_142442-1024x829.jpg\" alt=\"\" width=\"361\" height=\"292\" \/><\/p>\n<article class=\"group\/turn w-full text-token-text-primary focus-visible:outline-2 focus-visible:outline-offset-[-4px]\" dir=\"auto\" data-testid=\"conversation-turn-29\" data-scroll-anchor=\"true\">\n<div class=\"text-base my-auto mx-auto py-[18px] px-6\">\n<div class=\"mx-auto flex flex-1 text-base gap-4 md:gap-5 lg:gap-6 md:max-w-3xl\">\n<div class=\"group\/conversation-turn relative flex w-full min-w-0 flex-col agent-turn @xs\/thread:px-0 @sm\/thread:px-1.5 @md\/thread:px-4\">\n<div class=\"flex-col gap-1 md:gap-3\">\n<div class=\"flex max-w-full flex-col flex-grow\">\n<div class=\"min-h-8 text-message relative flex w-full flex-col items-end gap-2 whitespace-normal break-words text-start [.text-message+&amp;]:mt-5\" dir=\"auto\" data-message-author-role=\"assistant\" data-message-id=\"9ab10572-a9ca-438d-b5a1-fef551dd5c55\" data-message-model-slug=\"gpt-4o-mini\">\n<div class=\"flex w-full flex-col gap-1 empty:hidden first:pt-[3px]\">\n<div class=\"markdown prose w-full break-words dark:prose-invert light\">\n<p data-start=\"0\" data-end=\"500\">2024-nji \u00fdyly\u0148 13-nji sent\u00fdabrynda, A\u015fgabatda B\u00fctind\u00fcn\u00fd\u00e4 Ital\u00fdan Sport G\u00fcn\u00fcni\u0148 ilkinji ne\u015firi ge\u00e7irildi. Bu \u00e7\u00e4re, ital\u00fdan sportyny bell\u00e4p ge\u00e7mek we 2026-njy \u00fdylda Milanda we Kortinada ge\u00e7irilmegi me\u00fdille\u015fdiril\u00fd\u00e4n Gy\u015fky sport Olimpi\u00fdadasyny tanatmak \u00fc\u00e7in gurnaldy. \u00c7\u00e4r\u00e4 gatna\u015fanlary\u0148 arasynda, T\u00fcrkmenistany\u0148 Milli Olimpi\u00fda komitetini\u0148 wekilleri, dz\u00fdudo federasi\u00fdasyny\u0148 ba\u015flygy Welmyrat Gurbanmyradow, boks we agyr atletika federasi\u00fdalaryny\u0148 ba\u015f sekretarlary, \u015fe\u00fdle hem diplomatik korpusy\u0148 agzalary gatna\u015fdy.<\/p>\n<p data-start=\"502\" data-end=\"830\" data-is-last-node=\"\" data-is-only-node=\"\">Bu ba\u015flangy\u00e7, geljekki hyzmatda\u015flygy \u00f6sd\u00fcrmek \u00fc\u00e7in t\u00fcrkmen sport \u00fdolba\u015f\u00e7ylary bilen \u00f6zara gatna\u015fyk gurup ba\u015flady.\u00a0 \u015ee\u00fdle-de il\u00e7ihanada, 2024-nji \u00fdyly\u0148 8-13-nji okt\u00fdabry aralygynda Jesoloda ge\u00e7iriljek WKF Kadet, Junior we U21 Karate d\u00fcn\u00fd\u00e4 \u00e7empionatyna gatna\u015fmaga ta\u00fd\u00fdarlan\u00fdan \u00fda\u015f t\u00fcrkmen t\u00fcrgenleri bilen du\u015fu\u015fyldy.<\/p>\n<\/div>\n<\/div>\n<\/div>\n<\/div>\n<div class=\"mb-2 flex gap-3 -ml-2\" tabindex=\"0\">\n<div class=\"flex items-center justify-start rounded-xl p-1\">\n<div><\/div>\n<\/div>\n<\/div>\n<\/div>\n<\/div>\n<\/div>\n<\/div>\n<\/article>\n<p><img loading=\"lazy\" decoding=\"async\" class=\"img-fluid alignnone wp-image-2869 \" src=\"https:\/\/ambashgabat.esteri.it\/wp-content\/uploads\/2024\/09\/copia20240913_132702-786x1024.jpg\" alt=\"\" width=\"297\" height=\"387\" srcset=\"https:\/\/ambashgabat.esteri.it\/wp-content\/uploads\/2024\/09\/copia20240913_132702-786x1024.jpg 786w, https:\/\/ambashgabat.esteri.it\/wp-content\/uploads\/2024\/09\/copia20240913_132702-230x300.jpg 230w, https:\/\/ambashgabat.esteri.it\/wp-content\/uploads\/2024\/09\/copia20240913_132702-768x1000.jpg 768w, https:\/\/ambashgabat.esteri.it\/wp-content\/uploads\/2024\/09\/copia20240913_132702.jpg 1920w\" sizes=\"auto, (max-width: 297px) 100vw, 297px\" \/>\u00a0 \u00a0 <img loading=\"lazy\" decoding=\"async\" class=\"img-fluid alignnone wp-image-2877 \" src=\"https:\/\/ambashgabat.esteri.it\/wp-content\/uploads\/2024\/09\/20240906_111731-1024x927.jpg\" alt=\"\" width=\"420\" height=\"380\" srcset=\"https:\/\/ambashgabat.esteri.it\/wp-content\/uploads\/2024\/09\/20240906_111731-1024x927.jpg 1024w, https:\/\/ambashgabat.esteri.it\/wp-content\/uploads\/2024\/09\/20240906_111731-300x272.jpg 300w, https:\/\/ambashgabat.esteri.it\/wp-content\/uploads\/2024\/09\/20240906_111731-768x695.jpg 768w, https:\/\/ambashgabat.esteri.it\/wp-content\/uploads\/2024\/09\/20240906_111731.jpg 1920w\" sizes=\"auto, (max-width: 420px) 100vw, 420px\" \/><\/p>\n<p>&nbsp;<\/p>\n<p>&nbsp;<\/p>\n<p>&nbsp;<\/p>\n<p>&nbsp;<\/p>\n","protected":false},"excerpt":{"rendered":"&nbsp; 2024-nji \u00fdyly\u0148 13-nji sent\u00fdabrynda, A\u015fgabatda B\u00fctind\u00fcn\u00fd\u00e4 Ital\u00fdan Sport G\u00fcn\u00fcni\u0148 ilkinji ne\u015firi ge\u00e7irildi. Bu \u00e7\u00e4re, ital\u00fdan sportyny bell\u00e4p ge\u00e7mek we 2026-njy \u00fdylda Milanda we Kortinada ge\u00e7irilmegi me\u00fdille\u015fdiril\u00fd\u00e4n Gy\u015fky sport Olimpi\u00fdadasyny tanatmak \u00fc\u00e7in gurnaldy. \u00c7\u00e4r\u00e4 gatna\u015fanlary\u0148 arasynda, T\u00fcrkmenistany\u0148 Milli Olimpi\u00fda komitetini\u0148 wekilleri, dz\u00fdudo federasi\u00fdasyny\u0148 ba\u015flygy Welmyrat Gurbanmyradow, boks we agyr atletika federasi\u00fdalaryny\u0148 ba\u015f sekretarlary, \u015fe\u00fdle hem [&hellip;]","protected":false},"author":6,"featured_media":0,"parent":6077,"menu_order":0,"comment_status":"closed","ping_status":"closed","template":"","meta":{"footnotes":""},"class_list":["post-6395","page","type-page","status-publish","hentry"],"_links":{"self":[{"href":"https:\/\/ambashgabat.esteri.it\/tk\/wp-json\/wp\/v2\/pages\/6395","targetHints":{"allow":["GET"]}}],"collection":[{"href":"https:\/\/ambashgabat.esteri.it\/tk\/wp-json\/wp\/v2\/pages"}],"about":[{"href":"https:\/\/ambashgabat.esteri.it\/tk\/wp-json\/wp\/v2\/types\/page"}],"author":[{"embeddable":true,"href":"https:\/\/ambashgabat.esteri.it\/tk\/wp-json\/wp\/v2\/users\/6"}],"replies":[{"embeddable":true,"href":"https:\/\/ambashgabat.esteri.it\/tk\/wp-json\/wp\/v2\/comments?post=6395"}],"version-history":[{"count":4,"href":"https:\/\/ambashgabat.esteri.it\/tk\/wp-json\/wp\/v2\/pages\/6395\/revisions"}],"predecessor-version":[{"id":11415,"href":"https:\/\/ambashgabat.esteri.it\/tk\/wp-json\/wp\/v2\/pages\/6395\/revisions\/11415"}],"up":[{"embeddable":true,"href":"https:\/\/ambashgabat.esteri.it\/tk\/wp-json\/wp\/v2\/pages\/6077"}],"wp:attachment":[{"href":"https:\/\/ambashgabat.esteri.it\/tk\/wp-json\/wp\/v2\/media?parent=6395"}],"curies":[{"name":"wp","href":"https:\/\/api.w.org\/{rel}","templated":true}]}}