{"id":6351,"date":"2025-01-27T23:44:06","date_gmt":"2025-01-27T18:44:06","guid":{"rendered":"https:\/\/ambashgabat.esteri.it\/?page_id=6351"},"modified":"2025-04-25T21:28:45","modified_gmt":"2025-04-25T16:28:45","slug":"italiyan-kino-guni-2024","status":"publish","type":"page","link":"https:\/\/ambashgabat.esteri.it\/tk\/chi-siamo\/la-sede\/eventi-in-programmazione-nel-2024\/italiyan-kino-guni-2024\/","title":{"rendered":"Itali\u00fdan kino g\u00fcni 2024"},"content":{"rendered":"<p><img loading=\"lazy\" decoding=\"async\" class=\"\" src=\"https:\/\/ambashgabat.esteri.it\/wp-content\/uploads\/2025\/02\/IMG_2711-967x1024.jpeg\" width=\"307\" height=\"325\" \/><\/p>\n<p>7-nji dekabrda, &#8220;Fare Cinema&#8221; seri\u00fdasy \u00e7\u00e4ginde, A\u015fgabat kinoteatrynda &#8220;A\u00fdylary\u0148 Sisili\u00fda h\u00fcj\u00fcmi&#8221; atly animasi\u00fda filmi\u00a0 g\u00f6rkezildi. Bu film, ussat Loretso Mattotti tarapyndan dolandyrylyp, italyan \u00fdazyjysy we dramaturgy Dino Butzatini\u0148 (16 okt\u00fdabr 1906 \u2014 28 \u00fdanwar 1972) heka\u00fdasyna esaslan\u00fdar. Dino Butzati \u00f6z\u00fcni\u0148 in\u00e7elik bilen d\u00fc\u015f\u00fcndirilen simwolizmi we \u00e7u\u0148\u0148ur allegori\u00fdasy bilen tanal\u00fdan m\u00f6h\u00fcm ital\u00fdan \u00fdazyjysydyr.<\/p>\n<p><img loading=\"lazy\" decoding=\"async\" class=\"\" src=\"https:\/\/ambashgabat.esteri.it\/wp-content\/uploads\/2025\/02\/IMG_2713-1024x1024.jpeg\" width=\"311\" height=\"311\" \/><\/p>\n<p>&nbsp;<\/p>\n<p>&nbsp;<\/p>\n<p>&nbsp;<\/p>\n<p>&nbsp;<\/p>\n<p>&nbsp;<\/p>\n<p>&nbsp;<\/p>\n","protected":false},"excerpt":{"rendered":"7-nji dekabrda, &#8220;Fare Cinema&#8221; seri\u00fdasy \u00e7\u00e4ginde, A\u015fgabat kinoteatrynda &#8220;A\u00fdylary\u0148 Sisili\u00fda h\u00fcj\u00fcmi&#8221; atly animasi\u00fda filmi\u00a0 g\u00f6rkezildi. Bu film, ussat Loretso Mattotti tarapyndan dolandyrylyp, italyan \u00fdazyjysy we dramaturgy Dino Butzatini\u0148 (16 okt\u00fdabr 1906 \u2014 28 \u00fdanwar 1972) heka\u00fdasyna esaslan\u00fdar. Dino Butzati \u00f6z\u00fcni\u0148 in\u00e7elik bilen d\u00fc\u015f\u00fcndirilen simwolizmi we \u00e7u\u0148\u0148ur allegori\u00fdasy bilen tanal\u00fdan m\u00f6h\u00fcm ital\u00fdan \u00fdazyjysydyr. &nbsp; &nbsp; &nbsp; [&hellip;]","protected":false},"author":6,"featured_media":0,"parent":6077,"menu_order":0,"comment_status":"closed","ping_status":"closed","template":"","meta":{"footnotes":""},"class_list":["post-6351","page","type-page","status-publish","hentry"],"_links":{"self":[{"href":"https:\/\/ambashgabat.esteri.it\/tk\/wp-json\/wp\/v2\/pages\/6351","targetHints":{"allow":["GET"]}}],"collection":[{"href":"https:\/\/ambashgabat.esteri.it\/tk\/wp-json\/wp\/v2\/pages"}],"about":[{"href":"https:\/\/ambashgabat.esteri.it\/tk\/wp-json\/wp\/v2\/types\/page"}],"author":[{"embeddable":true,"href":"https:\/\/ambashgabat.esteri.it\/tk\/wp-json\/wp\/v2\/users\/6"}],"replies":[{"embeddable":true,"href":"https:\/\/ambashgabat.esteri.it\/tk\/wp-json\/wp\/v2\/comments?post=6351"}],"version-history":[{"count":3,"href":"https:\/\/ambashgabat.esteri.it\/tk\/wp-json\/wp\/v2\/pages\/6351\/revisions"}],"predecessor-version":[{"id":6356,"href":"https:\/\/ambashgabat.esteri.it\/tk\/wp-json\/wp\/v2\/pages\/6351\/revisions\/6356"}],"up":[{"embeddable":true,"href":"https:\/\/ambashgabat.esteri.it\/tk\/wp-json\/wp\/v2\/pages\/6077"}],"wp:attachment":[{"href":"https:\/\/ambashgabat.esteri.it\/tk\/wp-json\/wp\/v2\/media?parent=6351"}],"curies":[{"name":"wp","href":"https:\/\/api.w.org\/{rel}","templated":true}]}}