{"id":6098,"date":"2025-01-27T23:34:02","date_gmt":"2025-01-27T18:34:02","guid":{"rendered":"https:\/\/ambashgabat.esteri.it\/chi-siamo\/la-sede\/eventi-in-programmazione-nel-2024\/missione-imprenditoriale-del-settore-meccano-tessile\/"},"modified":"2025-03-14T13:49:38","modified_gmt":"2025-03-14T08:49:38","slug":"missione-imprenditoriale-del-settore-meccano-tessile","status":"publish","type":"page","link":"https:\/\/ambashgabat.esteri.it\/tk\/chi-siamo\/la-sede\/eventi-in-programmazione-nel-2024\/missione-imprenditoriale-del-settore-meccano-tessile\/","title":{"rendered":"ICE Agentligi: Tekstil enjamy senagatyny\u0148 i\u015few\u00fcr missi\u00fdasy"},"content":{"rendered":"<p>&nbsp;<\/p>\n<p><img loading=\"lazy\" decoding=\"async\" class=\"\" src=\"https:\/\/ambashgabat.esteri.it\/wp-content\/uploads\/2025\/02\/IMG_2707-1024x1014.jpeg\" width=\"342\" height=\"338\" \/><\/p>\n<p>&nbsp;<\/p>\n<p>Istanbuldaky <strong data-start=\"72\" data-end=\"79\">ICE<\/strong> (Itali\u00fdany\u0148 S\u00f6wda Agentligi) edarasyny\u0148 we <strong data-start=\"123\" data-end=\"133\">ACIMIT<\/strong> (Itali\u00fdany\u0148 Tekstil Enjamy Senagaty we Tehnologi\u00fdalary Assosiasi\u00fdasy) Assosiasi\u00fdasyny\u0148 hyzmatda\u015flygynda, Itali\u00fdany\u0148 \u00f6nd\u00fcrijilikdeki \u00f6\u0148debaryjy ugurlaryny\u0148 biri bolan tekstil enjamy senagatynda i\u015few\u00fcr missi\u00fda yglan edildi.<\/p>\n<p><strong>Missi\u00fdany\u0148 maksatlary<\/strong><\/p>\n<p>T\u00fcrkmenistan, hususyla\u015fdyry\u015f we \u00fderli \u00f6n\u00fcm\u00e7iligi goldamak arkaly tekstil senagatyna uly t\u00e4sir ed\u00fd\u00e4n, has hususyla\u015fdyrylan we \u00f6nd\u00fcrijilikli ykdysady\u00fdete ge\u00e7\u00fd\u00e4r. Pagta \u2014 esasy agrosenagat \u00f6n\u00fcmi bolup, gaz we nebitden so\u0148 \u00fc\u00e7\u00fcnji iri eksport edil\u00fd\u00e4n haryt. Bu, has \u00fdokary gymmatlylyk go\u015ful\u00fdan \u00f6n\u00fcmleri \u00f6nd\u00fcrmek \u00fc\u00e7in \u00fderli senagaty \u00f6sd\u00fcrmek bo\u00fdun\u00e7a uly m\u00fcmkin\u00e7ilik d\u00f6red\u00fd\u00e4r.<\/p>\n<h4><span class=\"jCAhz ChMk0b\"><span class=\"ryNqvb\">Bazar m\u00fcmkin\u00e7ilikleri<\/span><\/span><\/h4>\n<p><span class=\"jCAhz ChMk0b\"><span class=\"ryNqvb\">\u00a0<\/span><\/span><span class=\"jCAhz ChMk0b\"><span class=\"ryNqvb\">T\u00fcrkmenistan eksporty k\u00f6peltmek we importy\u0148 ornuny tutmak \u00fc\u00e7in senagat we tehnologiki d\u00f6wrebapla\u015fdyrma ma\u00fda go\u00fd\u00fdar.<\/span><\/span><\/p>\n<p><span class=\"jCAhz ChMk0b\"><span class=\"ryNqvb\">2023-nji \u00fdylda 12 million \u00fdewrodan gowrak ital\u00fdan dokma enjamlaryny satyn aldy.<\/span><\/span> <span class=\"jCAhz ChMk0b\"><span class=\"ryNqvb\">Bu t\u00e4ze d\u00f6re\u00fd\u00e4n bazar, ital\u00fdan kompani\u00fdalary \u00fc\u00e7in gi\u0148elmek m\u00fcmkin\u00e7iligini g\u00f6rkez\u00fd\u00e4r. <\/span><\/span><\/p>\n<div><strong><span class=\"jCAhz ChMk0b\"><span class=\"ryNqvb\">Missi\u00fdany\u0148 i\u015fleri<\/span><\/span><\/strong><\/div>\n<div>\n<ul>\n<li data-start=\"388\" data-end=\"413\">Tehnologi\u00fda seminarlar<\/li>\n<li data-start=\"414\" data-end=\"446\">Du\u015fu\u015fyklar<\/li>\n<li data-start=\"447\" data-end=\"474\" data-is-last-node=\"\">K\u00e4rhanalara i\u015f sapary<\/li>\n<\/ul>\n<\/div>\n<div><\/div>\n<div><\/div>\n","protected":false},"excerpt":{"rendered":"&nbsp; &nbsp; Istanbuldaky ICE (Itali\u00fdany\u0148 S\u00f6wda Agentligi) edarasyny\u0148 we ACIMIT (Itali\u00fdany\u0148 Tekstil Enjamy Senagaty we Tehnologi\u00fdalary Assosiasi\u00fdasy) Assosiasi\u00fdasyny\u0148 hyzmatda\u015flygynda, Itali\u00fdany\u0148 \u00f6nd\u00fcrijilikdeki \u00f6\u0148debaryjy ugurlaryny\u0148 biri bolan tekstil enjamy senagatynda i\u015few\u00fcr missi\u00fda yglan edildi. Missi\u00fdany\u0148 maksatlary T\u00fcrkmenistan, hususyla\u015fdyry\u015f we \u00fderli \u00f6n\u00fcm\u00e7iligi goldamak arkaly tekstil senagatyna uly t\u00e4sir ed\u00fd\u00e4n, has hususyla\u015fdyrylan we \u00f6nd\u00fcrijilikli ykdysady\u00fdete ge\u00e7\u00fd\u00e4r. Pagta \u2014 esasy [&hellip;]","protected":false},"author":6,"featured_media":0,"parent":6077,"menu_order":0,"comment_status":"closed","ping_status":"closed","template":"","meta":{"footnotes":""},"class_list":["post-6098","page","type-page","status-publish","hentry"],"_links":{"self":[{"href":"https:\/\/ambashgabat.esteri.it\/tk\/wp-json\/wp\/v2\/pages\/6098","targetHints":{"allow":["GET"]}}],"collection":[{"href":"https:\/\/ambashgabat.esteri.it\/tk\/wp-json\/wp\/v2\/pages"}],"about":[{"href":"https:\/\/ambashgabat.esteri.it\/tk\/wp-json\/wp\/v2\/types\/page"}],"author":[{"embeddable":true,"href":"https:\/\/ambashgabat.esteri.it\/tk\/wp-json\/wp\/v2\/users\/6"}],"replies":[{"embeddable":true,"href":"https:\/\/ambashgabat.esteri.it\/tk\/wp-json\/wp\/v2\/comments?post=6098"}],"version-history":[{"count":2,"href":"https:\/\/ambashgabat.esteri.it\/tk\/wp-json\/wp\/v2\/pages\/6098\/revisions"}],"predecessor-version":[{"id":6105,"href":"https:\/\/ambashgabat.esteri.it\/tk\/wp-json\/wp\/v2\/pages\/6098\/revisions\/6105"}],"up":[{"embeddable":true,"href":"https:\/\/ambashgabat.esteri.it\/tk\/wp-json\/wp\/v2\/pages\/6077"}],"wp:attachment":[{"href":"https:\/\/ambashgabat.esteri.it\/tk\/wp-json\/wp\/v2\/media?parent=6098"}],"curies":[{"name":"wp","href":"https:\/\/api.w.org\/{rel}","templated":true}]}}