{"id":6092,"date":"2025-01-27T23:23:48","date_gmt":"2025-01-27T18:23:48","guid":{"rendered":"https:\/\/ambashgabat.esteri.it\/chi-siamo\/la-sede\/eventi-in-programmazione-nel-2024\/concerto-in-occasione-del-decennale-dellistituzione-dellambasciata-ditalia-in-turkmenistan\/"},"modified":"2025-03-17T10:50:54","modified_gmt":"2025-03-17T05:50:54","slug":"concerto-in-occasione-del-decennale-dellistituzione-dellambasciata-ditalia-in-turkmenistan","status":"publish","type":"page","link":"https:\/\/ambashgabat.esteri.it\/tk\/chi-siamo\/la-sede\/eventi-in-programmazione-nel-2024\/concerto-in-occasione-del-decennale-dellistituzione-dellambasciata-ditalia-in-turkmenistan\/","title":{"rendered":"T\u00fcrkmenistanda Itali\u00fdany\u0148 il\u00e7ihanasyny\u0148 d\u00f6redilmegini\u0148 on \u00fdyllygy mynasybetli konsert"},"content":{"rendered":"<p>&nbsp;<\/p>\n<p><img loading=\"lazy\" decoding=\"async\" class=\"img-fluid alignnone wp-image-4613 \" src=\"https:\/\/ambashgabat.esteri.it\/wp-content\/uploads\/2024\/03\/foto4-1024x768.jpg\" alt=\"\" width=\"350\" height=\"263\" srcset=\"https:\/\/ambashgabat.esteri.it\/wp-content\/uploads\/2024\/03\/foto4-1024x768.jpg 1024w, https:\/\/ambashgabat.esteri.it\/wp-content\/uploads\/2024\/03\/foto4-300x225.jpg 300w, https:\/\/ambashgabat.esteri.it\/wp-content\/uploads\/2024\/03\/foto4-768x576.jpg 768w, https:\/\/ambashgabat.esteri.it\/wp-content\/uploads\/2024\/03\/foto4.jpg 1600w\" sizes=\"auto, (max-width: 350px) 100vw, 350px\" \/><\/p>\n<p>Itali\u00fdany\u0148 T\u00fcrkmenistanda il\u00e7ihanasyny\u0148 a\u00e7ylmagyny\u0148 10 \u00fdyllygy mynasybetli A\u015fgabatdaky Magtymguly adyndaky milli sazly drama teatrynda konsert ge\u00e7irildi. \u00c7\u00e4r\u00e4 ital\u00fdan pianisti we kompozitor Roberta Di Mario we t\u00fcrkmen pianisti we kompozitor A\u00fdlar Saparmuradowa gatna\u015fdy, olar \u00f6z kompozisi\u00fdalaryny we nusgawy eserlerini \u00fderine \u00fdetirip, A\u015fgabatdaky toma\u015fa\u00e7ylara \u00f6zbolu\u015fly saz tejribesini h\u00f6d\u00fcrledi.<\/p>\n<p><img decoding=\"async\" src=\"https:\/\/ambashgabat.esteri.it\/wp-content\/uploads\/2024\/03\/foto2-300x225.jpg\" \/><\/p>\n<p>Roberta Di Mario, programma &#8220;Disarm&#8221; atly \u00f6z kompozisi\u00fdasy bilen a\u00e7yp, toma\u015fa\u00e7ylara Bah, Motsart we \u015eopeni\u0148 saz eserleri h\u00f6d\u00fcrledi. A\u00fdlar Saparmyradowa &#8220;Nocturne-Cosmos&#8221; we Paganini-Lisztni\u0148 &#8220;La Campanella&#8221; eserlerini \u00fderine \u00fdetirip, Itali\u00fdaly kompozitor bilen \u00e7u\u0148\u0148ur stilistik baglany\u015fygy g\u00f6rkezip, toma\u015fa\u00e7ylary tolgundyrdy.<\/p>\n<p>Konsert gyzykly \u015fekilde tamamlandy: Roberta Di Mario we A\u00fdlar Saparmuradowa Dworagy\u0148 \u201cSlaw\u00fdan tansy\u201d eserini bilelikde \u00fderine \u00fdetirip, toma\u015fa\u00e7ylary begendirdi.<\/p>\n<p>&nbsp;<\/p>\n<p>&nbsp;<\/p>\n<p>&nbsp;<\/p>\n<p>&nbsp;<\/p>\n","protected":false},"excerpt":{"rendered":"&nbsp; Itali\u00fdany\u0148 T\u00fcrkmenistanda il\u00e7ihanasyny\u0148 a\u00e7ylmagyny\u0148 10 \u00fdyllygy mynasybetli A\u015fgabatdaky Magtymguly adyndaky milli sazly drama teatrynda konsert ge\u00e7irildi. \u00c7\u00e4r\u00e4 ital\u00fdan pianisti we kompozitor Roberta Di Mario we t\u00fcrkmen pianisti we kompozitor A\u00fdlar Saparmuradowa gatna\u015fdy, olar \u00f6z kompozisi\u00fdalaryny we nusgawy eserlerini \u00fderine \u00fdetirip, A\u015fgabatdaky toma\u015fa\u00e7ylara \u00f6zbolu\u015fly saz tejribesini h\u00f6d\u00fcrledi. Roberta Di Mario, programma &#8220;Disarm&#8221; atly \u00f6z kompozisi\u00fdasy [&hellip;]","protected":false},"author":6,"featured_media":0,"parent":6077,"menu_order":0,"comment_status":"closed","ping_status":"closed","template":"","meta":{"footnotes":""},"class_list":["post-6092","page","type-page","status-publish","hentry"],"_links":{"self":[{"href":"https:\/\/ambashgabat.esteri.it\/tk\/wp-json\/wp\/v2\/pages\/6092","targetHints":{"allow":["GET"]}}],"collection":[{"href":"https:\/\/ambashgabat.esteri.it\/tk\/wp-json\/wp\/v2\/pages"}],"about":[{"href":"https:\/\/ambashgabat.esteri.it\/tk\/wp-json\/wp\/v2\/types\/page"}],"author":[{"embeddable":true,"href":"https:\/\/ambashgabat.esteri.it\/tk\/wp-json\/wp\/v2\/users\/6"}],"replies":[{"embeddable":true,"href":"https:\/\/ambashgabat.esteri.it\/tk\/wp-json\/wp\/v2\/comments?post=6092"}],"version-history":[{"count":3,"href":"https:\/\/ambashgabat.esteri.it\/tk\/wp-json\/wp\/v2\/pages\/6092\/revisions"}],"predecessor-version":[{"id":6336,"href":"https:\/\/ambashgabat.esteri.it\/tk\/wp-json\/wp\/v2\/pages\/6092\/revisions\/6336"}],"up":[{"embeddable":true,"href":"https:\/\/ambashgabat.esteri.it\/tk\/wp-json\/wp\/v2\/pages\/6077"}],"wp:attachment":[{"href":"https:\/\/ambashgabat.esteri.it\/tk\/wp-json\/wp\/v2\/media?parent=6092"}],"curies":[{"name":"wp","href":"https:\/\/api.w.org\/{rel}","templated":true}]}}