{"id":6085,"date":"2025-01-27T23:37:12","date_gmt":"2025-01-27T18:37:12","guid":{"rendered":"https:\/\/ambashgabat.esteri.it\/chi-siamo\/la-sede\/eventi-in-programmazione-nel-2024\/concerto-del-tenore-matteo-lippi-presso-il-magtymguly-theatre-di-ashgabat\/"},"modified":"2025-03-14T12:46:18","modified_gmt":"2025-03-14T07:46:18","slug":"concerto-del-tenore-matteo-lippi-presso-il-magtymguly-theatre-di-ashgabat","status":"publish","type":"page","link":"https:\/\/ambashgabat.esteri.it\/tk\/chi-siamo\/la-sede\/eventi-in-programmazione-nel-2024\/concerto-del-tenore-matteo-lippi-presso-il-magtymguly-theatre-di-ashgabat\/","title":{"rendered":"Matteo Lippini\u0148 \u00fderine \u00fdetirmeginde konsert"},"content":{"rendered":"<p><img decoding=\"async\" src=\"https:\/\/ambashgabat.esteri.it\/wp-content\/uploads\/2024\/08\/IMG-20240830-WA0004-002-1-300x152.jpg\" \/><\/p>\n<p>2024- nji \u00fdyly\u0148 12-nji sent\u00fdabrda A\u015fgabatdaky Magtymguly adyndaky Milli teatrynda Giacomo Pu\u00e7\u00e7ini\u0148 aradan \u00e7ykmagyny\u0148 100 \u00fdyllygy we T\u00fcrkmenistanda Itali\u00fda il\u00e7ihanasyny\u0148 a\u00e7ylmagyny\u0148 on \u00fdyllygy mynasybetli konsert ge\u00e7irildi.<\/p>\n<p><img loading=\"lazy\" decoding=\"async\" class=\"\" src=\"https:\/\/ambashgabat.esteri.it\/wp-content\/uploads\/2024\/09\/IMG-20240914-WA0006-002-300x300.jpg\" width=\"282\" height=\"282\" \/><\/p>\n<p><img loading=\"lazy\" decoding=\"async\" class=\"\" src=\"https:\/\/ambashgabat.esteri.it\/wp-content\/uploads\/2024\/09\/Fotone-1-300x156.png\" width=\"283\" height=\"147\" \/><\/p>\n<p><span class=\"jCAhz ChMk0b\"><span class=\"ryNqvb\">Bu \u00e7\u00e4rede Maestro Rasul Kly\u00e7ewi\u0148 \u00fdolba\u015f\u00e7ylygyndaky T\u00fcrkmenistan simfoniki orkestri bilen bilelikde ital\u00fdan tenor Matteo Lippi we t\u00fcrkmen opera a\u00fddym\u00e7ylary Bakhar Durdy\u00fdewa we Gozel Annahanowany\u0148 \u00e7yky\u015flary g\u00f6rkezildi. <\/span><\/span><span class=\"jCAhz ChMk0b\"><span class=\"ryNqvb\">Bu \u00e7\u00e4re Itali\u00fda bilen T\u00fcrkmenistany\u0148 arasyndaky berk medeni we dostlukly gatna\u015fyklary g\u00f6rkezdi.<\/span><\/span><\/p>\n<p>&nbsp;<\/p>\n<p><img loading=\"lazy\" decoding=\"async\" class=\"alignnone wp-image-4576 img-fluid\" src=\"https:\/\/ambashgabat.esteri.it\/wp-content\/uploads\/2025\/02\/IMG_2693-300x300.jpeg\" alt=\"\" width=\"273\" height=\"273\" srcset=\"https:\/\/ambashgabat.esteri.it\/wp-content\/uploads\/2025\/02\/IMG_2693-300x300.jpeg 300w, https:\/\/ambashgabat.esteri.it\/wp-content\/uploads\/2025\/02\/IMG_2693-1024x1021.jpeg 1024w, https:\/\/ambashgabat.esteri.it\/wp-content\/uploads\/2025\/02\/IMG_2693-150x150.jpeg 150w, https:\/\/ambashgabat.esteri.it\/wp-content\/uploads\/2025\/02\/IMG_2693-768x765.jpeg 768w, https:\/\/ambashgabat.esteri.it\/wp-content\/uploads\/2025\/02\/IMG_2693.jpeg 1179w\" sizes=\"auto, (max-width: 273px) 100vw, 273px\" \/><\/p>\n","protected":false},"excerpt":{"rendered":"2024- nji \u00fdyly\u0148 12-nji sent\u00fdabrda A\u015fgabatdaky Magtymguly adyndaky Milli teatrynda Giacomo Pu\u00e7\u00e7ini\u0148 aradan \u00e7ykmagyny\u0148 100 \u00fdyllygy we T\u00fcrkmenistanda Itali\u00fda il\u00e7ihanasyny\u0148 a\u00e7ylmagyny\u0148 on \u00fdyllygy mynasybetli konsert ge\u00e7irildi. Bu \u00e7\u00e4rede Maestro Rasul Kly\u00e7ewi\u0148 \u00fdolba\u015f\u00e7ylygyndaky T\u00fcrkmenistan simfoniki orkestri bilen bilelikde ital\u00fdan tenor Matteo Lippi we t\u00fcrkmen opera a\u00fddym\u00e7ylary Bakhar Durdy\u00fdewa we Gozel Annahanowany\u0148 \u00e7yky\u015flary g\u00f6rkezildi. Bu \u00e7\u00e4re Itali\u00fda [&hellip;]","protected":false},"author":6,"featured_media":0,"parent":6077,"menu_order":0,"comment_status":"closed","ping_status":"closed","template":"","meta":{"footnotes":""},"class_list":["post-6085","page","type-page","status-publish","hentry"],"_links":{"self":[{"href":"https:\/\/ambashgabat.esteri.it\/tk\/wp-json\/wp\/v2\/pages\/6085","targetHints":{"allow":["GET"]}}],"collection":[{"href":"https:\/\/ambashgabat.esteri.it\/tk\/wp-json\/wp\/v2\/pages"}],"about":[{"href":"https:\/\/ambashgabat.esteri.it\/tk\/wp-json\/wp\/v2\/types\/page"}],"author":[{"embeddable":true,"href":"https:\/\/ambashgabat.esteri.it\/tk\/wp-json\/wp\/v2\/users\/6"}],"replies":[{"embeddable":true,"href":"https:\/\/ambashgabat.esteri.it\/tk\/wp-json\/wp\/v2\/comments?post=6085"}],"version-history":[{"count":2,"href":"https:\/\/ambashgabat.esteri.it\/tk\/wp-json\/wp\/v2\/pages\/6085\/revisions"}],"predecessor-version":[{"id":6089,"href":"https:\/\/ambashgabat.esteri.it\/tk\/wp-json\/wp\/v2\/pages\/6085\/revisions\/6089"}],"up":[{"embeddable":true,"href":"https:\/\/ambashgabat.esteri.it\/tk\/wp-json\/wp\/v2\/pages\/6077"}],"wp:attachment":[{"href":"https:\/\/ambashgabat.esteri.it\/tk\/wp-json\/wp\/v2\/media?parent=6085"}],"curies":[{"name":"wp","href":"https:\/\/api.w.org\/{rel}","templated":true}]}}