{"id":6073,"date":"2025-01-24T15:53:30","date_gmt":"2025-01-24T10:53:30","guid":{"rendered":"https:\/\/ambashgabat.esteri.it\/chi-siamo\/la-sede\/eventi-programmati-per-il-2025\/settimana-della-lingua-italiana-nel-mondo\/"},"modified":"2025-03-14T12:16:20","modified_gmt":"2025-03-14T07:16:20","slug":"settimana-della-lingua-italiana-nel-mondo","status":"publish","type":"page","link":"https:\/\/ambashgabat.esteri.it\/tk\/chi-siamo\/la-sede\/eventi-programmati-per-il-2025\/settimana-della-lingua-italiana-nel-mondo\/","title":{"rendered":"D\u00fcn\u00fd\u00e4de Ital\u00fdan dili hepdeligi"},"content":{"rendered":"","protected":false},"excerpt":{"rendered":"","protected":false},"author":6,"featured_media":0,"parent":5936,"menu_order":0,"comment_status":"closed","ping_status":"closed","template":"","meta":{"footnotes":""},"class_list":["post-6073","page","type-page","status-publish","hentry"],"_links":{"self":[{"href":"https:\/\/ambashgabat.esteri.it\/tk\/wp-json\/wp\/v2\/pages\/6073","targetHints":{"allow":["GET"]}}],"collection":[{"href":"https:\/\/ambashgabat.esteri.it\/tk\/wp-json\/wp\/v2\/pages"}],"about":[{"href":"https:\/\/ambashgabat.esteri.it\/tk\/wp-json\/wp\/v2\/types\/page"}],"author":[{"embeddable":true,"href":"https:\/\/ambashgabat.esteri.it\/tk\/wp-json\/wp\/v2\/users\/6"}],"replies":[{"embeddable":true,"href":"https:\/\/ambashgabat.esteri.it\/tk\/wp-json\/wp\/v2\/comments?post=6073"}],"version-history":[{"count":1,"href":"https:\/\/ambashgabat.esteri.it\/tk\/wp-json\/wp\/v2\/pages\/6073\/revisions"}],"predecessor-version":[{"id":6076,"href":"https:\/\/ambashgabat.esteri.it\/tk\/wp-json\/wp\/v2\/pages\/6073\/revisions\/6076"}],"up":[{"embeddable":true,"href":"https:\/\/ambashgabat.esteri.it\/tk\/wp-json\/wp\/v2\/pages\/5936"}],"wp:attachment":[{"href":"https:\/\/ambashgabat.esteri.it\/tk\/wp-json\/wp\/v2\/media?parent=6073"}],"curies":[{"name":"wp","href":"https:\/\/api.w.org\/{rel}","templated":true}]}}