{"id":6015,"date":"2025-01-24T15:45:53","date_gmt":"2025-01-24T10:45:53","guid":{"rendered":"https:\/\/ambashgabat.esteri.it\/chi-siamo\/la-sede\/eventi-programmati-per-il-2025\/festa-della-musica-italiana-nel-mondo\/"},"modified":"2025-03-14T11:51:45","modified_gmt":"2025-03-14T06:51:45","slug":"festa-della-musica-italiana-nel-mondo","status":"publish","type":"page","link":"https:\/\/ambashgabat.esteri.it\/tk\/chi-siamo\/la-sede\/eventi-programmati-per-il-2025\/festa-della-musica-italiana-nel-mondo\/","title":{"rendered":"D\u00fcn\u00fd\u00e4de Ital\u00fdan a\u00fddym-saz festiwali"},"content":{"rendered":"","protected":false},"excerpt":{"rendered":"","protected":false},"author":6,"featured_media":0,"parent":5936,"menu_order":0,"comment_status":"closed","ping_status":"closed","template":"","meta":{"footnotes":""},"class_list":["post-6015","page","type-page","status-publish","hentry"],"_links":{"self":[{"href":"https:\/\/ambashgabat.esteri.it\/tk\/wp-json\/wp\/v2\/pages\/6015","targetHints":{"allow":["GET"]}}],"collection":[{"href":"https:\/\/ambashgabat.esteri.it\/tk\/wp-json\/wp\/v2\/pages"}],"about":[{"href":"https:\/\/ambashgabat.esteri.it\/tk\/wp-json\/wp\/v2\/types\/page"}],"author":[{"embeddable":true,"href":"https:\/\/ambashgabat.esteri.it\/tk\/wp-json\/wp\/v2\/users\/6"}],"replies":[{"embeddable":true,"href":"https:\/\/ambashgabat.esteri.it\/tk\/wp-json\/wp\/v2\/comments?post=6015"}],"version-history":[{"count":2,"href":"https:\/\/ambashgabat.esteri.it\/tk\/wp-json\/wp\/v2\/pages\/6015\/revisions"}],"predecessor-version":[{"id":6027,"href":"https:\/\/ambashgabat.esteri.it\/tk\/wp-json\/wp\/v2\/pages\/6015\/revisions\/6027"}],"up":[{"embeddable":true,"href":"https:\/\/ambashgabat.esteri.it\/tk\/wp-json\/wp\/v2\/pages\/5936"}],"wp:attachment":[{"href":"https:\/\/ambashgabat.esteri.it\/tk\/wp-json\/wp\/v2\/media?parent=6015"}],"curies":[{"name":"wp","href":"https:\/\/api.w.org\/{rel}","templated":true}]}}