{"id":6011,"date":"2025-01-24T16:02:04","date_gmt":"2025-01-24T11:02:04","guid":{"rendered":"https:\/\/ambashgabat.esteri.it\/chi-siamo\/la-sede\/eventi-programmati-per-il-2025\/italian-design-day\/"},"modified":"2025-08-05T11:24:50","modified_gmt":"2025-08-05T06:24:50","slug":"italian-design-day","status":"publish","type":"page","link":"https:\/\/ambashgabat.esteri.it\/tk\/chi-siamo\/la-sede\/eventi-programmati-per-il-2025\/italian-design-day\/","title":{"rendered":"D\u00fcn\u00fd\u00e4de Ital\u00fdan diza\u00fdn g\u00fcni 2025"},"content":{"rendered":"<p><img loading=\"lazy\" decoding=\"async\" class=\"img-fluid wp-image-4779 aligncenter\" src=\"https:\/\/ambashgabat.esteri.it\/wp-content\/uploads\/2025\/02\/IMG_2717-1024x890.jpeg\" alt=\"\" width=\"336\" height=\"292\" srcset=\"https:\/\/ambashgabat.esteri.it\/wp-content\/uploads\/2025\/02\/IMG_2717-1024x890.jpeg 1024w, https:\/\/ambashgabat.esteri.it\/wp-content\/uploads\/2025\/02\/IMG_2717-300x261.jpeg 300w, https:\/\/ambashgabat.esteri.it\/wp-content\/uploads\/2025\/02\/IMG_2717-768x668.jpeg 768w, https:\/\/ambashgabat.esteri.it\/wp-content\/uploads\/2025\/02\/IMG_2717.jpeg 1179w\" sizes=\"auto, (max-width: 336px) 100vw, 336px\" \/><\/p>\n<p data-start=\"46\" data-end=\"405\">2025-nji \u00fdyly\u0148 12-14-nji fewralynda, A\u015fgabatda Itali\u00fdan Diza\u00fdn G\u00fcn\u00fcni\u0148 IX ne\u015firi ge\u00e7irildi. Bu \u00fdyly\u0148 mowzugy &#8220;De\u0148sizlikler. Gowy durmu\u015f \u00fc\u00e7in diza\u00fdn&#8221; bolup T\u00fcrkmenistan \u015eekillendiri\u015f sungaty akademi\u00fdasynda we D\u00f6wlet binag\u00e4rlik we gurlu\u015fyk institutynda\u00a0&#8220;Modenese Gastone Interiors Srl&#8221; kompani\u00fdasyny\u0148 diza\u00fdneri jenap Leandro Skalko\u00a0 tarapyndan du\u015fu\u015fyklar ge\u00e7irildi.<\/p>\n<p data-start=\"407\" data-end=\"750\" data-is-last-node=\"\" data-is-only-node=\"\">Du\u015fu\u015fyklarda de\u0148sizligi azaltmak we adamlary\u0148 g\u00fcndelik saglygyny gowulandyrmak \u00fc\u00e7in diza\u00fdny\u0148 gural h\u00f6km\u00fcnde ulanylyp bilinjekdigi barada pikir aly\u015fyldy. Ge\u00e7irilen bu du\u015fu\u015fyklarda k\u00f6p sanly mugallymlar, talyplar, h\u00fcnarmenler we ba\u015fga-da\u00a0<span class=\"HwtZe\" lang=\"tk\"><span class=\"jCAhz ChMk0b\"><span class=\"ryNqvb\">t\u00fcrkmen toma\u015fa\u00e7ylaryny\u0148 ital\u00fdan diza\u00fdnyna bolan uly gyzyklanmasyny g\u00f6rkezdi.<\/span><\/span><\/span><\/p>\n<div class=\"AxqVh\">\n<div class=\"OPPzxe\">\n<div class=\"QcsUad BDJ8fb BLojaf sMVRZe hCXDsb wneUed\">\n<div class=\"usGWQd\">\n<div class=\"KkbLmb\">\n<div class=\"UdTY9 WdefRb\" aria-hidden=\"true\" data-location=\"2\">\n<div class=\"kO6q6e\"><img loading=\"lazy\" decoding=\"async\" class=\"img-fluid wp-image-4790 \" src=\"https:\/\/ambashgabat.esteri.it\/wp-content\/uploads\/2025\/02\/IMG_2716-1024x1005.jpeg\" alt=\"\" width=\"268\" height=\"263\" srcset=\"https:\/\/ambashgabat.esteri.it\/wp-content\/uploads\/2025\/02\/IMG_2716-1024x1005.jpeg 1024w, https:\/\/ambashgabat.esteri.it\/wp-content\/uploads\/2025\/02\/IMG_2716-300x294.jpeg 300w, https:\/\/ambashgabat.esteri.it\/wp-content\/uploads\/2025\/02\/IMG_2716-768x754.jpeg 768w, https:\/\/ambashgabat.esteri.it\/wp-content\/uploads\/2025\/02\/IMG_2716.jpeg 1179w\" sizes=\"auto, (max-width: 268px) 100vw, 268px\" \/>\u00a0 \u00a0 \u00a0 \u00a0 <img loading=\"lazy\" decoding=\"async\" class=\"img-fluid wp-image-4801 \" src=\"https:\/\/ambashgabat.esteri.it\/wp-content\/uploads\/2025\/02\/IMG_2715-1024x941.jpeg\" alt=\"\" width=\"285\" height=\"262\" srcset=\"https:\/\/ambashgabat.esteri.it\/wp-content\/uploads\/2025\/02\/IMG_2715-1024x941.jpeg 1024w, https:\/\/ambashgabat.esteri.it\/wp-content\/uploads\/2025\/02\/IMG_2715-300x276.jpeg 300w, https:\/\/ambashgabat.esteri.it\/wp-content\/uploads\/2025\/02\/IMG_2715-768x705.jpeg 768w, https:\/\/ambashgabat.esteri.it\/wp-content\/uploads\/2025\/02\/IMG_2715.jpeg 1179w\" sizes=\"auto, (max-width: 285px) 100vw, 285px\" \/>\u00a0 \u00a0 \u00a0 \u00a0 <img loading=\"lazy\" decoding=\"async\" class=\"img-fluid alignnone wp-image-4811 \" src=\"https:\/\/ambashgabat.esteri.it\/wp-content\/uploads\/2025\/02\/IMG_2718-1024x965.jpeg\" alt=\"\" width=\"280\" height=\"264\" srcset=\"https:\/\/ambashgabat.esteri.it\/wp-content\/uploads\/2025\/02\/IMG_2718-1024x965.jpeg 1024w, https:\/\/ambashgabat.esteri.it\/wp-content\/uploads\/2025\/02\/IMG_2718-300x283.jpeg 300w, https:\/\/ambashgabat.esteri.it\/wp-content\/uploads\/2025\/02\/IMG_2718-768x724.jpeg 768w, https:\/\/ambashgabat.esteri.it\/wp-content\/uploads\/2025\/02\/IMG_2718.jpeg 1177w\" sizes=\"auto, (max-width: 280px) 100vw, 280px\" \/><\/div>\n<\/div>\n<\/div>\n<\/div>\n<\/div>\n<\/div>\n<\/div>\n<p>&nbsp;<\/p>\n<p>&nbsp;<\/p>\n<p>&nbsp;<\/p>\n","protected":false},"excerpt":{"rendered":"2025-nji \u00fdyly\u0148 12-14-nji fewralynda, A\u015fgabatda Itali\u00fdan Diza\u00fdn G\u00fcn\u00fcni\u0148 IX ne\u015firi ge\u00e7irildi. Bu \u00fdyly\u0148 mowzugy &#8220;De\u0148sizlikler. Gowy durmu\u015f \u00fc\u00e7in diza\u00fdn&#8221; bolup T\u00fcrkmenistan \u015eekillendiri\u015f sungaty akademi\u00fdasynda we D\u00f6wlet binag\u00e4rlik we gurlu\u015fyk institutynda\u00a0&#8220;Modenese Gastone Interiors Srl&#8221; kompani\u00fdasyny\u0148 diza\u00fdneri jenap Leandro Skalko\u00a0 tarapyndan du\u015fu\u015fyklar ge\u00e7irildi. Du\u015fu\u015fyklarda de\u0148sizligi azaltmak we adamlary\u0148 g\u00fcndelik saglygyny gowulandyrmak \u00fc\u00e7in diza\u00fdny\u0148 gural h\u00f6km\u00fcnde ulanylyp bilinjekdigi [&hellip;]","protected":false},"author":6,"featured_media":0,"parent":5936,"menu_order":0,"comment_status":"closed","ping_status":"closed","template":"","meta":{"footnotes":""},"class_list":["post-6011","page","type-page","status-publish","hentry"],"_links":{"self":[{"href":"https:\/\/ambashgabat.esteri.it\/tk\/wp-json\/wp\/v2\/pages\/6011","targetHints":{"allow":["GET"]}}],"collection":[{"href":"https:\/\/ambashgabat.esteri.it\/tk\/wp-json\/wp\/v2\/pages"}],"about":[{"href":"https:\/\/ambashgabat.esteri.it\/tk\/wp-json\/wp\/v2\/types\/page"}],"author":[{"embeddable":true,"href":"https:\/\/ambashgabat.esteri.it\/tk\/wp-json\/wp\/v2\/users\/6"}],"replies":[{"embeddable":true,"href":"https:\/\/ambashgabat.esteri.it\/tk\/wp-json\/wp\/v2\/comments?post=6011"}],"version-history":[{"count":5,"href":"https:\/\/ambashgabat.esteri.it\/tk\/wp-json\/wp\/v2\/pages\/6011\/revisions"}],"predecessor-version":[{"id":9634,"href":"https:\/\/ambashgabat.esteri.it\/tk\/wp-json\/wp\/v2\/pages\/6011\/revisions\/9634"}],"up":[{"embeddable":true,"href":"https:\/\/ambashgabat.esteri.it\/tk\/wp-json\/wp\/v2\/pages\/5936"}],"wp:attachment":[{"href":"https:\/\/ambashgabat.esteri.it\/tk\/wp-json\/wp\/v2\/media?parent=6011"}],"curies":[{"name":"wp","href":"https:\/\/api.w.org\/{rel}","templated":true}]}}