{"id":5995,"date":"2025-02-10T20:55:05","date_gmt":"2025-02-10T15:55:05","guid":{"rendered":"https:\/\/ambashgabat.esteri.it\/chi-siamo\/la-sede\/eventi-programmati-per-il-2025\/festa-della-musica\/"},"modified":"2025-03-14T11:08:14","modified_gmt":"2025-03-14T06:08:14","slug":"festa-della-musica","status":"publish","type":"page","link":"https:\/\/ambashgabat.esteri.it\/tk\/chi-siamo\/la-sede\/eventi-programmati-per-il-2025\/festa-della-musica\/","title":{"rendered":"Festa della Musica- A\u00fddym-saz festiwaly"},"content":{"rendered":"<p><img loading=\"lazy\" decoding=\"async\" class=\"img-fluid alignnone wp-image-4507 \" src=\"https:\/\/ambashgabat.esteri.it\/wp-content\/uploads\/2025\/02\/festa_musica_italiana_2025-819x1024.jpeg\" alt=\"\" width=\"357\" height=\"446\" srcset=\"https:\/\/ambashgabat.esteri.it\/wp-content\/uploads\/2025\/02\/festa_musica_italiana_2025-819x1024.jpeg 819w, https:\/\/ambashgabat.esteri.it\/wp-content\/uploads\/2025\/02\/festa_musica_italiana_2025-240x300.jpeg 240w, https:\/\/ambashgabat.esteri.it\/wp-content\/uploads\/2025\/02\/festa_musica_italiana_2025-768x960.jpeg 768w, https:\/\/ambashgabat.esteri.it\/wp-content\/uploads\/2025\/02\/festa_musica_italiana_2025.jpeg 1179w\" sizes=\"auto, (max-width: 357px) 100vw, 357px\" \/><\/p>\n<p>2025-nji \u00fdyly\u0148 27-nji fewralynda, A\u015fgabatdaky Magtymguly adyndaky milli sazly drama teatrynda Itali\u00fda bilen T\u00fcrkmenistany\u0148 arasyndaky dostlugyny\u0148 bellenilmegine bagy\u015flanan \u201cFesta della Musica\u201d( a\u00fddym-saz festiwali) konserti ge\u00e7irildi. Maestro Kladio Vandelli we maestro Rasul Kly\u00e7ew, T\u00fcrkmenistanyn Simfoni\u00fda orkestrini ussatlyk bilen alyp baryp, itali\u00fdan we t\u00fcrkmen kompozitorlaryny\u0148 saz eserlerini \u00fderine \u00fdetirdiler. T\u00fcrkmenistandaky saparyny\u0148 dowamynda Maestro Vandelli T\u00fcrkmenistany\u0148 D\u00f6wlet Konserwatori\u00fdasyny\u0148 mugalluymlary we talyplary bilen geple\u015fik ge\u00e7irdi.<\/p>\n<p>&nbsp;<\/p>\n<p><img loading=\"lazy\" decoding=\"async\" class=\"img-fluid wp-image-5212 \" src=\"https:\/\/ambashgabat.esteri.it\/wp-content\/uploads\/2025\/03\/IMG_2882-1024x983.jpeg\" alt=\"\" width=\"278\" height=\"266\" srcset=\"https:\/\/ambashgabat.esteri.it\/wp-content\/uploads\/2025\/03\/IMG_2882-1024x983.jpeg 1024w, https:\/\/ambashgabat.esteri.it\/wp-content\/uploads\/2025\/03\/IMG_2882-300x288.jpeg 300w, https:\/\/ambashgabat.esteri.it\/wp-content\/uploads\/2025\/03\/IMG_2882-768x737.jpeg 768w, https:\/\/ambashgabat.esteri.it\/wp-content\/uploads\/2025\/03\/IMG_2882.jpeg 1179w\" sizes=\"auto, (max-width: 278px) 100vw, 278px\" \/>\u00a0 \u00a0<img loading=\"lazy\" decoding=\"async\" class=\"img-fluid wp-image-5224 \" src=\"https:\/\/ambashgabat.esteri.it\/wp-content\/uploads\/2025\/03\/IMG_2883-1024x888.jpeg\" alt=\"\" width=\"308\" height=\"267\" srcset=\"https:\/\/ambashgabat.esteri.it\/wp-content\/uploads\/2025\/03\/IMG_2883-1024x888.jpeg 1024w, https:\/\/ambashgabat.esteri.it\/wp-content\/uploads\/2025\/03\/IMG_2883-300x260.jpeg 300w, https:\/\/ambashgabat.esteri.it\/wp-content\/uploads\/2025\/03\/IMG_2883-768x666.jpeg 768w, https:\/\/ambashgabat.esteri.it\/wp-content\/uploads\/2025\/03\/IMG_2883.jpeg 1179w\" sizes=\"auto, (max-width: 308px) 100vw, 308px\" \/>\u00a0 \u00a0<img loading=\"lazy\" decoding=\"async\" class=\"img-fluid wp-image-5236 \" src=\"https:\/\/ambashgabat.esteri.it\/wp-content\/uploads\/2025\/03\/IMG_2884-884x1024.jpeg\" alt=\"\" width=\"231\" height=\"267\" srcset=\"https:\/\/ambashgabat.esteri.it\/wp-content\/uploads\/2025\/03\/IMG_2884-884x1024.jpeg 884w, https:\/\/ambashgabat.esteri.it\/wp-content\/uploads\/2025\/03\/IMG_2884-259x300.jpeg 259w, https:\/\/ambashgabat.esteri.it\/wp-content\/uploads\/2025\/03\/IMG_2884-768x889.jpeg 768w, https:\/\/ambashgabat.esteri.it\/wp-content\/uploads\/2025\/03\/IMG_2884.jpeg 951w\" sizes=\"auto, (max-width: 231px) 100vw, 231px\" \/><\/p>\n<p>&nbsp;<\/p>\n<p>&nbsp;<\/p>\n<p>&nbsp;<\/p>\n","protected":false},"excerpt":{"rendered":"2025-nji \u00fdyly\u0148 27-nji fewralynda, A\u015fgabatdaky Magtymguly adyndaky milli sazly drama teatrynda Itali\u00fda bilen T\u00fcrkmenistany\u0148 arasyndaky dostlugyny\u0148 bellenilmegine bagy\u015flanan \u201cFesta della Musica\u201d( a\u00fddym-saz festiwali) konserti ge\u00e7irildi. Maestro Kladio Vandelli we maestro Rasul Kly\u00e7ew, T\u00fcrkmenistanyn Simfoni\u00fda orkestrini ussatlyk bilen alyp baryp, itali\u00fdan we t\u00fcrkmen kompozitorlaryny\u0148 saz eserlerini \u00fderine \u00fdetirdiler. T\u00fcrkmenistandaky saparyny\u0148 dowamynda Maestro Vandelli T\u00fcrkmenistany\u0148 D\u00f6wlet Konserwatori\u00fdasyny\u0148 [&hellip;]","protected":false},"author":6,"featured_media":0,"parent":5936,"menu_order":0,"comment_status":"closed","ping_status":"closed","template":"","meta":{"footnotes":""},"class_list":["post-5995","page","type-page","status-publish","hentry"],"_links":{"self":[{"href":"https:\/\/ambashgabat.esteri.it\/tk\/wp-json\/wp\/v2\/pages\/5995","targetHints":{"allow":["GET"]}}],"collection":[{"href":"https:\/\/ambashgabat.esteri.it\/tk\/wp-json\/wp\/v2\/pages"}],"about":[{"href":"https:\/\/ambashgabat.esteri.it\/tk\/wp-json\/wp\/v2\/types\/page"}],"author":[{"embeddable":true,"href":"https:\/\/ambashgabat.esteri.it\/tk\/wp-json\/wp\/v2\/users\/6"}],"replies":[{"embeddable":true,"href":"https:\/\/ambashgabat.esteri.it\/tk\/wp-json\/wp\/v2\/comments?post=5995"}],"version-history":[{"count":2,"href":"https:\/\/ambashgabat.esteri.it\/tk\/wp-json\/wp\/v2\/pages\/5995\/revisions"}],"predecessor-version":[{"id":5999,"href":"https:\/\/ambashgabat.esteri.it\/tk\/wp-json\/wp\/v2\/pages\/5995\/revisions\/5999"}],"up":[{"embeddable":true,"href":"https:\/\/ambashgabat.esteri.it\/tk\/wp-json\/wp\/v2\/pages\/5936"}],"wp:attachment":[{"href":"https:\/\/ambashgabat.esteri.it\/tk\/wp-json\/wp\/v2\/media?parent=5995"}],"curies":[{"name":"wp","href":"https:\/\/api.w.org\/{rel}","templated":true}]}}