{"id":5936,"date":"2024-08-22T13:15:27","date_gmt":"2024-08-22T08:15:27","guid":{"rendered":"https:\/\/ambashgabat.esteri.it\/chi-siamo\/la-sede\/eventi-programmati-per-il-2025\/"},"modified":"2025-04-29T22:06:04","modified_gmt":"2025-04-29T17:06:04","slug":"eventi-programmati-per-il-2025","status":"publish","type":"page","link":"https:\/\/ambashgabat.esteri.it\/tk\/chi-siamo\/la-sede\/eventi-programmati-per-il-2025\/","title":{"rendered":"2025- nji \u00fdylda ge\u00e7irilmegi me\u00fdille\u015fdiril\u00fd\u00e4n \u00e7\u00e4reler"},"content":{"rendered":"<header class=\"entry-header\">\n<h1 class=\"entry-title h3\"><img loading=\"lazy\" decoding=\"async\" class=\"alignnone size-medium wp-image-2751 img-fluid\" style=\"font-size: 16px;\" src=\"https:\/\/ambashgabat.esteri.it\/wp-content\/uploads\/2024\/08\/20240415_184156-300x169.jpg\" alt=\"\" width=\"300\" height=\"169\" srcset=\"https:\/\/ambashgabat.esteri.it\/wp-content\/uploads\/2024\/08\/20240415_184156-300x169.jpg 300w, https:\/\/ambashgabat.esteri.it\/wp-content\/uploads\/2024\/08\/20240415_184156-1024x576.jpg 1024w, https:\/\/ambashgabat.esteri.it\/wp-content\/uploads\/2024\/08\/20240415_184156-768x432.jpg 768w, https:\/\/ambashgabat.esteri.it\/wp-content\/uploads\/2024\/08\/20240415_184156.jpg 1920w\" sizes=\"auto, (max-width: 300px) 100vw, 300px\" \/><\/h1>\n<p><a href=\"https:\/\/www.turkmenexpo.com\/calendar?lang=ru\">TurkmenExpo tarapyndan guralan \u00e7\u00e4reler<\/a><\/p>\n<ul>\n<li><strong>12-14 Fewral &#8211;\u00a0<\/strong><a href=\"https:\/\/ambashgabat.esteri.it\/tk\/chi-siamo\/la-sede\/eventi-programmati-per-il-2025\/italian-design-day\/\">Ital\u00fdan diza\u00fdn g\u00fcni<\/a><\/li>\n<\/ul>\n<p>&nbsp;<\/p>\n<ul>\n<li><strong>18 Fewral- <\/strong><a href=\"https:\/\/ambashgabat.esteri.it\/tk\/chi-siamo\/la-sede\/eventi-programmati-per-il-2025\/giornata-dei-lavoratori-diplomatici-in-turkmenistan\/\">T\u00fcrkmenistandaky Diplomatik i\u015fg\u00e4rleri\u0148 g\u00fcni<\/a><\/li>\n<\/ul>\n<p>&nbsp;<\/p>\n<ul>\n<li><strong>27 Fewral- <\/strong><a href=\"https:\/\/ambashgabat.esteri.it\/tk\/chi-siamo\/la-sede\/eventi-programmati-per-il-2025\/festa-della-musica\/\">Festa della Musica- A\u00fddym-saz ba\u00fdram\u00e7ylygy<\/a><\/li>\n<\/ul>\n<p>&nbsp;<\/p>\n<ul>\n<li><strong>7 Aprel- <\/strong><a href=\"https:\/\/ambashgabat.esteri.it\/tk\/gli_eventi\/calendario\/giornata-nazionale-del-made-in-italy\/\">Milli &#8216;Made in Italy&#8217; g\u00fcni \u2013 Moda sergisi<\/a><\/li>\n<\/ul>\n<p>&nbsp;<\/p>\n<ul>\n<li><strong>29 Aprel- <\/strong><a href=\"https:\/\/ambashgabat.esteri.it\/tk\/gli_eventi\/calendario\/giornata-della-ricerca-italiana\/\">Ital\u00fdan ylmy g\u00f6zlegleri g\u00fcni<\/a><\/li>\n<\/ul>\n<p>&nbsp;<\/p>\n<ul>\n<li><strong>9 Ma\u00fd- <\/strong>Ital\u00fdan arheologi\u00fda g\u00fcni<\/li>\n<\/ul>\n<p>&nbsp;<\/p>\n<ul>\n<li><strong>2 I\u00fdun- <\/strong>Itali\u00fda Respublikasyny\u0148 g\u00fcni<\/li>\n<\/ul>\n<p>&nbsp;<\/p>\n<ul>\n<li><strong>4 I\u00fdun- <\/strong><a href=\"https:\/\/ambashgabat.esteri.it\/tk\/gli_eventi\/calendario\/concerto-per-lanniversario-della-scomparsa-del-maestro-ennio-morricone\/\">Maestro Ennio Morrikoneny\u0148 aradan \u00e7ykmagyna bagy\u015flanan konsert<\/a><\/li>\n<\/ul>\n<p>&nbsp;<\/p>\n<ul>\n<li><strong>12 Sent\u00fdabr- <\/strong>Ital\u00fdan sport g\u00fcni<\/li>\n<\/ul>\n<p>&nbsp;<\/p>\n<ul>\n<li><strong>6-10 Okt\u00fdabr- <\/strong>Ital\u00fdan d\u00f6wrabap sungaty g\u00fcnleri<\/li>\n<\/ul>\n<p>&nbsp;<\/p>\n<ul>\n<li><strong>13-18 Okt\u00fdabr- <\/strong>Ital\u00fdan dili hepdeligi<\/li>\n<\/ul>\n<p>&nbsp;<\/p>\n<ul>\n<li><strong>17-21 No\u00fdabr- <\/strong>Ital\u00fdan tagamlary hepdeligi<\/li>\n<\/ul>\n<p>&nbsp;<\/p>\n<ul>\n<li><strong>16 Dekabr- <\/strong>Ital\u00fdan kosmos g\u00fcni<\/li>\n<\/ul>\n<p>&nbsp;<\/p>\n<p>&nbsp;<\/p>\n<p>&nbsp;<\/p>\n<p><strong><span class=\"jCAhz ChMk0b\"><span class=\"ryNqvb\">BELLIK:<\/span><\/span><\/strong><\/p>\n<p><span class=\"jCAhz ChMk0b\"><span class=\"ryNqvb\">\u00c7\u00e4releri\u0148 ge\u00e7iril\u00fd\u00e4n seneleri gurama\u00e7ylyk zerurlyklaryna esaslanyp \u00fc\u00fdtg\u00e4p biler.<\/span><\/span><\/p>\n<p><span class=\"jCAhz ChMk0b\"><span class=\"ryNqvb\">So\u0148ky seneler https:\/\/ambashgabat.esteri.it web sahypasynda \u00e7ap ediler. <\/span><\/span><\/p>\n<p><span class=\"jCAhz ChMk0b\"><span class=\"ryNqvb\">H\u00e4zirki senenama go\u015fma\u00e7a ba\u015flangy\u00e7lar go\u015fulyp bilner.<\/span><\/span><\/p>\n<p>&nbsp;<\/p>\n<p>So\u0148ky t\u00e4zelenen wagty: 1-nji fewral, 2025<\/p>\n<\/header>\n<p>&nbsp;<\/p>\n","protected":false},"excerpt":{"rendered":"TurkmenExpo tarapyndan guralan \u00e7\u00e4reler 12-14 Fewral &#8211;\u00a0Ital\u00fdan diza\u00fdn g\u00fcni &nbsp; 18 Fewral- T\u00fcrkmenistandaky Diplomatik i\u015fg\u00e4rleri\u0148 g\u00fcni &nbsp; 27 Fewral- Festa della Musica- A\u00fddym-saz ba\u00fdram\u00e7ylygy &nbsp; 7 Aprel- Milli &#8216;Made in Italy&#8217; g\u00fcni \u2013 Moda sergisi &nbsp; 29 Aprel- Ital\u00fdan ylmy g\u00f6zlegleri g\u00fcni &nbsp; 9 Ma\u00fd- Ital\u00fdan arheologi\u00fda g\u00fcni &nbsp; 2 I\u00fdun- Itali\u00fda Respublikasyny\u0148 g\u00fcni &nbsp; [&hellip;]","protected":false},"author":6,"featured_media":0,"parent":3782,"menu_order":0,"comment_status":"closed","ping_status":"closed","template":"","meta":{"footnotes":""},"class_list":["post-5936","page","type-page","status-publish","hentry"],"_links":{"self":[{"href":"https:\/\/ambashgabat.esteri.it\/tk\/wp-json\/wp\/v2\/pages\/5936","targetHints":{"allow":["GET"]}}],"collection":[{"href":"https:\/\/ambashgabat.esteri.it\/tk\/wp-json\/wp\/v2\/pages"}],"about":[{"href":"https:\/\/ambashgabat.esteri.it\/tk\/wp-json\/wp\/v2\/types\/page"}],"author":[{"embeddable":true,"href":"https:\/\/ambashgabat.esteri.it\/tk\/wp-json\/wp\/v2\/users\/6"}],"replies":[{"embeddable":true,"href":"https:\/\/ambashgabat.esteri.it\/tk\/wp-json\/wp\/v2\/comments?post=5936"}],"version-history":[{"count":6,"href":"https:\/\/ambashgabat.esteri.it\/tk\/wp-json\/wp\/v2\/pages\/5936\/revisions"}],"predecessor-version":[{"id":8839,"href":"https:\/\/ambashgabat.esteri.it\/tk\/wp-json\/wp\/v2\/pages\/5936\/revisions\/8839"}],"up":[{"embeddable":true,"href":"https:\/\/ambashgabat.esteri.it\/tk\/wp-json\/wp\/v2\/pages\/3782"}],"wp:attachment":[{"href":"https:\/\/ambashgabat.esteri.it\/tk\/wp-json\/wp\/v2\/media?parent=5936"}],"curies":[{"name":"wp","href":"https:\/\/api.w.org\/{rel}","templated":true}]}}