{"id":5899,"date":"2025-03-11T16:51:26","date_gmt":"2025-03-11T11:51:26","guid":{"rendered":"https:\/\/ambashgabat.esteri.it\/gli_eventi\/calendario\/"},"modified":"2025-03-13T19:56:01","modified_gmt":"2025-03-13T14:56:01","slug":"calendario","status":"publish","type":"page","link":"https:\/\/ambashgabat.esteri.it\/tk\/gli_eventi\/calendario\/","title":{"rendered":"Me\u00fdille\u015fdirilen \u00e7\u00e4reler"},"content":{"rendered":"        <div class=\"row\">\n\t\t\t<!-- Ricerca sedi post -->\n\t\t\t<div class=\"col-12 mt-4\">\n\t\t\t  <div class=\"callout callout-highlight note ricerca-esteri p-4\">\n                    <div class=\"callout-title\">\n                        <svg class=\"icon\">\n                            <use xlink:href=\"https:\/\/ambashgabat.esteri.it\/wp-content\/themes\/sedi-tema\/assets\/svg\/sprites.svg#it-search\"><\/use>\n                        <\/svg>G\u00f6zleg parametrlerini girizi\u0148                    <\/div>\n                    <form id=\"searchFormPost\" name=\"form-search-post\" class=\"form-row align-items-center\" action=\"https:\/\/ambashgabat.esteri.it\/tk\/wp-json\/wp\/v2\/pages\/5899\/\" method=\"GET\"> \n                        <!-- <div class=\"form-group pt-5\"> -->\n                            <!-- <input type=\"hidden\" id=\"lang\" name=\"lang\" value=\"\"> --> <!-- <\/div> -->\n\n                        <div class=\"it-datepicker-wrapper\">\n                            <div class=\"row\">\n                                <div class=\"form-group col-md-6\">\n                                    <label class=\"active\" for=\"date-init\">Wagtdan<\/label>\n                                    <input class=\"form-control\" name=\"date-init\" id=\"date-init\" type=\"date\" placeholder=\"gg\/mm\/aaaa\" value=\"\"lang=\"en-EN\">  \n                                <\/div>\n                                <div class=\"form-group col-md-6\">\n                                    <label class=\"active\" for=\"date-end\">Wagta \u00e7enli<\/label>\n                                    <input class=\"form-control\" name=\"date-end\" id=\"date-end\" type=\"date\" placeholder=\"gg\/mm\/aaaa\" value=\"\">\n                                <\/div>\n                            <\/div>\n                        <\/div>\n                        <div class=\"form-group col-md-12 mt-3\">\n                            <label for=\"searchText\">G\u00f6zleg me\u00fddany<\/label>\n                            <input type=\"text\" name=\"searchText\" class=\"form-control\" id=\"searchText\" value=\"\">\n                        <\/div>\n                        <div class=\"form-group col-md-4 offset-md-8 text-end\">\n                            <a href=\"https:\/\/ambashgabat.esteri.it\/tk\/gli_eventi\/calendario\/\" title=\"Form reset\" id=\"resetImput\" class=\"btn btn-outline-primary btn-xs\">Reset<\/a>\n                            <button type=\"submit\" class=\"btn btn-primary btn-xs\">Netijeleri g\u00f6rkez<\/button>\n                        <\/div>\n                    <\/form>\n\t\t\t\t<\/div>\n\t\t\t<\/div>\n\t\t<\/div>\n                    \n            <div class=\"row\">\n                            <div class=\"col-12 mt-3\">\n                <!--start card-->\n                <div class=\"card-wrapper card-space\">\n                    <div class=\"card card-bg card-big border-bottom-card\">\n                        <div class=\"card-body row\">\n                                                    <div class=\"col-sm-3\">\n                                <div class=\"img-responsive\">\n                                    <figure class=\"img-wrapper\">\n                                        <a href=\"https:\/\/ambashgabat.esteri.it\/tk\/gli_eventi\/calendario\/giornata-dellarcheologia-italiana-allestero\/\" title=\"Makalany oka: Da\u015fary \u00fdurtlarda ital\u00fdan arheologi\u00fdasyny\u0148 g\u00fcni\">\n                                                                                            <img loading=\"lazy\" decoding=\"async\" width=\"211\" height=\"300\" src=\"https:\/\/ambashgabat.esteri.it\/wp-content\/uploads\/2026\/04\/1-2-211x300.jpg\" srcset=\"https:\/\/ambashgabat.esteri.it\/wp-content\/uploads\/2026\/04\/1-2.jpg 555w, https:\/\/ambashgabat.esteri.it\/wp-content\/uploads\/2026\/04\/1-2-211x300.jpg 211w\" sizes=\"auto, (max-width: 555px) 100vw, 555px\"  title=\"1\" alt=\"\" class=\"img-fluid\">\n                                                                                    <\/a>\n                                    <\/figure>\n                                <\/div>\n                            <\/div>\n                            <div class=\"col-sm-9\">\n                                                            <div class=\"category-top\">\n                                    <span class=\"fw-bold \"><\/span>                                                                        <span class=\"\">\n                                        <svg class=\"icon icon-secondary\">\n                                            <use xlink:href=\"https:\/\/ambashgabat.esteri.it\/wp-content\/themes\/sedi-tema\/assets\/svg\/sprites.svg#it-calendar\"><\/use>\n                                        <\/svg> Fri May 08 2026<svg class=\"icon icon-xs icon-secondary me-1 ms-1\"><use href=\"https:\/\/ambashgabat.esteri.it\/wp-content\/themes\/sedi-tema\/assets\/svg\/sprites.svg#it-arrow-right\"><\/use><\/svg>Fri May 08 2026                                    <\/span>\n                                                                    <\/div>\n                            <h5 class=\"card-title big-heading text-uppercase\"><a class=\"text-body text-decoration-none\" href=\"https:\/\/ambashgabat.esteri.it\/tk\/gli_eventi\/calendario\/giornata-dellarcheologia-italiana-allestero\/\" title=\"Da\u015fary \u00fdurtlarda ital\u00fdan arheologi\u00fdasyny\u0148 g\u00fcni\">Da\u015fary \u00fdurtlarda ital\u00fdan arheologi\u00fdasyny\u0148 g\u00fcni<\/a><\/h5>\n                            <p class=\"card-text\">2026-njy \u00fdyly\u0148 8-nji ma\u00fdynda, anna g\u00fcni, sagat 17:00-dan ba\u015flap, A\u015fgabady\u0148 Itali\u00fda il\u00e7ihanasy pa\u00fdtagtda \u00fderle\u015f\u00fd\u00e4n diplomatik we halkara missi\u00fdalary\u0148 \u00fdolba\u015f\u00e7ylary, \u015fe\u00fdle hem medeni miras ulgamynda i\u015fle\u00fd\u00e4n t\u00fcrkmen d\u00f6wlet edaralaryny\u0148 wekilleri \u00fc\u00e7in Parfi\u00fda Nisa arheologik gazuw-agtary\u015f me\u00fddan\u00e7asyna ugrukdyrylan gezelen\u00e7 gurna\u00fdar. Bu \u00e7\u00e4re d\u00fcn\u00fd\u00e4ni\u0148 d\u00fcrli k\u00fcnjeklerinde medeni mirasy goramak we \u00f6wrenmek bo\u00fdun\u00e7a ital\u00fdan arheologik missi\u00fdalaryny\u0148 global tagallalaryny ba\u00fdram [&hellip;]<\/p>\n                                <a title=\"Da\u015fary \u00fdurtlarda ital\u00fdan arheologi\u00fdasyny\u0148 g\u00fcni\" class=\"read-more\" href=\"https:\/\/ambashgabat.esteri.it\/tk\/gli_eventi\/calendario\/giornata-dellarcheologia-italiana-allestero\/\">\n                                    <span class=\"text\">Dowamyny oka<\/span>\n                                    <svg class=\"icon\">\n                                    <use xlink:href=\"https:\/\/ambashgabat.esteri.it\/wp-content\/themes\/sedi-tema\/assets\/svg\/sprites.svg#it-arrow-right\"><\/use>\n                                    <\/svg>\n                                <\/a>\n                                                        <\/div>\n                                                    <\/div>\n                    <\/div>\n                <\/div>\n                <!--end card-->\n                <\/div><!-- col-12 .mt-3-->\n                            <div class=\"col-12 mt-3\">\n                <!--start card-->\n                <div class=\"card-wrapper card-space\">\n                    <div class=\"card card-bg card-big border-bottom-card\">\n                        <div class=\"card-body row\">\n                                                    <div class=\"col-sm-3\">\n                                <div class=\"img-responsive\">\n                                    <figure class=\"img-wrapper\">\n                                        <a href=\"https:\/\/ambashgabat.esteri.it\/tk\/gli_eventi\/calendario\/festa-della-repubblica-italiana\/\" title=\"Makalany oka: Itali\u00fda Respublikasyny\u0148 g\u00fcni\">\n                                                                                            <img loading=\"lazy\" decoding=\"async\" width=\"300\" height=\"135\" src=\"https:\/\/ambashgabat.esteri.it\/wp-content\/uploads\/2026\/02\/2-giugno-2025_Logo-300x135.jpg\" srcset=\"https:\/\/ambashgabat.esteri.it\/wp-content\/uploads\/2026\/02\/2-giugno-2025_Logo.jpg 1227w, https:\/\/ambashgabat.esteri.it\/wp-content\/uploads\/2026\/02\/2-giugno-2025_Logo-300x135.jpg 300w, https:\/\/ambashgabat.esteri.it\/wp-content\/uploads\/2026\/02\/2-giugno-2025_Logo-1024x462.jpg 1024w, https:\/\/ambashgabat.esteri.it\/wp-content\/uploads\/2026\/02\/2-giugno-2025_Logo-768x347.jpg 768w\" sizes=\"auto, (max-width: 1227px) 100vw, 1227px\"  title=\"2 giugno 2025_Logo\" alt=\"\" class=\"img-fluid\">\n                                                                                    <\/a>\n                                    <\/figure>\n                                <\/div>\n                            <\/div>\n                            <div class=\"col-sm-9\">\n                                                            <div class=\"category-top\">\n                                    <span class=\"fw-bold \"><\/span>                                                                        <span class=\"\">\n                                        <svg class=\"icon icon-secondary\">\n                                            <use xlink:href=\"https:\/\/ambashgabat.esteri.it\/wp-content\/themes\/sedi-tema\/assets\/svg\/sprites.svg#it-calendar\"><\/use>\n                                        <\/svg> Tue Jun 02 2026<svg class=\"icon icon-xs icon-secondary me-1 ms-1\"><use href=\"https:\/\/ambashgabat.esteri.it\/wp-content\/themes\/sedi-tema\/assets\/svg\/sprites.svg#it-arrow-right\"><\/use><\/svg>Tue Jun 02 2026                                    <\/span>\n                                                                    <\/div>\n                            <h5 class=\"card-title big-heading text-uppercase\"><a class=\"text-body text-decoration-none\" href=\"https:\/\/ambashgabat.esteri.it\/tk\/gli_eventi\/calendario\/festa-della-repubblica-italiana\/\" title=\"Itali\u00fda Respublikasyny\u0148 g\u00fcni\">Itali\u00fda Respublikasyny\u0148 g\u00fcni<\/a><\/h5>\n                            <p class=\"card-text\">A\u015fgabatdaky Itali\u00fdany\u0148 il\u00e7ihanasy 2-nji i\u00fdun, si\u015fenbe, sagat 19:00-da Itali\u00fda Respublikasyny\u0148 g\u00fcni mynasybetli dabarany ge\u00e7irer. Gatna\u015fmak isle\u00fd\u00e4nler a\u015fakda berlen formany ulanyp bil\u00fd\u00e4rler.<\/p>\n                                <a title=\"Itali\u00fda Respublikasyny\u0148 g\u00fcni\" class=\"read-more\" href=\"https:\/\/ambashgabat.esteri.it\/tk\/gli_eventi\/calendario\/festa-della-repubblica-italiana\/\">\n                                    <span class=\"text\">Dowamyny oka<\/span>\n                                    <svg class=\"icon\">\n                                    <use xlink:href=\"https:\/\/ambashgabat.esteri.it\/wp-content\/themes\/sedi-tema\/assets\/svg\/sprites.svg#it-arrow-right\"><\/use>\n                                    <\/svg>\n                                <\/a>\n                                                        <\/div>\n                                                    <\/div>\n                    <\/div>\n                <\/div>\n                <!--end card-->\n                <\/div><!-- col-12 .mt-3-->\n                            <div class=\"col-12 mt-3\">\n                <!--start card-->\n                <div class=\"card-wrapper card-space\">\n                    <div class=\"card card-bg card-big border-bottom-card\">\n                        <div class=\"card-body row\">\n                                                    <div class=\"col-sm-3\">\n                                <div class=\"img-responsive\">\n                                    <figure class=\"img-wrapper\">\n                                        <a href=\"https:\/\/ambashgabat.esteri.it\/tk\/gli_eventi\/calendario\/giornata-dello-sport-italiano-in-turkmenistan\/\" title=\"Makalany oka: D\u00fcn\u00fd\u00e4de ital\u00fdan sport g\u00fcni\">\n                                                                                            <img loading=\"lazy\" decoding=\"async\" width=\"300\" height=\"169\" src=\"https:\/\/ambashgabat.esteri.it\/wp-content\/uploads\/2026\/02\/Logo-Giornata-dello-Sport-0-300x169.jpg\" srcset=\"https:\/\/ambashgabat.esteri.it\/wp-content\/uploads\/2026\/02\/Logo-Giornata-dello-Sport-0.jpg 1240w, https:\/\/ambashgabat.esteri.it\/wp-content\/uploads\/2026\/02\/Logo-Giornata-dello-Sport-0-300x169.jpg 300w, https:\/\/ambashgabat.esteri.it\/wp-content\/uploads\/2026\/02\/Logo-Giornata-dello-Sport-0-1024x576.jpg 1024w, https:\/\/ambashgabat.esteri.it\/wp-content\/uploads\/2026\/02\/Logo-Giornata-dello-Sport-0-768x432.jpg 768w\" sizes=\"auto, (max-width: 1240px) 100vw, 1240px\"  title=\"Logo Giornata dello Sport-0\" alt=\"Giornata dello Sport\" class=\"img-fluid\">\n                                                                                    <\/a>\n                                    <\/figure>\n                                <\/div>\n                            <\/div>\n                            <div class=\"col-sm-9\">\n                                                            <div class=\"category-top\">\n                                    <span class=\"fw-bold \"><\/span>                                                                        <span class=\"\">\n                                        <svg class=\"icon icon-secondary\">\n                                            <use xlink:href=\"https:\/\/ambashgabat.esteri.it\/wp-content\/themes\/sedi-tema\/assets\/svg\/sprites.svg#it-calendar\"><\/use>\n                                        <\/svg> Thu Aug 20 2026<svg class=\"icon icon-xs icon-secondary me-1 ms-1\"><use href=\"https:\/\/ambashgabat.esteri.it\/wp-content\/themes\/sedi-tema\/assets\/svg\/sprites.svg#it-arrow-right\"><\/use><\/svg>Sat Aug 22 2026                                    <\/span>\n                                                                    <\/div>\n                            <h5 class=\"card-title big-heading text-uppercase\"><a class=\"text-body text-decoration-none\" href=\"https:\/\/ambashgabat.esteri.it\/tk\/gli_eventi\/calendario\/giornata-dello-sport-italiano-in-turkmenistan\/\" title=\"D\u00fcn\u00fd\u00e4de ital\u00fdan sport g\u00fcni\">D\u00fcn\u00fd\u00e4de ital\u00fdan sport g\u00fcni<\/a><\/h5>\n                            <p class=\"card-text\">Itali\u00fdany\u0148 A\u015fgabatdaky il\u00e7ihanasy sizi Turkmen Expo bilen hyzmatda\u015flykda gurnalan T\u00fcrkmenistandaky ital\u00fdan sport g\u00fcni mynasybetli \u00e7\u00e4r\u00e4 \u00e7agyr\u00fdar. \u00c7\u00e4re 2026-njy \u00fdyly\u0148 21-nji awgustynda, Anna g\u00fcni, sagat 18:00-dan 19:00-a \u00e7enli, A\u015fgabat \u015f\u00e4herini\u0148 \u00c7andybil k\u00f6\u00e7esind\u00e4ki T\u00fcrkmenistany\u0148 S\u00f6wda-senagat edarasyny\u0148 binasynda, \u201cKids Expo: Hemme zat \u00e7agalar \u00fc\u00e7in\u201d \u00e7\u00e4resini\u0148 \u00e7\u00e4ginde ge\u00e7iriler.<\/p>\n                                <a title=\"D\u00fcn\u00fd\u00e4de ital\u00fdan sport g\u00fcni\" class=\"read-more\" href=\"https:\/\/ambashgabat.esteri.it\/tk\/gli_eventi\/calendario\/giornata-dello-sport-italiano-in-turkmenistan\/\">\n                                    <span class=\"text\">Dowamyny oka<\/span>\n                                    <svg class=\"icon\">\n                                    <use xlink:href=\"https:\/\/ambashgabat.esteri.it\/wp-content\/themes\/sedi-tema\/assets\/svg\/sprites.svg#it-arrow-right\"><\/use>\n                                    <\/svg>\n                                <\/a>\n                                                        <\/div>\n                                                    <\/div>\n                    <\/div>\n                <\/div>\n                <!--end card-->\n                <\/div><!-- col-12 .mt-3-->\n                            <div class=\"col-12 mt-3\">\n                <!--start card-->\n                <div class=\"card-wrapper card-space\">\n                    <div class=\"card card-bg card-big border-bottom-card\">\n                        <div class=\"card-body row\">\n                                                    <div class=\"col-sm-3\">\n                                <div class=\"img-responsive\">\n                                    <figure class=\"img-wrapper\">\n                                        <a href=\"https:\/\/ambashgabat.esteri.it\/tk\/gli_eventi\/calendario\/settimana-della-lingua-italiana-in-turkmenistan-2\/\" title=\"Makalany oka: Settimana della Lingua Italiana nel Mondo\">\n                                                                                            <img loading=\"lazy\" decoding=\"async\" width=\"300\" height=\"116\" src=\"https:\/\/ambashgabat.esteri.it\/wp-content\/uploads\/2024\/12\/logo_sett_linguaita-300x116-1.jpg\" srcset=\"\" sizes=\"auto, (max-width: 300px) 100vw, 300px\"  title=\"Logo settimana della lingua italiana\" alt=\"SLIM\" class=\"img-fluid\">\n                                                                                    <\/a>\n                                    <\/figure>\n                                <\/div>\n                            <\/div>\n                            <div class=\"col-sm-9\">\n                                                            <div class=\"category-top\">\n                                    <span class=\"fw-bold \"><\/span>                                                                        <span class=\"\">\n                                        <svg class=\"icon icon-secondary\">\n                                            <use xlink:href=\"https:\/\/ambashgabat.esteri.it\/wp-content\/themes\/sedi-tema\/assets\/svg\/sprites.svg#it-calendar\"><\/use>\n                                        <\/svg> Sat Oct 10 2026<svg class=\"icon icon-xs icon-secondary me-1 ms-1\"><use href=\"https:\/\/ambashgabat.esteri.it\/wp-content\/themes\/sedi-tema\/assets\/svg\/sprites.svg#it-arrow-right\"><\/use><\/svg>Mon Oct 12 2026                                    <\/span>\n                                                                    <\/div>\n                            <h5 class=\"card-title big-heading text-uppercase\"><a class=\"text-body text-decoration-none\" href=\"https:\/\/ambashgabat.esteri.it\/tk\/gli_eventi\/calendario\/settimana-della-lingua-italiana-in-turkmenistan-2\/\" title=\"Settimana della Lingua Italiana nel Mondo\">Settimana della Lingua Italiana nel Mondo<\/a><\/h5>\n                            <p class=\"card-text\">L\u2019Ambasciata d\u2019Italia ad Ashgabat e\u2019 lieta di invitarvi alla Settimana della Lingua Italiana in Turkmenistan, organizzata in collaborazione con Turkmen Expo, sul tema: &#8220;Lingua geniale: ideare, progettare, creare con l\u2019italiano&#8221;. L\u2019evento si svolgera\u2019 sabato 10 ottobre 2026 dalle 17 alle 19, presso la Camera di Commercio del Turkmenistan, in Chandybil Street ad Ashgabat\u00a0, nel corso [&hellip;]<\/p>\n                                <a title=\"Settimana della Lingua Italiana nel Mondo\" class=\"read-more\" href=\"https:\/\/ambashgabat.esteri.it\/tk\/gli_eventi\/calendario\/settimana-della-lingua-italiana-in-turkmenistan-2\/\">\n                                    <span class=\"text\">Dowamyny oka<\/span>\n                                    <svg class=\"icon\">\n                                    <use xlink:href=\"https:\/\/ambashgabat.esteri.it\/wp-content\/themes\/sedi-tema\/assets\/svg\/sprites.svg#it-arrow-right\"><\/use>\n                                    <\/svg>\n                                <\/a>\n                                                        <\/div>\n                                                    <\/div>\n                    <\/div>\n                <\/div>\n                <!--end card-->\n                <\/div><!-- col-12 .mt-3-->\n                            <div class=\"col-12 mt-3\">\n                <!--start card-->\n                <div class=\"card-wrapper card-space\">\n                    <div class=\"card card-bg card-big border-bottom-card\">\n                        <div class=\"card-body row\">\n                                                    <div class=\"col-sm-3\">\n                                <div class=\"img-responsive\">\n                                    <figure class=\"img-wrapper\">\n                                        <a href=\"https:\/\/ambashgabat.esteri.it\/tk\/gli_eventi\/calendario\/settimana-della-cucina-italiana-nel-mondo-2\/\" title=\"Makalany oka: D\u00fcn\u00fd\u00e4de Ital\u00fdan tagamlary hepdeligi\">\n                                                                                            <img loading=\"lazy\" decoding=\"async\" width=\"278\" height=\"300\" src=\"https:\/\/ambashgabat.esteri.it\/wp-content\/uploads\/2026\/02\/SCIM2024_italiano-1-278x300.jpg\" srcset=\"https:\/\/ambashgabat.esteri.it\/wp-content\/uploads\/2026\/02\/SCIM2024_italiano-1.jpg 472w, https:\/\/ambashgabat.esteri.it\/wp-content\/uploads\/2026\/02\/SCIM2024_italiano-1-278x300.jpg 278w\" sizes=\"auto, (max-width: 472px) 100vw, 472px\"  title=\"SCIM2024_italiano-1\" alt=\"SCIM2026\" class=\"img-fluid\">\n                                                                                    <\/a>\n                                    <\/figure>\n                                <\/div>\n                            <\/div>\n                            <div class=\"col-sm-9\">\n                                                            <div class=\"category-top\">\n                                    <span class=\"fw-bold \"><\/span>                                                                        <span class=\"\">\n                                        <svg class=\"icon icon-secondary\">\n                                            <use xlink:href=\"https:\/\/ambashgabat.esteri.it\/wp-content\/themes\/sedi-tema\/assets\/svg\/sprites.svg#it-calendar\"><\/use>\n                                        <\/svg> Mon Nov 16 2026<svg class=\"icon icon-xs icon-secondary me-1 ms-1\"><use href=\"https:\/\/ambashgabat.esteri.it\/wp-content\/themes\/sedi-tema\/assets\/svg\/sprites.svg#it-arrow-right\"><\/use><\/svg>Fri Nov 20 2026                                    <\/span>\n                                                                    <\/div>\n                            <h5 class=\"card-title big-heading text-uppercase\"><a class=\"text-body text-decoration-none\" href=\"https:\/\/ambashgabat.esteri.it\/tk\/gli_eventi\/calendario\/settimana-della-cucina-italiana-nel-mondo-2\/\" title=\"D\u00fcn\u00fd\u00e4de Ital\u00fdan tagamlary hepdeligi\">D\u00fcn\u00fd\u00e4de Ital\u00fdan tagamlary hepdeligi<\/a><\/h5>\n                            <p class=\"card-text\">Itali\u00fdany\u0148 A\u015fgabatdaky il\u00e7ihanasy d\u00fcn\u00fd\u00e4de ital\u00fdan tagamlaryny\u0148 hepdeligini\u0148 on birinji ne\u015firini gurna\u00fdar.<\/p>\n                                <a title=\"D\u00fcn\u00fd\u00e4de Ital\u00fdan tagamlary hepdeligi\" class=\"read-more\" href=\"https:\/\/ambashgabat.esteri.it\/tk\/gli_eventi\/calendario\/settimana-della-cucina-italiana-nel-mondo-2\/\">\n                                    <span class=\"text\">Dowamyny oka<\/span>\n                                    <svg class=\"icon\">\n                                    <use xlink:href=\"https:\/\/ambashgabat.esteri.it\/wp-content\/themes\/sedi-tema\/assets\/svg\/sprites.svg#it-arrow-right\"><\/use>\n                                    <\/svg>\n                                <\/a>\n                                                        <\/div>\n                                                    <\/div>\n                    <\/div>\n                <\/div>\n                <!--end card-->\n                <\/div><!-- col-12 .mt-3-->\n            \n            <div class=\"col-md-12 mt-4 pb-4\">\n                <nav class=\"navigation col-md-12\" aria-label=\"Navigation\">\n                    <h2 class=\"screen-reader-text visually-hidden\">Paginazione<\/h2>\n                    <div class=\"nav-links\">\n                                        <\/div>\n                <\/nav>\n            <\/div>   <!--.col-md-12 -->\n              <\/div><!--.row -->\n              \n","protected":false},"excerpt":{"rendered":"","protected":false},"author":1,"featured_media":0,"parent":5890,"menu_order":0,"comment_status":"closed","ping_status":"closed","template":"","meta":{"footnotes":""},"class_list":["post-5899","page","type-page","status-publish","hentry"],"_links":{"self":[{"href":"https:\/\/ambashgabat.esteri.it\/tk\/wp-json\/wp\/v2\/pages\/5899","targetHints":{"allow":["GET"]}}],"collection":[{"href":"https:\/\/ambashgabat.esteri.it\/tk\/wp-json\/wp\/v2\/pages"}],"about":[{"href":"https:\/\/ambashgabat.esteri.it\/tk\/wp-json\/wp\/v2\/types\/page"}],"author":[{"embeddable":true,"href":"https:\/\/ambashgabat.esteri.it\/tk\/wp-json\/wp\/v2\/users\/1"}],"replies":[{"embeddable":true,"href":"https:\/\/ambashgabat.esteri.it\/tk\/wp-json\/wp\/v2\/comments?post=5899"}],"version-history":[{"count":1,"href":"https:\/\/ambashgabat.esteri.it\/tk\/wp-json\/wp\/v2\/pages\/5899\/revisions"}],"predecessor-version":[{"id":5940,"href":"https:\/\/ambashgabat.esteri.it\/tk\/wp-json\/wp\/v2\/pages\/5899\/revisions\/5940"}],"up":[{"embeddable":true,"href":"https:\/\/ambashgabat.esteri.it\/tk\/wp-json\/wp\/v2\/pages\/5890"}],"wp:attachment":[{"href":"https:\/\/ambashgabat.esteri.it\/tk\/wp-json\/wp\/v2\/media?parent=5899"}],"curies":[{"name":"wp","href":"https:\/\/api.w.org\/{rel}","templated":true}]}}