{"id":3819,"date":"2023-04-11T18:10:30","date_gmt":"2023-04-11T13:10:30","guid":{"rendered":"https:\/\/ambashgabat.esteri.it\/italia-e-turkmenistan\/diplomazia-economica\/"},"modified":"2025-03-19T16:36:03","modified_gmt":"2025-03-19T11:36:03","slug":"diplomazia-economica","status":"publish","type":"page","link":"https:\/\/ambashgabat.esteri.it\/tk\/italia-e-turkmenistan\/diplomazia-economica\/","title":{"rendered":"Ykdysady diplomati\u00fda"},"content":{"rendered":"<p><img loading=\"lazy\" decoding=\"async\" class=\"img-fluid alignnone wp-image-416 size-medium\" src=\"https:\/\/ambashgabat.esteri.it\/wp-content\/uploads\/2023\/11\/Missione-Imprenditori1-300x225.jpg\" alt=\"Seminario tecnologico 17 ottobre 2023\" width=\"300\" height=\"225\" srcset=\"https:\/\/ambashgabat.esteri.it\/wp-content\/uploads\/2023\/11\/Missione-Imprenditori1-300x225.jpg 300w, https:\/\/ambashgabat.esteri.it\/wp-content\/uploads\/2023\/11\/Missione-Imprenditori1-1024x768.jpg 1024w, https:\/\/ambashgabat.esteri.it\/wp-content\/uploads\/2023\/11\/Missione-Imprenditori1-768x576.jpg 768w, https:\/\/ambashgabat.esteri.it\/wp-content\/uploads\/2023\/11\/Missione-Imprenditori1.jpg 1140w\" sizes=\"auto, (max-width: 300px) 100vw, 300px\" \/><\/p>\n<p>Has gi\u0148i\u015fle\u00fdin maglumat \u00fc\u00e7in \u201cInfomercati\u201d portalyny\u0148 T\u00fcrkmenistana bagy\u015flanan b\u00f6l\u00fcmine seredi\u0148.<\/p>\n<p>A\u015fakda Da\u015fary i\u015fler we halkara hyzmatda\u015flyk ministrligini\u0148 Ykdysady obserwatori\u00fdasyny\u0148 gysga\u00e7a sahypasyna baglany\u015fyk bar.<\/p>\n<p><a href=\"https:\/\/www.infomercatiesteri.it\/public\/osservatorio\/schede-sintesi\/turkmenistan_166.pdf\">https:\/\/www.infomercatiesteri.it\/public\/osservatorio\/schede-sintesi\/turkmenistan_166.pdf<\/a><\/p>\n<p>&nbsp;<\/p>\n","protected":false},"excerpt":{"rendered":"Has gi\u0148i\u015fle\u00fdin maglumat \u00fc\u00e7in \u201cInfomercati\u201d portalyny\u0148 T\u00fcrkmenistana bagy\u015flanan b\u00f6l\u00fcmine seredi\u0148. A\u015fakda Da\u015fary i\u015fler we halkara hyzmatda\u015flyk ministrligini\u0148 Ykdysady obserwatori\u00fdasyny\u0148 gysga\u00e7a sahypasyna baglany\u015fyk bar. https:\/\/www.infomercatiesteri.it\/public\/osservatorio\/schede-sintesi\/turkmenistan_166.pdf &nbsp;","protected":false},"author":1,"featured_media":0,"parent":3755,"menu_order":1,"comment_status":"closed","ping_status":"closed","template":"","meta":{"footnotes":""},"class_list":["post-3819","page","type-page","status-publish","hentry"],"_links":{"self":[{"href":"https:\/\/ambashgabat.esteri.it\/tk\/wp-json\/wp\/v2\/pages\/3819","targetHints":{"allow":["GET"]}}],"collection":[{"href":"https:\/\/ambashgabat.esteri.it\/tk\/wp-json\/wp\/v2\/pages"}],"about":[{"href":"https:\/\/ambashgabat.esteri.it\/tk\/wp-json\/wp\/v2\/types\/page"}],"author":[{"embeddable":true,"href":"https:\/\/ambashgabat.esteri.it\/tk\/wp-json\/wp\/v2\/users\/1"}],"replies":[{"embeddable":true,"href":"https:\/\/ambashgabat.esteri.it\/tk\/wp-json\/wp\/v2\/comments?post=3819"}],"version-history":[{"count":2,"href":"https:\/\/ambashgabat.esteri.it\/tk\/wp-json\/wp\/v2\/pages\/3819\/revisions"}],"predecessor-version":[{"id":7176,"href":"https:\/\/ambashgabat.esteri.it\/tk\/wp-json\/wp\/v2\/pages\/3819\/revisions\/7176"}],"up":[{"embeddable":true,"href":"https:\/\/ambashgabat.esteri.it\/tk\/wp-json\/wp\/v2\/pages\/3755"}],"wp:attachment":[{"href":"https:\/\/ambashgabat.esteri.it\/tk\/wp-json\/wp\/v2\/media?parent=3819"}],"curies":[{"name":"wp","href":"https:\/\/api.w.org\/{rel}","templated":true}]}}