{"id":3797,"date":"2023-04-11T17:53:01","date_gmt":"2023-04-11T12:53:01","guid":{"rendered":"https:\/\/ambashgabat.esteri.it\/chi-siamo\/lambasciatore\/"},"modified":"2026-04-13T10:19:44","modified_gmt":"2026-04-13T05:19:44","slug":"lambasciatore","status":"publish","type":"page","link":"https:\/\/ambashgabat.esteri.it\/tk\/chi-siamo\/lambasciatore\/","title":{"rendered":"Il\u00e7i"},"content":{"rendered":"<p><img loading=\"lazy\" decoding=\"async\" class=\"alignnone wp-image-11701 img-fluid\" src=\"https:\/\/ambashgabat.esteri.it\/wp-content\/uploads\/2026\/04\/Ambasciatore-123.jpg\" alt=\"\" width=\"254\" height=\"304\" srcset=\"https:\/\/ambashgabat.esteri.it\/wp-content\/uploads\/2026\/04\/Ambasciatore-123.jpg 722w, https:\/\/ambashgabat.esteri.it\/wp-content\/uploads\/2026\/04\/Ambasciatore-123-250x300.jpg 250w\" sizes=\"auto, (max-width: 254px) 100vw, 254px\" \/><\/p>\n<p>Hormatly Il\u00e7i Martin Bruk<\/p>\n<p>Rimde doglan Martin Bruk Rimd\u00e4ki \u201cLa Sapienza\u201d uniwersitetini\u0148 sy\u00fdasat ylymlary fakultetini tamamlady. B\u00e4sle\u015fikli synagdan \u00fcst\u00fcnlikli ge\u00e7ip, diplomatik gulluga kabul edildi.<\/p>\n<p>Z\u00e4hmet \u00fdoluny\u0148 ilkinji \u00fdyllarynda Orta\u00fder de\u0148zi we \u00ddakyn G\u00fcndogar \u00fdurtlary bo\u00fdun\u00e7a Ba\u015f m\u00fcdirlikde, \u015fe\u00fdle hem Da\u015fary i\u015fler we halkara hyzmatda\u015flyk ministrligini\u0148 diplomatik jedeller we \u015fertnamalar bo\u00fdun\u00e7a b\u00f6l\u00fcmlerinde i\u015fledi. 2002-nji \u00fdylda Maniladaky Itali\u00fdany\u0148 il\u00e7ihanasyny\u0148 s\u00f6wda-ykdysady b\u00f6l\u00fcmini\u0148 \u00fdolba\u015f\u00e7ysy wezipesine bellendi, \u015fol \u00fderde konsullyk meseleleri bo\u00fdun\u00e7a hem i\u015f alyp bardy.<\/p>\n<p>2006-njy \u00fdylda Afinydaky Itali\u00fdany\u0148 il\u00e7ihanasynda konsullyk b\u00f6l\u00fcmini\u0148 utga\u015fdyryjysy h\u00f6km\u00fcnde i\u015fl\u00e4p, Balkanlar we G\u00fcndogar Orta\u00fder de\u0148zi bo\u00fdun\u00e7a sebit meselelerine jogapk\u00e4r boldy. \u015ee\u00fdle hem katolikler bilen prawoslawlary\u0148 arasynda dinara geple\u015fikleri\u0148 \u00f6sd\u00fcrilmegine gatna\u015fdy.<\/p>\n<p>2011-nji \u00fdylda Rime dolanyp, Ministrligi\u0148 Sy\u00fdasy we howpsuzlyk meseleleri bo\u00fdun\u00e7a Ba\u015f m\u00fcdirligini\u0148 NATO b\u00f6l\u00fcmini\u0148 d\u00fcz\u00fcminde i\u015fl\u00e4p ba\u015flady. Ol \u00fderde halkara de\u0148iz howpsuzlygy we Orta\u00fder de\u0148zind\u00e4ki howpsuzlyk meselelerine a\u00fdratyn \u00fcns berdi. Birle\u015fen Milletler Guramasyny\u0148 N\u00fdu-\u00ddork \u015f\u00e4herinde \u00fderle\u015f\u00fd\u00e4n Somalini\u0148 kenarlaryndaky de\u0148iz garak\u00e7ylygyna gar\u015fy g\u00f6re\u015f bo\u00fdun\u00e7a Kontakt toparyny\u0148 (CGPCS) \u00e7\u00e4ginde Itali\u00fda \u00fc\u00e7in mali\u00fde jena\u00fdatlaryna bagy\u015flanan 5-nji i\u015f toparyny\u0148 m\u00fcdiri boldy.<\/p>\n<p>2013-nji \u00fdylda Al\u017eird\u00e4ki Itali\u00fdany\u0148 il\u00e7ihanasynda Il\u00e7ini\u0148 orunbasary wezipesine bellendi we sy\u00fdasat hem-de howpsuzlyk bilen bagly m\u00f6h\u00fcm meseleleri alyp bardy.<\/p>\n<p>2017-nji \u00fdylda Argentinany\u0148 Ros\u00e1rio \u015f\u00e4herinde Itali\u00fdany\u0148 Ba\u015f konsuly boldy. Bu \u00fder Itali\u00fda ra\u00fdatlaryny\u0148 sany bo\u00fdun\u00e7a \u00fdurtdaky ikinji uly konsullyk sebiti hasaplan\u00fdar.<\/p>\n<p>2022-nji \u00fdyldan b\u00e4ri \u00ddewropa we halkara s\u00f6wda sy\u00fdasaty bo\u00fdun\u00e7a Ba\u015f m\u00fcdirlikde i\u015fle\u00fd\u00e4r. Ol \u00fderde Fransi\u00fda, \u015ewe\u00fdsari\u00fda, Awstri\u00fda we Sloweni\u00fda bilen serhetara hyzmatda\u015flyk bo\u00fdun\u00e7a t\u00e4ze b\u00f6l\u00fcmi\u0148 d\u00f6redilmegine go\u015fant go\u015fdy we 2024-nji \u00fdylda \u015fol b\u00f6l\u00fcmi\u0148 \u00fdolba\u015f\u00e7ysyny\u0148 orunbasary boldy.<\/p>\n<p>Martin Bruk \u00f6z i\u00e7ine Turin\u2013Lion ugry bo\u00fdun\u00e7a topar hem-de Brenner esasy tuneli bo\u00fdun\u00e7a toparlary al\u00fdan, serhetara hereket bilen baglany\u015fykly infrastrukturalary\u0148 \u00f6sd\u00fcrilmegi bo\u00fdun\u00e7a birn\u00e4\u00e7e h\u00f6k\u00fcmetara toparlary\u0148 agzasy. \u00a0\u015ee\u00fdle hem Fransi\u00fda bilen Kwirinal \u015fertnamasyny\u0148 \u00e7\u00e4ginde fransuz-ital\u00fdan serhet hyzmatda\u015flygy komitetini\u0148 d\u00f6redilmegine gatna\u015fdy.<\/p>\n<p>2014-nji \u00fdyldan b\u00e4ri Itali\u00fda Respublikasyny\u0148 \u201cHyzmatlary \u00fc\u00e7in\u201d ordenini\u0148 rysary sylagyny\u0148 e\u00fdesi.<\/p>\n<p>&nbsp;<\/p>\n","protected":false},"excerpt":{"rendered":"Hormatly Il\u00e7i Martin Bruk Rimde doglan Martin Bruk Rimd\u00e4ki \u201cLa Sapienza\u201d uniwersitetini\u0148 sy\u00fdasat ylymlary fakultetini tamamlady. B\u00e4sle\u015fikli synagdan \u00fcst\u00fcnlikli ge\u00e7ip, diplomatik gulluga kabul edildi. Z\u00e4hmet \u00fdoluny\u0148 ilkinji \u00fdyllarynda Orta\u00fder de\u0148zi we \u00ddakyn G\u00fcndogar \u00fdurtlary bo\u00fdun\u00e7a Ba\u015f m\u00fcdirlikde, \u015fe\u00fdle hem Da\u015fary i\u015fler we halkara hyzmatda\u015flyk ministrligini\u0148 diplomatik jedeller we \u015fertnamalar bo\u00fdun\u00e7a b\u00f6l\u00fcmlerinde i\u015fledi. 2002-nji \u00fdylda Maniladaky [&hellip;]","protected":false},"author":1,"featured_media":3803,"parent":3749,"menu_order":0,"comment_status":"closed","ping_status":"closed","template":"","meta":{"footnotes":""},"class_list":["post-3797","page","type-page","status-publish","has-post-thumbnail","hentry"],"_links":{"self":[{"href":"https:\/\/ambashgabat.esteri.it\/tk\/wp-json\/wp\/v2\/pages\/3797","targetHints":{"allow":["GET"]}}],"collection":[{"href":"https:\/\/ambashgabat.esteri.it\/tk\/wp-json\/wp\/v2\/pages"}],"about":[{"href":"https:\/\/ambashgabat.esteri.it\/tk\/wp-json\/wp\/v2\/types\/page"}],"author":[{"embeddable":true,"href":"https:\/\/ambashgabat.esteri.it\/tk\/wp-json\/wp\/v2\/users\/1"}],"replies":[{"embeddable":true,"href":"https:\/\/ambashgabat.esteri.it\/tk\/wp-json\/wp\/v2\/comments?post=3797"}],"version-history":[{"count":5,"href":"https:\/\/ambashgabat.esteri.it\/tk\/wp-json\/wp\/v2\/pages\/3797\/revisions"}],"predecessor-version":[{"id":11767,"href":"https:\/\/ambashgabat.esteri.it\/tk\/wp-json\/wp\/v2\/pages\/3797\/revisions\/11767"}],"up":[{"embeddable":true,"href":"https:\/\/ambashgabat.esteri.it\/tk\/wp-json\/wp\/v2\/pages\/3749"}],"wp:featuredmedia":[{"embeddable":true,"href":"https:\/\/ambashgabat.esteri.it\/tk\/wp-json\/wp\/v2\/media\/3803"}],"wp:attachment":[{"href":"https:\/\/ambashgabat.esteri.it\/tk\/wp-json\/wp\/v2\/media?parent=3797"}],"curies":[{"name":"wp","href":"https:\/\/api.w.org\/{rel}","templated":true}]}}