{"id":3794,"date":"2023-04-11T18:07:19","date_gmt":"2023-04-11T13:07:19","guid":{"rendered":"https:\/\/ambashgabat.esteri.it\/chi-siamo\/numeri-di-emergenza\/"},"modified":"2025-03-18T14:55:46","modified_gmt":"2025-03-18T09:55:46","slug":"numeri-di-emergenza","status":"publish","type":"page","link":"https:\/\/ambashgabat.esteri.it\/tk\/chi-siamo\/numeri-di-emergenza\/","title":{"rendered":"Gyssagly k\u00f6mek belgileri"},"content":{"rendered":"<p>Adatdan da\u015fary \u00fdagda\u00fdlar \u00fc\u00e7in watanda\u015flar gyssagly k\u00f6mek belgisine ja\u0148 edip bilerler:<\/p>\n<p>+993 61 17 42 71<\/p>\n<p>Dyn\u00e7 g\u00fcnleri 18.00-dan 22.00-a we \u015eenbe we \u00ddek\u015fenbe we be\u00fdleki k\u00f6p\u00e7\u00fclikle\u00fdin dyn\u00e7 aly\u015f g\u00fcnlerinde 8.00-dan 22.00-a \u00e7enli.<\/p>\n<p>Hi\u00e7 hili \u00fdagda\u00fdda gyssagly k\u00f6mek belgisi wiza, konsullyk we adaty dolandyry\u015f bilen baglany\u015fykly proseduralar barada adaty ha\u00fdy\u015flar \u00fc\u00e7in ulanylmaly d\u00e4ldir.<\/p>\n<p>Da\u015fary i\u015fler ministrligini\u0148 +39 06 36225 krizis b\u00f6l\u00fcmini\u0148 gyssagly belgisini\u0148 g\u00fcnde 24 sagat i\u015fle\u00fd\u00e4ndigini \u00fdady\u0148yzdan \u00e7ykarma\u0148!<\/p>\n","protected":false},"excerpt":{"rendered":"Adatdan da\u015fary \u00fdagda\u00fdlar \u00fc\u00e7in watanda\u015flar gyssagly k\u00f6mek belgisine ja\u0148 edip bilerler: +993 61 17 42 71 Dyn\u00e7 g\u00fcnleri 18.00-dan 22.00-a we \u015eenbe we \u00ddek\u015fenbe we be\u00fdleki k\u00f6p\u00e7\u00fclikle\u00fdin dyn\u00e7 aly\u015f g\u00fcnlerinde 8.00-dan 22.00-a \u00e7enli. Hi\u00e7 hili \u00fdagda\u00fdda gyssagly k\u00f6mek belgisi wiza, konsullyk we adaty dolandyry\u015f bilen baglany\u015fykly proseduralar barada adaty ha\u00fdy\u015flar \u00fc\u00e7in ulanylmaly d\u00e4ldir. Da\u015fary i\u015fler [&hellip;]","protected":false},"author":1,"featured_media":0,"parent":3749,"menu_order":6,"comment_status":"closed","ping_status":"closed","template":"","meta":{"footnotes":""},"class_list":["post-3794","page","type-page","status-publish","hentry"],"_links":{"self":[{"href":"https:\/\/ambashgabat.esteri.it\/tk\/wp-json\/wp\/v2\/pages\/3794","targetHints":{"allow":["GET"]}}],"collection":[{"href":"https:\/\/ambashgabat.esteri.it\/tk\/wp-json\/wp\/v2\/pages"}],"about":[{"href":"https:\/\/ambashgabat.esteri.it\/tk\/wp-json\/wp\/v2\/types\/page"}],"author":[{"embeddable":true,"href":"https:\/\/ambashgabat.esteri.it\/tk\/wp-json\/wp\/v2\/users\/1"}],"replies":[{"embeddable":true,"href":"https:\/\/ambashgabat.esteri.it\/tk\/wp-json\/wp\/v2\/comments?post=3794"}],"version-history":[{"count":2,"href":"https:\/\/ambashgabat.esteri.it\/tk\/wp-json\/wp\/v2\/pages\/3794\/revisions"}],"predecessor-version":[{"id":7095,"href":"https:\/\/ambashgabat.esteri.it\/tk\/wp-json\/wp\/v2\/pages\/3794\/revisions\/7095"}],"up":[{"embeddable":true,"href":"https:\/\/ambashgabat.esteri.it\/tk\/wp-json\/wp\/v2\/pages\/3749"}],"wp:attachment":[{"href":"https:\/\/ambashgabat.esteri.it\/tk\/wp-json\/wp\/v2\/media?parent=3794"}],"curies":[{"name":"wp","href":"https:\/\/api.w.org\/{rel}","templated":true}]}}